{"id":1384,"date":"2022-06-03T01:24:38","date_gmt":"2022-06-03T01:24:38","guid":{"rendered":"https:\/\/www.roulette.school\/de\/?page_id=1384"},"modified":"2022-06-28T09:18:31","modified_gmt":"2022-06-28T09:18:31","slug":"casino-spiele-fur-iphone-und-ipad","status":"publish","type":"page","link":"https:\/\/www.roulette.school\/de\/casino-spiele-fur-iphone-und-ipad\/","title":{"rendered":"Casino Spiele f\u00fcr iPhone und iPad"},"content":{"rendered":"<p>Auf dem iPhone und iPad werden Casinospiele haupts\u00e4chlich als Instant Plays gespielt. \u00dcber den Safari-Browser k\u00f6nnen Nutzer von Apple Ger\u00e4ten auf Hightech Casinos im Netz zugreifen. Eine App ist hierf\u00fcr nicht notwendig! Von allen Online Casinos, die mit dem iPhone kompatibel sind, schneidet das Villento Casino am besten ab. Auf dem iPad bietet der UK Casino Club das beste Spielerlebnis.<br \/>\n<div class=\"su-divider su-divider-style-dotted\" style=\"margin:25px 0;border-width:10px;border-color:#6c1616\"><\/div>\n<h2>Echtgeld Casinos f\u00fcr iPhone und iPad <\/h2>\n<p>\n<div class=\"su-row\">\n<div class=\"su-column su-column-size-1-3 midc\"><div class=\"su-column-inner su-u-clearfix su-u-trim\">\n<span style=\"font-size:16pt;color:#820202;font-weight:600\" id=\"yukon\">1. VILLENTO CASINO<\/span><br \/>\n<a class=\"add\" href=\"https:\/\/iredirect.net\/referral\/?site=vlv&#038;lang=at&#038;aff_id=aff100309\" target=\"_blank\" rel=\"noopener noreferrer\"><img loading=\"lazy\" decoding=\"async\" src=\"https:\/\/www.roulette.school\/de\/wp-content\/uploads\/2022\/06\/iphone-villento.jpg\" alt=\"Villento Casino Spiele f\u00fcr iPhone\" width=\"300\" height=\"230\" class=\"alignnone size-full wp-image-1417\" \/><br \/>\nBEI VILLENTO CASINO SPIELEN<\/a><br \/>\nDie besten Spiele f\u00fcr das iPhone<br \/>\nGro\u00dfz\u00fcgiger Willkommensbonus<br \/>\n<\/div><\/div>\n<div class=\"su-column su-column-size-1-3 midc\"><div class=\"su-column-inner su-u-clearfix su-u-trim\">\n<span style=\"font-size:16pt;color:#820202;font-weight:600\">2. UK CASINO CLUB<\/span><br \/>\n<a class=\"add\" href=\"https:\/\/iredirect.net\/referral\/?site=ukc&#038;lang=at&#038;aff_id=aff100309\" target=\"_blank\" rel=\"noopener noreferrer\"><img loading=\"lazy\" decoding=\"async\" src=\"https:\/\/www.roulette.school\/de\/wp-content\/uploads\/2022\/06\/casino-club.jpg\" alt=\"UK Casino Club auf dem iPad\" width=\"300\" height=\"230\" class=\"alignnone size-full wp-image-1416\" \/><br \/>\nBEI UK CASINO CLUB SPIELEN<\/a><br \/>\nDie Nr. 1 f\u00fcrs iPad<br \/>700\u20ac Willkommensbonus<br \/>\n<\/div><\/div>\n<div class=\"su-column su-column-size-1-3 midc\"><div class=\"su-column-inner su-u-clearfix su-u-trim\">\n<span style=\"font-size:16pt;color:#820202;font-weight:600\">3. YUKON GOLD<\/span><br \/>\n<a class=\"add\" href=\"https:\/\/iredirect.net\/referral\/?site=yg&#038;lang=at&#038;aff_id=aff100309\" target=\"_blank\" rel=\"noopener noreferrer\"><img loading=\"lazy\" decoding=\"async\" src=\"https:\/\/www.roulette.school\/de\/wp-content\/uploads\/2022\/06\/apple-casino.jpg\" alt=\"Apple Yukon Gold Casino auf dem Smartphone\" width=\"300\" height=\"230\" class=\"alignnone size-full wp-image-1418\" \/><br \/>\nBEI YUKON GOLD SPIELEN<\/a><br \/>\nOnline Slots f\u00fcr das Smartphone<br \/>\nKostenlose Spiele und Boni<br \/>\n<\/div><\/div>\n<\/div>\n<div class=\"su-divider su-divider-style-dotted\" style=\"margin:25px 0;border-width:10px;border-color:#6c1616\"><\/div>\n<h2>Mit oder ohne App spielen?<\/h2>\n<p>Wir haben die drei oben genannten Casinos unter die Lupe genommen. Im Vergleich zu Casino Apps schneiden die Instant Plays aller drei Anbieter definitiv besser ab. Villento, UK Casino Club und Yukon Gold sind pixelgenau an den mobilen Safari Browser angepasst und eignen sich darum perfekt f\u00fcr den Handybildschirm. Die Spiele, die Sie in diesen Casinos vorfinden werden, stammen gr\u00f6\u00dftenteils von Microgaming, dem gr\u00f6\u00dften und bekanntesten Entwickler von Echtgeld-Spielen ohne App.<\/p>\n<h2>Online spielen auf dem iPhone und iPad<\/h2>\n<div class=\"su-row\"><div class=\"su-column su-column-size-2-3\"><div class=\"su-column-inner su-u-clearfix su-u-trim\">Wenn Sie ein Online Casino auf Ihrem iPhone oder iPad aufrufen, erscheint ein Navigationsmen\u00fc mit allen angebotenen Spielen. Hier haben Sie die Wahl zwischen verschiedenen Slots sowie Roulette und Blackjack. Es gibt auch andere Spiele zu entdecken, z. B. Video Poker und Texas Holdem Spiele.<\/p>\n<p>Egal, ob Sie auf dem iPhone oder iPad spielen, die Handhabung ist ganz einfach und bedarf nur weniger Schritte.<\/p>\n<p>Um loszulegen, tippen Sie einfach auf das Symbol des gew\u00fcnschten Spiels. Sie entscheiden, ob Sie im Demo-Modus oder um echtes Geld spielen. F\u00fcr die zweite Variante m\u00fcssen Sie zuerst auf der Bankseite des Casinos Geld auf Ihr Spielerkonto einzahlen.<\/div><\/div>\n<div class=\"su-column su-column-size-1-3\"><div class=\"su-column-inner su-u-clearfix su-u-trim\"><img loading=\"lazy\" decoding=\"async\" src=\"https:\/\/www.roulette.school\/de\/wp-content\/uploads\/2022\/06\/app.jpg\" alt=\"Echtgeld Spiele ohne App\" width=\"300\" height=\"230\" class=\"aligncenter size-full wp-image-1435\" \/><\/div><\/div><\/div>\n<h3>Der Safari Browser auf dem iPhone und iPad<\/h3>\n<p>Auf allen Apple Ger\u00e4ten ist Safari der Standard-Browser.<\/p>\n<p>Auch wenn Sie sonst einen anderen Browser verwenden, empfehlen wir Ihnen, diesen nicht f\u00fcr Online Casino Spiele zu benutzen. Auf dem iPhone und iPad laufen die Instant Plays mit Safari einfach am besten. Auch ist Safari sicherer als andere Browser und bietet das beste Spielerlebnis.<\/p>\n<p>Unser Team von Roulette School hat die bekanntesten Casino Websites getestet. Hierf\u00fcr haben wir die Spiele auf verschiedenen iPhone-Modellen sowie auf Tablets unterschiedlicher Gr\u00f6\u00dfe ausprobiert und festgestellt, dass Safari die beste Spielqualit\u00e4t bietet.<\/p>\n<h2>Seri\u00f6se Casinos auf dem iPhone und iPad<\/h2>\n<p>Bevor Sie sich in die aufregende Welt der Online Casinos st\u00fcrzen, sollten Sie sichergehen, dass Sie sich f\u00fcr den richtigen Spieltempel entschieden haben. Es w\u00e4re fatal, auf unseri\u00f6sen Websites um Geld zu spielen. Pr\u00fcfen Sie deshalb im Vorfeld, ob das Casino Ihrer Wahl wirklich vertrauensw\u00fcrdig ist. Oft gen\u00fcgt schon eine einfache Google-Suche. Geben Sie einfach den Namen des Casinos ein. Auf den Websites anerkannter Casino Guides werden Sie alle relevanten Infos \u00fcber die Anbieter finden.<\/p>\n<p>Achten Sie hier besonders darauf, wie die jeweiligen Etablissements von anderen Spielern bewertet werden. Die relevantesten Kommentare beziehen sich auf die Zuverl\u00e4ssigkeit der Online Casinos.<\/p>\n<p>Nat\u00fcrlich sind alle Casinos, die wir auf unserer Website empfehlen, zuverl\u00e4ssig und seri\u00f6s. Da wir uns st\u00e4ndig f\u00fcr Sie nach den besten Angeboten umsehen, werden Sie auf unserer Seite viele Spielbanken finden, die <a href=\"https:\/\/www.roulette.school\/de\/bonus\/\">gro\u00dfz\u00fcgige Willkommensboni<\/a> anbieten.<\/p>\n<h3>Das beste Casino f\u00fcr das iPhone<\/h3>\n<p>Auf dem iPhone ist der Top-Favorit unserer Spieletester das Villento Casino. Hier ist alles bis ins kleinste Detail durchdacht. Alle Spiele k\u00f6nnen als Instant Plays gespielt werden \u2013 perfekt f\u00fcr das iPhone und den Safari Browser! Sie m\u00fcssen also keine App installieren, um sich ins aufregende Get\u00fcmmel dieses Spieltempels zu st\u00fcrzen.<\/p>\n<h3>Das beste Casino f\u00fcr das iPad<\/h3>\n<p>Auf dem iPad ist die Website des UK Casino Club das Nonplusultra. Im Safari Browser sind die Spiele nur einen Klick entfernt und laufen wie am Schn\u00fcrchen. Die beliebtesten Slots dieses Casinos sind die Mega Moolah Automaten \u2013 hier k\u00f6nnen Sie Jackpots in Millionenh\u00f6he gewinnen!<\/p>\n<h2>Im Casino anmelden mit Safari<\/h2>\n<p>Bevor Sie im Online Casino so richtig loslegen k\u00f6nnen, m\u00fcssen Sie ein Anmeldeformular ausf\u00fcllen. Sobald Ihre Anmeldung best\u00e4tigt ist, haben Sie Zugang zum Spielsaal. Einige Online Casinos bieten auch Apps an. Jedoch stellen wir fest, dass in der Praxis die Instant Plays eine viel bessere Qualit\u00e4t aufweisen. Zudem ist die Spielauswahl auf den Casino Websites gr\u00f6\u00dfer als in den Apps. Daher unser Tipp: Sparen Sie sich das Installieren einer App. Sie brauchen nur Ihren Browser, mehr nicht.<\/p>\n<h2>Gratis Spiele auf dem iPhone und iPad<\/h2>\n<p>Viele der beliebten iPhone- und iPad Casinos im Netz bieten kostenlose Demospiele an. Wenn Sie sich bei einem dieser Casinos anmelden, k\u00f6nnen Sie aus bis zu 100 kostenlosen Spielen w\u00e4hlen. Der Demo-Modus ist ideal, um zu \u00fcben oder einfach nur zum Spa\u00df zu spielen.<\/p>\n<h2>Geld einzahlen und abheben \u00fcber iPhone und iPad<\/h2>\n<p>In einem iPhone- oder iPad Casino k\u00f6nnen Sie Ihr Budget ganz einfach auf der Bankseite des Casinos verwalten. Die Bankseite ist in mehrere Rubriken unterteilt, die durch Tabs voneinander getrennt sind. Hier k\u00f6nnen Sie jederzeit Ihren Kontostand einsehen, Geld einzahlen oder abheben. Es gibt verschiedene M\u00f6glichkeiten, Ihr Budget aufzustocken, zum Beispiel mit einer Kredit- oder Debitkarte.<\/p>\n<h2>Spiele auf Deutsch<\/h2>\n<p>Unser Roulette School Guide konzentriert sich auf deutschsprachige Casinos im Netz. Bei den Anbietern, die wir Ihnen hier vorstellen, werden Sie also Spiele in deutscher Sprache vorfinden. Dank unserer engagierten Redakteure k\u00f6nnen Sie von ihrem iPhone oder iPad aus alle beliebten Casino Spiele ganz ohne Sprachbarriere spielen. Dar\u00fcber hinaus erfolgt der Kundensupport der Casinos, die wir auf unserer Seite empfehlen, ebenfalls auf Deutsch. Das beugt Missverst\u00e4ndnisse vor und bietet einen echten Mehrwert f\u00fcr deutschsprachige Spieler.<\/p>\n<h2>Gut zu wissen<\/h2>\n<p>Es gibt im Netz einige Casinos f\u00fcr iPhone und iPad, die sich bei den Spielern bew\u00e4hrt haben. Diese professionell betriebenen Etablissements sind seit \u00fcber 15 Jahren im Internet aktiv. Auf diesen seri\u00f6sen Seiten, die mit allen iPhone und iPad Modellen kompatibel sind, k\u00f6nnen Sie jederzeit ihre Lieblingsspiele aufrufen.<br \/>\n&nbsp;<br \/>\nSchauen Sie zum Beispiel einmal im Villento Casino vorbei. Auf Mobilger\u00e4ten ist dieser Spieltempel mit Abstand der beliebteste. An den Slots des Casinos gibt es t\u00e4glich Jackpots zu knacken, an den Spieltischen k\u00f6nnen Sie rund um die Uhr ihr Gl\u00fcck versuchen. Wenn Sie in die glanzvolle Atmosph\u00e4re eines der sch\u00f6nsten Spiels\u00e4le im Netz eintauchen wollen, sollten Sie dem Live-Bereich des Villento Casinos einen Besuch abstatten.<br \/>\n&nbsp;<\/p>\n","protected":false},"excerpt":{"rendered":"<p>Auf dem iPhone und iPad werden Casinospiele haupts\u00e4chlich als Instant Plays gespielt. \u00dcber den Safari-Browser k\u00f6nnen Nutzer von Apple Ger\u00e4ten<\/p>\n","protected":false},"author":1,"featured_media":0,"parent":0,"menu_order":0,"comment_status":"closed","ping_status":"closed","template":"template-fullwidth.php","meta":{"footnotes":""},"class_list":["post-1384","page","type-page","status-publish","hentry"],"yoast_head":"<!-- This site is optimized with the Yoast SEO plugin v26.9 - https:\/\/yoast.com\/product\/yoast-seo-wordpress\/ -->\n<title>Casino f\u00fcr iPhone und iPad | Echtgeld Spiele ohne App<\/title>\n<meta name=\"description\" content=\"Casino Spiele ohne App f\u00fcr iPhone und iPad. Gl\u00fccksspiel Websites mit Slots und Tischspielen f\u00fcr Smartphone und Tablet.\" \/>\n<meta name=\"robots\" content=\"index, follow, max-snippet:-1, max-image-preview:large, max-video-preview:-1\" \/>\n<link rel=\"canonical\" href=\"https:\/\/www.roulette.school\/de\/casino-spiele-fur-iphone-und-ipad\/\" \/>\n<meta property=\"og:locale\" content=\"de_DE\" \/>\n<meta property=\"og:type\" content=\"article\" \/>\n<meta property=\"og:title\" content=\"Casino f\u00fcr iPhone und iPad | Echtgeld Spiele ohne App\" \/>\n<meta property=\"og:description\" content=\"Casino Spiele ohne App f\u00fcr iPhone und iPad. Gl\u00fccksspiel Websites mit Slots und Tischspielen f\u00fcr Smartphone und Tablet.\" \/>\n<meta property=\"og:url\" content=\"https:\/\/www.roulette.school\/de\/casino-spiele-fur-iphone-und-ipad\/\" \/>\n<meta property=\"og:site_name\" content=\"Roulette School\" \/>\n<meta property=\"article:modified_time\" content=\"2022-06-28T09:18:31+00:00\" \/>\n<meta property=\"og:image\" content=\"https:\/\/www.roulette.school\/de\/wp-content\/uploads\/2022\/06\/iphone-villento.jpg\" \/>\n<meta name=\"twitter:card\" content=\"summary_large_image\" \/>\n<meta name=\"twitter:label1\" content=\"Gesch\u00e4tzte Lesezeit\" \/>\n\t<meta name=\"twitter:data1\" content=\"6 Minuten\" \/>\n<script type=\"application\/ld+json\" class=\"yoast-schema-graph\">{\"@context\":\"https:\/\/schema.org\",\"@graph\":[{\"@type\":\"WebPage\",\"@id\":\"https:\/\/www.roulette.school\/de\/casino-spiele-fur-iphone-und-ipad\/\",\"url\":\"https:\/\/www.roulette.school\/de\/casino-spiele-fur-iphone-und-ipad\/\",\"name\":\"Casino f\u00fcr iPhone und iPad | Echtgeld Spiele ohne App\",\"isPartOf\":{\"@id\":\"https:\/\/www.roulette.school\/de\/#website\"},\"primaryImageOfPage\":{\"@id\":\"https:\/\/www.roulette.school\/de\/casino-spiele-fur-iphone-und-ipad\/#primaryimage\"},\"image\":{\"@id\":\"https:\/\/www.roulette.school\/de\/casino-spiele-fur-iphone-und-ipad\/#primaryimage\"},\"thumbnailUrl\":\"https:\/\/www.roulette.school\/de\/wp-content\/uploads\/2022\/06\/iphone-villento.jpg\",\"datePublished\":\"2022-06-03T01:24:38+00:00\",\"dateModified\":\"2022-06-28T09:18:31+00:00\",\"description\":\"Casino Spiele ohne App f\u00fcr iPhone und iPad. Gl\u00fccksspiel Websites mit Slots und Tischspielen f\u00fcr Smartphone und Tablet.\",\"breadcrumb\":{\"@id\":\"https:\/\/www.roulette.school\/de\/casino-spiele-fur-iphone-und-ipad\/#breadcrumb\"},\"inLanguage\":\"de-AT\",\"potentialAction\":[{\"@type\":\"ReadAction\",\"target\":[\"https:\/\/www.roulette.school\/de\/casino-spiele-fur-iphone-und-ipad\/\"]}]},{\"@type\":\"ImageObject\",\"inLanguage\":\"de-AT\",\"@id\":\"https:\/\/www.roulette.school\/de\/casino-spiele-fur-iphone-und-ipad\/#primaryimage\",\"url\":\"https:\/\/www.roulette.school\/de\/wp-content\/uploads\/2022\/06\/iphone-villento.jpg\",\"contentUrl\":\"https:\/\/www.roulette.school\/de\/wp-content\/uploads\/2022\/06\/iphone-villento.jpg\",\"width\":300,\"height\":230,\"caption\":\"Jeux de Villento Casino sur iPhone\"},{\"@type\":\"BreadcrumbList\",\"@id\":\"https:\/\/www.roulette.school\/de\/casino-spiele-fur-iphone-und-ipad\/#breadcrumb\",\"itemListElement\":[{\"@type\":\"ListItem\",\"position\":1,\"name\":\"Home\",\"item\":\"https:\/\/www.roulette.school\/de\/\"},{\"@type\":\"ListItem\",\"position\":2,\"name\":\"Casino Spiele f\u00fcr iPhone und iPad\"}]},{\"@type\":\"WebSite\",\"@id\":\"https:\/\/www.roulette.school\/de\/#website\",\"url\":\"https:\/\/www.roulette.school\/de\/\",\"name\":\"Roulette School\",\"description\":\"Roulette Guide\",\"publisher\":{\"@id\":\"https:\/\/www.roulette.school\/de\/#organization\"},\"potentialAction\":[{\"@type\":\"SearchAction\",\"target\":{\"@type\":\"EntryPoint\",\"urlTemplate\":\"https:\/\/www.roulette.school\/de\/?s={search_term_string}\"},\"query-input\":{\"@type\":\"PropertyValueSpecification\",\"valueRequired\":true,\"valueName\":\"search_term_string\"}}],\"inLanguage\":\"de-AT\"},{\"@type\":\"Organization\",\"@id\":\"https:\/\/www.roulette.school\/de\/#organization\",\"name\":\"Roulette School\",\"url\":\"https:\/\/www.roulette.school\/de\/\",\"logo\":{\"@type\":\"ImageObject\",\"inLanguage\":\"de-AT\",\"@id\":\"https:\/\/www.roulette.school\/de\/#\/schema\/logo\/image\/\",\"url\":\"https:\/\/www.roulette.school\/de\/wp-content\/uploads\/2021\/02\/rsl.png\",\"contentUrl\":\"https:\/\/www.roulette.school\/de\/wp-content\/uploads\/2021\/02\/rsl.png\",\"width\":350,\"height\":50,\"caption\":\"Roulette School\"},\"image\":{\"@id\":\"https:\/\/www.roulette.school\/de\/#\/schema\/logo\/image\/\"}}]}<\/script>\n<!-- \/ Yoast SEO plugin. -->","yoast_head_json":{"title":"Casino f\u00fcr iPhone und iPad | Echtgeld Spiele ohne App","description":"Casino Spiele ohne App f\u00fcr iPhone und iPad. Gl\u00fccksspiel Websites mit Slots und Tischspielen f\u00fcr Smartphone und Tablet.","robots":{"index":"index","follow":"follow","max-snippet":"max-snippet:-1","max-image-preview":"max-image-preview:large","max-video-preview":"max-video-preview:-1"},"canonical":"https:\/\/www.roulette.school\/de\/casino-spiele-fur-iphone-und-ipad\/","og_locale":"de_DE","og_type":"article","og_title":"Casino f\u00fcr iPhone und iPad | Echtgeld Spiele ohne App","og_description":"Casino Spiele ohne App f\u00fcr iPhone und iPad. Gl\u00fccksspiel Websites mit Slots und Tischspielen f\u00fcr Smartphone und Tablet.","og_url":"https:\/\/www.roulette.school\/de\/casino-spiele-fur-iphone-und-ipad\/","og_site_name":"Roulette School","article_modified_time":"2022-06-28T09:18:31+00:00","og_image":[{"url":"https:\/\/www.roulette.school\/de\/wp-content\/uploads\/2022\/06\/iphone-villento.jpg","type":"","width":"","height":""}],"twitter_card":"summary_large_image","twitter_misc":{"Gesch\u00e4tzte Lesezeit":"6 Minuten"},"schema":{"@context":"https:\/\/schema.org","@graph":[{"@type":"WebPage","@id":"https:\/\/www.roulette.school\/de\/casino-spiele-fur-iphone-und-ipad\/","url":"https:\/\/www.roulette.school\/de\/casino-spiele-fur-iphone-und-ipad\/","name":"Casino f\u00fcr iPhone und iPad | Echtgeld Spiele ohne App","isPartOf":{"@id":"https:\/\/www.roulette.school\/de\/#website"},"primaryImageOfPage":{"@id":"https:\/\/www.roulette.school\/de\/casino-spiele-fur-iphone-und-ipad\/#primaryimage"},"image":{"@id":"https:\/\/www.roulette.school\/de\/casino-spiele-fur-iphone-und-ipad\/#primaryimage"},"thumbnailUrl":"https:\/\/www.roulette.school\/de\/wp-content\/uploads\/2022\/06\/iphone-villento.jpg","datePublished":"2022-06-03T01:24:38+00:00","dateModified":"2022-06-28T09:18:31+00:00","description":"Casino Spiele ohne App f\u00fcr iPhone und iPad. Gl\u00fccksspiel Websites mit Slots und Tischspielen f\u00fcr Smartphone und Tablet.","breadcrumb":{"@id":"https:\/\/www.roulette.school\/de\/casino-spiele-fur-iphone-und-ipad\/#breadcrumb"},"inLanguage":"de-AT","potentialAction":[{"@type":"ReadAction","target":["https:\/\/www.roulette.school\/de\/casino-spiele-fur-iphone-und-ipad\/"]}]},{"@type":"ImageObject","inLanguage":"de-AT","@id":"https:\/\/www.roulette.school\/de\/casino-spiele-fur-iphone-und-ipad\/#primaryimage","url":"https:\/\/www.roulette.school\/de\/wp-content\/uploads\/2022\/06\/iphone-villento.jpg","contentUrl":"https:\/\/www.roulette.school\/de\/wp-content\/uploads\/2022\/06\/iphone-villento.jpg","width":300,"height":230,"caption":"Jeux de Villento Casino sur iPhone"},{"@type":"BreadcrumbList","@id":"https:\/\/www.roulette.school\/de\/casino-spiele-fur-iphone-und-ipad\/#breadcrumb","itemListElement":[{"@type":"ListItem","position":1,"name":"Home","item":"https:\/\/www.roulette.school\/de\/"},{"@type":"ListItem","position":2,"name":"Casino Spiele f\u00fcr iPhone und iPad"}]},{"@type":"WebSite","@id":"https:\/\/www.roulette.school\/de\/#website","url":"https:\/\/www.roulette.school\/de\/","name":"Roulette School","description":"Roulette Guide","publisher":{"@id":"https:\/\/www.roulette.school\/de\/#organization"},"potentialAction":[{"@type":"SearchAction","target":{"@type":"EntryPoint","urlTemplate":"https:\/\/www.roulette.school\/de\/?s={search_term_string}"},"query-input":{"@type":"PropertyValueSpecification","valueRequired":true,"valueName":"search_term_string"}}],"inLanguage":"de-AT"},{"@type":"Organization","@id":"https:\/\/www.roulette.school\/de\/#organization","name":"Roulette School","url":"https:\/\/www.roulette.school\/de\/","logo":{"@type":"ImageObject","inLanguage":"de-AT","@id":"https:\/\/www.roulette.school\/de\/#\/schema\/logo\/image\/","url":"https:\/\/www.roulette.school\/de\/wp-content\/uploads\/2021\/02\/rsl.png","contentUrl":"https:\/\/www.roulette.school\/de\/wp-content\/uploads\/2021\/02\/rsl.png","width":350,"height":50,"caption":"Roulette School"},"image":{"@id":"https:\/\/www.roulette.school\/de\/#\/schema\/logo\/image\/"}}]}},"_links":{"self":[{"href":"https:\/\/www.roulette.school\/de\/wp-json\/wp\/v2\/pages\/1384","targetHints":{"allow":["GET"]}}],"collection":[{"href":"https:\/\/www.roulette.school\/de\/wp-json\/wp\/v2\/pages"}],"about":[{"href":"https:\/\/www.roulette.school\/de\/wp-json\/wp\/v2\/types\/page"}],"author":[{"embeddable":true,"href":"https:\/\/www.roulette.school\/de\/wp-json\/wp\/v2\/users\/1"}],"replies":[{"embeddable":true,"href":"https:\/\/www.roulette.school\/de\/wp-json\/wp\/v2\/comments?post=1384"}],"version-history":[{"count":9,"href":"https:\/\/www.roulette.school\/de\/wp-json\/wp\/v2\/pages\/1384\/revisions"}],"predecessor-version":[{"id":1475,"href":"https:\/\/www.roulette.school\/de\/wp-json\/wp\/v2\/pages\/1384\/revisions\/1475"}],"wp:attachment":[{"href":"https:\/\/www.roulette.school\/de\/wp-json\/wp\/v2\/media?parent=1384"}],"curies":[{"name":"wp","href":"https:\/\/api.w.org\/{rel}","templated":true}]}}