{"id":1389,"date":"2022-06-03T01:27:21","date_gmt":"2022-06-03T01:27:21","guid":{"rendered":"https:\/\/www.roulette.school\/de\/?page_id=1389"},"modified":"2023-07-04T04:03:20","modified_gmt":"2023-07-04T04:03:20","slug":"casino-spiele-fur-windows","status":"publish","type":"page","link":"https:\/\/www.roulette.school\/de\/casino-spiele-fur-windows\/","title":{"rendered":"Casino Spiele f\u00fcr Windows"},"content":{"rendered":"<p>Wenn Sie Online Casino Spiele von Ihrem Windows PC oder Notebook spielen m\u00f6chten, gibt es zwei M\u00f6glichkeiten: Entweder, Sie installieren eine Spielesoftware auf Ihrem Ger\u00e4t oder Sie nutzen die Instant Plays ohne Download. Die zweite Variante ist bei vielen Spielern sehr beliebt, denn sie hat einige Vorteile. Hier ist es n\u00e4mlich nicht n\u00f6tig, Software auf dem Computer zu installieren und Updates zu machen. Die Instant Plays der Casino Websites werden laufend aktualisiert. So sorgen die Anbieter daf\u00fcr, dass die Spiele sicher und immer auf dem neuesten Stand sind. Und die Spieler k\u00f6nnen jederzeit auf top aktuelle Spiele zugreifen, die wie am Schn\u00fcrchen laufen.<br \/>\n<div class=\"su-divider su-divider-style-dotted\" style=\"margin:25px 0;border-width:10px;border-color:#6c1616\"><\/div>\n<h2>Echtgeld Casinos f\u00fcr Windows <\/h2>\n<p>\n<div class=\"su-row\">\n<div class=\"su-column su-column-size-1-3 midc\"><div class=\"su-column-inner su-u-clearfix su-u-trim\">\n<span style=\"font-size:16pt;color:#820202;font-weight:600\" id=\"yukon\">1. YUKON CASINO<\/span><br \/>\n<a class=\"add\" href=\"https:\/\/iredirect.net\/referral\/?site=yg&#038;lang=at&#038;aff_id=aff100309\" target=\"_blank\" rel=\"noopener noreferrer\"><img loading=\"lazy\" decoding=\"async\" src=\"https:\/\/www.roulette.school\/de\/wp-content\/uploads\/2022\/06\/yukon-windows.jpg\" alt=\"Yukon Gold Casino f\u00fcr Windows\" width=\"300\" height=\"230\" class=\"alignnone size-full wp-image-1439\" \/><br \/>\nBEI YUKON GOLD SPIELEN<\/a><br \/>\nSlot Website f\u00fcr Windows<br \/>\nKostenlose Runden nach der 1. Einzahlung<br \/>\n<\/div><\/div>\n<div class=\"su-column su-column-size-1-3 midc\"><div class=\"su-column-inner su-u-clearfix su-u-trim\">\n<span style=\"font-size:16pt;color:#820202;font-weight:600\">2. ZODIAC CASINO<\/span><br \/>\n<a class=\"add\" href=\"https:\/\/iredirect.net\/referral\/?site=zc&#038;lang=at&#038;aff_id=aff100309\" target=\"_blank\" rel=\"noopener noreferrer\"><img loading=\"lazy\" decoding=\"async\" src=\"https:\/\/www.roulette.school\/de\/wp-content\/uploads\/2022\/06\/zodiac-pc.jpg\" alt=\"Zodiac Casino auf PC und Smartphone\" width=\"300\" height=\"230\" class=\"alignnone size-full wp-image-1440\" \/><br \/>\nBEI ZODIAC CASINO SPIELEN<\/a><br \/>\nSpiele mit progressivem Jackpot<br \/>Geeignet f\u00fcr PC und Smartphone<br \/>\n<\/div><\/div>\n<div class=\"su-column su-column-size-1-3 midc\"><div class=\"su-column-inner su-u-clearfix su-u-trim\">\n<span style=\"font-size:16pt;color:#820202;font-weight:600\">3. VILLENTO CASINO<\/span><br \/>\n<a class=\"add\" href=\"https:\/\/iredirect.net\/referral\/?site=vlv&#038;lang=at&#038;aff_id=aff100309\" target=\"_blank\" rel=\"noopener noreferrer\"><img loading=\"lazy\" decoding=\"async\" src=\"https:\/\/www.roulette.school\/de\/wp-content\/uploads\/2022\/06\/casino.jpg\" alt=\"Villento Casino auf dem Windows PC\" width=\"300\" height=\"230\" class=\"alignnone size-full wp-image-1445\" \/><br \/>\nBEI VILLENTO CASINO SPIELEN<\/a><br \/>\nProgressive Slots<br \/>\nMillionen-Jackpots<br \/>\n<\/div><\/div>\n<\/div>\n<div class=\"su-divider su-divider-style-dotted\" style=\"margin:25px 0;border-width:10px;border-color:#6c1616\"><\/div>\n<h2>Die besten Spieleentwickler f\u00fcr Windows<\/h2>\n<p>Die Spiele der Online Casinos werden von externen Anbietern entwickelt. In dieser Branche konkurrieren mehr als 40 verschiedene Unternehmen miteinander. Microgaming, NetEnt und Switch Studios sind die bekanntesten und erfolgreichsten unter ihnen.<\/p>\n<p>Wir wollten herausfinden, welche Windows Casinos die beste Wahl sind, wenn man um Echtgeld spielen m\u00f6chte. Die drei Websites auf unserer Liste sind unsere Favoriten. Sie tauchen \u00fcbrigens auch bei vielen anderen renommierten Casino Guides auf und werden dort stets hervorragend bewertet. Die Experten sind sich einig: Was die Qualit\u00e4t der Spiele und die Willkommensboni angeht, haben sich diese drei Casinos bei der Windows Community bew\u00e4hrt.<\/p>\n<h2>Online spielen mit Windows<\/h2>\n<div class=\"su-row\"><div class=\"su-column su-column-size-2-3\"><div class=\"su-column-inner su-u-clearfix su-u-trim\">Mit Windows k\u00f6nnen Sie entweder die Casino Software herunterladen oder die Instant Plays ohne Download nutzen. In beiden F\u00e4llen finden Sie bei den Spielen ein Navigationsmen\u00fc vor.<\/p>\n<p>Hier werden alle angebotenen Casinospiele in Kategorien aufgelistet. Klicken Sie einfach auf die gew\u00fcnschte Kategorie, um herauszufinden, welche Spiele dort jeweils angeboten werden.<\/p>\n<p>Sobald Sie sich f\u00fcr ein Spiel entschieden haben, gen\u00fcgt ein Klick, um loszulegen. Seri\u00f6se Casinos bieten eine gro\u00dfe Auswahl an kostenlosen Demospielen an. Viele User nutzen gern diese Option, um Spiele zu testen, bevor sie um echtes Geld spielen.<\/div><\/div>\n<div class=\"su-column su-column-size-1-3\"><div class=\"su-column-inner su-u-clearfix su-u-trim\"><img loading=\"lazy\" decoding=\"async\" src=\"https:\/\/www.roulette.school\/de\/wp-content\/uploads\/2022\/06\/windows.jpg\" alt=\"Casino auf dem Windows PC\" width=\"300\" height=\"230\" class=\"aligncenter size-full wp-image-1444\" \/><\/div><\/div><\/div>\n<h2>Ein seri\u00f6ses Windows Casino finden<\/h2>\n<p>Bevor Sie im Online Casino so richtig loslegen, sollten Sie unbedingt sichergehen, dass es sich um einen seri\u00f6sen Anbieter handelt.<\/p>\n<p>Denn unter den Online Casinos gibt es auch zwielichtige Websites. Vor solchen \u201ePiraten\u201c sollten Sie sich in Acht nehmen, denn Ihr Geld ist dort nicht sicher. Seien Sie hier also besonders wachsam, um nicht betr\u00fcgerischen Maschen auf den Leim zu gehen.<\/p>\n<p>Um nicht in die Falle eines unseri\u00f6sen Casinobetreibers zu tappen, sollten Sie die Website genau unter die Lupe nehmen. Bevor Sie Geld einsetzten und wom\u00f6glich verlieren, ist es ratsam, eine Onlinerecherche zum jeweiligen Anbieter durchzuf\u00fchren. So finden Sie schnell heraus, ob ein Casino seri\u00f6s ist und gesetzeskonform arbeitet. Eine Suche in Google oder Yahoo kann hier sehr aufschlussreich sein. Wenn Sie gezielt suchen, werden Sie Casino Guides finden, auf denen Spieler Bewertungen posten. Achten Sie darauf, ob ein Spieletempel gute Bewertungen hat. Ist das der Fall, k\u00f6nnen Sie sich dort guten Gewissens anmelden. Andernfalls sollten Sie die Finger von dem Casino lassen!<\/p>\n<h3>Sich im Casino anmelden<\/h3>\n<p>Bevor Sie loslegen k\u00f6nnen, m\u00fcssen Sie ein Anmeldeformular ausf\u00fcllen. Sobald Sie alle n\u00f6tigen Informationen eingegeben haben, erhalten Sie Zugang zu den Spiels\u00e4len des Casinos. Jetzt k\u00f6nnen Sie frei durch den gesamten Online Spieltempel surfen. Und Sie m\u00fcssen keineswegs gleich um Geld zu spielen! Die meisten Spiele gibt es auch als kostenlose Demoversion. Sie k\u00f6nnen sogar als Beobachter an den Tischen der Live Spiele dabei sein und zusehen, wie andere Spieler ihre Chips beim Blackjack und Roulette setzen.<\/p>\n<p>Wenn Sie sich f\u00fcr Instant Plays ohne Download entscheiden, laufen die Spiele \u00fcber den Webbrowser. Sollten Sie sich im Vorfeld die Software des Casinos heruntergeladen haben, gen\u00fcgt ein Klick auf das Casino Symbol, um in den Spielsaal zu gelangen.<\/p>\n<h3>Gratis Spiele f\u00fcr Windows<\/h3>\n<p>Alle seri\u00f6sen Windows Casinos im Netz bieten kostenlose Demospiele an. Diese Spiele funktionieren auf die gleiche Weise wie Echtgeld Spiele und sind deshalb bestens zum \u00dcben geeignet.<\/p>\n<p>Der einzige Unterschied: Anstatt echtes Geld zu setzen, wetten Sie mit fiktiven Chips.<\/p>\n<p>Sie k\u00f6nne diese kostenlosen Spiele einfach aus Spa\u00df und f\u00fcr den Zeitvertreib spielen. Oder Sie nutzen die Gelegenheit, sich mit einem bestimmten Spiel vertraut zu machen, ohne das Risiko einzugehen, Geld zu verlieren.<\/p>\n<h2>Ihr Geld in einem Windows Casino<\/h2>\n<p>Bevor Sie in einem Online Casinos um Echtgeld spielen k\u00f6nnen, m\u00fcssen Sie auf der Bankseite des Anbieters Geld auf ihr Spielerkonto einzahlen. Das geht am besten mit einer Kredit- oder Debitkarte. Viele Casinos bieten auch alternative Zahlungsmethoden an. Um Geld von Ihrem Spielerkonto abzuheben, gibt es verschiedene Optionen wie z. B. die Bank\u00fcberweisung.<\/p>\n<h2>Deutschsprachige Casinos im Netz<\/h2>\n<p>Unser Casino Guide ist haupts\u00e4chlich auf \u00d6sterreich und Luxemburg ausgerichtet. Bei unserer Auswahl haben wir uns auf Anbieter und Spiele in deutscher Sprache konzentriert. Die Windows Casinos, die wir in unserem Guide vorstellen, haben sogar einen deutschsprachigen Kundensupport.<\/p>\n<h2>Internationale Websites<\/h2>\n<p>Neben den bei uns gelisteten Online Casinos finden Sie <a href=\"https:\/\/www.roulette.school\/de\/die-besten-online-casinos-der-welt\/\">hier<\/a> eine Liste mit den besten Casino Websites der Welt. Das beliebteste unter ihnen ist definitiv das Zodiac Casino: Es bietet viele verschiedene Sprachen und W\u00e4hrungen und z\u00e4hlt Spieler aus \u00fcber 150 L\u00e4ndern zu seinen Kunden.<\/p>\n<h2>Gut zu wissen<\/h2>\n<p>Online Casinos f\u00fcr Windows Endger\u00e4te gibt es seit 1994. Zu dieser Zeit gab es im Netz nur eine Handvoll Anbieter. Erst im Jahr 2000 erlebte der Gl\u00fccksspielsektor einen echten Boom, die Zahl der Nutzer ging steil nach oben. Heute lassen sich auf allen f\u00fcnf Kontinenten Hunderte Casino Websites finden. Ein <a href=\"https:\/\/www.roulette.school\/de\/casino-osterreich\/\">seri\u00f6ses Online Casinos<\/a> erkennt man daran, dass es gleich bei mehreren offiziellen Gl\u00fccksspielkommissionen registriert ist. Die besten Windows Casinos im Netz bieten viele verschiedene Spiele und Spielvarianten an. Besonders gro\u00df ist das Angebot an Online Slots. Tischspiele k\u00f6nnen als Instant Play oder live mit echten Croupiers gespielt werden.<br \/>\n&nbsp;<\/p>\n","protected":false},"excerpt":{"rendered":"<p>Wenn Sie Online Casino Spiele von Ihrem Windows PC oder Notebook spielen m\u00f6chten, gibt es zwei M\u00f6glichkeiten: Entweder, Sie installieren<\/p>\n","protected":false},"author":1,"featured_media":0,"parent":0,"menu_order":0,"comment_status":"closed","ping_status":"closed","template":"template-fullwidth.php","meta":{"footnotes":""},"class_list":["post-1389","page","type-page","status-publish","hentry"],"yoast_head":"<!-- This site is optimized with the Yoast SEO plugin v26.9 - https:\/\/yoast.com\/product\/yoast-seo-wordpress\/ -->\n<title>Casino Spiele f\u00fcr Windows | Echtgeld Casinos auf PC und Smartphone<\/title>\n<meta name=\"description\" content=\"Echtgeld Casino Spiele f\u00fcr Windows. Die besten Casinos f\u00fcr Slots und Tischspiele auf dem PC und Smartphone.\" \/>\n<meta name=\"robots\" content=\"index, follow, max-snippet:-1, max-image-preview:large, max-video-preview:-1\" \/>\n<link rel=\"canonical\" href=\"https:\/\/www.roulette.school\/de\/casino-spiele-fur-windows\/\" \/>\n<meta property=\"og:locale\" content=\"de_DE\" \/>\n<meta property=\"og:type\" content=\"article\" \/>\n<meta property=\"og:title\" content=\"Casino Spiele f\u00fcr Windows | Echtgeld Casinos auf PC und Smartphone\" \/>\n<meta property=\"og:description\" content=\"Echtgeld Casino Spiele f\u00fcr Windows. Die besten Casinos f\u00fcr Slots und Tischspiele auf dem PC und Smartphone.\" \/>\n<meta property=\"og:url\" content=\"https:\/\/www.roulette.school\/de\/casino-spiele-fur-windows\/\" \/>\n<meta property=\"og:site_name\" content=\"Roulette School\" \/>\n<meta property=\"article:modified_time\" content=\"2023-07-04T04:03:20+00:00\" \/>\n<meta property=\"og:image\" content=\"https:\/\/www.roulette.school\/de\/wp-content\/uploads\/2022\/06\/yukon-windows.jpg\" \/>\n<meta name=\"twitter:card\" content=\"summary_large_image\" \/>\n<meta name=\"twitter:label1\" content=\"Gesch\u00e4tzte Lesezeit\" \/>\n\t<meta name=\"twitter:data1\" content=\"7 Minuten\" \/>\n<script type=\"application\/ld+json\" class=\"yoast-schema-graph\">{\"@context\":\"https:\/\/schema.org\",\"@graph\":[{\"@type\":\"WebPage\",\"@id\":\"https:\/\/www.roulette.school\/de\/casino-spiele-fur-windows\/\",\"url\":\"https:\/\/www.roulette.school\/de\/casino-spiele-fur-windows\/\",\"name\":\"Casino Spiele f\u00fcr Windows | Echtgeld Casinos auf PC und Smartphone\",\"isPartOf\":{\"@id\":\"https:\/\/www.roulette.school\/de\/#website\"},\"primaryImageOfPage\":{\"@id\":\"https:\/\/www.roulette.school\/de\/casino-spiele-fur-windows\/#primaryimage\"},\"image\":{\"@id\":\"https:\/\/www.roulette.school\/de\/casino-spiele-fur-windows\/#primaryimage\"},\"thumbnailUrl\":\"https:\/\/www.roulette.school\/de\/wp-content\/uploads\/2022\/06\/yukon-windows.jpg\",\"datePublished\":\"2022-06-03T01:27:21+00:00\",\"dateModified\":\"2023-07-04T04:03:20+00:00\",\"description\":\"Echtgeld Casino Spiele f\u00fcr Windows. Die besten Casinos f\u00fcr Slots und Tischspiele auf dem PC und Smartphone.\",\"breadcrumb\":{\"@id\":\"https:\/\/www.roulette.school\/de\/casino-spiele-fur-windows\/#breadcrumb\"},\"inLanguage\":\"de-AT\",\"potentialAction\":[{\"@type\":\"ReadAction\",\"target\":[\"https:\/\/www.roulette.school\/de\/casino-spiele-fur-windows\/\"]}]},{\"@type\":\"ImageObject\",\"inLanguage\":\"de-AT\",\"@id\":\"https:\/\/www.roulette.school\/de\/casino-spiele-fur-windows\/#primaryimage\",\"url\":\"https:\/\/www.roulette.school\/de\/wp-content\/uploads\/2022\/06\/yukon-windows.jpg\",\"contentUrl\":\"https:\/\/www.roulette.school\/de\/wp-content\/uploads\/2022\/06\/yukon-windows.jpg\",\"width\":300,\"height\":230,\"caption\":\"Yukon Gold Casino f\u00fcr Windows\"},{\"@type\":\"BreadcrumbList\",\"@id\":\"https:\/\/www.roulette.school\/de\/casino-spiele-fur-windows\/#breadcrumb\",\"itemListElement\":[{\"@type\":\"ListItem\",\"position\":1,\"name\":\"Home\",\"item\":\"https:\/\/www.roulette.school\/de\/\"},{\"@type\":\"ListItem\",\"position\":2,\"name\":\"Casino Spiele f\u00fcr Windows\"}]},{\"@type\":\"WebSite\",\"@id\":\"https:\/\/www.roulette.school\/de\/#website\",\"url\":\"https:\/\/www.roulette.school\/de\/\",\"name\":\"Roulette School\",\"description\":\"Roulette Guide\",\"publisher\":{\"@id\":\"https:\/\/www.roulette.school\/de\/#organization\"},\"potentialAction\":[{\"@type\":\"SearchAction\",\"target\":{\"@type\":\"EntryPoint\",\"urlTemplate\":\"https:\/\/www.roulette.school\/de\/?s={search_term_string}\"},\"query-input\":{\"@type\":\"PropertyValueSpecification\",\"valueRequired\":true,\"valueName\":\"search_term_string\"}}],\"inLanguage\":\"de-AT\"},{\"@type\":\"Organization\",\"@id\":\"https:\/\/www.roulette.school\/de\/#organization\",\"name\":\"Roulette School\",\"url\":\"https:\/\/www.roulette.school\/de\/\",\"logo\":{\"@type\":\"ImageObject\",\"inLanguage\":\"de-AT\",\"@id\":\"https:\/\/www.roulette.school\/de\/#\/schema\/logo\/image\/\",\"url\":\"https:\/\/www.roulette.school\/de\/wp-content\/uploads\/2021\/02\/rsl.png\",\"contentUrl\":\"https:\/\/www.roulette.school\/de\/wp-content\/uploads\/2021\/02\/rsl.png\",\"width\":350,\"height\":50,\"caption\":\"Roulette School\"},\"image\":{\"@id\":\"https:\/\/www.roulette.school\/de\/#\/schema\/logo\/image\/\"}}]}<\/script>\n<!-- \/ Yoast SEO plugin. -->","yoast_head_json":{"title":"Casino Spiele f\u00fcr Windows | Echtgeld Casinos auf PC und Smartphone","description":"Echtgeld Casino Spiele f\u00fcr Windows. Die besten Casinos f\u00fcr Slots und Tischspiele auf dem PC und Smartphone.","robots":{"index":"index","follow":"follow","max-snippet":"max-snippet:-1","max-image-preview":"max-image-preview:large","max-video-preview":"max-video-preview:-1"},"canonical":"https:\/\/www.roulette.school\/de\/casino-spiele-fur-windows\/","og_locale":"de_DE","og_type":"article","og_title":"Casino Spiele f\u00fcr Windows | Echtgeld Casinos auf PC und Smartphone","og_description":"Echtgeld Casino Spiele f\u00fcr Windows. Die besten Casinos f\u00fcr Slots und Tischspiele auf dem PC und Smartphone.","og_url":"https:\/\/www.roulette.school\/de\/casino-spiele-fur-windows\/","og_site_name":"Roulette School","article_modified_time":"2023-07-04T04:03:20+00:00","og_image":[{"url":"https:\/\/www.roulette.school\/de\/wp-content\/uploads\/2022\/06\/yukon-windows.jpg","type":"","width":"","height":""}],"twitter_card":"summary_large_image","twitter_misc":{"Gesch\u00e4tzte Lesezeit":"7 Minuten"},"schema":{"@context":"https:\/\/schema.org","@graph":[{"@type":"WebPage","@id":"https:\/\/www.roulette.school\/de\/casino-spiele-fur-windows\/","url":"https:\/\/www.roulette.school\/de\/casino-spiele-fur-windows\/","name":"Casino Spiele f\u00fcr Windows | Echtgeld Casinos auf PC und Smartphone","isPartOf":{"@id":"https:\/\/www.roulette.school\/de\/#website"},"primaryImageOfPage":{"@id":"https:\/\/www.roulette.school\/de\/casino-spiele-fur-windows\/#primaryimage"},"image":{"@id":"https:\/\/www.roulette.school\/de\/casino-spiele-fur-windows\/#primaryimage"},"thumbnailUrl":"https:\/\/www.roulette.school\/de\/wp-content\/uploads\/2022\/06\/yukon-windows.jpg","datePublished":"2022-06-03T01:27:21+00:00","dateModified":"2023-07-04T04:03:20+00:00","description":"Echtgeld Casino Spiele f\u00fcr Windows. Die besten Casinos f\u00fcr Slots und Tischspiele auf dem PC und Smartphone.","breadcrumb":{"@id":"https:\/\/www.roulette.school\/de\/casino-spiele-fur-windows\/#breadcrumb"},"inLanguage":"de-AT","potentialAction":[{"@type":"ReadAction","target":["https:\/\/www.roulette.school\/de\/casino-spiele-fur-windows\/"]}]},{"@type":"ImageObject","inLanguage":"de-AT","@id":"https:\/\/www.roulette.school\/de\/casino-spiele-fur-windows\/#primaryimage","url":"https:\/\/www.roulette.school\/de\/wp-content\/uploads\/2022\/06\/yukon-windows.jpg","contentUrl":"https:\/\/www.roulette.school\/de\/wp-content\/uploads\/2022\/06\/yukon-windows.jpg","width":300,"height":230,"caption":"Yukon Gold Casino f\u00fcr Windows"},{"@type":"BreadcrumbList","@id":"https:\/\/www.roulette.school\/de\/casino-spiele-fur-windows\/#breadcrumb","itemListElement":[{"@type":"ListItem","position":1,"name":"Home","item":"https:\/\/www.roulette.school\/de\/"},{"@type":"ListItem","position":2,"name":"Casino Spiele f\u00fcr Windows"}]},{"@type":"WebSite","@id":"https:\/\/www.roulette.school\/de\/#website","url":"https:\/\/www.roulette.school\/de\/","name":"Roulette School","description":"Roulette Guide","publisher":{"@id":"https:\/\/www.roulette.school\/de\/#organization"},"potentialAction":[{"@type":"SearchAction","target":{"@type":"EntryPoint","urlTemplate":"https:\/\/www.roulette.school\/de\/?s={search_term_string}"},"query-input":{"@type":"PropertyValueSpecification","valueRequired":true,"valueName":"search_term_string"}}],"inLanguage":"de-AT"},{"@type":"Organization","@id":"https:\/\/www.roulette.school\/de\/#organization","name":"Roulette School","url":"https:\/\/www.roulette.school\/de\/","logo":{"@type":"ImageObject","inLanguage":"de-AT","@id":"https:\/\/www.roulette.school\/de\/#\/schema\/logo\/image\/","url":"https:\/\/www.roulette.school\/de\/wp-content\/uploads\/2021\/02\/rsl.png","contentUrl":"https:\/\/www.roulette.school\/de\/wp-content\/uploads\/2021\/02\/rsl.png","width":350,"height":50,"caption":"Roulette School"},"image":{"@id":"https:\/\/www.roulette.school\/de\/#\/schema\/logo\/image\/"}}]}},"_links":{"self":[{"href":"https:\/\/www.roulette.school\/de\/wp-json\/wp\/v2\/pages\/1389","targetHints":{"allow":["GET"]}}],"collection":[{"href":"https:\/\/www.roulette.school\/de\/wp-json\/wp\/v2\/pages"}],"about":[{"href":"https:\/\/www.roulette.school\/de\/wp-json\/wp\/v2\/types\/page"}],"author":[{"embeddable":true,"href":"https:\/\/www.roulette.school\/de\/wp-json\/wp\/v2\/users\/1"}],"replies":[{"embeddable":true,"href":"https:\/\/www.roulette.school\/de\/wp-json\/wp\/v2\/comments?post=1389"}],"version-history":[{"count":13,"href":"https:\/\/www.roulette.school\/de\/wp-json\/wp\/v2\/pages\/1389\/revisions"}],"predecessor-version":[{"id":1729,"href":"https:\/\/www.roulette.school\/de\/wp-json\/wp\/v2\/pages\/1389\/revisions\/1729"}],"wp:attachment":[{"href":"https:\/\/www.roulette.school\/de\/wp-json\/wp\/v2\/media?parent=1389"}],"curies":[{"name":"wp","href":"https:\/\/api.w.org\/{rel}","templated":true}]}}