{"id":1391,"date":"2022-06-03T01:30:03","date_gmt":"2022-06-03T01:30:03","guid":{"rendered":"https:\/\/www.roulette.school\/de\/?page_id=1391"},"modified":"2022-06-28T09:27:27","modified_gmt":"2022-06-28T09:27:27","slug":"casino-spiele-fur-den-mac","status":"publish","type":"page","link":"https:\/\/www.roulette.school\/de\/casino-spiele-fur-den-mac\/","title":{"rendered":"Casino Spiele f\u00fcr den Mac"},"content":{"rendered":"<p>Sie sind stolzer Besitzer eines Mac? Unsere Redaktion hat f\u00fcr Sie die drei besten Online Casinos f\u00fcr Apple Ger\u00e4te recherchiert. Die Gl\u00fccksspieltempel, die wir Ihnen vorstellen, haben Top-Bewertungen bei verschiedenen deutschsprachigen Casino Guides. Ob Slots oder Tischspiele \u2013 diese Online Casinos verf\u00fcgen \u00fcber ma\u00dfgeschneiderte Spiele f\u00fcr die gesamte Mac Familie. Unsere Experten haben den Test gemacht: Die hier aufgelisteten Websites sind f\u00fcr alle MacBook- und iMac-Modelle geeignet!<br \/>\n<div class=\"su-divider su-divider-style-dotted\" style=\"margin:25px 0;border-width:10px;border-color:#6c1616\"><\/div>\n<h2>Echtgeld Casinos f\u00fcr den Mac<\/h2>\n<p>\n<div class=\"su-row\">\n<div class=\"su-column su-column-size-1-3 midc\"><div class=\"su-column-inner su-u-clearfix su-u-trim\">\n<span style=\"font-size:16pt;color:#820202;font-weight:600\">LUXURY CASINO<\/span><br \/>\n<a class=\"add\" href=\"https:\/\/iredirect.net\/referral\/?site=lxc&#038;lang=at&#038;aff_id=aff100309\" target=\"_blank\" rel=\"noopener noreferrer\"><img loading=\"lazy\" decoding=\"async\" src=\"https:\/\/www.roulette.school\/de\/wp-content\/uploads\/2022\/06\/casino-mac.jpg\" alt=\"Luxury Casino auf dem iMac und MacBook\" width=\"300\" height=\"230\" class=\"alignnone size-full wp-image-1452\" \/><br \/>\nBEI LUXURY CASINO SPIELEN<\/a><br \/>\nSlots f\u00fcr iMac und MacBook<br \/>\nGro\u00dfz\u00fcgiger Willkommensbonus<br \/>\n<\/div><\/div>\n<div class=\"su-column su-column-size-1-3 midc\"><div class=\"su-column-inner su-u-clearfix su-u-trim\">\n<span style=\"font-size:16pt;color:#820202;font-weight:600\">2. GOLDEN TIGER<\/span><br \/>\n<a class=\"add\" href=\"https:\/\/iredirect.net\/referral\/?site=gt&#038;lang=at&#038;aff_id=aff100309\" target=\"_blank\" rel=\"noopener noreferrer\"><img loading=\"lazy\" decoding=\"async\" src=\"https:\/\/www.roulette.school\/de\/wp-content\/uploads\/2022\/06\/tiger-mac.jpg\" alt=\"Golden Tiger Casino auf dem Mac\" width=\"300\" height=\"230\" class=\"alignnone size-full wp-image-1454\" \/><br \/>\nBEI GOLDEN TIGER SPIELEN<\/a><br \/>\nEchtgeld Spiele f\u00fcr Apple<br \/>Spiele f\u00fcr MacBook und iMac<br \/>\n<\/div><\/div>\n<div class=\"su-column su-column-size-1-3 midc\"><div class=\"su-column-inner su-u-clearfix su-u-trim\">\n<span style=\"font-size:16pt;color:#820202;font-weight:600\">3. GRAND MONDIAL<\/span><br \/>\n<a class=\"add\" href=\"https:\/\/iredirect.net\/referral\/?site=gmd&#038;lang=at&#038;aff_id=aff100309\" target=\"_blank\" rel=\"noopener noreferrer\"><img loading=\"lazy\" decoding=\"async\" src=\"https:\/\/www.roulette.school\/de\/wp-content\/uploads\/2022\/06\/mac-spiele.jpg\" alt=\"Mac Spiele des Grand Mondial auf Deutsch\" width=\"300\" height=\"230\" class=\"alignnone size-full wp-image-1455\" \/><br \/>\nBEI GRAND MONDIAL SPIELEN<\/a><br \/>\nSpielautomaten mit progressivem Jackpot<br \/>\nMillionengewinne auf dem Mac<br \/>\n<\/div><\/div>\n<\/div>\n<div class=\"su-divider su-divider-style-dotted\" style=\"margin:25px 0;border-width:10px;border-color:#6c1616\"><\/div>\n<h2>Spieleentwickler f\u00fcr Mac<\/h2>\n<p>Einige Entwickler haben sich auf Casinospiele f\u00fcr den Mac spezialisiert. Einer der Erfolgreichsten unter ihnen ist Microgaming. Dieser Entwickler ist ein echter Pionier des Online Gl\u00fccksspiels und eine wahre Referenz in der Branche!<\/p>\n<p>Unsere Redaktion hat f\u00fcr Sie die Top 3 der besten Online Casinos f\u00fcr den Mac recherchiert. Die Spieletempel in unserer Liste sind auch von Casino-Fans im Netz am besten bewertet worden. Auf diesen Seiten funktioniert alles perfekt. Und das Wichtigste: Ihre pers\u00f6nlichen Daten sind hier sicher. Wer gern um Echtgeld spielen m\u00f6chte, wird in diesen virtuellen Spielhallen genauso auf seine Kosten kommen wie in einem legend\u00e4ren Casino vor Ort.<\/p>\n<h2>Online spielen vom MacBook und iMac<\/h2>\n<div class=\"su-row\"><div class=\"su-column su-column-size-2-3\"><div class=\"su-column-inner su-u-clearfix su-u-trim\">Es ist nicht m\u00f6glich, die Software von Casino Websites auf dem MacBooks oder iMac zu installieren. Die Spiele laufen ausschlie\u00dflich \u00fcber den Safari-Browser.<\/p>\n<p>Zum Gl\u00fcck gibt es hervorragende Online Casinos, die Instant Plays anbieten. So k\u00f6nnen auch Mac-Nutzer sich an den Online Slots austoben oder am Tisch ihre Eins\u00e4tze machen.<\/p>\n<p>Die Online Casinos in unserem Guide stehen den legend\u00e4ren Casinos von Las Vegas in nichts nach. Auch hier gibt es eine echte Interaktion zwischen dem Casinopersonal und den Spielern. Daf\u00fcr sorgen die Live Spiele: Ob beim Blackjack oder am Roulette-Tisch, ein echter Croupier nimmt live Ihre Wetten entgegen.<\/div><\/div>\n<div class=\"su-column su-column-size-1-3\"><div class=\"su-column-inner su-u-clearfix su-u-trim\"><img loading=\"lazy\" decoding=\"async\" src=\"https:\/\/www.roulette.school\/de\/wp-content\/uploads\/2022\/06\/spiele.jpg\" alt=\"Spiele, die auf allen Mac Ger\u00e4ten laufen\" width=\"300\" height=\"230\" class=\"aligncenter size-full wp-image-1456\" \/><\/div><\/div><\/div>\n<h3>Seri\u00f6se Casinos f\u00fcr den Mac<\/h3>\n<p>Worauf sollten Sie achten, bevor Sie sich bei einem Online Casino anmelden? \u00dcberpr\u00fcfen Sie, ob die Casinoseite den Gesetzen Ihres Landes entspricht! Um schlechte Erfahrungen mit Online Casinos zu vermeiden, sollten Sie sich vergewissern, dass der Spieletempel, f\u00fcr den Sie sich entscheiden, auch wirklich legal ist.<\/p>\n<p>Am besten ist es, wenn Sie im Vorfeld kurz recherchieren. Daf\u00fcr k\u00f6nnen Sie nat\u00fcrlich die g\u00e4ngigen Suchmaschinen wie Bing, Google oder Yahoo nutzen. Geben Sie einfach den Namen des Casinos in das Suchfeld ein. Es gibt verschiedene Websites wie zum Beispiel Casino Guides, auf denen Sie aufschlussreiche Infos finden k\u00f6nnen. Einen seri\u00f6sen Guide erkennen Sie daran, dass User dort Bewertungen posten k\u00f6nnen. Wenn das Casino, f\u00fcr das Sie sich interessieren, von den Spielern positiv bewertet wird, k\u00f6nnen Sie sich dort guten Gewissens anmelden. Sollte das Casino hingegen schlechte Rezensionen erhalten haben, spricht das B\u00e4nde. Von diesen Anbietern sollten Sie am besten die Finger lassen.<\/p>\n<h3>Sich im Casino anmelden<\/h3>\n<p>Bevor Sie loslegen k\u00f6nnen, m\u00fcssen Sie sich im Online Casino anmelden. Folgen Sie hierf\u00fcr einfach Schritt f\u00fcr Schritt dem Anmeldeformular des jeweiligen Anbieters. Sobald dies erledigt ist, k\u00f6nnen Sie den Spielsaal betreten. Im Online Casino m\u00fcssen Sie aber nicht gleich um Echtgeld spielen. Viele Spiele k\u00f6nnen Sie auch kostenlos im Demo-Modus testen.<\/p>\n<p>Sie wollen nicht l\u00e4nger warten? W\u00e4hlen Sie einfach das Symbol des Spiels, das Sie interessiert. Ein Mausklick gen\u00fcgt, und Sie sitzen mit am Tisch und k\u00f6nnen Ihre Eins\u00e4tze platzieren.<\/p>\n<h3>Kostenlose Spiele f\u00fcr den Mac<\/h3>\n<p>Jedes seri\u00f6se Mac Casino bietet kostenlose Spiele an. Diese funktionieren im Demo-Modus genauso wie die Echtgeld Spiele.<\/p>\n<p>Der einzige Unterschied: Sie setzen fiktive Chips anstelle von echtem Geld. Eine tolle Gelegenheit, um zu \u00fcben und ein Gef\u00fchl f\u00fcr das Spiel zu bekommen. Die Demo Versionen machen genauso viel Spa\u00df wie die Spiele, bei denen echtes Geld zum Einsatz kommt &#8211; ohne dass Sie hier ein Risiko eingehen m\u00fcssen.<\/p>\n<h2>Ihr Geld in einem Mac Casino<\/h2>\n<p>Um in einem Online Casino um echtes Geld zu spielen, m\u00fcssen Sie im Vorfeld auf der Bankseite des Casinos einen Geldbetrag auf ihr Spielerkonto buchen. Es gibt verschiedene M\u00f6glichkeiten, Geld auf ihr Nutzerkonto zu \u00fcberweisen. Die beliebteste Zahlungsmethode in Online Casinos ist die Kreditkarte. Sie k\u00f6nnen aber auch andere g\u00e4ngige Zahlungsarten wie Debitkarten oder ein e-Wallet verwenden.<\/p>\n<p>Um Geld von ihrem Spielkonto abzuheben, geben Sie einfach den gew\u00fcnschten Betrag ein und bestimmen, wohin das Geld transferiert werden soll.<\/p>\n<h2>Deutschsprachige Casinos im Netz<\/h2>\n<p>Unser Casino Guide ist auf deutschsprachige Casinos ausgerichtet. Das Team von Roulette School hat f\u00fcr Sie aus dem World Wide Web die besten und seri\u00f6sesten Anbieter in deutscher Sprache herausgesucht. Alle Online Casino in unserem Guide sind in Europa registriert, was f\u00fcr ihre Seriosit\u00e4t spricht. Und das Beste ist: Der Kundensupport der Mac Casinos in unserem Guide erfolgt durch deutschsprachige Mitarbeiter. Eine reibungslose Kommunikation ist da garantiert!<\/p>\n<h2>Gut zu wissen<\/h2>\n<p>Casino Spiele f\u00fcr den Mac gibt es seit 1994. Zu diesem Zeitpunkt existierten im Internet nur eine Handvoll virtueller Casinos. Erst in den 2000er-Jahren erlebte die Gl\u00fccksspielbranche im Netz einen gewaltigen Boom. Heute gibt es weltweit mehrere hundert <a href=\"https:\/\/www.roulette.school\/de\/casino-osterreich\/\">Online Casinos<\/a>. Die seri\u00f6sesten Spieletempel sind gleich bei mehreren Gl\u00fccksspielkommissionen registriert. Europ\u00e4ische Echtgeld Casinos haben eine globale Reichweite und genie\u00dfen international einen sehr guten Ruf. Das liegt auch daran, dass sie st\u00e4ndig von den zust\u00e4ndigen Gl\u00fccksspielkommissionen \u00fcberpr\u00fcft werden. Die Hauptaufgabe der Kommissionen besteht darin, sicherzustellen, dass die Gl\u00fccksspielanbieter sich an alle Gesetze halten.<br \/>\n&nbsp;<\/p>\n","protected":false},"excerpt":{"rendered":"<p>Sie sind stolzer Besitzer eines Mac? Unsere Redaktion hat f\u00fcr Sie die drei besten Online Casinos f\u00fcr Apple Ger\u00e4te recherchiert.<\/p>\n","protected":false},"author":1,"featured_media":0,"parent":0,"menu_order":0,"comment_status":"closed","ping_status":"closed","template":"template-fullwidth.php","meta":{"footnotes":""},"class_list":["post-1391","page","type-page","status-publish","hentry"],"yoast_head":"<!-- This site is optimized with the Yoast SEO plugin v26.9 - https:\/\/yoast.com\/product\/yoast-seo-wordpress\/ -->\n<title>Casino Spiele f\u00fcr Mac | 3 Apple Casinos f\u00fcr MacBook und iMac<\/title>\n<meta name=\"description\" content=\"Apple Casino Spiele f\u00fcr Mac. Die besten Websites f\u00fcr Online Slots, Blackjack und Roulette auf dem MacBook und iMac.\" \/>\n<meta name=\"robots\" content=\"index, follow, max-snippet:-1, max-image-preview:large, max-video-preview:-1\" \/>\n<link rel=\"canonical\" href=\"https:\/\/www.roulette.school\/de\/casino-spiele-fur-den-mac\/\" \/>\n<meta property=\"og:locale\" content=\"de_DE\" \/>\n<meta property=\"og:type\" content=\"article\" \/>\n<meta property=\"og:title\" content=\"Casino Spiele f\u00fcr Mac | 3 Apple Casinos f\u00fcr MacBook und iMac\" \/>\n<meta property=\"og:description\" content=\"Apple Casino Spiele f\u00fcr Mac. Die besten Websites f\u00fcr Online Slots, Blackjack und Roulette auf dem MacBook und iMac.\" \/>\n<meta property=\"og:url\" content=\"https:\/\/www.roulette.school\/de\/casino-spiele-fur-den-mac\/\" \/>\n<meta property=\"og:site_name\" content=\"Roulette School\" \/>\n<meta property=\"article:modified_time\" content=\"2022-06-28T09:27:27+00:00\" \/>\n<meta property=\"og:image\" content=\"https:\/\/www.roulette.school\/de\/wp-content\/uploads\/2022\/06\/casino-mac.jpg\" \/>\n<meta name=\"twitter:card\" content=\"summary_large_image\" \/>\n<meta name=\"twitter:label1\" content=\"Gesch\u00e4tzte Lesezeit\" \/>\n\t<meta name=\"twitter:data1\" content=\"5 Minuten\" \/>\n<script type=\"application\/ld+json\" class=\"yoast-schema-graph\">{\"@context\":\"https:\/\/schema.org\",\"@graph\":[{\"@type\":\"WebPage\",\"@id\":\"https:\/\/www.roulette.school\/de\/casino-spiele-fur-den-mac\/\",\"url\":\"https:\/\/www.roulette.school\/de\/casino-spiele-fur-den-mac\/\",\"name\":\"Casino Spiele f\u00fcr Mac | 3 Apple Casinos f\u00fcr MacBook und iMac\",\"isPartOf\":{\"@id\":\"https:\/\/www.roulette.school\/de\/#website\"},\"primaryImageOfPage\":{\"@id\":\"https:\/\/www.roulette.school\/de\/casino-spiele-fur-den-mac\/#primaryimage\"},\"image\":{\"@id\":\"https:\/\/www.roulette.school\/de\/casino-spiele-fur-den-mac\/#primaryimage\"},\"thumbnailUrl\":\"https:\/\/www.roulette.school\/de\/wp-content\/uploads\/2022\/06\/casino-mac.jpg\",\"datePublished\":\"2022-06-03T01:30:03+00:00\",\"dateModified\":\"2022-06-28T09:27:27+00:00\",\"description\":\"Apple Casino Spiele f\u00fcr Mac. Die besten Websites f\u00fcr Online Slots, Blackjack und Roulette auf dem MacBook und iMac.\",\"breadcrumb\":{\"@id\":\"https:\/\/www.roulette.school\/de\/casino-spiele-fur-den-mac\/#breadcrumb\"},\"inLanguage\":\"de-AT\",\"potentialAction\":[{\"@type\":\"ReadAction\",\"target\":[\"https:\/\/www.roulette.school\/de\/casino-spiele-fur-den-mac\/\"]}]},{\"@type\":\"ImageObject\",\"inLanguage\":\"de-AT\",\"@id\":\"https:\/\/www.roulette.school\/de\/casino-spiele-fur-den-mac\/#primaryimage\",\"url\":\"https:\/\/www.roulette.school\/de\/wp-content\/uploads\/2022\/06\/casino-mac.jpg\",\"contentUrl\":\"https:\/\/www.roulette.school\/de\/wp-content\/uploads\/2022\/06\/casino-mac.jpg\",\"width\":300,\"height\":230,\"caption\":\"Luxury Casino auf dem iMac und MacBook\"},{\"@type\":\"BreadcrumbList\",\"@id\":\"https:\/\/www.roulette.school\/de\/casino-spiele-fur-den-mac\/#breadcrumb\",\"itemListElement\":[{\"@type\":\"ListItem\",\"position\":1,\"name\":\"Home\",\"item\":\"https:\/\/www.roulette.school\/de\/\"},{\"@type\":\"ListItem\",\"position\":2,\"name\":\"Casino Spiele f\u00fcr den Mac\"}]},{\"@type\":\"WebSite\",\"@id\":\"https:\/\/www.roulette.school\/de\/#website\",\"url\":\"https:\/\/www.roulette.school\/de\/\",\"name\":\"Roulette School\",\"description\":\"Roulette Guide\",\"publisher\":{\"@id\":\"https:\/\/www.roulette.school\/de\/#organization\"},\"potentialAction\":[{\"@type\":\"SearchAction\",\"target\":{\"@type\":\"EntryPoint\",\"urlTemplate\":\"https:\/\/www.roulette.school\/de\/?s={search_term_string}\"},\"query-input\":{\"@type\":\"PropertyValueSpecification\",\"valueRequired\":true,\"valueName\":\"search_term_string\"}}],\"inLanguage\":\"de-AT\"},{\"@type\":\"Organization\",\"@id\":\"https:\/\/www.roulette.school\/de\/#organization\",\"name\":\"Roulette School\",\"url\":\"https:\/\/www.roulette.school\/de\/\",\"logo\":{\"@type\":\"ImageObject\",\"inLanguage\":\"de-AT\",\"@id\":\"https:\/\/www.roulette.school\/de\/#\/schema\/logo\/image\/\",\"url\":\"https:\/\/www.roulette.school\/de\/wp-content\/uploads\/2021\/02\/rsl.png\",\"contentUrl\":\"https:\/\/www.roulette.school\/de\/wp-content\/uploads\/2021\/02\/rsl.png\",\"width\":350,\"height\":50,\"caption\":\"Roulette School\"},\"image\":{\"@id\":\"https:\/\/www.roulette.school\/de\/#\/schema\/logo\/image\/\"}}]}<\/script>\n<!-- \/ Yoast SEO plugin. -->","yoast_head_json":{"title":"Casino Spiele f\u00fcr Mac | 3 Apple Casinos f\u00fcr MacBook und iMac","description":"Apple Casino Spiele f\u00fcr Mac. Die besten Websites f\u00fcr Online Slots, Blackjack und Roulette auf dem MacBook und iMac.","robots":{"index":"index","follow":"follow","max-snippet":"max-snippet:-1","max-image-preview":"max-image-preview:large","max-video-preview":"max-video-preview:-1"},"canonical":"https:\/\/www.roulette.school\/de\/casino-spiele-fur-den-mac\/","og_locale":"de_DE","og_type":"article","og_title":"Casino Spiele f\u00fcr Mac | 3 Apple Casinos f\u00fcr MacBook und iMac","og_description":"Apple Casino Spiele f\u00fcr Mac. Die besten Websites f\u00fcr Online Slots, Blackjack und Roulette auf dem MacBook und iMac.","og_url":"https:\/\/www.roulette.school\/de\/casino-spiele-fur-den-mac\/","og_site_name":"Roulette School","article_modified_time":"2022-06-28T09:27:27+00:00","og_image":[{"url":"https:\/\/www.roulette.school\/de\/wp-content\/uploads\/2022\/06\/casino-mac.jpg","type":"","width":"","height":""}],"twitter_card":"summary_large_image","twitter_misc":{"Gesch\u00e4tzte Lesezeit":"5 Minuten"},"schema":{"@context":"https:\/\/schema.org","@graph":[{"@type":"WebPage","@id":"https:\/\/www.roulette.school\/de\/casino-spiele-fur-den-mac\/","url":"https:\/\/www.roulette.school\/de\/casino-spiele-fur-den-mac\/","name":"Casino Spiele f\u00fcr Mac | 3 Apple Casinos f\u00fcr MacBook und iMac","isPartOf":{"@id":"https:\/\/www.roulette.school\/de\/#website"},"primaryImageOfPage":{"@id":"https:\/\/www.roulette.school\/de\/casino-spiele-fur-den-mac\/#primaryimage"},"image":{"@id":"https:\/\/www.roulette.school\/de\/casino-spiele-fur-den-mac\/#primaryimage"},"thumbnailUrl":"https:\/\/www.roulette.school\/de\/wp-content\/uploads\/2022\/06\/casino-mac.jpg","datePublished":"2022-06-03T01:30:03+00:00","dateModified":"2022-06-28T09:27:27+00:00","description":"Apple Casino Spiele f\u00fcr Mac. Die besten Websites f\u00fcr Online Slots, Blackjack und Roulette auf dem MacBook und iMac.","breadcrumb":{"@id":"https:\/\/www.roulette.school\/de\/casino-spiele-fur-den-mac\/#breadcrumb"},"inLanguage":"de-AT","potentialAction":[{"@type":"ReadAction","target":["https:\/\/www.roulette.school\/de\/casino-spiele-fur-den-mac\/"]}]},{"@type":"ImageObject","inLanguage":"de-AT","@id":"https:\/\/www.roulette.school\/de\/casino-spiele-fur-den-mac\/#primaryimage","url":"https:\/\/www.roulette.school\/de\/wp-content\/uploads\/2022\/06\/casino-mac.jpg","contentUrl":"https:\/\/www.roulette.school\/de\/wp-content\/uploads\/2022\/06\/casino-mac.jpg","width":300,"height":230,"caption":"Luxury Casino auf dem iMac und MacBook"},{"@type":"BreadcrumbList","@id":"https:\/\/www.roulette.school\/de\/casino-spiele-fur-den-mac\/#breadcrumb","itemListElement":[{"@type":"ListItem","position":1,"name":"Home","item":"https:\/\/www.roulette.school\/de\/"},{"@type":"ListItem","position":2,"name":"Casino Spiele f\u00fcr den Mac"}]},{"@type":"WebSite","@id":"https:\/\/www.roulette.school\/de\/#website","url":"https:\/\/www.roulette.school\/de\/","name":"Roulette School","description":"Roulette Guide","publisher":{"@id":"https:\/\/www.roulette.school\/de\/#organization"},"potentialAction":[{"@type":"SearchAction","target":{"@type":"EntryPoint","urlTemplate":"https:\/\/www.roulette.school\/de\/?s={search_term_string}"},"query-input":{"@type":"PropertyValueSpecification","valueRequired":true,"valueName":"search_term_string"}}],"inLanguage":"de-AT"},{"@type":"Organization","@id":"https:\/\/www.roulette.school\/de\/#organization","name":"Roulette School","url":"https:\/\/www.roulette.school\/de\/","logo":{"@type":"ImageObject","inLanguage":"de-AT","@id":"https:\/\/www.roulette.school\/de\/#\/schema\/logo\/image\/","url":"https:\/\/www.roulette.school\/de\/wp-content\/uploads\/2021\/02\/rsl.png","contentUrl":"https:\/\/www.roulette.school\/de\/wp-content\/uploads\/2021\/02\/rsl.png","width":350,"height":50,"caption":"Roulette School"},"image":{"@id":"https:\/\/www.roulette.school\/de\/#\/schema\/logo\/image\/"}}]}},"_links":{"self":[{"href":"https:\/\/www.roulette.school\/de\/wp-json\/wp\/v2\/pages\/1391","targetHints":{"allow":["GET"]}}],"collection":[{"href":"https:\/\/www.roulette.school\/de\/wp-json\/wp\/v2\/pages"}],"about":[{"href":"https:\/\/www.roulette.school\/de\/wp-json\/wp\/v2\/types\/page"}],"author":[{"embeddable":true,"href":"https:\/\/www.roulette.school\/de\/wp-json\/wp\/v2\/users\/1"}],"replies":[{"embeddable":true,"href":"https:\/\/www.roulette.school\/de\/wp-json\/wp\/v2\/comments?post=1391"}],"version-history":[{"count":15,"href":"https:\/\/www.roulette.school\/de\/wp-json\/wp\/v2\/pages\/1391\/revisions"}],"predecessor-version":[{"id":1481,"href":"https:\/\/www.roulette.school\/de\/wp-json\/wp\/v2\/pages\/1391\/revisions\/1481"}],"wp:attachment":[{"href":"https:\/\/www.roulette.school\/de\/wp-json\/wp\/v2\/media?parent=1391"}],"curies":[{"name":"wp","href":"https:\/\/api.w.org\/{rel}","templated":true}]}}