{"id":1557,"date":"2023-01-30T11:39:12","date_gmt":"2023-01-30T11:39:12","guid":{"rendered":"https:\/\/www.roulette.school\/de\/?page_id=1557"},"modified":"2023-04-22T02:13:57","modified_gmt":"2023-04-22T02:13:57","slug":"roulette-mega-moolah","status":"publish","type":"page","link":"https:\/\/www.roulette.school\/de\/roulette-mega-moolah\/","title":{"rendered":"Roulette Mega Moolah"},"content":{"rendered":"<p>Dieses <strong>Casino Roulette <\/strong>ist mit dem Bonusrad der Slots aus der Mega Moolah Serie verkn\u00fcpft. Bei diesem Spiel haben Sie die Chance auf einen progressiven Jackpot, der bei <strong>2 Millionen Euro<\/strong> beginnt. Mega Moolah sind Online Slots, die zum Netzwerk des Entwicklers Microgaming geh\u00f6ren. Mit etwas Gl\u00fcck kann man an diesen Automaten Jackpots in Millionenh\u00f6he knacken.<\/p>\n<p><img loading=\"lazy\" decoding=\"async\" class=\"aligncenter size-full wp-image-1579\" src=\"https:\/\/www.roulette.school\/de\/wp-content\/uploads\/2023\/02\/mega-roulette.jpg\" alt=\"Roulette Mega Moolah und Jackpot von \u00fcber 2 Millionen\" width=\"720\" height=\"320\" srcset=\"https:\/\/www.roulette.school\/de\/wp-content\/uploads\/2023\/02\/mega-roulette.jpg 720w, https:\/\/www.roulette.school\/de\/wp-content\/uploads\/2023\/02\/mega-roulette-300x133.jpg 300w\" sizes=\"auto, (max-width: 720px) 100vw, 720px\" \/><\/p>\n<h2>Welche Mega Moolah Slots gibt es?<\/h2>\n<p>Das Spiele-Netzwerk der Serie umfasst mehr als 20 Automaten mit unterschiedlichen Themen. Der kultigste Slot der Serie ist der urspr\u00fcngliche Automat aus dem Jahr 2006 mit dem L\u00f6wenkopf-Emblem. In Online Casinos, die Microgaming Spiele anbieten, ist der Mega Moolah L\u00f6wen-Slot bei Spielern aus der ganzen Welt besonders beliebt.<\/p>\n<h2>Was ist das Besondere am Roulette &#8222;Mega Moolah&#8220;?<\/h2>\n<p>Das Besondere an diesem Spiel ist, dass man gleichzeitig am Roulette Tisch gewinnen und einen Jackpot auf dem Bonusrad knacken kann. Um das Bonusrad zu drehen und den Mega-Jackpot abzur\u00e4umen, m\u00fcssen Wetten auf einzelne Zahlen platziert werden. Das geht schon ab 25 Cent pro Wette! Diese Roulette Variante ist leicht zu lernen und bei Jackpot-J\u00e4gern besonders beliebt.<\/p>\n<h2>Die Gl\u00fcckszahlen beim Roulette Mega Moolah<\/h2>\n<p>In jeder Spielrunde werden per Zufall 1 bis 5 Gl\u00fcckszahlen ausgew\u00e4hlt. Diese Zahlen vervielfachen die Gewinne um das 40- bis 200-fache.<\/p>\n<p><strong>Die zuf\u00e4lligen Gl\u00fcckszahlen sind gleichzeitig die Mega Moolah Zahlen.<\/strong> Wer eine Wette auf eine dieser Zahlen gewinnt, aktiviert das Bonusspiel.<\/p>\n<h2>Jackpots auf dem Bonusrad gewinnen<\/h2>\n<p>Um beim Roulette Mega Moolah einen Jackpot knacken zu k\u00f6nnen, m\u00fcssen Sie Wetten auf einzelne Zahlen platzieren. Gewinnen Sie so eine Wette auf eine <strong>Mega Moolah Zahl,<\/strong> erscheint das Bonusrad auf dem Bildschirm. Ein Klick auf die SPIN-Schaltfl\u00e4che gen\u00fcgt, und mit etwas Gl\u00fcck geh\u00f6rt der Jackpots Ihnen!<\/p>\n<p><strong>JACKPOTS DES BONUSRADS:<\/strong><\/p>\n<ul>\n<li>Der Mini: Der Jackpot beginnt bei 10\u20ac.<\/li>\n<li>Der Minor: Der Jackpot beginnt bei 100\u20ac.<\/li>\n<li>Der Major: Der Jackpot beginnt bei 10.000\u20ac.<\/li>\n<li>Mega: Der Hauptgewinn beginnt bei 2 Millionen.<\/li>\n<\/ul>\n<h2>Roulette Mega Moolah online spielen<\/h2>\n<p>Sie werden das Roulette Mega Moolah in Online Casinos finden, die mit <strong>Switch Studios<\/strong> kooperieren. Die Switch Studios sind f\u00fcr ihre au\u00dfergew\u00f6hnlichen Roulette Varianten bekannt. Mit diesen Spielen bringen die Studios gro\u00dfe Gewinne an die Spieltische. Online Casinos, die mit Switch Studios kooperieren, erfreuen sich in \u00d6sterreich bei den Spielern gro\u00dfer Beliebtheit.<\/p>\n<div align=\"center\"><a href=\"https:\/\/iredirect.net\/referral\/?site=lxc&#038;lang=at&#038;aff_id=aff100309\" target=\"_blank\" rel=\"noopener noreferrer\"><img loading=\"lazy\" decoding=\"async\" class=\"aligncenter size-full wp-image-1580\" src=\"https:\/\/www.roulette.school\/de\/wp-content\/uploads\/2023\/02\/lux.jpg\" alt=\"Luxury Casino\" width=\"720\" height=\"320\" srcset=\"https:\/\/www.roulette.school\/de\/wp-content\/uploads\/2023\/02\/lux.jpg 720w, https:\/\/www.roulette.school\/de\/wp-content\/uploads\/2023\/02\/lux-300x133.jpg 300w\" sizes=\"auto, (max-width: 720px) 100vw, 720px\" \/><br \/>\n<span style=\"font-size: 17pt;\"><b><u>BEI LUXURY SPIELEN<\/u><\/b><\/span><\/a><\/div>\n<p>Unsere Experten sind sich einig: Wenn Sie Roulette Mega Moolah ausprobieren m\u00f6chten, sind Sie bei <strong>Luxury Casino<\/strong> an der richtigen Adresse.<\/p>\n<div class=\"su-divider su-divider-style-dotted\" style=\"margin:15px 0;border-width:10px;border-color:#820202\"><\/div>\n<p>Sie legen ihr Smartphone nur ungern aus der Hand oder spielen am liebsten auf dem Tablet? Kein Problem! Die Luxury Website ist perfekt f\u00fcr das <a href=\"https:\/\/www.roulette.school\/de\/casino-spiele-fur-iphone-und-ipad\/\">iPhone und iPad<\/a> kalibriert. Nat\u00fcrlich laufen die Spiele auch auf Android-Ger\u00e4ten wie am Schn\u00fcrchen. Auf gr\u00f6\u00dferen Bildschirmen, zum Beispiel am Windows PC oder Mac, machen die Spiele mindestens genauso viel Spa\u00df. Und bequemer ist es auch: Wenn Sie am Computer spielen und eine Maus benutzen, laufen Sie weniger Gefahr, die falsche Taste zu dr\u00fccken.<\/p>\n<h2>RTP Quote und Gewinnchancen<\/h2>\n<p>Ohne das Bonusrad hat Roulette Mega Moolah eine R\u00fccklaufquote von 97,3%.<\/p>\n<p>Bei Wetten, die auf dem Tableau platziert werden, gelten <a href=\"https:\/\/www.roulette.school\/de\/europaisches\/\">die Regeln des Europ\u00e4ischen Roulettes<\/a>. Wenn Sie jedoch auf einzelne Zahlen setzen, haben Sie die Chance auf den Jackpot des Bonusrads. Bei diesen Wetten erhebt das Casino eine Gewinnbeteiligung. Diese flie\u00dft in den Jackpot des Bonusrads ein. So k\u00f6nnen die progressiven Jackpots des Bonusrads in astronomische H\u00f6hen steigen.<\/p>\n<p>Wie h\u00e4ufig wird der Jackpot geknackt? Um den Mega Jackpot am Bonusrad abzur\u00e4umen, braucht man schon eine gro\u00dfe Portion Gl\u00fcck. Trotzdem lohnt es sich, das Rad zu drehen. Denn es gibt hier auch gute Chancen auf kleinere Gewinne, zu denen kein Casino Fan nein sagen w\u00fcrde!<\/p>\n<p>Wenn Sie beim <strong>Roulette Mega Moolah<\/strong> auf einzelne Zahlen setzen, betr\u00e4gt die RTP Quote des Spiels 93,61 %. Im Vergleich zu anderen Slots der Serie ist dies eine der besten Quoten, die Sie finden werden!<\/p>\n<h2>Spielautomaten und progressive Jackpots<\/h2>\n<p>Online Casinos haben verschiedene progressiven Slots im Angebot. Doch von allen Automaten, die mit Roulette verkn\u00fcpft sind, bietet nur das Roulette Mega Moolah die Chance auf einen Millionengewinn.<\/p>\n<p>Neben anderen Roulette Spielen mit Slots und den Mega Moolah Spielen gibt es noch eine weitere mitrei\u00dfende Spiele-Serie: die <a href=\"https:\/\/www.wowpotslots.casino\" target=\"_blank\" rel=\"noopener\">WowPot Slots<\/a>. Die Spiele dieser Serie begeistern t\u00e4glich Hunderte neue Casino Fans. So erreichen die Mega Jackpots der WowPot Slots immer wieder legend\u00e4re H\u00f6hen.<\/p>\n<h2>Rekordgewinne bei Mega Moolah<\/h2>\n<p>Die Mega Moolah Slots sind die beliebtesten progressiven Jackpotspiele der Welt. Der erste Slot der Serie mit dem L\u00f6wen-Symbol kam 2006 auf den Markt \u2013 und ist bis heute eine erstklassige Referenz in der Branche. Denn bei dieser Slot Variante werden die meisten gro\u00dfen Jackpots geknackt! Andere Automaten der Serie, an denen Spieler mit etwas Gl\u00fcck zu Million\u00e4ren geworden sind, sind <strong>Immortal Romance, Absolootly Mad und Atlantean Treasures.<\/strong><\/p>\n<h3>Mega Moolah \u2013 \u00dcbersicht \u00fcber die gro\u00dfen Jackpots<\/h3>\n<p>Zwischen 2006 und 2026 haben \u00fcber 100 Spieler den Jackpot der Mega Moolah Slots geknackt. Hier haben wir die beeindruckendsten Gewinne der Serie aufgelistet:<\/p>\n<ul>\n<li><strong>20.059.287 CA$<\/strong><br \/>\nEin Spieler aus Kanada gewann den Jackpot bei <a href=\"https:\/\/www.roulette.school\/de\/casino-spiele-fur-windows\/\">Zodiac Casino<\/a>.<\/li>\n<li><strong>19.430.723 \u20ac<\/strong><br \/>\nEin Wahnsinnsgewinn, der von einem Belgier beim Spiel Absolootly Mad Mega Moolah erzielt wurde.<\/li>\n<li><strong>18.915.872 \u20ac<\/strong><br \/>\nGewonnen von einem Spieler aus Europa auf der Grand Mondial Casino Website.<\/li>\n<\/ul>\n<p>Auch in \u00d6sterreich gelang es einigen Spielern, den Mega Moolah Hauptgewinn zu kassieren. Die Gewinne lagen zwischen 2 und 5 Millionen Euro.<\/p>\n<h3>Jackpots beim Roulette Mega Moolah<\/h3>\n<p>Seit das Spiels im Juli 2022 erschienen ist, konnten viele Spieler auf dem Bonusrad den Major Jackpot knacken. <strong>Jeder von Ihnen nahm mindestens 10.000\u20ac mit nach Hause.<\/strong> Was den Mega Jackpot des Mega Moolah Bonusrads betrifft: Bisher hat noch kein Gl\u00fcckspilz diese harte Nuss geknackt. Aber was nicht ist, kann ja noch werden!<\/p>\n<h2>Tricks, um den Jackpot zu knacken<\/h2>\n<p>Den Mega Moolah Jackpot von \u00fcber 2 Millionen mit nach Hause nehmen \u2013 davon tr\u00e4umen wohl alle Roulette Spieler. Mit diesen Tricks k\u00f6nnen Sie dem Gl\u00fcck ein wenig nachhelfen und Ihre Gewinnchancen erh\u00f6hen: Setzen Sie beim Mega Moolah Roulette in jeder Runde auf mehrere einzelne Zahlen gleichzeitig. Wenn Sie zum Beispiel auf 5 verschiedene Zahlen wetten, erh\u00f6ht Sie Ihre Chance, Million\u00e4r zu werden, um das F\u00fcnffache.<\/p>\n<p>Ein weiterer Trick ist es, maximal nur 30\u20ac pro Runde zu setzen. Nat\u00fcrlich sollten Sie hier auf die Gl\u00fcckszahlen wetten, um das Bonusrad zu aktivieren. Tippen Sie richtig, erhalten Sie das 200-fache des Einsatzes \u2013 in diesem Fall einen Gewinn von 6000\u20ac. Mit dieser Summe w\u00e4ren Sie gut f\u00fcr viele weitere Runden ger\u00fcstet, um ihr Gl\u00fcck zu versuchen und im besten Fall den Mega Jackpot des Bonusrads abzur\u00e4umen.<\/p>\n<h2>Switch Studios<\/h2>\n<p>Das Spiel Roulette Mega Moolah wird vom Unternehmen <strong>Games Global<\/strong> angeboten. Unter diesem Dach produzieren die talentiertesten Entwickler gro\u00dfartige Online Casinospiele. Darunter sind auch die <a href=\"https:\/\/switchstudios.co.uk\" target=\"_blank\" rel=\"noopener\">Switch Studios<\/a>, aus deren Feder au\u00dfergew\u00f6hnliche Blackjack- und Roulettespiele stammen. Das Roulette Mega Moolah ist eines davon.<\/p>\n<h3>Microgaming<\/h3>\n<p>Microgaming ist der Initiator des Mega Moolah Konzepts und arbeitet mit den kompetentesten Entwicklern zusammen. Von 2006 bis 2026 wurden mehr als 20 Varianten f\u00fcr die Spieleserie entwickelt. Alle Slots der Reihe sind miteinander verbunden, um die progressiven Jackpots der Bonusr\u00e4der zu speisen. Darum knackt der Mega Jackpot des Bonusrads oft die 5-Millionen-Grenze.<br \/>\n&nbsp;<\/p>\n","protected":false},"excerpt":{"rendered":"<p>Dieses Casino Roulette ist mit dem Bonusrad der Slots aus der Mega Moolah Serie verkn\u00fcpft. Bei diesem Spiel haben Sie<\/p>\n","protected":false},"author":1,"featured_media":0,"parent":0,"menu_order":0,"comment_status":"closed","ping_status":"closed","template":"","meta":{"footnotes":""},"class_list":["post-1557","page","type-page","status-publish","hentry"],"yoast_head":"<!-- This site is optimized with the Yoast SEO plugin v26.9 - https:\/\/yoast.com\/product\/yoast-seo-wordpress\/ -->\n<title>Roulette Mega Moolah Bonus und Jackpot +2 Millionen Gewinn<\/title>\n<meta name=\"description\" content=\"Das Spiel Roulette Mega Moolah hat ein Bonusrad, bei dem man einen Jackpot von \u00fcber 2 Millionen Euro gewinnen kann.\" \/>\n<meta name=\"robots\" content=\"index, follow, max-snippet:-1, max-image-preview:large, max-video-preview:-1\" \/>\n<link rel=\"canonical\" href=\"https:\/\/www.roulette.school\/de\/roulette-mega-moolah\/\" \/>\n<meta property=\"og:locale\" content=\"de_DE\" \/>\n<meta property=\"og:type\" content=\"article\" \/>\n<meta property=\"og:title\" content=\"Roulette Mega Moolah Bonus und Jackpot +2 Millionen Gewinn\" \/>\n<meta property=\"og:description\" content=\"Das Spiel Roulette Mega Moolah hat ein Bonusrad, bei dem man einen Jackpot von \u00fcber 2 Millionen Euro gewinnen kann.\" \/>\n<meta property=\"og:url\" content=\"https:\/\/www.roulette.school\/de\/roulette-mega-moolah\/\" \/>\n<meta property=\"og:site_name\" content=\"Roulette School\" \/>\n<meta property=\"article:modified_time\" content=\"2023-04-22T02:13:57+00:00\" \/>\n<meta property=\"og:image\" content=\"https:\/\/www.roulette.school\/de\/wp-content\/uploads\/2023\/02\/mega-roulette.jpg\" \/>\n<meta name=\"twitter:card\" content=\"summary_large_image\" \/>\n<meta name=\"twitter:label1\" content=\"Gesch\u00e4tzte Lesezeit\" \/>\n\t<meta name=\"twitter:data1\" content=\"7 Minuten\" \/>\n<script type=\"application\/ld+json\" class=\"yoast-schema-graph\">{\"@context\":\"https:\/\/schema.org\",\"@graph\":[{\"@type\":\"WebPage\",\"@id\":\"https:\/\/www.roulette.school\/de\/roulette-mega-moolah\/\",\"url\":\"https:\/\/www.roulette.school\/de\/roulette-mega-moolah\/\",\"name\":\"Roulette Mega Moolah Bonus und Jackpot +2 Millionen Gewinn\",\"isPartOf\":{\"@id\":\"https:\/\/www.roulette.school\/de\/#website\"},\"primaryImageOfPage\":{\"@id\":\"https:\/\/www.roulette.school\/de\/roulette-mega-moolah\/#primaryimage\"},\"image\":{\"@id\":\"https:\/\/www.roulette.school\/de\/roulette-mega-moolah\/#primaryimage\"},\"thumbnailUrl\":\"https:\/\/www.roulette.school\/de\/wp-content\/uploads\/2023\/02\/mega-roulette.jpg\",\"datePublished\":\"2023-01-30T11:39:12+00:00\",\"dateModified\":\"2023-04-22T02:13:57+00:00\",\"description\":\"Das Spiel Roulette Mega Moolah hat ein Bonusrad, bei dem man einen Jackpot von \u00fcber 2 Millionen Euro gewinnen kann.\",\"breadcrumb\":{\"@id\":\"https:\/\/www.roulette.school\/de\/roulette-mega-moolah\/#breadcrumb\"},\"inLanguage\":\"de-AT\",\"potentialAction\":[{\"@type\":\"ReadAction\",\"target\":[\"https:\/\/www.roulette.school\/de\/roulette-mega-moolah\/\"]}]},{\"@type\":\"ImageObject\",\"inLanguage\":\"de-AT\",\"@id\":\"https:\/\/www.roulette.school\/de\/roulette-mega-moolah\/#primaryimage\",\"url\":\"https:\/\/www.roulette.school\/de\/wp-content\/uploads\/2023\/02\/mega-roulette.jpg\",\"contentUrl\":\"https:\/\/www.roulette.school\/de\/wp-content\/uploads\/2023\/02\/mega-roulette.jpg\",\"width\":720,\"height\":320,\"caption\":\"Roulette Mega Moolah en Autriche\"},{\"@type\":\"BreadcrumbList\",\"@id\":\"https:\/\/www.roulette.school\/de\/roulette-mega-moolah\/#breadcrumb\",\"itemListElement\":[{\"@type\":\"ListItem\",\"position\":1,\"name\":\"Home\",\"item\":\"https:\/\/www.roulette.school\/de\/\"},{\"@type\":\"ListItem\",\"position\":2,\"name\":\"Roulette Mega Moolah\"}]},{\"@type\":\"WebSite\",\"@id\":\"https:\/\/www.roulette.school\/de\/#website\",\"url\":\"https:\/\/www.roulette.school\/de\/\",\"name\":\"Roulette School\",\"description\":\"Roulette Guide\",\"publisher\":{\"@id\":\"https:\/\/www.roulette.school\/de\/#organization\"},\"potentialAction\":[{\"@type\":\"SearchAction\",\"target\":{\"@type\":\"EntryPoint\",\"urlTemplate\":\"https:\/\/www.roulette.school\/de\/?s={search_term_string}\"},\"query-input\":{\"@type\":\"PropertyValueSpecification\",\"valueRequired\":true,\"valueName\":\"search_term_string\"}}],\"inLanguage\":\"de-AT\"},{\"@type\":\"Organization\",\"@id\":\"https:\/\/www.roulette.school\/de\/#organization\",\"name\":\"Roulette School\",\"url\":\"https:\/\/www.roulette.school\/de\/\",\"logo\":{\"@type\":\"ImageObject\",\"inLanguage\":\"de-AT\",\"@id\":\"https:\/\/www.roulette.school\/de\/#\/schema\/logo\/image\/\",\"url\":\"https:\/\/www.roulette.school\/de\/wp-content\/uploads\/2021\/02\/rsl.png\",\"contentUrl\":\"https:\/\/www.roulette.school\/de\/wp-content\/uploads\/2021\/02\/rsl.png\",\"width\":350,\"height\":50,\"caption\":\"Roulette School\"},\"image\":{\"@id\":\"https:\/\/www.roulette.school\/de\/#\/schema\/logo\/image\/\"}}]}<\/script>\n<!-- \/ Yoast SEO plugin. -->","yoast_head_json":{"title":"Roulette Mega Moolah Bonus und Jackpot +2 Millionen Gewinn","description":"Das Spiel Roulette Mega Moolah hat ein Bonusrad, bei dem man einen Jackpot von \u00fcber 2 Millionen Euro gewinnen kann.","robots":{"index":"index","follow":"follow","max-snippet":"max-snippet:-1","max-image-preview":"max-image-preview:large","max-video-preview":"max-video-preview:-1"},"canonical":"https:\/\/www.roulette.school\/de\/roulette-mega-moolah\/","og_locale":"de_DE","og_type":"article","og_title":"Roulette Mega Moolah Bonus und Jackpot +2 Millionen Gewinn","og_description":"Das Spiel Roulette Mega Moolah hat ein Bonusrad, bei dem man einen Jackpot von \u00fcber 2 Millionen Euro gewinnen kann.","og_url":"https:\/\/www.roulette.school\/de\/roulette-mega-moolah\/","og_site_name":"Roulette School","article_modified_time":"2023-04-22T02:13:57+00:00","og_image":[{"url":"https:\/\/www.roulette.school\/de\/wp-content\/uploads\/2023\/02\/mega-roulette.jpg","type":"","width":"","height":""}],"twitter_card":"summary_large_image","twitter_misc":{"Gesch\u00e4tzte Lesezeit":"7 Minuten"},"schema":{"@context":"https:\/\/schema.org","@graph":[{"@type":"WebPage","@id":"https:\/\/www.roulette.school\/de\/roulette-mega-moolah\/","url":"https:\/\/www.roulette.school\/de\/roulette-mega-moolah\/","name":"Roulette Mega Moolah Bonus und Jackpot +2 Millionen Gewinn","isPartOf":{"@id":"https:\/\/www.roulette.school\/de\/#website"},"primaryImageOfPage":{"@id":"https:\/\/www.roulette.school\/de\/roulette-mega-moolah\/#primaryimage"},"image":{"@id":"https:\/\/www.roulette.school\/de\/roulette-mega-moolah\/#primaryimage"},"thumbnailUrl":"https:\/\/www.roulette.school\/de\/wp-content\/uploads\/2023\/02\/mega-roulette.jpg","datePublished":"2023-01-30T11:39:12+00:00","dateModified":"2023-04-22T02:13:57+00:00","description":"Das Spiel Roulette Mega Moolah hat ein Bonusrad, bei dem man einen Jackpot von \u00fcber 2 Millionen Euro gewinnen kann.","breadcrumb":{"@id":"https:\/\/www.roulette.school\/de\/roulette-mega-moolah\/#breadcrumb"},"inLanguage":"de-AT","potentialAction":[{"@type":"ReadAction","target":["https:\/\/www.roulette.school\/de\/roulette-mega-moolah\/"]}]},{"@type":"ImageObject","inLanguage":"de-AT","@id":"https:\/\/www.roulette.school\/de\/roulette-mega-moolah\/#primaryimage","url":"https:\/\/www.roulette.school\/de\/wp-content\/uploads\/2023\/02\/mega-roulette.jpg","contentUrl":"https:\/\/www.roulette.school\/de\/wp-content\/uploads\/2023\/02\/mega-roulette.jpg","width":720,"height":320,"caption":"Roulette Mega Moolah en Autriche"},{"@type":"BreadcrumbList","@id":"https:\/\/www.roulette.school\/de\/roulette-mega-moolah\/#breadcrumb","itemListElement":[{"@type":"ListItem","position":1,"name":"Home","item":"https:\/\/www.roulette.school\/de\/"},{"@type":"ListItem","position":2,"name":"Roulette Mega Moolah"}]},{"@type":"WebSite","@id":"https:\/\/www.roulette.school\/de\/#website","url":"https:\/\/www.roulette.school\/de\/","name":"Roulette School","description":"Roulette Guide","publisher":{"@id":"https:\/\/www.roulette.school\/de\/#organization"},"potentialAction":[{"@type":"SearchAction","target":{"@type":"EntryPoint","urlTemplate":"https:\/\/www.roulette.school\/de\/?s={search_term_string}"},"query-input":{"@type":"PropertyValueSpecification","valueRequired":true,"valueName":"search_term_string"}}],"inLanguage":"de-AT"},{"@type":"Organization","@id":"https:\/\/www.roulette.school\/de\/#organization","name":"Roulette School","url":"https:\/\/www.roulette.school\/de\/","logo":{"@type":"ImageObject","inLanguage":"de-AT","@id":"https:\/\/www.roulette.school\/de\/#\/schema\/logo\/image\/","url":"https:\/\/www.roulette.school\/de\/wp-content\/uploads\/2021\/02\/rsl.png","contentUrl":"https:\/\/www.roulette.school\/de\/wp-content\/uploads\/2021\/02\/rsl.png","width":350,"height":50,"caption":"Roulette School"},"image":{"@id":"https:\/\/www.roulette.school\/de\/#\/schema\/logo\/image\/"}}]}},"_links":{"self":[{"href":"https:\/\/www.roulette.school\/de\/wp-json\/wp\/v2\/pages\/1557","targetHints":{"allow":["GET"]}}],"collection":[{"href":"https:\/\/www.roulette.school\/de\/wp-json\/wp\/v2\/pages"}],"about":[{"href":"https:\/\/www.roulette.school\/de\/wp-json\/wp\/v2\/types\/page"}],"author":[{"embeddable":true,"href":"https:\/\/www.roulette.school\/de\/wp-json\/wp\/v2\/users\/1"}],"replies":[{"embeddable":true,"href":"https:\/\/www.roulette.school\/de\/wp-json\/wp\/v2\/comments?post=1557"}],"version-history":[{"count":27,"href":"https:\/\/www.roulette.school\/de\/wp-json\/wp\/v2\/pages\/1557\/revisions"}],"predecessor-version":[{"id":1654,"href":"https:\/\/www.roulette.school\/de\/wp-json\/wp\/v2\/pages\/1557\/revisions\/1654"}],"wp:attachment":[{"href":"https:\/\/www.roulette.school\/de\/wp-json\/wp\/v2\/media?parent=1557"}],"curies":[{"name":"wp","href":"https:\/\/api.w.org\/{rel}","templated":true}]}}