{"id":1670,"date":"2023-05-11T12:26:23","date_gmt":"2023-05-11T12:26:23","guid":{"rendered":"https:\/\/www.roulette.school\/de\/?page_id=1670"},"modified":"2023-07-04T04:11:22","modified_gmt":"2023-07-04T04:11:22","slug":"die-besten-online-casinos-der-welt","status":"publish","type":"page","link":"https:\/\/www.roulette.school\/de\/die-besten-online-casinos-der-welt\/","title":{"rendered":"Die besten Online Casinos der Welt"},"content":{"rendered":"<p>Im Internet gibt es weltweit Hunderte Casino Websites, die Slots und Tischspiele anbieten. Doch es gibt Unterschiede, was Qualit\u00e4t und Seriosit\u00e4t angeht. Welche Online Casinos zu den besten der Welt z\u00e4hlen, verraten wir in diesem Artikel.<\/p>\n<p>Die ersten Online Casinos entstanden bereits 1994. Anfang der 2000er Jahre wuchs ihre Zahl erheblich. Heute, im Jahr 2026, haben Spieler die Wahl zwischen einer Vielzahl seri\u00f6ser und realit\u00e4tsgetreuer <strong>Echtgeld Spiele im Netz<\/strong>.<\/p>\n<p><img loading=\"lazy\" decoding=\"async\" class=\"aligncenter size-full wp-image-1681\" src=\"https:\/\/www.roulette.school\/de\/wp-content\/uploads\/2023\/05\/besten.jpg\" alt=\"Beste Online Casinos weltweit\" width=\"720\" height=\"400\" srcset=\"https:\/\/www.roulette.school\/de\/wp-content\/uploads\/2023\/05\/besten.jpg 720w, https:\/\/www.roulette.school\/de\/wp-content\/uploads\/2023\/05\/besten-300x167.jpg 300w\" sizes=\"auto, (max-width: 720px) 100vw, 720px\" \/><\/p>\n<p>Die kultigsten und innovativsten Online Casinos bieten <strong>plattform\u00fcbergreifende Spiele in mehreren Sprachen<\/strong> an. Sie werden von Gl\u00fccksspielkommissionen zertifiziert und \u00fcberwacht \u2013 f\u00fcr die Spieler ein Zeichen daf\u00fcr, dass es sich um seri\u00f6se Anbieter handelt.<\/p>\n<p>Zu den besten Casino Websites weltweit geh\u00f6rt das <a href=\"#zodiac\">Zodiac Casino<\/a>. Das best\u00e4tigen auch die hervorragenden Bewertungen internationaler Casino Guides.<\/p>\n<h2>Die besten Online Casinos der Welt<\/h2>\n<p>Die gro\u00dfen Namen der Branche sind schon lange im Gesch\u00e4ft und bieten Spiele von seri\u00f6sen Entwicklern an.<\/p>\n<p><strong>Das Grand Mondial, das Luxury Casino und das Zodiac Casino<\/strong> heben sich besonders aus der Masse hervor. Diese namhaften Anbieter sind schon seit den 2000er Jahren in der Branche aktiv. Jedes Jahr begeistern sie Millionen von Spielern. Andere legend\u00e4re Spieletempel wie das 888, Betway und LeoVegas sind ebenfalls nennenswert.<\/p>\n<h2>Casinospiele ohne App<\/h2>\n<p>Durch Smartphones und Tablets hat das Internet eine Metamorphose erlebt. Online Casino Spiele haben sich seitdem radikal ver\u00e4ndert. Um das Spielerlebnis zu verbessern, haben die besten Casinos ihre Spiele an mobile Ger\u00e4te angepasst. Die universelle L\u00f6sung: Spiele im Instant-Format. Die Instant Plays laufen im Webbrowser, eine App ist nicht notwendig. Mit anderen Worten: Alles findet auf der Website des Online Casinos statt.<\/p>\n<h2>Willkommens- und Treueboni<\/h2>\n<p>Viele namhafte Casino Websites bieten gro\u00dfz\u00fcgige Willkommensboni an. Manche verschenken sogar kostenlose Drehungen an Slots mit gro\u00dfen Jackpots. <a href=\"https:\/\/www.roulette.school\/de\/bonus\/\">Die lukrativsten Angebote<\/a> sind jedoch Treueboni. Hier werden die Spieler f\u00fcr Einzahlungen belohnt, die sie \u00fcber das gesamte Jahr t\u00e4tigen.<br \/>\n&nbsp;<\/p>\n<div align=\"center\"><a href=\"https:\/\/iredirect.net\/referral\/?site=zc&#038;lang=at&#038;aff_id=aff100309\" target=\"_blank\" rel=\"noopener\"><img loading=\"lazy\" decoding=\"async\" class=\"aligncenter size-full wp-image-1682\" src=\"https:\/\/www.roulette.school\/de\/wp-content\/uploads\/2023\/05\/casino.jpg\" alt=\"Zodiac Casino\" width=\"720\" height=\"400\" srcset=\"https:\/\/www.roulette.school\/de\/wp-content\/uploads\/2023\/05\/casino.jpg 720w, https:\/\/www.roulette.school\/de\/wp-content\/uploads\/2023\/05\/casino-300x167.jpg 300w\" sizes=\"auto, (max-width: 720px) 100vw, 720px\" \/><br \/>\n<span style=\"font-size: 19pt; color: #820202; font-weight: bold;\">BEI ZODIAC CASINO SPIELEN<\/span><\/a><\/div>\n<div class=\"su-divider su-divider-style-dotted\" style=\"margin:25px 0;border-width:10px;border-color:#6c1616\"><\/div>\n<p>Die zwei Online Casinos mit den verlockendsten Willkommensboni sind das <strong>Casino Action<\/strong> und das <strong>Zodiac Casino<\/strong>.<\/p>\n<p>Casino Action ist f\u00fcr seine <strong>Tischspiele<\/strong> ber\u00fchmt, das Zodiac Casino wiederum gilt als die Top-Adresse f\u00fcr <strong>Slot Fans<\/strong> im Netz. Neukunden bietet das Casino 80 Freirunden auf dem Mega Money Wheel &#8211; und das schon ab einer Einzahlung von nur 1\u20ac. F\u00fcr die Spieler hei\u00dft das: Gleich 80x die Chance, auf einen Schlag Million\u00e4r zu werden!<\/p>\n<h2>Live- und Echtgeld Wetten<\/h2>\n<p>In modernen Online Casinos gibt es eine gro\u00dfe Auswahl an Live Spielen: Ob Slots oder Tischspiele, hier haben Spieler jeweils die Chance auf hohe Gewinne. Die gr\u00f6\u00dften Gewinnsummen winken an Online Slots mit progressivem Jackpot. Gespeist werden die Automaten durch einen kleinen Prozentteil der Eins\u00e4tze. Wer nach astronomischen Jackpots Ausschau h\u00e4lt, wird sie an Slots der <a href=\"https:\/\/deutsch.mega-moolah.casino\" target=\"_blank\" rel=\"noopener\">Mega Moolah Serie finden<\/a>.<\/p>\n<p>Auch beim Roulette gibt es neue Spielekonzepte mit hohem Gewinnpotential. Wer auf gro\u00dfe Jackpots aus ist, wird bei den Online Roulette Spielen der <strong>Switch Studios<\/strong> f\u00fcndig werden. Dank Gl\u00fcckszahlen und Gewinnmultiplikatoren kann man hier unter Umst\u00e4nden ein Verm\u00f6gen mit nach Hause nehmen!<\/p>\n<h2>Casino Guides im Netz<\/h2>\n<p>Welche Online Casinos sind wirklich seri\u00f6s? Um das herauszufinden, sind Casino Guides hilfreich. Dort finden Sie Rezensionen zu Online Casinos weltweit. Zuverl\u00e4ssige Guides bewerten die Casino Websites nach bestimmten Kriterien, die f\u00fcr die Spieler relevant sind. Ob in Amerika, Europa, Skandinavien, Asien, Afrika oder in der Pazifikregion: Bei seri\u00f6sen Guides tauchen in den Headlines oft bekannte Casino Marken auf.<\/p>\n<p>Weltweit geh\u00f6rt <a href=\"https:\/\/betway.com\" target=\"_blank\" rel=\"noopener\">Betway.com<\/a> zu den meistbesuchtesten Gl\u00fccksspiel-Websites. Der Sportwetten-Star bietet auch Spiele in deutscher Sprache an. Bei deutschen Casino Guides ist Betway in aller Munde. Das gilt auch f\u00fcr \u00d6sterreich und Luxemburg! Nur in der Schweiz ist die Betway-Gruppe wegen gesetzlicher Einschr\u00e4nkungen nicht vertreten.<\/p>\n<p>In europ\u00e4ischen Guides gl\u00e4nzen die <a href=\"https:\/\/www.roulette.school\/de\/europaische-online-casinos\/\">Websites<\/a> Grand Mondial, Luxury Casino und Zodiac Casino besonders. An den Slots dieser Anbieter werden \u00fcbrigens h\u00e4ufig Weltrekord-Gewinne erzielt!<\/p>\n<h2>Seri\u00f6se Online Casinos weltweit finden<\/h2>\n<p>Wie kann ich als Nutzer sichergehen, dass ein Casino wirklich seri\u00f6s ist? Leider gibt es unter den Gl\u00fccksspiel-Websites auch schwarze Schafe. Stellen Sie darum zwei Fragen, bevor Sie sich anmelden: Wer betreibt das Casino und wer kontrolliert es?<\/p>\n<p><strong>Um herauszufinden, ob ein Casino seri\u00f6s ist,<\/strong> sollten Sie im Navigationsmen\u00fc der Website [\u00dcber uns] bzw. [Wer sind wir] anklicken. Dort finden Sie offizielle Infos \u00fcber die Betreiber des Casinos, die Gl\u00fccksspielkommissionen, die den Anbieter zertifizieren sowie \u00fcber die vertretenen Spieleentwickler. Sind diese Infos seri\u00f6s, k\u00f6nnen Sie sich ohne Bedenken bei dem Online Casinos anmelden. Bestehen Zweifel an der Vertrauensw\u00fcrdigkeit eines Anbieters, sollten Sie lieber die Finger davon lassen.<\/p>\n<h2>Ihr Geld im Online Casino<\/h2>\n<p>Die gr\u00f6\u00dfte Sorge von Spielern, die im Online Casinos um echtes Geld spielen wollen, ist der reibungslose Geldtransfer. Schlie\u00dflich nutzt man hier eine Kreditkarte, um Geld einzuzahlen. Das kann die Begeisterung ausbremsen. Auch, wenn das Online Casinos Alternativen wie \u00dcberweisungen, Debitkarten und E-Wallets anbietet, sind manche Spieler skeptisch.<\/p>\n<p>Doch wer in einem seri\u00f6sen Online Casino spielt, muss sich keine Sorgen machen. Die Ein- und Auszahlungen \u00fcber die Bankseite laufen bei zuverl\u00e4ssigen Anbietern reibungslos ab.<\/p>\n<h2>Mehrsprachige Casinos mit unterschiedlichen W\u00e4hrungen<\/h2>\n<p>Bei internationalen Online Casinos haben Sie die M\u00f6glichkeit, zwischen verschiedenen W\u00e4hrungen zu w\u00e4hlen. Diese Websites bieten ihre Spiele in mehreren Sprachen an, meist in Englisch, Franz\u00f6sisch und Deutsch. Die gr\u00f6\u00dfte Auswahl an Sprachen und W\u00e4hrungen werden Sie im <a href=\"https:\/\/www.gamingclub.com\/?s=wgs16120&#038;a=bfpadid130369\" target=\"_blank\" rel=\"noopener\">Gaming Club Casino<\/a> finden. Hier gibt es Spiele in mehr als 10 Sprachen!<\/p>\n<h2>Zertifizierung von Online Casinos<\/h2>\n<p>Ein Beispiel f\u00fcr einen seri\u00f6sen Anbieter ist das Zodiac Casino. Auf der Website des Betreibers findet man Links zu vorhandenen Zertifikaten.<\/p>\n<p>Die globalen Gl\u00fccksspielkommissionen <strong>UKGC <\/strong>und <strong>MGA<\/strong> sind Garanten f\u00fcr faire Casino Spiele im Netz.<\/p>\n<p>Die <a href=\"https:\/\/www.gamblingcommission.gov.uk\" target=\"_blank\" rel=\"noopener\">UKGC<\/a> mit Sitz in Birmingham, England sorgt f\u00fcr eine strenge Regulierung von Gl\u00fccksspiel-Websites. Als h\u00f6chste Beh\u00f6rde in Europa stellt die <a href=\"https:\/\/www.mga.org.mt\" target=\"_blank\" rel=\"noopener\">MGA<\/a> eine seri\u00f6se Spielumgebungen sicher.<\/p>\n<p>Casino Websites, die von diesen beiden Kommissionen zertifiziert wurden, sind in \u00fcber 150 L\u00e4ndern zugelassen.<\/p>\n<p>Neben den Gl\u00fccksspielkommissionen zeichnen Qualit\u00e4tssiegel wie <strong>eCOGRA<\/strong> Spiele mit fairen Gewinnchancen aus.<\/p>\n<h2>Das sagen Experten aus aller Welt<\/h2>\n<p>F\u00fcr unsere Experten von <a href=\"https:\/\/www.roulette.school\/de\/\">Roulette School<\/a> ist das Zodiac Casino eine der Top-Adressen im Netz. Denn es vereint viele Faktoren: Seri\u00f6se Betreiber, ein breites Spieleangebot und regelm\u00e4\u00dfige Kontrollen durch Spielkommissionen. Faire Gewinnchancen f\u00fcr die Spieler sind hier garantiert. Au\u00dferdem bietet das Casino ein besonderes Willkommensangebot: Mit nur 1\u20ac haben Neukunden 80x die Chance, auf einen Schlag 1 Million Euro zu gewinnen.<\/p>\n<p><a href=\"https:\/\/www.roulette.school\/de\/casino-osterreich\/\">Bei allen deutschsprachigen Casino Websites<\/a>, die wir in unserem Guide empfehlen, handelt es sich nat\u00fcrlich um seri\u00f6se Anbieter. Jedoch sind diese Websites, anders als das <strong>Zodiac Casino<\/strong>, nicht international aufgestellt.<\/p>\n<p>Das Zodiac Casino hingegen wird bei Online Guides weltweit als Top Anbieter f\u00fcr Gl\u00fccksspiele im Netz gelistet. Die hervorragenden Bewertungen sprechen daf\u00fcr, dass hier wirklich alles wie am Schn\u00fcrchen l\u00e4uft.<br \/>\n&nbsp;<\/p>\n","protected":false},"excerpt":{"rendered":"<p>Im Internet gibt es weltweit Hunderte Casino Websites, die Slots und Tischspiele anbieten. Doch es gibt Unterschiede, was Qualit\u00e4t und<\/p>\n","protected":false},"author":1,"featured_media":0,"parent":0,"menu_order":0,"comment_status":"closed","ping_status":"closed","template":"","meta":{"footnotes":""},"class_list":["post-1670","page","type-page","status-publish","hentry"],"yoast_head":"<!-- This site is optimized with the Yoast SEO plugin v26.9 - https:\/\/yoast.com\/product\/yoast-seo-wordpress\/ -->\n<title>Die besten Online Casinos der Welt 2026<\/title>\n<meta name=\"description\" content=\"Im Internet gibt es Hunderte Casino Websites. In unserem Artikel haben wir die besten Online Casinos der Welt unter die Lupe genommen.\" \/>\n<meta name=\"robots\" content=\"index, follow, max-snippet:-1, max-image-preview:large, max-video-preview:-1\" \/>\n<link rel=\"canonical\" href=\"https:\/\/www.roulette.school\/de\/die-besten-online-casinos-der-welt\/\" \/>\n<meta property=\"og:locale\" content=\"de_DE\" \/>\n<meta property=\"og:type\" content=\"article\" \/>\n<meta property=\"og:title\" content=\"Die besten Online Casinos der Welt 2026\" \/>\n<meta property=\"og:description\" content=\"Im Internet gibt es Hunderte Casino Websites. In unserem Artikel haben wir die besten Online Casinos der Welt unter die Lupe genommen.\" \/>\n<meta property=\"og:url\" content=\"https:\/\/www.roulette.school\/de\/die-besten-online-casinos-der-welt\/\" \/>\n<meta property=\"og:site_name\" content=\"Roulette School\" \/>\n<meta property=\"article:modified_time\" content=\"2023-07-04T04:11:22+00:00\" \/>\n<meta property=\"og:image\" content=\"https:\/\/www.roulette.school\/de\/wp-content\/uploads\/2023\/05\/besten.jpg\" \/>\n<meta name=\"twitter:card\" content=\"summary_large_image\" \/>\n<meta name=\"twitter:label1\" content=\"Gesch\u00e4tzte Lesezeit\" \/>\n\t<meta name=\"twitter:data1\" content=\"7 Minuten\" \/>\n<script type=\"application\/ld+json\" class=\"yoast-schema-graph\">{\"@context\":\"https:\/\/schema.org\",\"@graph\":[{\"@type\":\"WebPage\",\"@id\":\"https:\/\/www.roulette.school\/de\/die-besten-online-casinos-der-welt\/\",\"url\":\"https:\/\/www.roulette.school\/de\/die-besten-online-casinos-der-welt\/\",\"name\":\"Die besten Online Casinos der Welt 2026\",\"isPartOf\":{\"@id\":\"https:\/\/www.roulette.school\/de\/#website\"},\"primaryImageOfPage\":{\"@id\":\"https:\/\/www.roulette.school\/de\/die-besten-online-casinos-der-welt\/#primaryimage\"},\"image\":{\"@id\":\"https:\/\/www.roulette.school\/de\/die-besten-online-casinos-der-welt\/#primaryimage\"},\"thumbnailUrl\":\"https:\/\/www.roulette.school\/de\/wp-content\/uploads\/2023\/05\/besten.jpg\",\"datePublished\":\"2023-05-11T12:26:23+00:00\",\"dateModified\":\"2023-07-04T04:11:22+00:00\",\"description\":\"Im Internet gibt es Hunderte Casino Websites. In unserem Artikel haben wir die besten Online Casinos der Welt unter die Lupe genommen.\",\"breadcrumb\":{\"@id\":\"https:\/\/www.roulette.school\/de\/die-besten-online-casinos-der-welt\/#breadcrumb\"},\"inLanguage\":\"de-AT\",\"potentialAction\":[{\"@type\":\"ReadAction\",\"target\":[\"https:\/\/www.roulette.school\/de\/die-besten-online-casinos-der-welt\/\"]}]},{\"@type\":\"ImageObject\",\"inLanguage\":\"de-AT\",\"@id\":\"https:\/\/www.roulette.school\/de\/die-besten-online-casinos-der-welt\/#primaryimage\",\"url\":\"https:\/\/www.roulette.school\/de\/wp-content\/uploads\/2023\/05\/besten.jpg\",\"contentUrl\":\"https:\/\/www.roulette.school\/de\/wp-content\/uploads\/2023\/05\/besten.jpg\",\"width\":720,\"height\":400,\"caption\":\"Meilleurs casinos en ligne au monde\"},{\"@type\":\"BreadcrumbList\",\"@id\":\"https:\/\/www.roulette.school\/de\/die-besten-online-casinos-der-welt\/#breadcrumb\",\"itemListElement\":[{\"@type\":\"ListItem\",\"position\":1,\"name\":\"Home\",\"item\":\"https:\/\/www.roulette.school\/de\/\"},{\"@type\":\"ListItem\",\"position\":2,\"name\":\"Die besten Online Casinos der Welt\"}]},{\"@type\":\"WebSite\",\"@id\":\"https:\/\/www.roulette.school\/de\/#website\",\"url\":\"https:\/\/www.roulette.school\/de\/\",\"name\":\"Roulette School\",\"description\":\"Roulette Guide\",\"publisher\":{\"@id\":\"https:\/\/www.roulette.school\/de\/#organization\"},\"potentialAction\":[{\"@type\":\"SearchAction\",\"target\":{\"@type\":\"EntryPoint\",\"urlTemplate\":\"https:\/\/www.roulette.school\/de\/?s={search_term_string}\"},\"query-input\":{\"@type\":\"PropertyValueSpecification\",\"valueRequired\":true,\"valueName\":\"search_term_string\"}}],\"inLanguage\":\"de-AT\"},{\"@type\":\"Organization\",\"@id\":\"https:\/\/www.roulette.school\/de\/#organization\",\"name\":\"Roulette School\",\"url\":\"https:\/\/www.roulette.school\/de\/\",\"logo\":{\"@type\":\"ImageObject\",\"inLanguage\":\"de-AT\",\"@id\":\"https:\/\/www.roulette.school\/de\/#\/schema\/logo\/image\/\",\"url\":\"https:\/\/www.roulette.school\/de\/wp-content\/uploads\/2021\/02\/rsl.png\",\"contentUrl\":\"https:\/\/www.roulette.school\/de\/wp-content\/uploads\/2021\/02\/rsl.png\",\"width\":350,\"height\":50,\"caption\":\"Roulette School\"},\"image\":{\"@id\":\"https:\/\/www.roulette.school\/de\/#\/schema\/logo\/image\/\"}}]}<\/script>\n<!-- \/ Yoast SEO plugin. -->","yoast_head_json":{"title":"Die besten Online Casinos der Welt 2026","description":"Im Internet gibt es Hunderte Casino Websites. In unserem Artikel haben wir die besten Online Casinos der Welt unter die Lupe genommen.","robots":{"index":"index","follow":"follow","max-snippet":"max-snippet:-1","max-image-preview":"max-image-preview:large","max-video-preview":"max-video-preview:-1"},"canonical":"https:\/\/www.roulette.school\/de\/die-besten-online-casinos-der-welt\/","og_locale":"de_DE","og_type":"article","og_title":"Die besten Online Casinos der Welt 2026","og_description":"Im Internet gibt es Hunderte Casino Websites. In unserem Artikel haben wir die besten Online Casinos der Welt unter die Lupe genommen.","og_url":"https:\/\/www.roulette.school\/de\/die-besten-online-casinos-der-welt\/","og_site_name":"Roulette School","article_modified_time":"2023-07-04T04:11:22+00:00","og_image":[{"url":"https:\/\/www.roulette.school\/de\/wp-content\/uploads\/2023\/05\/besten.jpg","type":"","width":"","height":""}],"twitter_card":"summary_large_image","twitter_misc":{"Gesch\u00e4tzte Lesezeit":"7 Minuten"},"schema":{"@context":"https:\/\/schema.org","@graph":[{"@type":"WebPage","@id":"https:\/\/www.roulette.school\/de\/die-besten-online-casinos-der-welt\/","url":"https:\/\/www.roulette.school\/de\/die-besten-online-casinos-der-welt\/","name":"Die besten Online Casinos der Welt 2026","isPartOf":{"@id":"https:\/\/www.roulette.school\/de\/#website"},"primaryImageOfPage":{"@id":"https:\/\/www.roulette.school\/de\/die-besten-online-casinos-der-welt\/#primaryimage"},"image":{"@id":"https:\/\/www.roulette.school\/de\/die-besten-online-casinos-der-welt\/#primaryimage"},"thumbnailUrl":"https:\/\/www.roulette.school\/de\/wp-content\/uploads\/2023\/05\/besten.jpg","datePublished":"2023-05-11T12:26:23+00:00","dateModified":"2023-07-04T04:11:22+00:00","description":"Im Internet gibt es Hunderte Casino Websites. In unserem Artikel haben wir die besten Online Casinos der Welt unter die Lupe genommen.","breadcrumb":{"@id":"https:\/\/www.roulette.school\/de\/die-besten-online-casinos-der-welt\/#breadcrumb"},"inLanguage":"de-AT","potentialAction":[{"@type":"ReadAction","target":["https:\/\/www.roulette.school\/de\/die-besten-online-casinos-der-welt\/"]}]},{"@type":"ImageObject","inLanguage":"de-AT","@id":"https:\/\/www.roulette.school\/de\/die-besten-online-casinos-der-welt\/#primaryimage","url":"https:\/\/www.roulette.school\/de\/wp-content\/uploads\/2023\/05\/besten.jpg","contentUrl":"https:\/\/www.roulette.school\/de\/wp-content\/uploads\/2023\/05\/besten.jpg","width":720,"height":400,"caption":"Meilleurs casinos en ligne au monde"},{"@type":"BreadcrumbList","@id":"https:\/\/www.roulette.school\/de\/die-besten-online-casinos-der-welt\/#breadcrumb","itemListElement":[{"@type":"ListItem","position":1,"name":"Home","item":"https:\/\/www.roulette.school\/de\/"},{"@type":"ListItem","position":2,"name":"Die besten Online Casinos der Welt"}]},{"@type":"WebSite","@id":"https:\/\/www.roulette.school\/de\/#website","url":"https:\/\/www.roulette.school\/de\/","name":"Roulette School","description":"Roulette Guide","publisher":{"@id":"https:\/\/www.roulette.school\/de\/#organization"},"potentialAction":[{"@type":"SearchAction","target":{"@type":"EntryPoint","urlTemplate":"https:\/\/www.roulette.school\/de\/?s={search_term_string}"},"query-input":{"@type":"PropertyValueSpecification","valueRequired":true,"valueName":"search_term_string"}}],"inLanguage":"de-AT"},{"@type":"Organization","@id":"https:\/\/www.roulette.school\/de\/#organization","name":"Roulette School","url":"https:\/\/www.roulette.school\/de\/","logo":{"@type":"ImageObject","inLanguage":"de-AT","@id":"https:\/\/www.roulette.school\/de\/#\/schema\/logo\/image\/","url":"https:\/\/www.roulette.school\/de\/wp-content\/uploads\/2021\/02\/rsl.png","contentUrl":"https:\/\/www.roulette.school\/de\/wp-content\/uploads\/2021\/02\/rsl.png","width":350,"height":50,"caption":"Roulette School"},"image":{"@id":"https:\/\/www.roulette.school\/de\/#\/schema\/logo\/image\/"}}]}},"_links":{"self":[{"href":"https:\/\/www.roulette.school\/de\/wp-json\/wp\/v2\/pages\/1670","targetHints":{"allow":["GET"]}}],"collection":[{"href":"https:\/\/www.roulette.school\/de\/wp-json\/wp\/v2\/pages"}],"about":[{"href":"https:\/\/www.roulette.school\/de\/wp-json\/wp\/v2\/types\/page"}],"author":[{"embeddable":true,"href":"https:\/\/www.roulette.school\/de\/wp-json\/wp\/v2\/users\/1"}],"replies":[{"embeddable":true,"href":"https:\/\/www.roulette.school\/de\/wp-json\/wp\/v2\/comments?post=1670"}],"version-history":[{"count":23,"href":"https:\/\/www.roulette.school\/de\/wp-json\/wp\/v2\/pages\/1670\/revisions"}],"predecessor-version":[{"id":1735,"href":"https:\/\/www.roulette.school\/de\/wp-json\/wp\/v2\/pages\/1670\/revisions\/1735"}],"wp:attachment":[{"href":"https:\/\/www.roulette.school\/de\/wp-json\/wp\/v2\/media?parent=1670"}],"curies":[{"name":"wp","href":"https:\/\/api.w.org\/{rel}","templated":true}]}}