{"id":22,"date":"2020-11-26T16:01:00","date_gmt":"2020-11-26T16:01:00","guid":{"rendered":"https:\/\/www.roulette.school\/de\/?page_id=22"},"modified":"2023-12-17T05:34:05","modified_gmt":"2023-12-17T05:34:05","slug":"online-roulette","status":"publish","type":"page","link":"https:\/\/www.roulette.school\/de\/","title":{"rendered":"Online Roulette"},"content":{"rendered":"<p>Willkommen bei Ihrem Online Roulette Guide f\u00fcr \u00d6sterreich<\/p>\n<p>Tauchen Sie ein in die aufregende Welt des Online Casinos\u2026 Auf unserer Seite erfahren Sie alles, was Sie \u00fcber Roulette im Netz wissen m\u00fcssen. Wir haben f\u00fcr Sie eine Auswahl der besten und seri\u00f6sesten Casinos \u00d6sterreichs zusammengestellt. Und nat\u00fcrlich finden Sie in unsrem Guide alles Wissenswerte \u00fcber das legend\u00e4re Roulette Spiel.<\/p>\n<h2>Roulette \u2013 eine Scheibe, die die Welt erobert<\/h2>\n<p>Die sagenhafte Roulettescheibe dreht sich schon seit vielen Jahrhunderten. Erfunden wurde dieses fesselnde Gl\u00fccksspiel in Frankreich. Von dort aus eroberte es die ganze Welt. Von allen Spielvariationen, die \u00fcber die Zeit entstanden sind, werden heute in den Casinos drei Varianten gespielt:<br \/>\n<div class=\"su-row\"><div class=\"su-column su-column-size-3-5\"><div class=\"su-column-inner su-u-clearfix su-u-trim\">\n<ul>\n<li>Das amerikanische Roulette<\/li>\n<li>Das europ\u00e4ische Roulette<\/li>\n<li>und das franz\u00f6sische Roulette<\/li>\n<\/ul>\n<p><em>Die Regeln dieser drei Varianten sind sehr \u00e4hnlich. Doch bevor Sie Ihren ersten Einsatz machen, sollten Sie die kleinen aber feinen Unterschiede kennen. In unserem Guide finden Sie alles, was Sie \u00fcber modernes Roulette wissen m\u00fcssen.<\/em><\/p>\n<p>Wir helfen Ihnen dabei:<\/p>\n<ul>\n<li>Roulette zu spielen wie ein Profi<\/li>\n<li>Die besten und erfolgreichsten Gewinnstrategien anzuwenden<\/li>\n<li>Ein seri\u00f6ses und sicheres Online Casino auszusuchen<\/li>\n<\/ul>\n<\/div><\/div>\n<div class=\"su-column su-column-size-2-5\"><div class=\"su-column-inner su-u-clearfix su-u-trim\"><img loading=\"lazy\" decoding=\"async\" src=\"https:\/\/www.roulette.school\/de\/wp-content\/uploads\/2020\/12\/roulette.jpg\" alt=\"Online Roulette Test in \u00d6sterreich\" width=\"450\" height=\"270\" class=\"alignnone size-full wp-image-601\" srcset=\"https:\/\/www.roulette.school\/de\/wp-content\/uploads\/2020\/12\/roulette.jpg 450w, https:\/\/www.roulette.school\/de\/wp-content\/uploads\/2020\/12\/roulette-300x180.jpg 300w\" sizes=\"auto, (max-width: 450px) 100vw, 450px\" \/><\/div><\/div><\/div>\n<h2>Online spielen, aber sicher!<\/h2>\n<p>Roulette gilt als der Klassiker unter den Gl\u00fccksspielen. Im Online Casino k\u00f6nnen Sie dieses aufregende Spiel neu entdecken. Doch welches Casino ist das Beste? Im Labyrinth der Anbieter und Werbeanzeigen kann man sich schnell verirren. Eine falsche Abzweigung, und der Schaden ist gro\u00df. Darum sollten Sie die Wahl Ihres Online Casinos nicht auf die leichte Schulter nehmen.<\/p>\n<p>Woher wei\u00df man, ob ein Anbieter seri\u00f6s und sicher ist? Roulette School unterst\u00fctzt Sie dabei, die richtige Entscheidung zu treffen. Wir empfehlen nur etablierte Casinos mit besonders fairen Konditionen und den h\u00f6chsten Gewinnchancen. Dabei achten wir besonders darauf, dass: <\/p>\n<ul>\n<li>alle genannten Anbieter zertifiziert sind und regelm\u00e4\u00dfig gepr\u00fcft werden.<\/li>\n<li>die Spieler im kostenlosen Demo Modus ganz ohne Risiko \u00fcben k\u00f6nnen.<\/li>\n<li>ein gro\u00dfz\u00fcgiger Willkommensbonus angeboten wird.<\/li>\n<\/ul>\n<p>Unser Guide lotst Sie durch den Dschungel des Online Gl\u00fccksspiels zu den beliebtesten Roulette Anbietern \u00d6sterreichs.<\/p>\n<h2>Online Roulette im Test<\/h2>\n<p>Unser Team hat f\u00fcr Sie die besten Online Casinos in \u00d6sterreich unter die Lupe genommen. Dabei haben wir uns ausschlie\u00dflich auf die renommiertesten Anbieter des Landes konzentriert. Alle Favoriten finden Sie in unserem Top Ranking der <a href=\"https:\/\/www.roulette.school\/de\/casino-osterreich\/\">besten Online Casinos<\/a> \u00d6sterreichs.<\/p>\n<h3>Online Roulette Varianten<\/h3>\n<p>Es gibt etwa ein Dutzend verschiedener Roulette Spiele. Die drei bekanntesten Varianten sind das amerikanische, das europ\u00e4ische und das franz\u00f6sische Roulette.<\/p>\n<p>Wer eine andere Variante ausprobieren will, wird heutzutage vergeblich suchen. Die Zeiten, in denen am Roulettetisch noch Vielfalt herrschte, sind vorbei. Viele Spiele werden heute in den Casinos nicht mehr angeboten. Doch keine Sorge! Das ist kein gro\u00dfer Verlust. Die alten Varianten wurden abgeschafft, weil sie nicht sehr beliebt waren. Der Bankvorteil war oft hoch, was den Spielern nat\u00fcrlich \u00fcberhaupt nicht gefiel. Heute werden diese historischen Varianten bestenfalls in privater Runde gespielt.<\/p>\n<div class=\"su-divider su-divider-style-dotted\" style=\"margin:30px 0;border-width:3px;border-color:#6c1616\"><\/div>\n<div class=\"su-row\"><div class=\"su-column su-column-size-1-5\"><div class=\"su-column-inner su-u-clearfix su-u-trim\">\n<img loading=\"lazy\" decoding=\"async\" src=\"https:\/\/www.roulette.school\/de\/wp-content\/uploads\/2020\/12\/eu.jpg\" alt=\"Europa\" width=\"200\" height=\"125\" class=\"alignnone size-full wp-image-444\" \/><br \/>\n<\/div><\/div><div class=\"su-column su-column-size-4-5\"><div class=\"su-column-inner su-u-clearfix su-u-trim\">\nDer ganze Stolz der Casinos ist das <a href=\"https:\/\/www.roulette.school\/de\/europaische\/\">europ\u00e4ische Roulette<\/a>, denn es erfreut sich bei den Spielern gro\u00dfer Beliebtheit.<br \/>\n<\/div><\/div>\n<\/div>\n<div class=\"su-divider su-divider-style-dotted\" style=\"margin:30px 0;border-width:3px;border-color:#6c1616\"><\/div>\n<div class=\"su-row\"><div class=\"su-column su-column-size-1-5\"><div class=\"su-column-inner su-u-clearfix su-u-trim\">\n<img loading=\"lazy\" decoding=\"async\" src=\"https:\/\/www.roulette.school\/de\/wp-content\/uploads\/2020\/12\/fr.jpg\" alt=\"Frankreich\" width=\"200\" height=\"125\" class=\"alignnone size-full wp-image-445\" \/><br \/>\n<\/div><\/div><div class=\"su-column su-column-size-4-5\"><div class=\"su-column-inner su-u-clearfix su-u-trim\">\nDie drei modernen Varianten haben viel gemeinsam. Die besten Gewinnchancen f\u00fcr die Spieler bietet <a href=\"https:\/\/www.roulette.school\/de\/franzosische\/\">das franz\u00f6sische Roulette<\/a>. F\u00e4llt die Kugel auf Z\u00e9ro, sorgt die Prison Regel in der franz\u00f6sischen Variante daf\u00fcr, dass der Bankvorteil halbiert wird.<br \/>\n<\/div><\/div>\n<\/div>\n<div class=\"su-divider su-divider-style-dotted\" style=\"margin:30px 0;border-width:3px;border-color:#6c1616\"><\/div>\n<div class=\"su-row\"><div class=\"su-column su-column-size-1-5\"><div class=\"su-column-inner su-u-clearfix su-u-trim\">\n<img loading=\"lazy\" decoding=\"async\" src=\"https:\/\/www.roulette.school\/de\/wp-content\/uploads\/2020\/12\/us.jpg\" alt=\"USA\" width=\"200\" height=\"125\" class=\"alignnone size-full wp-image-446\" \/><br \/>\n<\/div><\/div><div class=\"su-column su-column-size-4-5\"><div class=\"su-column-inner su-u-clearfix su-u-trim\">\nDas <a href=\"https:\/\/www.roulette.school\/de\/amerikanische\/\">amerikanische Roulette<\/a> hingegen bietet die schlechtesten Gewinnchancen, daher sollten Sie diese Variante meiden.<br \/>\n<\/div><\/div>\n<\/div>\n<div class=\"su-divider su-divider-style-dotted\" style=\"margin:30px 0;border-width:3px;border-color:#6c1616\"><\/div>\n<h2>Roulette im Netz \u2013 wie funktioniert das?<\/h2>\n<p>Es gibt zwei M\u00f6glichkeiten, im Internet Roulette zu spielen:<\/p>\n<ul>\n<li>Als Online Spiel im Browser oder mit Software Download<\/li>\n<li>Als Live Roulette im Streaming mit echtem Croupier<\/li>\n<\/ul>\n<h3>Online Spiele<\/h3>\n<p>Bei diesen Spielen sind die besten Programmierer der Branche am Werk. Die Instant Plays sind leistungsstark und von allen Endger\u00e4ten \u00fcber den Browser abrufbar. Ob vom PC, Mac, Tablet oder <a href=\"https:\/\/www.roulette.school\/de\/casino-spiele-fur-android\/\">Smartphone<\/a> \u2013 nur ein Klick, und es kann losgehen. Auf dem PC k\u00f6nnen Sie alternativ auch eine Software herunterladen.<\/p>\n<p>Bei den Online Spielen sorgt ein ausgekl\u00fcgelter Algorithmus daf\u00fcr, dass die Kugel rollt. Hier entscheidet ein Zufallsgenerator. Bei seri\u00f6sen Anbietern wie den Casinos in unserem Guide ist es unm\u00f6glich, diesen auszutricksen.<\/p>\n<h3>Live Spiele mit Croupier<\/h3>\n<p>Wenn Sie das glamour\u00f6se Flair eines Casinos hautnah erleben m\u00f6chten, sind Sie beim Live Roulette richtig. Per Video\u00fcbertragung tauchen Sie in die authentische Atmosph\u00e4re des Spielsaals ein und sitzen mit am Tisch, w\u00e4hrend der Croupier live den Kessel dreht. Das Live Spiel k\u00f6nnen Sie vom PC, Mac, Tablet oder Smartphone aufrufen.<\/p>\n<p>Doch aufgepasst! Live Casinos und auch Online Spiele unterscheiden sich in der Qualit\u00e4t. Darum gilt: Augen auf bei der Wahl Ihres Lieblingscasinos! Spielen Sie nur auf Seiten, die mit hervorragender Technologie und besonders leistungsf\u00e4higen Programmen gl\u00e4nzen.<\/p>\n<h2>Mit der richtigen Strategie zum Erfolg<\/h2>\n<p>Wer glaubt, Roulette sei ein reines Gl\u00fccksspiel, liegt falsch. Wenn Sie den einarmigen Banditen mit M\u00fcnzen f\u00fcttern, entscheidet der Zufall, ob Sie gewinnen. Beim Roulette ist das anders. Mit der richtigen Strategie k\u00f6nnen Sie Ihre Gewinnchancen deutlich erh\u00f6hen. Wer in der Schule in Mathe gut aufgepasst hat, ist hier klar im Vorteil. Ein H\u00e4ndchen f\u00fcr die richtigen Eins\u00e4tze, ein schlauer strategischer Kniff, und das Gl\u00fcck ist auf Ihrer Seite. Mit diesen <a href=\"https:\/\/www.roulette.school\/de\/gewinnstrategien\/\">Profi Techniken<\/a> haben Sie schnell den Dreh raus und machen der Bank einen Strich durch die Rechnung.<\/p>\n<h2>Roulette und Jackpots<\/h2>\n<p>Einige Casino Websites, die wir ihnen vorstellen, bieten Roulette Spiele der neuen Generation an.  Diese Spiele werden vom Entwickler Switch Studios produziert und erh\u00f6hen die Chancen auf gro\u00dfe Jackpots massiv. Der kultigste Titel von Switch Studios ist <a href=\"https:\/\/www.roulette.school\/de\/roulette-mega-moolah\/\">Roulette Mega Moolah<\/a>.<\/p>\n<h2>Um Echtgeld spielen<\/h2>\n<p>Sie haben die perfekte Strategie gefunden und einen sechsten Sinn f\u00fcr das Spiel entwickelt? Jetzt ist es an der Zeit, Ihren ersten richtigen Einsatz zu machen.<\/p>\n<p>Seri\u00f6se Online Casinos haben hierf\u00fcr praktische und sichere L\u00f6sungen. Auf den Bankseiten der Casinos k\u00f6nnen Sie Ihr Budget ganz unkompliziert verwalten. Sie brauchen nur Ihre Visa oder Debitkarte, um Geld auf das Spielkonto einzuzahlen. Auch eine Bank\u00fcberweisung oder die Verwendung eines E-Wallet sind m\u00f6glich. Die Sicherheit Ihrer Daten ist hierbei immer gew\u00e4hrleistet, denn die Bankseiten der Anbieter verf\u00fcgen \u00fcber h\u00f6chste Sicherheitsstandards. Gleichzeitig geht der Geldtransfer unkompliziert und z\u00fcgig vonstatten.<\/p>\n<h2>Neueste Beitr\u00e4ge<\/h2>\n\n\n<div class=\"su-posts su-posts-default-loop \">\n\n\t\n\t\t\t\t\t\n\t\t\t\n\t\t\t<div id=\"su-post-1965\" class=\"su-post \">\n\n\t\t\t\t\n\t\t\t\t<h2 class=\"su-post-title\"><a href=\"https:\/\/www.roulette.school\/de\/fireball-roulette-in-oesterreich\/\">Fireball Roulette in \u00d6sterreich<\/a><\/h2>\n\n\t\t\t\t<div class=\"su-post-meta\">\n\t\t\t\t\tPosted: 10\/02\/2026\t\t\t\t<\/div>\n\n\t\t\t\t<div class=\"su-post-excerpt\">\n\t\t\t\t\t<p>Sie suchen Live-Roulette mit mehr Jackpot-Potenzial? Fireball Roulette bringt Bonuszahlen, Multiplikatoren und einen risikoreichen Chaser Bet.<\/p>\n\t\t\t\t<\/div>\n\n\t\t\t\t\n\t\t\t<\/div>\n\n\t\t\t\t\t\n\t\t\t\n\t\t\t<div id=\"su-post-1951\" class=\"su-post \">\n\n\t\t\t\t\n\t\t\t\t<h2 class=\"su-post-title\"><a href=\"https:\/\/www.roulette.school\/de\/double-ball-roulette\/\">Double Ball Roulette<\/a><\/h2>\n\n\t\t\t\t<div class=\"su-post-meta\">\n\t\t\t\t\tPosted: 03\/12\/2025\t\t\t\t<\/div>\n\n\t\t\t\t<div class=\"su-post-excerpt\">\n\t\t\t\t\t<p>Double Ball Roulette bringt frischen Schwung ins klassische Roulette: zwei Kugeln, mehr Action und die Chance auf einen 1.300:1 Jackpot. Hier erfahrt ihr alles, was ihr wissen m\u00fcsst.<\/p>\n\t\t\t\t<\/div>\n\n\t\t\t\t\n\t\t\t<\/div>\n\n\t\t\t\t\t\n\t\t\t\n\t\t\t<div id=\"su-post-1931\" class=\"su-post \">\n\n\t\t\t\t\n\t\t\t\t<h2 class=\"su-post-title\"><a href=\"https:\/\/www.roulette.school\/de\/mega-moolah-jackpot-10-millionen\/\">Mega Moolah Jackpot &#8211; Jetzt \u00fcber 10 Millionen \u20ac in \u00d6sterreich<\/a><\/h2>\n\n\t\t\t\t<div class=\"su-post-meta\">\n\t\t\t\t\tPosted: 04\/06\/2025\t\t\t\t<\/div>\n\n\t\t\t\t<div class=\"su-post-excerpt\">\n\t\t\t\t\t<p>Mega Moolah Jackpot \u00fcber 10 Millionen \u20ac! Entdecke Varianten, Mega Moolah Roulette, Gewinnchancen &#038; Top-Casinos in \u00d6sterreich.<\/p>\n\t\t\t\t<\/div>\n\n\t\t\t\t\n\t\t\t<\/div>\n\n\t\t\n\t\n<\/div>\n\n<h2>Kundendienst im Online Casino<\/h2>\n<p>Der Kundendienst des Casinos ist Tag und Nacht f\u00fcr Sie da. Im Live Chat beantworten die Mitarbeiter Ihre Fragen im Handumdrehen. Auch Anfragen per E-Mail werden rund um die Uhr bearbeitet. Aktive Spieler, die um Geld spielen, k\u00f6nnen sich au\u00dferdem an eine Hotline wenden.<\/p>\n<p>Nat\u00fcrlich k\u00f6nnen Sie auch jederzeit einen Blick in die <a href=\"https:\/\/www.roulette.school\/de\/hilfe-und-faqs\/\">FAQs<\/a> werfen. Dort finden Sie Antworten auf die g\u00e4ngigsten Fragen rund um das Online Casino.<\/p>\n","protected":false},"excerpt":{"rendered":"<p>Willkommen bei Ihrem Online Roulette Guide f\u00fcr \u00d6sterreich Tauchen Sie ein in die aufregende Welt des Online Casinos\u2026 Auf unserer<\/p>\n","protected":false},"author":1,"featured_media":0,"parent":0,"menu_order":0,"comment_status":"closed","ping_status":"closed","template":"template-fullwidth.php","meta":{"footnotes":""},"class_list":["post-22","page","type-page","status-publish","hentry"],"yoast_head":"<!-- This site is optimized with the Yoast SEO plugin v26.9 - https:\/\/yoast.com\/product\/yoast-seo-wordpress\/ -->\n<title>Online Roulette in \u00d6sterreich Spielen | Regeln und Strategien<\/title>\n<meta name=\"description\" content=\"Der Guide f\u00fcr Online Roulette in \u00d6sterreich. Spielregeln der Casinos und Gewinnstrategien. Die besten Tipps, um Geld zu gewinnen.\" \/>\n<meta name=\"robots\" content=\"index, follow, max-snippet:-1, max-image-preview:large, max-video-preview:-1\" \/>\n<link rel=\"canonical\" href=\"https:\/\/www.roulette.school\/de\/\" \/>\n<meta property=\"og:locale\" content=\"de_DE\" \/>\n<meta property=\"og:type\" content=\"article\" \/>\n<meta property=\"og:title\" content=\"Online Roulette in \u00d6sterreich Spielen | Regeln und Strategien\" \/>\n<meta property=\"og:description\" content=\"Der Guide f\u00fcr Online Roulette in \u00d6sterreich. Spielregeln der Casinos und Gewinnstrategien. Die besten Tipps, um Geld zu gewinnen.\" \/>\n<meta property=\"og:url\" content=\"https:\/\/www.roulette.school\/de\/\" \/>\n<meta property=\"og:site_name\" content=\"Roulette School\" \/>\n<meta property=\"article:modified_time\" content=\"2023-12-17T05:34:05+00:00\" \/>\n<meta property=\"og:image\" content=\"https:\/\/www.roulette.school\/de\/wp-content\/uploads\/2020\/12\/roulette.jpg\" \/>\n<meta name=\"twitter:card\" content=\"summary_large_image\" \/>\n<meta name=\"twitter:label1\" content=\"Gesch\u00e4tzte Lesezeit\" \/>\n\t<meta name=\"twitter:data1\" content=\"7 Minuten\" \/>\n<script type=\"application\/ld+json\" class=\"yoast-schema-graph\">{\"@context\":\"https:\/\/schema.org\",\"@graph\":[{\"@type\":\"WebPage\",\"@id\":\"https:\/\/www.roulette.school\/de\/\",\"url\":\"https:\/\/www.roulette.school\/de\/\",\"name\":\"Online Roulette in \u00d6sterreich Spielen | Regeln und Strategien\",\"isPartOf\":{\"@id\":\"https:\/\/www.roulette.school\/de\/#website\"},\"primaryImageOfPage\":{\"@id\":\"https:\/\/www.roulette.school\/de\/#primaryimage\"},\"image\":{\"@id\":\"https:\/\/www.roulette.school\/de\/#primaryimage\"},\"thumbnailUrl\":\"https:\/\/www.roulette.school\/de\/wp-content\/uploads\/2020\/12\/roulette.jpg\",\"datePublished\":\"2020-11-26T16:01:00+00:00\",\"dateModified\":\"2023-12-17T05:34:05+00:00\",\"description\":\"Der Guide f\u00fcr Online Roulette in \u00d6sterreich. Spielregeln der Casinos und Gewinnstrategien. Die besten Tipps, um Geld zu gewinnen.\",\"breadcrumb\":{\"@id\":\"https:\/\/www.roulette.school\/de\/#breadcrumb\"},\"inLanguage\":\"de-AT\",\"potentialAction\":[{\"@type\":\"ReadAction\",\"target\":[\"https:\/\/www.roulette.school\/de\/\"]}]},{\"@type\":\"ImageObject\",\"inLanguage\":\"de-AT\",\"@id\":\"https:\/\/www.roulette.school\/de\/#primaryimage\",\"url\":\"https:\/\/www.roulette.school\/de\/wp-content\/uploads\/2020\/12\/roulette.jpg\",\"contentUrl\":\"https:\/\/www.roulette.school\/de\/wp-content\/uploads\/2020\/12\/roulette.jpg\",\"width\":450,\"height\":270,\"caption\":\"Online Roulette Test in \u00d6sterreich\"},{\"@type\":\"BreadcrumbList\",\"@id\":\"https:\/\/www.roulette.school\/de\/#breadcrumb\",\"itemListElement\":[{\"@type\":\"ListItem\",\"position\":1,\"name\":\"Home\",\"item\":\"https:\/\/www.roulette.school\/de\/\"},{\"@type\":\"ListItem\",\"position\":2,\"name\":\"Online Roulette\"}]},{\"@type\":\"WebSite\",\"@id\":\"https:\/\/www.roulette.school\/de\/#website\",\"url\":\"https:\/\/www.roulette.school\/de\/\",\"name\":\"Roulette School\",\"description\":\"Roulette Guide\",\"publisher\":{\"@id\":\"https:\/\/www.roulette.school\/de\/#organization\"},\"potentialAction\":[{\"@type\":\"SearchAction\",\"target\":{\"@type\":\"EntryPoint\",\"urlTemplate\":\"https:\/\/www.roulette.school\/de\/?s={search_term_string}\"},\"query-input\":{\"@type\":\"PropertyValueSpecification\",\"valueRequired\":true,\"valueName\":\"search_term_string\"}}],\"inLanguage\":\"de-AT\"},{\"@type\":\"Organization\",\"@id\":\"https:\/\/www.roulette.school\/de\/#organization\",\"name\":\"Roulette School\",\"url\":\"https:\/\/www.roulette.school\/de\/\",\"logo\":{\"@type\":\"ImageObject\",\"inLanguage\":\"de-AT\",\"@id\":\"https:\/\/www.roulette.school\/de\/#\/schema\/logo\/image\/\",\"url\":\"https:\/\/www.roulette.school\/de\/wp-content\/uploads\/2021\/02\/rsl.png\",\"contentUrl\":\"https:\/\/www.roulette.school\/de\/wp-content\/uploads\/2021\/02\/rsl.png\",\"width\":350,\"height\":50,\"caption\":\"Roulette School\"},\"image\":{\"@id\":\"https:\/\/www.roulette.school\/de\/#\/schema\/logo\/image\/\"}}]}<\/script>\n<!-- \/ Yoast SEO plugin. -->","yoast_head_json":{"title":"Online Roulette in \u00d6sterreich Spielen | Regeln und Strategien","description":"Der Guide f\u00fcr Online Roulette in \u00d6sterreich. Spielregeln der Casinos und Gewinnstrategien. Die besten Tipps, um Geld zu gewinnen.","robots":{"index":"index","follow":"follow","max-snippet":"max-snippet:-1","max-image-preview":"max-image-preview:large","max-video-preview":"max-video-preview:-1"},"canonical":"https:\/\/www.roulette.school\/de\/","og_locale":"de_DE","og_type":"article","og_title":"Online Roulette in \u00d6sterreich Spielen | Regeln und Strategien","og_description":"Der Guide f\u00fcr Online Roulette in \u00d6sterreich. Spielregeln der Casinos und Gewinnstrategien. Die besten Tipps, um Geld zu gewinnen.","og_url":"https:\/\/www.roulette.school\/de\/","og_site_name":"Roulette School","article_modified_time":"2023-12-17T05:34:05+00:00","og_image":[{"url":"https:\/\/www.roulette.school\/de\/wp-content\/uploads\/2020\/12\/roulette.jpg","type":"","width":"","height":""}],"twitter_card":"summary_large_image","twitter_misc":{"Gesch\u00e4tzte Lesezeit":"7 Minuten"},"schema":{"@context":"https:\/\/schema.org","@graph":[{"@type":"WebPage","@id":"https:\/\/www.roulette.school\/de\/","url":"https:\/\/www.roulette.school\/de\/","name":"Online Roulette in \u00d6sterreich Spielen | Regeln und Strategien","isPartOf":{"@id":"https:\/\/www.roulette.school\/de\/#website"},"primaryImageOfPage":{"@id":"https:\/\/www.roulette.school\/de\/#primaryimage"},"image":{"@id":"https:\/\/www.roulette.school\/de\/#primaryimage"},"thumbnailUrl":"https:\/\/www.roulette.school\/de\/wp-content\/uploads\/2020\/12\/roulette.jpg","datePublished":"2020-11-26T16:01:00+00:00","dateModified":"2023-12-17T05:34:05+00:00","description":"Der Guide f\u00fcr Online Roulette in \u00d6sterreich. Spielregeln der Casinos und Gewinnstrategien. Die besten Tipps, um Geld zu gewinnen.","breadcrumb":{"@id":"https:\/\/www.roulette.school\/de\/#breadcrumb"},"inLanguage":"de-AT","potentialAction":[{"@type":"ReadAction","target":["https:\/\/www.roulette.school\/de\/"]}]},{"@type":"ImageObject","inLanguage":"de-AT","@id":"https:\/\/www.roulette.school\/de\/#primaryimage","url":"https:\/\/www.roulette.school\/de\/wp-content\/uploads\/2020\/12\/roulette.jpg","contentUrl":"https:\/\/www.roulette.school\/de\/wp-content\/uploads\/2020\/12\/roulette.jpg","width":450,"height":270,"caption":"Online Roulette Test in \u00d6sterreich"},{"@type":"BreadcrumbList","@id":"https:\/\/www.roulette.school\/de\/#breadcrumb","itemListElement":[{"@type":"ListItem","position":1,"name":"Home","item":"https:\/\/www.roulette.school\/de\/"},{"@type":"ListItem","position":2,"name":"Online Roulette"}]},{"@type":"WebSite","@id":"https:\/\/www.roulette.school\/de\/#website","url":"https:\/\/www.roulette.school\/de\/","name":"Roulette School","description":"Roulette Guide","publisher":{"@id":"https:\/\/www.roulette.school\/de\/#organization"},"potentialAction":[{"@type":"SearchAction","target":{"@type":"EntryPoint","urlTemplate":"https:\/\/www.roulette.school\/de\/?s={search_term_string}"},"query-input":{"@type":"PropertyValueSpecification","valueRequired":true,"valueName":"search_term_string"}}],"inLanguage":"de-AT"},{"@type":"Organization","@id":"https:\/\/www.roulette.school\/de\/#organization","name":"Roulette School","url":"https:\/\/www.roulette.school\/de\/","logo":{"@type":"ImageObject","inLanguage":"de-AT","@id":"https:\/\/www.roulette.school\/de\/#\/schema\/logo\/image\/","url":"https:\/\/www.roulette.school\/de\/wp-content\/uploads\/2021\/02\/rsl.png","contentUrl":"https:\/\/www.roulette.school\/de\/wp-content\/uploads\/2021\/02\/rsl.png","width":350,"height":50,"caption":"Roulette School"},"image":{"@id":"https:\/\/www.roulette.school\/de\/#\/schema\/logo\/image\/"}}]}},"_links":{"self":[{"href":"https:\/\/www.roulette.school\/de\/wp-json\/wp\/v2\/pages\/22","targetHints":{"allow":["GET"]}}],"collection":[{"href":"https:\/\/www.roulette.school\/de\/wp-json\/wp\/v2\/pages"}],"about":[{"href":"https:\/\/www.roulette.school\/de\/wp-json\/wp\/v2\/types\/page"}],"author":[{"embeddable":true,"href":"https:\/\/www.roulette.school\/de\/wp-json\/wp\/v2\/users\/1"}],"replies":[{"embeddable":true,"href":"https:\/\/www.roulette.school\/de\/wp-json\/wp\/v2\/comments?post=22"}],"version-history":[{"count":89,"href":"https:\/\/www.roulette.school\/de\/wp-json\/wp\/v2\/pages\/22\/revisions"}],"predecessor-version":[{"id":1615,"href":"https:\/\/www.roulette.school\/de\/wp-json\/wp\/v2\/pages\/22\/revisions\/1615"}],"wp:attachment":[{"href":"https:\/\/www.roulette.school\/de\/wp-json\/wp\/v2\/media?parent=22"}],"curies":[{"name":"wp","href":"https:\/\/api.w.org\/{rel}","templated":true}]}}