{"id":24,"date":"2020-11-26T16:01:22","date_gmt":"2020-11-26T16:01:22","guid":{"rendered":"https:\/\/www.roulette.school\/de\/?page_id=24"},"modified":"2023-05-17T04:02:55","modified_gmt":"2023-05-17T04:02:55","slug":"hilfe-und-faqs","status":"publish","type":"page","link":"https:\/\/www.roulette.school\/de\/hilfe-und-faqs\/","title":{"rendered":"Hilfe und FAQs"},"content":{"rendered":"<p>In unseren FAQs finden Sie Antworten auf die h\u00e4ufigsten Fragen zu Online Roulette. Wir haben auf dieser Seite alles Wissenswerte \u00fcber Online Gl\u00fccksspiele in \u00d6sterreich zusammengetragen.<\/p>\n<h2>Sind Online Wetten in \u00d6sterreich legal?<\/h2>\n<p>Ja, das Spielen von Online Gl\u00fccksspielen ist in \u00d6sterreich legal. Doch es ist Vorsicht geboten! Wie auch bei lokalen Casinos gilt: einige Anbieter sind besser als andere. Es ist daher ratsam, sich f\u00fcr ein seri\u00f6ses Online Casino zu entscheiden.<\/p>\n<p>Wir bei Roulette School empfehlen Ihnen nur die besten und sichersten Anbieter auf dem Markt. Auf den hier genannten Websites k\u00f6nnen Sie bedenkenlos <a href=\"https:\/\/www.roulette.school\/de\/\">Online Roulette<\/a> spielen. Und die gute Nachricht: Jedes in Europa zertifizierte Online Casino ist in \u00d6sterreich legal.<\/p>\n<h2>Sind die Roulette Spiele manipuliert?<\/h2>\n<p>Ganz und gar nicht. Trotzdem sollten Sie nicht auf einer beliebigen Website spielen, sondern darauf achten, dass der Anbieter seri\u00f6s ist. Die in unserem Guide empfohlenen Online Casinos sind garantiert sicher. Die Spiele werden von den zust\u00e4ndigen Beh\u00f6rden sorgf\u00e4ltig \u00fcberwacht. Eine unabh\u00e4ngige Kommission pr\u00fcft die Roulette Spiele dieser Anbieter genau. Sie \u00fcberwacht st\u00e4ndig das Geschehen an den Tischen, \u00fcberpr\u00fcft die Walzen der Roulette R\u00e4der und nimmt die Croupiers unter die Lupe. Bei den Flash Spielen kommt effiziente Software zum Einsatz.<\/p>\n<h2>Welche ist die beste Website f\u00fcr Online Roulette?<\/h2>\n<p>Hier nur ein einziges Online Casino zu nennen, w\u00fcrde der Bandbreite der Anbieter nicht gerecht werden.<\/p>\n<p>Die drei Online Casinos, die sich von allen anderen abheben, sind:<\/p>\n<ol>\n<li>Casino Action, eine Seite der Casino Rewards Group<\/li>\n<li>Golden Tiger, ein Online Gaming Pionier, der seit 2000 online ist<\/li>\n<li>und Luxury Casino, das gr\u00f6\u00dfte Online Casino der Welt<\/li>\n<\/ol>\n<p>F\u00fcr Sie als Spieler bieten diese seri\u00f6sen Casinos viele Vorteile. Und nat\u00fcrlich sind sie in \u00d6sterreich legal.<\/p>\n<p>F\u00fcr mehr Infos schauen Sie in unsere <a href=\"https:\/\/www.roulette.school\/de\/casino-osterreich\/\">Top 3 der besten Casinos<\/a> \u00d6sterreichs!<\/p>\n<h2>Kann ich ohne Risiko um echtes Geld spielen?<\/h2>\n<p>Ja, das k\u00f6nnen Sie. Sie gehen keinerlei Risiko ein, wenn Sie Geld in einem Online Casino einzahlen. Die Bankseiten der Casinos unterliegen h\u00f6chsten Sicherheitsstandards. Das Einzahlen und Abheben von Echtgeld funktioniert einfach und schnell. Als Zahlungsform empfehlen wir Kredit- und Debitkarten.<\/p>\n<h2>Welches ist das gesetzliche Alter, um in einem Casino in \u00d6sterreich zu spielen?<\/h2>\n<p>Das Mindestalter betr\u00e4gt 18 Jahre. Bitte beachten Sie, dass Minderj\u00e4hrige, auch wenn sie von einem Erwachsenen begleitet werden, keinen Zutritt zu den Spiels\u00e4len haben. Wie f\u00fcr lokalen Etablissements gilt auch im Online Casino: die Altersgrenze muss eingehalten werden. Das Casino Personal hat das Recht, das Alter der G\u00e4ste zu \u00fcberpr\u00fcfen.<\/p>\n<h2>Sind Online Casinos in \u00d6sterreich registriert?<\/h2>\n<p>Nein, sie haben ihren Sitz in Malta, der europ\u00e4ischen Hauptstadt der Casinobetreiber. Die <em>Malta Gaming Authority<\/em> ist f\u00fcr den ordnungsgem\u00e4\u00dfen Betrieb der Casinostandorte in ganz \u00d6sterreich zust\u00e4ndig. Die maltesische Beh\u00f6rde fungiert als Kommission f\u00fcr Gl\u00fccksspiele im Internet. Sie handelt stets im Interesse der Spieler. Die zentrale Aufgabe der <em>Malta Gaming Authority<\/em> ist es, zertifizierte Online Casinos in Europa zu \u00fcberwachen.<\/p>\n<h3>Casino Websites au\u00dferhalb \u00d6sterreichs<\/h3>\n<p>Casino Websites mit globaler Reichweite sind bei Spieler sehr beliebt. Neben den begehrtesten Roulette Spielhallen in \u00d6sterreich hat unser Team auch <a href=\"https:\/\/www.roulette.school\/de\/die-besten-online-casinos-der-welt\/\">die besten internationalen Online Casinos<\/a> unter die Lupe genommen. Ganz oben auf der Liste ist hier das Zodiac Casino mit 1 Million treuen Kunden aus der ganzen Welt. <\/p>\n<h2>Kann ich mir Gewinne sofort auszahlen lassen?<\/h2>\n<p>Ja, das k\u00f6nnen Sie. Auszahlungen k\u00f6nnen Sie auf der Bankseite des Casinos ganz einfach in die Wege leiten. Das Auszahlungsverfahren ist schnell und unkompliziert. Sie m\u00fcssen dem Casino jedoch eine Kopie Ihres Personalausweises oder Reisepasses und einen Adressnachweis vorlegen. Dieser Schritt ist nur einmal f\u00fcr die erste Auszahlung erforderlich. So stellen die Online Casinos sicher, dass Ihr Geld auch wirklich bei Ihnen ankommt.<\/p>\n<h2>Muss ich auf Gewinne Steuern zahlen?<\/h2>\n<p>Nein, es sind keine Steuern auf Gewinne zu zahlen. Alle Gewinne, die in einem Online Casino erzielt werden, sind steuerfrei. Gl\u00fccksspieleinnahmen werden in \u00d6sterreich generell nicht besteuert. Wie auch bei der Lotterie sind Sie als Gewinner von der Steuer befreit.<\/p>\n<h2>Sind Casinoboni geb\u00fchrenfrei?<\/h2>\n<p>Ja, Willkommens- oder Treueboni sind Geschenke. Um sich einen Bonus zu sichern, m\u00fcssen Sie jedoch zun\u00e4chst eine Einzahlung vornehmen. Der Bonus wird daraufhin Ihrem Konto gutgeschrieben. Die Online Casinos bieten verschiedene Boni an. Der vorteilhafteste Bonus f\u00fcr Roulette ist der 100% Spielbonus.<\/p>\n<h2>Kann ich kostenlos Roulette spielen?<\/h2>\n<p>Ja, das k\u00f6nnen Sie. Bei Instant Plays und anderen softwarebasierten Onlinespielen bieten die Casinos diese Option an. Sie k\u00f6nnen die Spiele im Demo Modus ausprobieren. Diese gleichen \u00fcbrigens 1:1 den echten Spielen, bei denen es um Geld geht. Darum ist der Demo Modus eine gute M\u00f6glichkeit, Roulette ohne jedes Risiko zu \u00fcben. Leider wird bei Live Spielen mit Croupiers kein kostenloser \u00dcbungsmodus angeboten.<\/p>\n<h2>Muss ich zum Spielen eine Software installieren?<\/h2>\n<p>Nein, das ist nicht notwendig, da jedes anst\u00e4ndige Online Casino \u00fcber browserbasierte Spiele verf\u00fcgt. Diese Instant Plays werden ohne Download gespielt. So sorgen etablierte Online Casinos f\u00fcr ein sofortiges Spielerlebnis ohne l\u00e4stige Softwareinstallation. Egal ob Sie am Computer, Mac oder Smartphone spielen, Sie m\u00fcssen keine App herunterladen.<\/p>\n<h2>Ist der Zutritt zum Online Casino geb\u00fchrenpflichtig?<\/h2>\n<p>Nein, der Zutritt ist kostenlos. Der Eintritt in den Spielsaal kostet nichts und Sie k\u00f6nnen die meisten Spiele im Demo Modus ausprobieren. Es ist sogar m\u00f6glich, einen Blick in den Live Raum zu werfen und den anderen Spielern an den Spieltischen zuzusehen.<\/p>\n<h2>Welches Online Roulette ist am lukrativsten?<\/h2>\n<p>Das franz\u00f6sische Roulette ist die Spielvariante mit den besten Gewinnchancen. Mit Erfahrung und Know How wird hier aus jedem Spieler ein wahrer Profi.<\/p>\n<p>Um beim Roulette zu gewinnen, gibt es einige Spieltechniken, die Sie kennen sollten. In unserem Artikel \u00fcber die besten <a href=\"https:\/\/www.roulette.school\/de\/gewinnstrategien\/\">Gewinntechniken<\/a> verraten wir Ihnen die Geheimnisse der Profispieler.<\/p>\n<h2>Meine Internetverbindung ist gest\u00f6rt &#8211; was kann ich tun?<\/h2>\n<p>Internetausf\u00e4lle k\u00f6nnen vorkommen. Doch seien Sie beruhigt! Sie verlieren kein Geld, wenn mal mitten im Spiel die Verbindung abbricht. Das Einzige, was Sie tun m\u00fcssen, ist, sich wieder in das Casino einzuloggen, um Ihr Spiel fortzusetzen. Wenn Ihre Verbindung ganz weg ist und Sie sich nicht mehr einloggen k\u00f6nnen, ist das auch kein Problem. Wenn Sie zu einem sp\u00e4teren Zeitpunkt ins Casino zur\u00fcckkehren, wird Ihr Kontostand derselbe sein wie vor dem Blackout.<\/p>\n<h2>Kann ich mein Spielerkonto schlie\u00dfen?<\/h2>\n<p>Ja, nat\u00fcrlich k\u00f6nnen Sie das. Wenden Sie sich daf\u00fcr an den Kundenservice und bitten Sie darum, dass Ihr Konto geschlossen wird. Vor der Kontoschlie\u00dfung werden die Mitarbeiter des Kundendienstes pr\u00fcfen, ob noch Geld auf dem Konto liegt. Falls das zutrifft, wird Ihnen der Restbetrag ausgezahlt, im Anschluss wird Ihr Konto endg\u00fcltig geschlossen.<\/p>\n<h2>Kann man im Casino Hausverbot bekommen?<\/h2>\n<p>Ja, das ist m\u00f6glich. Ein Spieler kann sogar selbst darum bitten, aus dem Casino ausgeschlossen zu werden. Eine Begr\u00fcndung hierf\u00fcr muss nicht genannt werden. F\u00fcr solche Anliegen gibt es in Online Casinos einen kostenlosen Kundendienst. Die Anfragen werden im Handumdrehen umgesetzt.<\/p>\n<h2>Noch Fragen?<\/h2>\n<p>Sie haben auf eine Ihrer Fragen keine Antwort gefunden? Kein Problem! Senden Sie uns Ihr Anliegen einfach per E-Mail. Wir beantworten E-Mails innerhalb von 48 Stunden (werktags).<br \/>\n&nbsp;<\/p>\n","protected":false},"excerpt":{"rendered":"<p>In unseren FAQs finden Sie Antworten auf die h\u00e4ufigsten Fragen zu Online Roulette. Wir haben auf dieser Seite alles Wissenswerte<\/p>\n","protected":false},"author":1,"featured_media":0,"parent":0,"menu_order":0,"comment_status":"closed","ping_status":"closed","template":"template-fullwidth.php","meta":{"footnotes":""},"class_list":["post-24","page","type-page","status-publish","hentry"],"yoast_head":"<!-- This site is optimized with the Yoast SEO plugin v26.9 - https:\/\/yoast.com\/product\/yoast-seo-wordpress\/ -->\n<title>Roulette School \u00d6sterreich Hilfe &amp; FAQs<\/title>\n<meta name=\"description\" content=\"Die FAQs von Roulette School \u00d6sterreich beantworten alle Fragen zu Roulette im Casino.\" \/>\n<meta name=\"robots\" content=\"index, follow, max-snippet:-1, max-image-preview:large, max-video-preview:-1\" \/>\n<link rel=\"canonical\" href=\"https:\/\/www.roulette.school\/de\/hilfe-und-faqs\/\" \/>\n<meta property=\"og:locale\" content=\"de_DE\" \/>\n<meta property=\"og:type\" content=\"article\" \/>\n<meta property=\"og:title\" content=\"Roulette School \u00d6sterreich Hilfe &amp; FAQs\" \/>\n<meta property=\"og:description\" content=\"Die FAQs von Roulette School \u00d6sterreich beantworten alle Fragen zu Roulette im Casino.\" \/>\n<meta property=\"og:url\" content=\"https:\/\/www.roulette.school\/de\/hilfe-und-faqs\/\" \/>\n<meta property=\"og:site_name\" content=\"Roulette School\" \/>\n<meta property=\"article:modified_time\" content=\"2023-05-17T04:02:55+00:00\" \/>\n<meta name=\"twitter:card\" content=\"summary_large_image\" \/>\n<meta name=\"twitter:label1\" content=\"Gesch\u00e4tzte Lesezeit\" \/>\n\t<meta name=\"twitter:data1\" content=\"7 Minuten\" \/>\n<script type=\"application\/ld+json\" class=\"yoast-schema-graph\">{\"@context\":\"https:\/\/schema.org\",\"@graph\":[{\"@type\":\"WebPage\",\"@id\":\"https:\/\/www.roulette.school\/de\/hilfe-und-faqs\/\",\"url\":\"https:\/\/www.roulette.school\/de\/hilfe-und-faqs\/\",\"name\":\"Roulette School \u00d6sterreich Hilfe & FAQs\",\"isPartOf\":{\"@id\":\"https:\/\/www.roulette.school\/de\/#website\"},\"datePublished\":\"2020-11-26T16:01:22+00:00\",\"dateModified\":\"2023-05-17T04:02:55+00:00\",\"description\":\"Die FAQs von Roulette School \u00d6sterreich beantworten alle Fragen zu Roulette im Casino.\",\"breadcrumb\":{\"@id\":\"https:\/\/www.roulette.school\/de\/hilfe-und-faqs\/#breadcrumb\"},\"inLanguage\":\"de-AT\",\"potentialAction\":[{\"@type\":\"ReadAction\",\"target\":[\"https:\/\/www.roulette.school\/de\/hilfe-und-faqs\/\"]}]},{\"@type\":\"BreadcrumbList\",\"@id\":\"https:\/\/www.roulette.school\/de\/hilfe-und-faqs\/#breadcrumb\",\"itemListElement\":[{\"@type\":\"ListItem\",\"position\":1,\"name\":\"Home\",\"item\":\"https:\/\/www.roulette.school\/de\/\"},{\"@type\":\"ListItem\",\"position\":2,\"name\":\"Hilfe und FAQs\"}]},{\"@type\":\"WebSite\",\"@id\":\"https:\/\/www.roulette.school\/de\/#website\",\"url\":\"https:\/\/www.roulette.school\/de\/\",\"name\":\"Roulette School\",\"description\":\"Roulette Guide\",\"publisher\":{\"@id\":\"https:\/\/www.roulette.school\/de\/#organization\"},\"potentialAction\":[{\"@type\":\"SearchAction\",\"target\":{\"@type\":\"EntryPoint\",\"urlTemplate\":\"https:\/\/www.roulette.school\/de\/?s={search_term_string}\"},\"query-input\":{\"@type\":\"PropertyValueSpecification\",\"valueRequired\":true,\"valueName\":\"search_term_string\"}}],\"inLanguage\":\"de-AT\"},{\"@type\":\"Organization\",\"@id\":\"https:\/\/www.roulette.school\/de\/#organization\",\"name\":\"Roulette School\",\"url\":\"https:\/\/www.roulette.school\/de\/\",\"logo\":{\"@type\":\"ImageObject\",\"inLanguage\":\"de-AT\",\"@id\":\"https:\/\/www.roulette.school\/de\/#\/schema\/logo\/image\/\",\"url\":\"https:\/\/www.roulette.school\/de\/wp-content\/uploads\/2021\/02\/rsl.png\",\"contentUrl\":\"https:\/\/www.roulette.school\/de\/wp-content\/uploads\/2021\/02\/rsl.png\",\"width\":350,\"height\":50,\"caption\":\"Roulette School\"},\"image\":{\"@id\":\"https:\/\/www.roulette.school\/de\/#\/schema\/logo\/image\/\"}}]}<\/script>\n<!-- \/ Yoast SEO plugin. -->","yoast_head_json":{"title":"Roulette School \u00d6sterreich Hilfe & FAQs","description":"Die FAQs von Roulette School \u00d6sterreich beantworten alle Fragen zu Roulette im Casino.","robots":{"index":"index","follow":"follow","max-snippet":"max-snippet:-1","max-image-preview":"max-image-preview:large","max-video-preview":"max-video-preview:-1"},"canonical":"https:\/\/www.roulette.school\/de\/hilfe-und-faqs\/","og_locale":"de_DE","og_type":"article","og_title":"Roulette School \u00d6sterreich Hilfe & FAQs","og_description":"Die FAQs von Roulette School \u00d6sterreich beantworten alle Fragen zu Roulette im Casino.","og_url":"https:\/\/www.roulette.school\/de\/hilfe-und-faqs\/","og_site_name":"Roulette School","article_modified_time":"2023-05-17T04:02:55+00:00","twitter_card":"summary_large_image","twitter_misc":{"Gesch\u00e4tzte Lesezeit":"7 Minuten"},"schema":{"@context":"https:\/\/schema.org","@graph":[{"@type":"WebPage","@id":"https:\/\/www.roulette.school\/de\/hilfe-und-faqs\/","url":"https:\/\/www.roulette.school\/de\/hilfe-und-faqs\/","name":"Roulette School \u00d6sterreich Hilfe & FAQs","isPartOf":{"@id":"https:\/\/www.roulette.school\/de\/#website"},"datePublished":"2020-11-26T16:01:22+00:00","dateModified":"2023-05-17T04:02:55+00:00","description":"Die FAQs von Roulette School \u00d6sterreich beantworten alle Fragen zu Roulette im Casino.","breadcrumb":{"@id":"https:\/\/www.roulette.school\/de\/hilfe-und-faqs\/#breadcrumb"},"inLanguage":"de-AT","potentialAction":[{"@type":"ReadAction","target":["https:\/\/www.roulette.school\/de\/hilfe-und-faqs\/"]}]},{"@type":"BreadcrumbList","@id":"https:\/\/www.roulette.school\/de\/hilfe-und-faqs\/#breadcrumb","itemListElement":[{"@type":"ListItem","position":1,"name":"Home","item":"https:\/\/www.roulette.school\/de\/"},{"@type":"ListItem","position":2,"name":"Hilfe und FAQs"}]},{"@type":"WebSite","@id":"https:\/\/www.roulette.school\/de\/#website","url":"https:\/\/www.roulette.school\/de\/","name":"Roulette School","description":"Roulette Guide","publisher":{"@id":"https:\/\/www.roulette.school\/de\/#organization"},"potentialAction":[{"@type":"SearchAction","target":{"@type":"EntryPoint","urlTemplate":"https:\/\/www.roulette.school\/de\/?s={search_term_string}"},"query-input":{"@type":"PropertyValueSpecification","valueRequired":true,"valueName":"search_term_string"}}],"inLanguage":"de-AT"},{"@type":"Organization","@id":"https:\/\/www.roulette.school\/de\/#organization","name":"Roulette School","url":"https:\/\/www.roulette.school\/de\/","logo":{"@type":"ImageObject","inLanguage":"de-AT","@id":"https:\/\/www.roulette.school\/de\/#\/schema\/logo\/image\/","url":"https:\/\/www.roulette.school\/de\/wp-content\/uploads\/2021\/02\/rsl.png","contentUrl":"https:\/\/www.roulette.school\/de\/wp-content\/uploads\/2021\/02\/rsl.png","width":350,"height":50,"caption":"Roulette School"},"image":{"@id":"https:\/\/www.roulette.school\/de\/#\/schema\/logo\/image\/"}}]}},"_links":{"self":[{"href":"https:\/\/www.roulette.school\/de\/wp-json\/wp\/v2\/pages\/24","targetHints":{"allow":["GET"]}}],"collection":[{"href":"https:\/\/www.roulette.school\/de\/wp-json\/wp\/v2\/pages"}],"about":[{"href":"https:\/\/www.roulette.school\/de\/wp-json\/wp\/v2\/types\/page"}],"author":[{"embeddable":true,"href":"https:\/\/www.roulette.school\/de\/wp-json\/wp\/v2\/users\/1"}],"replies":[{"embeddable":true,"href":"https:\/\/www.roulette.school\/de\/wp-json\/wp\/v2\/comments?post=24"}],"version-history":[{"count":44,"href":"https:\/\/www.roulette.school\/de\/wp-json\/wp\/v2\/pages\/24\/revisions"}],"predecessor-version":[{"id":1696,"href":"https:\/\/www.roulette.school\/de\/wp-json\/wp\/v2\/pages\/24\/revisions\/1696"}],"wp:attachment":[{"href":"https:\/\/www.roulette.school\/de\/wp-json\/wp\/v2\/media?parent=24"}],"curies":[{"name":"wp","href":"https:\/\/api.w.org\/{rel}","templated":true}]}}