{"id":26,"date":"2020-11-26T16:01:38","date_gmt":"2020-11-26T16:01:38","guid":{"rendered":"https:\/\/www.roulette.school\/de\/?page_id=26"},"modified":"2025-12-03T05:11:18","modified_gmt":"2025-12-03T05:11:18","slug":"casino-osterreich","status":"publish","type":"page","link":"https:\/\/www.roulette.school\/de\/casino-osterreich\/","title":{"rendered":"Seri\u00f6se Casinos im Netz"},"content":{"rendered":"<div class=\"su-row\"><div class=\"su-column su-column-size-2-3\"><div class=\"su-column-inner su-u-clearfix su-u-trim\">\nIhr Spieltrieb ist geweckt und Sie k\u00f6nnen es kaum erwarten, in die legend\u00e4re Welt des Online Roulette einzutauchen? Jetzt geht es darum, das richtige Casino zu finden. Mit Roulette School gehen Sie in jedem Fall auf Nummer sicher. Wir haben f\u00fcr Sie die seri\u00f6sesten und <strong>sichersten Online Casinos<\/strong> herausgesucht. Die Seiten, die wir Ihnen in unserem Guide vorstellen, z\u00e4hlen zu den renommiertesten \u00d6sterreichs.<\/p>\n<p>Drei Online Casinos haben es in unserem Guide in die engere Auswahl geschafft. Sicherheit hat f\u00fcr uns h\u00f6chste Priorit\u00e4t. Darum empfiehlt Roulette School nur seri\u00f6se Anbieter, die in \u00d6sterreich einen hervorragenden Ruf genie\u00dfen.<br \/>\n<\/div><\/div>\n<div class=\"su-column su-column-size-1-3 midc\"><div class=\"su-column-inner su-u-clearfix su-u-trim\"><img loading=\"lazy\" decoding=\"async\" src=\"https:\/\/www.roulette.school\/de\/wp-content\/uploads\/2020\/12\/online-casino.jpg\" alt=\"Bestes Online Casino \u00d6sterreichs\" width=\"350\" height=\"240\" class=\"alignnone size-full wp-image-586\" srcset=\"https:\/\/www.roulette.school\/de\/wp-content\/uploads\/2020\/12\/online-casino.jpg 350w, https:\/\/www.roulette.school\/de\/wp-content\/uploads\/2020\/12\/online-casino-300x206.jpg 300w\" sizes=\"auto, (max-width: 350px) 100vw, 350px\" \/><\/div><\/div><\/div>\n<div class=\"su-divider su-divider-style-dotted\" style=\"margin:30px 0;border-width:3px;border-color:#6c1616\"><\/div>\n<div class=\"su-row\"><div class=\"su-column su-column-size-2-3\"><div class=\"su-column-inner su-u-clearfix su-u-trim\">\n<h2>#1. CASINO ACTION<\/h2>\n<p>Sicher, seri\u00f6s und einfach gut gemacht. Casino Action ist unsere erste Wahl.<\/p>\n<p>Das Casino wurde bereits 2000 gegr\u00fcndet und blickt somit auf zwei Jahrzehnte Erfahrung im Online Gl\u00fccksspiel zur\u00fcck. Egal ob Sie Tischspiele oder Spielautomaten bevorzugen, hier ist f\u00fcr jeden Geschmack etwas dabei \u2013 und Nervenkitzel garantiert!<\/p>\n<p>Das beliebteste Spiel ist und bleibt das Roulette, dicht gefolgt von Black Jack und Videopoker. Ob vom PC, Tablet oder Smartphone: Casino Action ist ein hervorragendes Online Casino, das nicht nur gut durchdacht ist, sondern auch perfekt funktioniert.<\/div><\/div>\n<div class=\"su-column su-column-size-1-3 midc\"><div class=\"su-column-inner su-u-clearfix su-u-trim\">\n<a class=\"add\" href=\"https:\/\/iredirect.net\/referral\/?site=ca&#038;lang=at&#038;aff_id=aff100309\" target=\"_blank\" rel=\"noopener noreferrer\"><img loading=\"lazy\" decoding=\"async\" src=\"https:\/\/www.roulette.school\/de\/wp-content\/uploads\/2021\/02\/action.jpg\" alt=\"Casino Action\" width=\"350\" height=\"250\" class=\"alignnone size-full wp-image-960\" srcset=\"https:\/\/www.roulette.school\/de\/wp-content\/uploads\/2021\/02\/action.jpg 350w, https:\/\/www.roulette.school\/de\/wp-content\/uploads\/2021\/02\/action-300x214.jpg 300w\" sizes=\"auto, (max-width: 350px) 100vw, 350px\" \/><br \/>\nBEI CASINO ACTION SPIELEN<\/a><\/div><\/div><\/div>\n<div class=\"su-divider su-divider-style-dotted\" style=\"margin:30px 0;border-width:3px;border-color:#6c1616\"><\/div>\n<div class=\"su-row\"><div class=\"su-column su-column-size-2-3\"><div class=\"su-column-inner su-u-clearfix su-u-trim\">\n<h2>#2. LUXURY CASINO<\/h2>\n<p>Wer die digitalen Hallen des Luxury Casino betritt, taucht kopf\u00fcber ins glamour\u00f6se Flair der Casinowelt. Die Live Spiele dieses Casinos sind un\u00fcbertroffen. Nur ein Klick, und man findet sich in den heiligen S\u00e4len eines prachtvollen Gl\u00fccksspieltempels wieder. Bei den Spielen mit Live Croupier ist die Spannung hautnah zu sp\u00fcren. Die Streaming Qualit\u00e4t ist hier un\u00fcbertroffen. Sie werden das Gef\u00fchl haben, durch einen der sch\u00f6nsten Pal\u00e4ste \u00d6sterreichs zu schreiten. Wer bei Luxury Casino spielt, wird sich bald fragen, wof\u00fcr es noch lokale Casinos gibt.<\/div><\/div>\n<div class=\"su-column su-column-size-1-3 midc\"><div class=\"su-column-inner su-u-clearfix su-u-trim\">\n<a class=\"add\" href=\"https:\/\/iredirect.net\/referral\/?site=lxc&#038;lang=at&#038;aff_id=aff100309\" target=\"_blank\" rel=\"noopener noreferrer\"><img loading=\"lazy\" decoding=\"async\" src=\"https:\/\/www.roulette.school\/de\/wp-content\/uploads\/2021\/02\/luxury.jpg\" alt=\"Luxury Casino\" width=\"350\" height=\"250\" class=\"alignnone size-full wp-image-961\" srcset=\"https:\/\/www.roulette.school\/de\/wp-content\/uploads\/2021\/02\/luxury.jpg 350w, https:\/\/www.roulette.school\/de\/wp-content\/uploads\/2021\/02\/luxury-300x214.jpg 300w\" sizes=\"auto, (max-width: 350px) 100vw, 350px\" \/><br \/>\nBEI LUXURY CASINO SPIELEN<\/a><br \/>\n<\/div><\/div><\/div>\n<div class=\"su-divider su-divider-style-dotted\" style=\"margin:30px 0;border-width:3px;border-color:#6c1616\"><\/div>\n<div class=\"su-row\"><div class=\"su-column su-column-size-2-3\"><div class=\"su-column-inner su-u-clearfix su-u-trim\">\n<h2>#3. GOLDEN TIGER<\/h2>\n<p>Sie spielen am liebsten auf dem Smartphone? Dann ist Golden Tiger f\u00fcr Sie das Richtige. Dieses Online Casino hat sich in der Branche weltweit einen Namen gemacht. Die Spiele sind besonders gut f\u00fcr mobile Endger\u00e4te geeignet und \u00fcberzeugen durch hervorragende User Experience und top Funktionalit\u00e4t. Ob Roulette, Blackjack oder Online Slots, bei Golden Tiger laufen alle Games reibungslos auf dem Handy. In diesem Casino haben Sie das Gl\u00fcck wortw\u00f6rtlich in der Hand!<\/div><\/div>\n<div class=\"su-column su-column-size-1-3 midc\"><div class=\"su-column-inner su-u-clearfix su-u-trim\">\n<a class=\"add\" href=\"https:\/\/iredirect.net\/referral\/?site=gt&#038;lang=at&#038;aff_id=aff100309\" target=\"_blank\" rel=\"noopener noreferrer\"><img loading=\"lazy\" decoding=\"async\" src=\"https:\/\/www.roulette.school\/de\/wp-content\/uploads\/2021\/02\/golden.jpg\" alt=\"Golden Tiger\" width=\"350\" height=\"250\" class=\"alignnone size-full wp-image-962\" srcset=\"https:\/\/www.roulette.school\/de\/wp-content\/uploads\/2021\/02\/golden.jpg 350w, https:\/\/www.roulette.school\/de\/wp-content\/uploads\/2021\/02\/golden-300x214.jpg 300w\" sizes=\"auto, (max-width: 350px) 100vw, 350px\" \/><br \/>\nBEI GOLDEN TIGER SPIELEN<\/a><br \/>\n<\/div><\/div><\/div>\n<div class=\"su-divider su-divider-style-dotted\" style=\"margin:30px 0;border-width:3px;border-color:#6c1616\"><\/div>\n<h2>Spielgeld oder Echtgeld?<\/h2>\n<p>Alle Casinos, die wir Ihnen bei Roulette School vorstellen, bieten kostenlose Demo Spiele an. Legen Sie einfach los, als \u00dcbung oder nur zum Spa\u00df. Die einzigen Spiele, die nicht kostenfrei ausprobiert werden k\u00f6nnen, sind Live Spiele mit Direktschaltung in den Casinosaal und Spielautomaten mit progressivem Jackpot. Wenn Sie um Echtgeld spielen m\u00f6chten, k\u00f6nnen Sie beim Casino Ihrer Wahl ein Konto anlegen. Hierf\u00fcr stellen die Anbieter einen gesicherten Bankbereich zur Verf\u00fcgung. Alles, was Sie brauchen, ist eine Kredit- oder Debitkarte, und das Spiel kann beginnen!<\/p>\n<h2>Seri\u00f6se Casinos im Test<\/h2>\n<p>Die von uns ausgew\u00e4hlten Casinos geh\u00f6ren zu den sichersten Anbietern \u00d6sterreichs. Doch woran erkennt man, ob ein Anbieter wirklich seri\u00f6s ist? Wir haben die beliebtesten Casinos im Netz getestet und nach strengen Kriterien bewertet. Hierbei standen die Interessen der Spieler nat\u00fcrlich im Mittelpunkt. Denn schlie\u00dflich soll bei Ihrem Besuch im Online Casino alles laufen wie am Schn\u00fcrchen!<br \/>\n<div class=\"su-row\">\n<div class=\"su-column su-column-size-2-3\"><div class=\"su-column-inner su-u-clearfix su-u-trim\">\nEin Online Casino gilt in \u00d6sterreich als seri\u00f6s, wenn:<\/p>\n<ol>\n<li>Das Casino \u00fcber eine europ\u00e4ische Gl\u00fccksspiellizenz verf\u00fcgt.<\/li>\n<li>Der Spielbetrieb regelm\u00e4\u00dfig strengen, unabh\u00e4ngigen Kontrollen unterliegt.<\/li>\n<li>Willkommensboni f\u00fcr neue Spieler angeboten werden.<\/li>\n<li>Ein deutschsprachiger Kundenservice 24\/7 erreichbar ist.<\/li>\n<li>Die Auszahlung der Gewinne schnell und reibungslos verl\u00e4uft.<\/li>\n<li>Das Online Casino in \u00d6sterreich \u00fcber einen hervorragenden Ruf verf\u00fcgt.<\/li>\n<\/ol>\n<\/div><\/div>\n<div class=\"su-column su-column-size-1-3 midc\"><div class=\"su-column-inner su-u-clearfix su-u-trim\"><img loading=\"lazy\" decoding=\"async\" src=\"https:\/\/www.roulette.school\/de\/wp-content\/uploads\/2020\/12\/seriose-casinos.jpg\" alt=\"Kriterien f\u00fcr seri\u00f6se Casinos im Netz\" width=\"350\" height=\"245\" class=\"alignnone size-full wp-image-589\" srcset=\"https:\/\/www.roulette.school\/de\/wp-content\/uploads\/2020\/12\/seriose-casinos.jpg 350w, https:\/\/www.roulette.school\/de\/wp-content\/uploads\/2020\/12\/seriose-casinos-300x210.jpg 300w\" sizes=\"auto, (max-width: 350px) 100vw, 350px\" \/><\/div><\/div><\/div>Wir haben verschiedene Gl\u00fccksspielanbieter im Netz anhand dieser Kriterien \u00fcberpr\u00fcft. Die drei Websites in unserer Liste erf\u00fcllen alle oben genannten Gesichtspunkte. Mit diesen drei Online Casinos sind Sie immer auf der sicheren Seite!<\/p>\n<h2>Das passende Spiel f\u00fcr jedes Ger\u00e4t<\/h2>\n<div class=\"su-row\"><div class=\"su-column su-column-size-1-2\"><div class=\"su-column-inner su-u-clearfix su-u-trim\">\nUm allen Spielern ein hervorragendes Spielerlebnis zu bieten, haben wir ausgesuchte Casino Websites unter die Lupe genommen und bewertet. Je nachdem, von welchem Ger\u00e4t Sie spielen, variiert die Zuverl\u00e4ssigkeit der Anbieter. Hier erfahren Sie, welche Online Casinos und Endger\u00e4te kompatibel sind.<\/p>\n<\/div><\/div>\n<div class=\"su-column su-column-size-1-2\"><div class=\"su-column-inner su-u-clearfix su-u-trim\">\nBei unserer Recherche haben wir uns auf folgende Kriterien konzentriert:<\/p>\n<ul>\n<li>Das Betriebssystem Ihres Ger\u00e4ts<\/li>\n<li>Die Leistung Ihres Arbeitsspeichers<\/li>\n<li>Die Leistung Ihrer Grafikkarte<\/li>\n<li>Die Bildschirmgr\u00f6\u00dfe Ihres Ger\u00e4ts (Computer, Tablet und Handy)<\/li>\n<\/ul>\n<\/div><\/div><\/div>\n<h3>Spiele f\u00fcr Android<\/h3>\n<p>F\u00fcr alle Spieler, die ein Smartphone oder Tablet mit Android Betriebssystem nutzen, hat unser Team die beliebtesten Android Casinos im Netz getestet. In unserer Rangliste finden Sie Spiele der neuesten Generation, die mit Smartphones und Tablets aller Hersteller kompatibel sind.<\/p>\n<div align=right><a href=https:\/\/www.roulette.school\/de\/casino-spiele-fur-android\/>Casino Spiele f\u00fcr Android<\/a><\/div>\n<hr>\n<h3>Spiele f\u00fcr iPhone und iPad<\/h3>\n<p>Auf Apple Ger\u00e4ten k\u00f6nnen Sie Casino Spiele als Instant Plays spielen. Das Herunterladen einer App ist nicht notwendig \u2013 und auch nicht m\u00f6glich. Doch bei den mobilen Casinos gibt es Unterschiede, was die Qualit\u00e4t und das Spielerlebnis angeht. In unserem Guide stellen wir Ihnen seri\u00f6se und beliebte Online Casinos vor, die mit Ihrem iPhone oder iPad kompatibel sind.<\/p>\n<div align=right><a href=https:\/\/www.roulette.school\/de\/casino-spiele-fur-iphone-und-ipad\/>Casino Spiele f\u00fcr iPhone und iPad<\/a><\/div>\n<hr>\n<h3>Spiele f\u00fcr den Mac<\/h3>\n<p>Hier erfahren Sie, welche beliebten Online Casino Spiele am besten f\u00fcr den Mac geeignet sind. Egal, welches Modell Sie nutzen \u2013 die Spiele in unserer Liste laufen auf jedem Mac wie am Schn\u00fcrchen.<\/p>\n<div align=right><a href=https:\/\/www.roulette.school\/de\/casino-spiele-fur-den-mac\/>Casino Spiele f\u00fcr Mac<\/a><\/div>\n<hr>\n<h3>Spiele f\u00fcr Windows<\/h3>\n<p>Windows User haben es in der Online Casino Welt am leichtesten. Alle Websites, die wir in unserem Guide empfehlen, funktionieren auf Windows Ger\u00e4ten sehr gut. Diese Casinos sind so konzipiert, dass sie auf allen g\u00e4ngigen Computern und Laptops ein erstklassiges Spielerlebnis bieten.<\/p>\n<div align=right><a href=https:\/\/www.roulette.school\/de\/casino-spiele-fur-windows\/>Casino Spiele f\u00fcr Windows<\/a><\/div>\n<hr>\n<h3>Instant Plays im Browser<\/h3>\n<p>Haben Sie das Casino Ihrer Wahl betreten, m\u00fcssen Sie sich nur noch f\u00fcr ein Spiel entscheiden. Besonders praktisch sind die Spiele ohne Download. Diese werden direkt im Browser gespielt. Sie laden in nur wenigen Sekunden und sind von allen Endger\u00e4ten abrufbar.<\/p>\n<p>Bei Casino Action stammen alle Instant Plays von Microgaming, dem bekanntesten und besten Entwickler, den die Gaming Branche vorzuweisen hat. Die Programmierprofis von Microgaming sorgen f\u00fcr ein aufregendes und faires Spielerlebnis.<\/p>\n<h2>Das beste Online Casino &#8211; unser Urteil im Detail<\/h2>\n<p>Unser Testsieger Casino Action ist eine Legende unter den Gl\u00fccksspielanbietern im Netz. F\u00fcr Online Roulette ist dieses seri\u00f6se Casino die beste Wahl, aber auch f\u00fcr Blackjack und Online Slots ist die Seite zu empfehlen. Denn Casino Action ist eine Marke f\u00fcr sich. Das Casino ist einer der renommiertesten Anbieter in der Online Gaming Branche und verbucht Monat f\u00fcr Monat tausende neue Anmeldungen.<\/p>\n<p>Wenn Sie sich f\u00fcr dieses Casino entscheiden und dort ein Konto anlegen, erhalten Sie einen kostenlosen Willkommensbonus von bis zu 1250\u20ac. Um sich den Bonus zu sichern, gen\u00fcgt es, mindestens 10\u20ac auf das Spielkonto einzuzahlen. Alle Transaktionen laufen \u00fcber die gesicherten Bankseiten des Casinos \u2013 Sie brauchen nichts weiter als Ihre Kreditkarte, um loszulegen.<\/p>\n<p>Mit <a href=\"https:\/\/www.roulette.school\/de\/\">Roulette School<\/a> k\u00f6nnen Sie bei der Wahl Ihres Online Casinos nichts falsch machen. Was Sicherheit und Qualit\u00e4t angeht, stehen unsere drei Favoriten auf der Liste der besten Online Casinos in \u00d6sterreich ganz oben! Die Casinos, die wir Ihnen vorstellen, nutzen Spielsoftware von Microgaming und Evolution, zwei der etabliertesten Entwickler f\u00fcr Online Gl\u00fccksspiele auf dem Markt.<\/p>\n","protected":false},"excerpt":{"rendered":"<p>Spielgeld oder Echtgeld? Alle Casinos, die wir Ihnen bei Roulette School vorstellen, bieten kostenlose Demo Spiele an. Legen Sie einfach<\/p>\n","protected":false},"author":1,"featured_media":0,"parent":0,"menu_order":0,"comment_status":"closed","ping_status":"closed","template":"template-fullwidth.php","meta":{"footnotes":""},"class_list":["post-26","page","type-page","status-publish","hentry"],"yoast_head":"<!-- This site is optimized with the Yoast SEO plugin v26.9 - https:\/\/yoast.com\/product\/yoast-seo-wordpress\/ -->\n<title>Seri\u00f6ses Online Casinos \u00d6sterreich | Besten Casinos 2026<\/title>\n<meta name=\"description\" content=\"Beste Online Casinos f\u00fcr \u00d6sterreich. Seri\u00f6se casinos um Echtgeld im Test. 100% sichere Casino Erfahrungen.\" \/>\n<meta name=\"robots\" content=\"index, follow, max-snippet:-1, max-image-preview:large, max-video-preview:-1\" \/>\n<link rel=\"canonical\" href=\"https:\/\/www.roulette.school\/de\/casino-osterreich\/\" \/>\n<meta property=\"og:locale\" content=\"de_DE\" \/>\n<meta property=\"og:type\" content=\"article\" \/>\n<meta property=\"og:title\" content=\"Seri\u00f6ses Online Casinos \u00d6sterreich | Besten Casinos 2026\" \/>\n<meta property=\"og:description\" content=\"Beste Online Casinos f\u00fcr \u00d6sterreich. Seri\u00f6se casinos um Echtgeld im Test. 100% sichere Casino Erfahrungen.\" \/>\n<meta property=\"og:url\" content=\"https:\/\/www.roulette.school\/de\/casino-osterreich\/\" \/>\n<meta property=\"og:site_name\" content=\"Roulette School\" \/>\n<meta property=\"article:modified_time\" content=\"2025-12-03T05:11:18+00:00\" \/>\n<meta property=\"og:image\" content=\"https:\/\/www.roulette.school\/de\/wp-content\/uploads\/2020\/12\/online-casino.jpg\" \/>\n\t<meta property=\"og:image:width\" content=\"350\" \/>\n\t<meta property=\"og:image:height\" content=\"240\" \/>\n\t<meta property=\"og:image:type\" content=\"image\/jpeg\" \/>\n<meta name=\"twitter:card\" content=\"summary_large_image\" \/>\n<meta name=\"twitter:label1\" content=\"Gesch\u00e4tzte Lesezeit\" \/>\n\t<meta name=\"twitter:data1\" content=\"8 Minuten\" \/>\n<script type=\"application\/ld+json\" class=\"yoast-schema-graph\">{\"@context\":\"https:\/\/schema.org\",\"@graph\":[{\"@type\":\"WebPage\",\"@id\":\"https:\/\/www.roulette.school\/de\/casino-osterreich\/\",\"url\":\"https:\/\/www.roulette.school\/de\/casino-osterreich\/\",\"name\":\"Seri\u00f6ses Online Casinos \u00d6sterreich | Besten Casinos 2026\",\"isPartOf\":{\"@id\":\"https:\/\/www.roulette.school\/de\/#website\"},\"primaryImageOfPage\":{\"@id\":\"https:\/\/www.roulette.school\/de\/casino-osterreich\/#primaryimage\"},\"image\":{\"@id\":\"https:\/\/www.roulette.school\/de\/casino-osterreich\/#primaryimage\"},\"thumbnailUrl\":\"https:\/\/www.roulette.school\/de\/wp-content\/uploads\/2020\/12\/online-casino.jpg\",\"datePublished\":\"2020-11-26T16:01:38+00:00\",\"dateModified\":\"2025-12-03T05:11:18+00:00\",\"description\":\"Beste Online Casinos f\u00fcr \u00d6sterreich. Seri\u00f6se casinos um Echtgeld im Test. 100% sichere Casino Erfahrungen.\",\"breadcrumb\":{\"@id\":\"https:\/\/www.roulette.school\/de\/casino-osterreich\/#breadcrumb\"},\"inLanguage\":\"de-AT\",\"potentialAction\":[{\"@type\":\"ReadAction\",\"target\":[\"https:\/\/www.roulette.school\/de\/casino-osterreich\/\"]}]},{\"@type\":\"ImageObject\",\"inLanguage\":\"de-AT\",\"@id\":\"https:\/\/www.roulette.school\/de\/casino-osterreich\/#primaryimage\",\"url\":\"https:\/\/www.roulette.school\/de\/wp-content\/uploads\/2020\/12\/online-casino.jpg\",\"contentUrl\":\"https:\/\/www.roulette.school\/de\/wp-content\/uploads\/2020\/12\/online-casino.jpg\",\"width\":350,\"height\":240,\"caption\":\"Bestes Online Casino \u00d6sterreichs\"},{\"@type\":\"BreadcrumbList\",\"@id\":\"https:\/\/www.roulette.school\/de\/casino-osterreich\/#breadcrumb\",\"itemListElement\":[{\"@type\":\"ListItem\",\"position\":1,\"name\":\"Home\",\"item\":\"https:\/\/www.roulette.school\/de\/\"},{\"@type\":\"ListItem\",\"position\":2,\"name\":\"Seri\u00f6se Casinos im Netz\"}]},{\"@type\":\"WebSite\",\"@id\":\"https:\/\/www.roulette.school\/de\/#website\",\"url\":\"https:\/\/www.roulette.school\/de\/\",\"name\":\"Roulette School\",\"description\":\"Roulette Guide\",\"publisher\":{\"@id\":\"https:\/\/www.roulette.school\/de\/#organization\"},\"potentialAction\":[{\"@type\":\"SearchAction\",\"target\":{\"@type\":\"EntryPoint\",\"urlTemplate\":\"https:\/\/www.roulette.school\/de\/?s={search_term_string}\"},\"query-input\":{\"@type\":\"PropertyValueSpecification\",\"valueRequired\":true,\"valueName\":\"search_term_string\"}}],\"inLanguage\":\"de-AT\"},{\"@type\":\"Organization\",\"@id\":\"https:\/\/www.roulette.school\/de\/#organization\",\"name\":\"Roulette School\",\"url\":\"https:\/\/www.roulette.school\/de\/\",\"logo\":{\"@type\":\"ImageObject\",\"inLanguage\":\"de-AT\",\"@id\":\"https:\/\/www.roulette.school\/de\/#\/schema\/logo\/image\/\",\"url\":\"https:\/\/www.roulette.school\/de\/wp-content\/uploads\/2021\/02\/rsl.png\",\"contentUrl\":\"https:\/\/www.roulette.school\/de\/wp-content\/uploads\/2021\/02\/rsl.png\",\"width\":350,\"height\":50,\"caption\":\"Roulette School\"},\"image\":{\"@id\":\"https:\/\/www.roulette.school\/de\/#\/schema\/logo\/image\/\"}}]}<\/script>\n<!-- \/ Yoast SEO plugin. -->","yoast_head_json":{"title":"Seri\u00f6ses Online Casinos \u00d6sterreich | Besten Casinos 2026","description":"Beste Online Casinos f\u00fcr \u00d6sterreich. Seri\u00f6se casinos um Echtgeld im Test. 100% sichere Casino Erfahrungen.","robots":{"index":"index","follow":"follow","max-snippet":"max-snippet:-1","max-image-preview":"max-image-preview:large","max-video-preview":"max-video-preview:-1"},"canonical":"https:\/\/www.roulette.school\/de\/casino-osterreich\/","og_locale":"de_DE","og_type":"article","og_title":"Seri\u00f6ses Online Casinos \u00d6sterreich | Besten Casinos 2026","og_description":"Beste Online Casinos f\u00fcr \u00d6sterreich. Seri\u00f6se casinos um Echtgeld im Test. 100% sichere Casino Erfahrungen.","og_url":"https:\/\/www.roulette.school\/de\/casino-osterreich\/","og_site_name":"Roulette School","article_modified_time":"2025-12-03T05:11:18+00:00","og_image":[{"width":350,"height":240,"url":"https:\/\/www.roulette.school\/de\/wp-content\/uploads\/2020\/12\/online-casino.jpg","type":"image\/jpeg"}],"twitter_card":"summary_large_image","twitter_misc":{"Gesch\u00e4tzte Lesezeit":"8 Minuten"},"schema":{"@context":"https:\/\/schema.org","@graph":[{"@type":"WebPage","@id":"https:\/\/www.roulette.school\/de\/casino-osterreich\/","url":"https:\/\/www.roulette.school\/de\/casino-osterreich\/","name":"Seri\u00f6ses Online Casinos \u00d6sterreich | Besten Casinos 2026","isPartOf":{"@id":"https:\/\/www.roulette.school\/de\/#website"},"primaryImageOfPage":{"@id":"https:\/\/www.roulette.school\/de\/casino-osterreich\/#primaryimage"},"image":{"@id":"https:\/\/www.roulette.school\/de\/casino-osterreich\/#primaryimage"},"thumbnailUrl":"https:\/\/www.roulette.school\/de\/wp-content\/uploads\/2020\/12\/online-casino.jpg","datePublished":"2020-11-26T16:01:38+00:00","dateModified":"2025-12-03T05:11:18+00:00","description":"Beste Online Casinos f\u00fcr \u00d6sterreich. Seri\u00f6se casinos um Echtgeld im Test. 100% sichere Casino Erfahrungen.","breadcrumb":{"@id":"https:\/\/www.roulette.school\/de\/casino-osterreich\/#breadcrumb"},"inLanguage":"de-AT","potentialAction":[{"@type":"ReadAction","target":["https:\/\/www.roulette.school\/de\/casino-osterreich\/"]}]},{"@type":"ImageObject","inLanguage":"de-AT","@id":"https:\/\/www.roulette.school\/de\/casino-osterreich\/#primaryimage","url":"https:\/\/www.roulette.school\/de\/wp-content\/uploads\/2020\/12\/online-casino.jpg","contentUrl":"https:\/\/www.roulette.school\/de\/wp-content\/uploads\/2020\/12\/online-casino.jpg","width":350,"height":240,"caption":"Bestes Online Casino \u00d6sterreichs"},{"@type":"BreadcrumbList","@id":"https:\/\/www.roulette.school\/de\/casino-osterreich\/#breadcrumb","itemListElement":[{"@type":"ListItem","position":1,"name":"Home","item":"https:\/\/www.roulette.school\/de\/"},{"@type":"ListItem","position":2,"name":"Seri\u00f6se Casinos im Netz"}]},{"@type":"WebSite","@id":"https:\/\/www.roulette.school\/de\/#website","url":"https:\/\/www.roulette.school\/de\/","name":"Roulette School","description":"Roulette Guide","publisher":{"@id":"https:\/\/www.roulette.school\/de\/#organization"},"potentialAction":[{"@type":"SearchAction","target":{"@type":"EntryPoint","urlTemplate":"https:\/\/www.roulette.school\/de\/?s={search_term_string}"},"query-input":{"@type":"PropertyValueSpecification","valueRequired":true,"valueName":"search_term_string"}}],"inLanguage":"de-AT"},{"@type":"Organization","@id":"https:\/\/www.roulette.school\/de\/#organization","name":"Roulette School","url":"https:\/\/www.roulette.school\/de\/","logo":{"@type":"ImageObject","inLanguage":"de-AT","@id":"https:\/\/www.roulette.school\/de\/#\/schema\/logo\/image\/","url":"https:\/\/www.roulette.school\/de\/wp-content\/uploads\/2021\/02\/rsl.png","contentUrl":"https:\/\/www.roulette.school\/de\/wp-content\/uploads\/2021\/02\/rsl.png","width":350,"height":50,"caption":"Roulette School"},"image":{"@id":"https:\/\/www.roulette.school\/de\/#\/schema\/logo\/image\/"}}]}},"_links":{"self":[{"href":"https:\/\/www.roulette.school\/de\/wp-json\/wp\/v2\/pages\/26","targetHints":{"allow":["GET"]}}],"collection":[{"href":"https:\/\/www.roulette.school\/de\/wp-json\/wp\/v2\/pages"}],"about":[{"href":"https:\/\/www.roulette.school\/de\/wp-json\/wp\/v2\/types\/page"}],"author":[{"embeddable":true,"href":"https:\/\/www.roulette.school\/de\/wp-json\/wp\/v2\/users\/1"}],"replies":[{"embeddable":true,"href":"https:\/\/www.roulette.school\/de\/wp-json\/wp\/v2\/comments?post=26"}],"version-history":[{"count":78,"href":"https:\/\/www.roulette.school\/de\/wp-json\/wp\/v2\/pages\/26\/revisions"}],"predecessor-version":[{"id":1945,"href":"https:\/\/www.roulette.school\/de\/wp-json\/wp\/v2\/pages\/26\/revisions\/1945"}],"wp:attachment":[{"href":"https:\/\/www.roulette.school\/de\/wp-json\/wp\/v2\/media?parent=26"}],"curies":[{"name":"wp","href":"https:\/\/api.w.org\/{rel}","templated":true}]}}