{"id":28,"date":"2020-11-26T16:01:54","date_gmt":"2020-11-26T16:01:54","guid":{"rendered":"https:\/\/www.roulette.school\/de\/?page_id=28"},"modified":"2021-11-23T20:35:28","modified_gmt":"2021-11-23T20:35:28","slug":"webmaster","status":"publish","type":"page","link":"https:\/\/www.roulette.school\/de\/webmaster\/","title":{"rendered":"Impressum und Nutzungsbedingungen"},"content":{"rendered":"<p>Diese Bedingungen regeln das Rechtsverh\u00e4ltnis zwischen den Besuchern der Website von Roulette School und ihrem Inhaber.<\/p>\n<p>Wenn Sie auf diese Website zugreifen, akzeptieren Sie automatisch die hier aufgef\u00fchrten Nutzungsbedingungen. Diese sind als Vertrag zwischen den beiden Parteien zu verstehen.<\/p>\n<p>Wenn Sie nicht bereit sind, die Nutzungsbedingungen des Seitenbetreibers zu akzeptieren, sind Sie angehalten, die Seite zu verlassen. Der Seitenbetreiber beh\u00e4lt sich das Recht vor, die Nutzungsbedingungen jederzeit zu \u00e4ndern.<\/p>\n<h2 id=impressum>Verantwortlich f\u00fcr den Inhalt<\/h2>\n<div class=\"su-row\"><div class=\"su-column su-column-size-1-2\"><div class=\"su-column-inner su-u-clearfix su-u-trim\">\n<img loading=\"lazy\" decoding=\"async\" src=\"https:\/\/www.roulette.school\/de\/wp-content\/uploads\/2021\/01\/website.jpg\" alt=\"One.com in D\u00e4nemark\" width=\"300\" height=\"140\" class=\"alignnone size-full wp-image-918\" \/><br \/>\nDiese Website ist bei <a href=\"https:\/\/www.one.com\/de\/\" rel=\"noopener\" target=\"_blank\">One.com<\/a> in D\u00e4nemark beheimatet.<br \/>\n<\/div><\/div>\n<div class=\"su-column su-column-size-1-2\"><div class=\"su-column-inner su-u-clearfix su-u-trim\">\n<p>Die Seiten von Roulette School sind auf drei L\u00e4nder ausgerichtet: \u00d6sterreich, England und Kanada. Ihr st\u00e4ndiger Wohnsitz liegt nicht in einem dieser L\u00e4nder? In diesem Fall m\u00fcssen wir Sie bitten, unsere Website zu verlassen. Wir k\u00f6nnen nicht gew\u00e4hrleisten, dass unsere Seite mit den Rechtsbestimmungen anderer L\u00e4nder konform ist.<\/p>\n<p>Besucher von Roulette School k\u00f6nnen den Inhaber der Website per E-Mail kontaktieren.<br \/>\n<\/div><\/div><\/div>\n<h2>Cookies und Datenschutz<\/h2>\n<p>Die Website Roulette School verwendet keine Cookies. Beim Zugriff auf unsere Website werden keine Daten erhoben. Wenn Sie uns per E-Mail oder auf dem Postweg kontaktieren, werden Ihre pers\u00f6nlichen Daten vertraulich behandelt.<\/p>\n<h2>Zugang zu unseren Dienstleistungen<\/h2>\n<p>Die Nutzung dieser Website ist kostenlos. Die Publikationen und Bilder auf der Website stehen kostenfrei zur Verf\u00fcgung.<\/p>\n<h2>Urheberrecht<\/h2>\n<p>Alle Inhalte der Roulette School Website sind urheberrechtlich gesch\u00fctzt. F\u00fcr jegliche Nutzung oder Vervielf\u00e4ltigung der Inhalte muss vom Inhaber der Seite eine Genehmigung erteilt werden.<\/p>\n<h2>Haftungsausschluss<\/h2>\n<p>Die Inhalte unserer Website wurden mit gr\u00f6\u00dfter Sorgfalt erstellt und stammen aus zuverl\u00e4ssigen Quellen. Dennoch beh\u00e4lt sich der Inhaber das Recht vor, jegliche Gew\u00e4hrleistung f\u00fcr die hier aufgef\u00fchrten Informationen auszuschlie\u00dfen. Die Angaben auf der Website dienen ausschlie\u00dflich Informationszwecken.<\/p>\n<p>Die Besucher der Seite sind verantwortlich f\u00fcr die Art der Nutzung der Website und aller dargebotenen Inhalte. Der Inhaber \u00fcbernimmt keine Haftung f\u00fcr Schadensf\u00e4lle, die auf ein durch Verschulden Dritter herbeigef\u00fchrtes, unvorhersehbares und unvermeidbares Ereignis oder auf h\u00f6here Gewalt zur\u00fcckzuf\u00fchren sind.<\/p>\n<h2>Externe Links<\/h2>\n<p>F\u00fcr externe Links, die von der Roulette School Website ausgehen, wird keine Haftung \u00fcbernommen.<\/p>\n<p>In \u00dcbereinstimmung mit der aktuellen Rechtslage informierten wir Sie hiermit dar\u00fcber, dass unsere Website ausgehende Affiliate-Links zu Seiten von <a href=\"https:\/\/www.roulette.school\/de\/casino-osterreich\/\">Online Casinos<\/a> enthalten kann. Wenn Sie sich bei einem dieser Online Casinos registrieren, k\u00f6nnte der Inhaber der Roulette School dadurch Einnahmen erzielen.<\/p>\n<h2>Vertragsdauer<\/h2>\n<p>Die Laufzeit dieses Vertrags ist auf unbestimmte Zeit festgelegt. Sollten Sie nach aktueller Rechtslage Ihres Herkunftslandes noch nicht vollj\u00e4hrig sein oder an einer Spielsucht leiden, m\u00fcssen wir Sie bitten, diese Seite zu verlassen.<\/p>\n<h2>Verantwortungsvolles Gl\u00fccksspiel<\/h2>\n<p>Wir m\u00f6chten Sie darauf hinweisen, dass Sie in eine schwierige Lage geraten k\u00f6nnten, wenn Sie zu zwanghaftem Spielen neigen oder an Spielsucht leiden. Der Geldbetrag, den Sie in einem Online Casino ausgeben, sollte niemals Ihr Budget \u00fcberschreiten.<\/p>\n<p>Achten Sie darauf, beim Spielen keine Schulden zu machen. Wenn Sie Geld in einem Online Casino setzen und sich dadurch verschulden, sollten Sie sofort mit dem Spielen aufh\u00f6ren! Gl\u00fccksspiel bietet keine Garantie f\u00fcr ein Einkommen. Und Achtung: Geldverluste im Casino werden grunds\u00e4tzlich nicht erstattet!<\/p>\n<h2>Spielsucht<\/h2>\n<p>Wir raten Spielern, die zu zwanghaftem Spielverhalten neigen, davon ab, im Online Casino um Geld zu wetten. Wenn Sie glauben, dass Sie spielsuchtgef\u00e4hrdet sein k\u00f6nnten, sollten Sie sich umgehend professionelle Hilfe suchen. Bei Problemen mit Spielsucht k\u00f6nnen Sie sich an eine entsprechende Organisation wenden. Ihr Anliegen wird nat\u00fcrlich vertraulich behandelt.<\/p>\n","protected":false},"excerpt":{"rendered":"<p>Diese Bedingungen regeln das Rechtsverh\u00e4ltnis zwischen den Besuchern der Website von Roulette School und ihrem Inhaber. Wenn Sie auf diese<\/p>\n","protected":false},"author":1,"featured_media":0,"parent":0,"menu_order":0,"comment_status":"closed","ping_status":"closed","template":"template-fullwidth.php","meta":{"footnotes":""},"class_list":["post-28","page","type-page","status-publish","hentry"],"yoast_head":"<!-- This site is optimized with the Yoast SEO plugin v26.9 - https:\/\/yoast.com\/product\/yoast-seo-wordpress\/ -->\n<title>Nutzungsbedingungen, Impressum und Datenschutz<\/title>\n<meta name=\"description\" content=\"Impressum unserer Website in \u00d6sterreich. Online Gl\u00fccksspiel und Privatsph\u00e4re im Netz. Rechtlicher Rahmen und Haftung der Parteien.\" \/>\n<meta name=\"robots\" content=\"index, follow, max-snippet:-1, max-image-preview:large, max-video-preview:-1\" \/>\n<link rel=\"canonical\" href=\"https:\/\/www.roulette.school\/de\/webmaster\/\" \/>\n<meta property=\"og:locale\" content=\"de_DE\" \/>\n<meta property=\"og:type\" content=\"article\" \/>\n<meta property=\"og:title\" content=\"Nutzungsbedingungen, Impressum und Datenschutz\" \/>\n<meta property=\"og:description\" content=\"Impressum unserer Website in \u00d6sterreich. Online Gl\u00fccksspiel und Privatsph\u00e4re im Netz. Rechtlicher Rahmen und Haftung der Parteien.\" \/>\n<meta property=\"og:url\" content=\"https:\/\/www.roulette.school\/de\/webmaster\/\" \/>\n<meta property=\"og:site_name\" content=\"Roulette School\" \/>\n<meta property=\"article:modified_time\" content=\"2021-11-23T20:35:28+00:00\" \/>\n<meta property=\"og:image\" content=\"https:\/\/www.roulette.school\/de\/wp-content\/uploads\/2021\/01\/website.jpg\" \/>\n<meta name=\"twitter:card\" content=\"summary_large_image\" \/>\n<meta name=\"twitter:label1\" content=\"Gesch\u00e4tzte Lesezeit\" \/>\n\t<meta name=\"twitter:data1\" content=\"4 Minuten\" \/>\n<script type=\"application\/ld+json\" class=\"yoast-schema-graph\">{\"@context\":\"https:\/\/schema.org\",\"@graph\":[{\"@type\":\"WebPage\",\"@id\":\"https:\/\/www.roulette.school\/de\/webmaster\/\",\"url\":\"https:\/\/www.roulette.school\/de\/webmaster\/\",\"name\":\"Nutzungsbedingungen, Impressum und Datenschutz\",\"isPartOf\":{\"@id\":\"https:\/\/www.roulette.school\/de\/#website\"},\"primaryImageOfPage\":{\"@id\":\"https:\/\/www.roulette.school\/de\/webmaster\/#primaryimage\"},\"image\":{\"@id\":\"https:\/\/www.roulette.school\/de\/webmaster\/#primaryimage\"},\"thumbnailUrl\":\"https:\/\/www.roulette.school\/de\/wp-content\/uploads\/2021\/01\/website.jpg\",\"datePublished\":\"2020-11-26T16:01:54+00:00\",\"dateModified\":\"2021-11-23T20:35:28+00:00\",\"description\":\"Impressum unserer Website in \u00d6sterreich. Online Gl\u00fccksspiel und Privatsph\u00e4re im Netz. Rechtlicher Rahmen und Haftung der Parteien.\",\"breadcrumb\":{\"@id\":\"https:\/\/www.roulette.school\/de\/webmaster\/#breadcrumb\"},\"inLanguage\":\"de-AT\",\"potentialAction\":[{\"@type\":\"ReadAction\",\"target\":[\"https:\/\/www.roulette.school\/de\/webmaster\/\"]}]},{\"@type\":\"ImageObject\",\"inLanguage\":\"de-AT\",\"@id\":\"https:\/\/www.roulette.school\/de\/webmaster\/#primaryimage\",\"url\":\"https:\/\/www.roulette.school\/de\/wp-content\/uploads\/2021\/01\/website.jpg\",\"contentUrl\":\"https:\/\/www.roulette.school\/de\/wp-content\/uploads\/2021\/01\/website.jpg\",\"width\":300,\"height\":140,\"caption\":\"One.com in D\u00e4nemark\"},{\"@type\":\"BreadcrumbList\",\"@id\":\"https:\/\/www.roulette.school\/de\/webmaster\/#breadcrumb\",\"itemListElement\":[{\"@type\":\"ListItem\",\"position\":1,\"name\":\"Home\",\"item\":\"https:\/\/www.roulette.school\/de\/\"},{\"@type\":\"ListItem\",\"position\":2,\"name\":\"Impressum und Nutzungsbedingungen\"}]},{\"@type\":\"WebSite\",\"@id\":\"https:\/\/www.roulette.school\/de\/#website\",\"url\":\"https:\/\/www.roulette.school\/de\/\",\"name\":\"Roulette School\",\"description\":\"Roulette Guide\",\"publisher\":{\"@id\":\"https:\/\/www.roulette.school\/de\/#organization\"},\"potentialAction\":[{\"@type\":\"SearchAction\",\"target\":{\"@type\":\"EntryPoint\",\"urlTemplate\":\"https:\/\/www.roulette.school\/de\/?s={search_term_string}\"},\"query-input\":{\"@type\":\"PropertyValueSpecification\",\"valueRequired\":true,\"valueName\":\"search_term_string\"}}],\"inLanguage\":\"de-AT\"},{\"@type\":\"Organization\",\"@id\":\"https:\/\/www.roulette.school\/de\/#organization\",\"name\":\"Roulette School\",\"url\":\"https:\/\/www.roulette.school\/de\/\",\"logo\":{\"@type\":\"ImageObject\",\"inLanguage\":\"de-AT\",\"@id\":\"https:\/\/www.roulette.school\/de\/#\/schema\/logo\/image\/\",\"url\":\"https:\/\/www.roulette.school\/de\/wp-content\/uploads\/2021\/02\/rsl.png\",\"contentUrl\":\"https:\/\/www.roulette.school\/de\/wp-content\/uploads\/2021\/02\/rsl.png\",\"width\":350,\"height\":50,\"caption\":\"Roulette School\"},\"image\":{\"@id\":\"https:\/\/www.roulette.school\/de\/#\/schema\/logo\/image\/\"}}]}<\/script>\n<!-- \/ Yoast SEO plugin. -->","yoast_head_json":{"title":"Nutzungsbedingungen, Impressum und Datenschutz","description":"Impressum unserer Website in \u00d6sterreich. Online Gl\u00fccksspiel und Privatsph\u00e4re im Netz. Rechtlicher Rahmen und Haftung der Parteien.","robots":{"index":"index","follow":"follow","max-snippet":"max-snippet:-1","max-image-preview":"max-image-preview:large","max-video-preview":"max-video-preview:-1"},"canonical":"https:\/\/www.roulette.school\/de\/webmaster\/","og_locale":"de_DE","og_type":"article","og_title":"Nutzungsbedingungen, Impressum und Datenschutz","og_description":"Impressum unserer Website in \u00d6sterreich. Online Gl\u00fccksspiel und Privatsph\u00e4re im Netz. Rechtlicher Rahmen und Haftung der Parteien.","og_url":"https:\/\/www.roulette.school\/de\/webmaster\/","og_site_name":"Roulette School","article_modified_time":"2021-11-23T20:35:28+00:00","og_image":[{"url":"https:\/\/www.roulette.school\/de\/wp-content\/uploads\/2021\/01\/website.jpg","type":"","width":"","height":""}],"twitter_card":"summary_large_image","twitter_misc":{"Gesch\u00e4tzte Lesezeit":"4 Minuten"},"schema":{"@context":"https:\/\/schema.org","@graph":[{"@type":"WebPage","@id":"https:\/\/www.roulette.school\/de\/webmaster\/","url":"https:\/\/www.roulette.school\/de\/webmaster\/","name":"Nutzungsbedingungen, Impressum und Datenschutz","isPartOf":{"@id":"https:\/\/www.roulette.school\/de\/#website"},"primaryImageOfPage":{"@id":"https:\/\/www.roulette.school\/de\/webmaster\/#primaryimage"},"image":{"@id":"https:\/\/www.roulette.school\/de\/webmaster\/#primaryimage"},"thumbnailUrl":"https:\/\/www.roulette.school\/de\/wp-content\/uploads\/2021\/01\/website.jpg","datePublished":"2020-11-26T16:01:54+00:00","dateModified":"2021-11-23T20:35:28+00:00","description":"Impressum unserer Website in \u00d6sterreich. Online Gl\u00fccksspiel und Privatsph\u00e4re im Netz. Rechtlicher Rahmen und Haftung der Parteien.","breadcrumb":{"@id":"https:\/\/www.roulette.school\/de\/webmaster\/#breadcrumb"},"inLanguage":"de-AT","potentialAction":[{"@type":"ReadAction","target":["https:\/\/www.roulette.school\/de\/webmaster\/"]}]},{"@type":"ImageObject","inLanguage":"de-AT","@id":"https:\/\/www.roulette.school\/de\/webmaster\/#primaryimage","url":"https:\/\/www.roulette.school\/de\/wp-content\/uploads\/2021\/01\/website.jpg","contentUrl":"https:\/\/www.roulette.school\/de\/wp-content\/uploads\/2021\/01\/website.jpg","width":300,"height":140,"caption":"One.com in D\u00e4nemark"},{"@type":"BreadcrumbList","@id":"https:\/\/www.roulette.school\/de\/webmaster\/#breadcrumb","itemListElement":[{"@type":"ListItem","position":1,"name":"Home","item":"https:\/\/www.roulette.school\/de\/"},{"@type":"ListItem","position":2,"name":"Impressum und Nutzungsbedingungen"}]},{"@type":"WebSite","@id":"https:\/\/www.roulette.school\/de\/#website","url":"https:\/\/www.roulette.school\/de\/","name":"Roulette School","description":"Roulette Guide","publisher":{"@id":"https:\/\/www.roulette.school\/de\/#organization"},"potentialAction":[{"@type":"SearchAction","target":{"@type":"EntryPoint","urlTemplate":"https:\/\/www.roulette.school\/de\/?s={search_term_string}"},"query-input":{"@type":"PropertyValueSpecification","valueRequired":true,"valueName":"search_term_string"}}],"inLanguage":"de-AT"},{"@type":"Organization","@id":"https:\/\/www.roulette.school\/de\/#organization","name":"Roulette School","url":"https:\/\/www.roulette.school\/de\/","logo":{"@type":"ImageObject","inLanguage":"de-AT","@id":"https:\/\/www.roulette.school\/de\/#\/schema\/logo\/image\/","url":"https:\/\/www.roulette.school\/de\/wp-content\/uploads\/2021\/02\/rsl.png","contentUrl":"https:\/\/www.roulette.school\/de\/wp-content\/uploads\/2021\/02\/rsl.png","width":350,"height":50,"caption":"Roulette School"},"image":{"@id":"https:\/\/www.roulette.school\/de\/#\/schema\/logo\/image\/"}}]}},"_links":{"self":[{"href":"https:\/\/www.roulette.school\/de\/wp-json\/wp\/v2\/pages\/28","targetHints":{"allow":["GET"]}}],"collection":[{"href":"https:\/\/www.roulette.school\/de\/wp-json\/wp\/v2\/pages"}],"about":[{"href":"https:\/\/www.roulette.school\/de\/wp-json\/wp\/v2\/types\/page"}],"author":[{"embeddable":true,"href":"https:\/\/www.roulette.school\/de\/wp-json\/wp\/v2\/users\/1"}],"replies":[{"embeddable":true,"href":"https:\/\/www.roulette.school\/de\/wp-json\/wp\/v2\/comments?post=28"}],"version-history":[{"count":24,"href":"https:\/\/www.roulette.school\/de\/wp-json\/wp\/v2\/pages\/28\/revisions"}],"predecessor-version":[{"id":995,"href":"https:\/\/www.roulette.school\/de\/wp-json\/wp\/v2\/pages\/28\/revisions\/995"}],"wp:attachment":[{"href":"https:\/\/www.roulette.school\/de\/wp-json\/wp\/v2\/media?parent=28"}],"curies":[{"name":"wp","href":"https:\/\/api.w.org\/{rel}","templated":true}]}}