{"id":30,"date":"2020-11-26T16:02:07","date_gmt":"2020-11-26T16:02:07","guid":{"rendered":"https:\/\/www.roulette.school\/de\/?page_id=30"},"modified":"2021-11-23T20:32:33","modified_gmt":"2021-11-23T20:32:33","slug":"amerikanische","status":"publish","type":"page","link":"https:\/\/www.roulette.school\/de\/amerikanische\/","title":{"rendered":"Amerikanisches Roulette"},"content":{"rendered":"<div class=\"su-row\"><div class=\"su-column su-column-size-2-3\"><div class=\"su-column-inner su-u-clearfix su-u-trim\">Auf der anderen Seite des gro\u00dfen Teichs ist das amerikanische Roulette der Renner in den Casinos.<\/p>\n<p>Das Herz der Amerikaner schl\u00e4gt f\u00fcr diese Spielvariante, obwohl das franz\u00f6sische und europ\u00e4ische Roulette viel bessere Gewinnchancen bieten! Im Netz zeichnet sich zum Gl\u00fcck ein anderer Trend ab. In den Online Casinos ist Roulette aus Europa auf dem Vormarsch.<\/p>\n<h2>Was sollte ich \u00fcber amerikanisches Roulette wissen?<\/h2>\n<ul>\n<li>Der Roulettekessel hat 38 F\u00e4cher und enth\u00e4lt die Zahlen 1 bis 36, die Null und die Doppelnull.<\/li>\n<li>In den USA ist es eines der beliebtesten Tischspiele \u00fcberhaupt.<\/li>\n<li>Der Hausvorteil betr\u00e4gt 5,26%. Die R\u00fccklaufquote betr\u00e4gt somit 94,74%.<\/li>\n<\/ul>\n<\/div><\/div>\n<div class=\"su-column su-column-size-1-3\"><div class=\"su-column-inner su-u-clearfix su-u-trim\"><img loading=\"lazy\" decoding=\"async\" src=\"https:\/\/www.roulette.school\/de\/wp-content\/uploads\/2020\/12\/amerikanisches-roulette.jpg\" alt=\"Das amerikanisches Roulette\" width=\"350\" height=\"350\" class=\"alignnone size-full wp-image-552\" srcset=\"https:\/\/www.roulette.school\/de\/wp-content\/uploads\/2020\/12\/amerikanisches-roulette.jpg 350w, https:\/\/www.roulette.school\/de\/wp-content\/uploads\/2020\/12\/amerikanisches-roulette-300x300.jpg 300w, https:\/\/www.roulette.school\/de\/wp-content\/uploads\/2020\/12\/amerikanisches-roulette-150x150.jpg 150w\" sizes=\"auto, (max-width: 350px) 100vw, 350px\" \/><\/div><\/div><\/div>\n<h2>Wo kann man amerikanisches Roulette im Netz spielen?<\/h2>\n<p>\n<div class=\"su-row\"><div class=\"su-column su-column-size-2-5\"><div class=\"su-column-inner su-u-clearfix su-u-trim\">\nIn \u00d6sterreich wird diese Variante in verschiedenen Online Casinos angeboten.<\/p>\n<p>Doch Achtung: amerikanisches Roulette hat im Vergleich zu allen anderen Roulette Spielen die niedrigste R\u00fccklaufquote! Darum sollten Sie ein <a href=\"https:\/\/www.roulette.school\/de\/casino-osterreich\/\">Online Casino<\/a> ausw\u00e4hlen, das einen gro\u00dfen Willkommensbonus anbietet. So l\u00e4sst sich der Hausvorteil ausgleichen.<\/p>\n<p>Den gro\u00dfz\u00fcgigsten Bonus gibt es bei Golden Tiger. F\u00fcr neue Mitglieder verdoppelt dieses Casino die ersten vier Einzahlungen. Insgesamt bekommen Sie hier bis zu 1500 \u20ac geschenkt.<br \/>\n<\/div><\/div>\n<div class=\"su-column su-column-size-3-5\"><div class=\"su-column-inner su-u-clearfix su-u-trim\">\n<div align=\"center\"><a class=\"add\" href=\"https:\/\/iredirect.net\/referral\/?site=gt&#038;lang=at&#038;aff_id=aff100309\" target=\"_blank\" rel=\"noopener noreferrer\"><img loading=\"lazy\" decoding=\"async\" src=\"https:\/\/www.roulette.school\/de\/wp-content\/uploads\/2021\/02\/golden-tiger.jpg\" alt=\"Golden Tiger\" width=\"720\" height=\"450\" class=\"alignnone size-full wp-image-974\" srcset=\"https:\/\/www.roulette.school\/de\/wp-content\/uploads\/2021\/02\/golden-tiger.jpg 720w, https:\/\/www.roulette.school\/de\/wp-content\/uploads\/2021\/02\/golden-tiger-300x188.jpg 300w\" sizes=\"auto, (max-width: 720px) 100vw, 720px\" \/><br \/>\nBEI GOLDEN TIGER SPIELEN<\/a><\/div>\n<\/div><\/div><\/div>\n&nbsp;<\/p>\n<h2>Wie geht amerikanisches Roulette?<\/h2>\n<p>Die Regeln dieser Variante sind sehr einfach. Ziel des Spiels ist es, zu erraten, auf welche Zahl oder Farbe die Kugel f\u00e4llt. Es gibt zwei unterschiedliche Arten von Wetten: Innen- und Au\u00dfenwetten.<div class=\"su-row\"><div class=\"su-column su-column-size-1-2\"><div class=\"su-column-inner su-u-clearfix su-u-trim\">\n<h3 class=colt>Innenwetten<\/h3>\n<p>Diese Wetten sind f\u00fcr Spieler, die aufs Ganze gehen wollen, denn sie bieten die besten Quoten. Hat man auf eine einzelne Zahl gesetzt und liegt richtig, wird das 35-fache des Einsatzes ausgezahlt \u2013 beim Roulette der h\u00f6chstm\u00f6gliche Gewinn! Man kann auch auf Zahlenkombinationen setzen und ein Vielfaches des Einsatzes gewinnen.<\/div><\/div>\n<div class=\"su-column su-column-size-1-2\"><div class=\"su-column-inner su-u-clearfix su-u-trim\">\n<h3 class=colt>Au\u00dfenwetten<\/h3>\n<p>Wer kein gro\u00dfes Risiko eingehen will, setzt z.B. auf eine Farbe. Die Wahrscheinlichkeit, mit dieser Au\u00dfenwette zu gewinnen, liegt bei fast 50%. Bei jedem Roulette Spiel gibt es ein Einsatzlimit. Im Online Casino wie auch vor Ort werden diese Limits an den Tischen angezeigt. Der niedrigste Einsatz betr\u00e4gt 1\u20ac, der h\u00f6chste meist 10.000\u20ac.<\/div><\/div><\/div>\n<h2>Eine Partie amerikanisches Roulette spielen<\/h2>\n<p>Vor dem Spiel wird die W\u00e4hrung in Chips umgetauscht. Diese sind bunt, jede Farbe hat einen bestimmten Wert. In einem lokalen Casino passiert das an der Kasse. Im Online Casino \u00fcbernimmt die Software \u2013 einfacher geht es kaum!<\/p>\n<p>Sie k\u00f6nnen Ihre Chips auf einzelne Zahlen, Zahlengruppen oder bestimmte Eigenschaften der Zahlen setzen. Bevor Sie Ihre Chips platzieren, k\u00fcndigt der Croupier mit dem Ausruf \u201eMake your bets!\u201c oder \u201eMachen Sie Ihr Spiel\u201c den Beginn der Runde an. Und schon dreht er den Kessel. Die Kugel l\u00e4sst er in die entgegengesetzte Richtung rollen.<\/p>\n<p>Sie haben in der Regel eine Minute Zeit, um Ihren Einsatz zu machen. Hierf\u00fcr legen Sie Ihre Chips auf das gew\u00fcnschte Feld. L\u00e4sst der Croupier den ber\u00fchmten Ausspruch &#8222;Nichts geht mehr&#8220; verlauten, ist es nicht mehr m\u00f6glich, Wetten zu platzieren. Sobald die Kugel in eines der F\u00e4cher f\u00e4llt, sagt der Croupier die Gewinnzahl an. Verlorene Chips werden einkassiert und Gewinne sofort ausgezahlt. Und schon beginnt das Spiel von vorn.<\/p>\n<h2>Das Roulette Rad mit 38 Feldern<\/h2>\n<div class=\"su-row\"><div class=\"su-column su-column-size-2-5\"><div class=\"su-column-inner su-u-clearfix su-u-trim\">\nWie Sie auf dem Bild sehen k\u00f6nnen, hat das amerikanische Roulette 38 Felder. Es gibt die Zahlen 1 bis 36, eine einfache Null (0) und eine doppelte Null (00). Die K\u00e4stchen 1 bis 36 sind abwechselnd rot und schwarz. Die Nullen sind gr\u00fcn.<\/p>\n<p>Im Kessel sind die Zahlen vermischt angeordnet. Die Wahrscheinlichkeit, dass die Kugel auf der einen oder anderen Zahl landet, ist immer gleich.<br \/>\n<\/div><\/div>\n<div class=\"su-column su-column-size-3-5\"><div class=\"su-column-inner su-u-clearfix su-u-trim\"><img loading=\"lazy\" decoding=\"async\" src=\"https:\/\/www.roulette.school\/de\/wp-content\/uploads\/2020\/12\/amerikanische-felder.jpg\" alt=\"Amerikanisches Tableau mit 38 Feldern\" width=\"720\" height=\"340\" class=\"aligncenter size-full wp-image-472\" srcset=\"https:\/\/www.roulette.school\/de\/wp-content\/uploads\/2020\/12\/amerikanische-felder.jpg 720w, https:\/\/www.roulette.school\/de\/wp-content\/uploads\/2020\/12\/amerikanische-felder-300x142.jpg 300w\" sizes=\"auto, (max-width: 720px) 100vw, 720px\" \/><\/div><\/div><\/div>\n<h3>So wettet man beim amerikanischen Roulette<\/h3>\n<p><strong>Innenwetten<\/strong> sind am lukrativsten. F\u00fcr die h\u00f6chste Auszahlungsquote setzt man auf eine einzelne Zahl. Es ist auch m\u00f6glich, auf Zahlenkombinationen zu tippen. In diesem Fall liegen die Zahlen nebeneinander, beide Wetten k\u00f6nnen mit nur einem Chip platziert werden.<\/p>\n<p><strong>Au\u00dfenwetten<\/strong> verdoppeln oder verdreifachen im Gewinnfall den Einsatz. In \u00d6sterreich setzten die Spieler beim Online Roulette gern auf rot oder schwarz.<\/p>\n<h4>Innenwetten<\/h4>\n<div class=\"su-row\"><div class=\"su-column su-column-size-1-2\"><div class=\"su-column-inner su-u-clearfix su-u-trim\">\n<table>\n<tbody>\n<tr>\n<td><strong>Wette<\/strong><\/td>\n<td><strong>Quote<\/strong><\/td>\n<td><strong>Gewinnchance<\/strong><\/td>\n<\/tr>\n<tr>\n<td>Straight Up<\/td>\n<td>35:1<\/td>\n<td>2,63%<\/td>\n<\/tr>\n<tr>\n<td>Split<\/td>\n<td>17:1<\/td>\n<td>5,26%<\/td>\n<\/tr>\n<tr>\n<td>Street Bet<\/td>\n<td>11:1<\/td>\n<td>7,89%<\/td>\n<\/tr>\n<tr>\n<td>Square<\/td>\n<td>8:1<\/td>\n<td>10,53%<\/td>\n<\/tr>\n<tr>\n<td>Basket<\/td>\n<td>6:1<\/td>\n<td>13,16%<\/td>\n<\/tr>\n<tr>\n<td>Six Line Bet<\/td>\n<td>5:1<\/td>\n<td>15,79%<\/td>\n<\/tr>\n<\/tbody>\n<\/table>\n<\/div><\/div>\n<div class=\"su-column su-column-size-1-2\"><div class=\"su-column-inner su-u-clearfix su-u-trim\"><img loading=\"lazy\" decoding=\"async\" class=\"alignnone size-full wp-image-465\" src=\"https:\/\/www.roulette.school\/de\/wp-content\/uploads\/2020\/12\/straight-up.jpg\" alt=\"Wette auf eine Zahl\" width=\"420\" height=\"320\" srcset=\"https:\/\/www.roulette.school\/de\/wp-content\/uploads\/2020\/12\/straight-up.jpg 420w, https:\/\/www.roulette.school\/de\/wp-content\/uploads\/2020\/12\/straight-up-300x229.jpg 300w\" sizes=\"auto, (max-width: 420px) 100vw, 420px\" \/><\/div><\/div><\/div>\n<ul>\n<li><strong>Straight Up<\/strong><br \/>\nBei dieser Wette setzt der Spieler auf eine einzige Zahl. Die Auszahlungsquote ist hier am h\u00f6chsten. Liegt man richtig, gewinnt man das 35-fache des Einsatzes.<\/li>\n<li><strong>Split<\/strong><br \/>\nMan setzt auf zwei Zahlen, die auf dem Roulettefeld aneinandergrenzen. Diese Wette wird auch Straddle-Einsatz genannt. Daf\u00fcr legt man den Chip auf die Linie zwischen den beiden Zahlen. Die Auszahlungsquote betr\u00e4gt 17:1.<\/li>\n<li><strong>Street Bet<\/strong><br \/>\nDer Einsatz wird auf einer horizontalen Linie &#8211; der Stra\u00dfe &#8211; platziert. Somit wettet man auf die drei Zahlen in der entsprechenden Zeile. Daf\u00fcr legt der Spieler den Chip auf die Linie am Anfang der Reihe. Hat man richtig getippt, erh\u00e4lt man das 11-fache des Einsatzes.<\/li>\n<li><strong>Square<\/strong><br \/>\nBei dieser Wette, die auch Eckwette oder Viererwette genannt wird, setzt man auf ein Quadrat von vier Zahlen, die sich auf dem Feld ber\u00fchren. Erscheint eine der Zahlen, betr\u00e4gt die Auszahlungsquote 8:1.<\/li>\n<li><strong>Basket<\/strong><br \/>\nDiese Kombinationswette, auch Korbwette oder Top Line Bet genannt, ist besonders riskant. Man setzt auf die Felder 0, 00, 1, 2 und 3. Jedoch ist der Hausvorteil mit 7,9% sehr hoch. Wer dennoch gewinnt, wird 6:1 ausgezahlt.<\/li>\n<li><strong>Six Line<\/strong><br \/>\nMan setzt auf sechs Zahlen in zwei horizontalen Reihen, die sich ber\u00fchren. Der Einsatz wird auf den Punkt platziert, an dem sich die Reihen kreuzen. Diese Wette zahlt im Gewinnfall 5:1 aus.<\/li>\n<\/ul>\n<h4>Au\u00dfenwetten<\/h4>\n<div class=\"su-row\"><div class=\"su-column su-column-size-1-2\"><div class=\"su-column-inner su-u-clearfix su-u-trim\">\n<table>\n<tbody>\n<tr>\n<td><strong>Wette<\/strong><\/td>\n<td><strong>Quote<\/strong><\/td>\n<td><strong>Gewinnchance<\/strong><\/td>\n<\/tr>\n<tr>\n<td>Kolonne<\/td>\n<td>2:1<\/td>\n<td>31,58%<\/td>\n<\/tr>\n<tr>\n<td>Dutzend<\/td>\n<td>2:1<\/td>\n<td>31,58%<\/td>\n<\/tr>\n<tr>\n<td>Rot \/ Schwarz<\/td>\n<td>1:1<\/td>\n<td>47,37%<\/td>\n<\/tr>\n<tr>\n<td>Gerade \/ Ungerade<\/td>\n<td>1:1<\/td>\n<td>47,37%<\/td>\n<\/tr>\n<tr>\n<td>Niedrig \/ Hoch<\/td>\n<td>1:1<\/td>\n<td>47,37%<\/td>\n<\/tr>\n<\/tbody>\n<\/table>\n<\/div><\/div>\n<div class=\"su-column su-column-size-1-2\"><div class=\"su-column-inner su-u-clearfix su-u-trim\"><img loading=\"lazy\" decoding=\"async\" class=\"alignnone size-full wp-image-466\" src=\"https:\/\/www.roulette.school\/de\/wp-content\/uploads\/2020\/12\/Ausenwetten-roulette.jpg\" alt=\"Au\u00dferhalb befinden sich die einfachen Chancen\" width=\"420\" height=\"300\" srcset=\"https:\/\/www.roulette.school\/de\/wp-content\/uploads\/2020\/12\/Ausenwetten-roulette.jpg 420w, https:\/\/www.roulette.school\/de\/wp-content\/uploads\/2020\/12\/Ausenwetten-roulette-300x214.jpg 300w\" sizes=\"auto, (max-width: 420px) 100vw, 420px\" \/><\/div><\/div><\/div>\n<ul>\n<li><strong>Kolonne<\/strong><br \/>\nMan setzt auf eine der drei vertikalen Reihen. Diese haben jeweils 12 Zahlen. Der Einsatz wird auf das Feld am unteren Ende der Reihe platziert (2:1 Feld). Die Auszahlung ist dementsprechend 2:1.<\/li>\n<li><strong>Dutzend<\/strong><br \/>\nAuch hier wettet man auf 12 Zahlen. Der Spieler setzt auf die Zahlen 1 bis 12, 13 bis 24 oder 25 bis 36. Die Quote betr\u00e4gt ebenfalls 2:1.<\/li>\n<li><strong>Rot \/ Schwarz<\/strong><br \/>\nDies ist die meistgespielte und beliebteste Wette von allen. Rot oder schwarz, Sie haben die Wahl! Hier gilt doppelt oder nichts, die Auszahlung liegt bei 1:1.<\/li>\n<li><strong>Gerade \/ Ungerade<\/strong><br \/>\nAuch diese Wette ist sehr beliebt. Man setzt auf gerade oder ungerade Zahlen, wie bei Rot \/ Schwarz ist die Auszahlungsquote 1:1.<\/li>\n<li><strong>Niedrig \/ Hoch<\/strong><br \/>\nBei dieser Wette setzt man auf den oberen oder unteren Teil des Spielfelds. Das sind die Zahlen 1 bis 18 (Niedrig) und 19 bis 36 (Hoch). Die Auszahlung ist auch hier 1:1.<\/li>\n<\/ul>\n<h2>Ursprung des amerikanischen Roulettes<\/h2>\n<p>Diese Roulette Variante entstand in den USA des 19. Jahrhunderts. Die Casinobetreiber wollten dem Importschlager aus Europa einen eigenen Anstrich verleihen. Also \u00e4nderten sie den Namen und f\u00fcgten ein neues Feld hinzu, die Doppelnull. Ein schlauer Schachzug, der dem Casino einen h\u00f6heren Bankvorteil sicherte! Die Spieler aber hatten nichts dagegen. Sie lie\u00dfen <a href=\"https:\/\/www.roulette.school\/de\/europaische\/\">die europ\u00e4ische Variante<\/a> links liegen und st\u00fcrzten sich auf das neue Spiel. Liebe macht blind, auch wenn es gar nicht um eine Frau, sondern ums eigene Land geht&#8230;<\/p>\n","protected":false},"excerpt":{"rendered":"<p>Wo kann man amerikanisches Roulette im Netz spielen? &nbsp; Wie geht amerikanisches Roulette? Die Regeln dieser Variante sind sehr einfach.<\/p>\n","protected":false},"author":1,"featured_media":0,"parent":0,"menu_order":0,"comment_status":"closed","ping_status":"closed","template":"template-fullwidth.php","meta":{"footnotes":""},"class_list":["post-30","page","type-page","status-publish","hentry"],"yoast_head":"<!-- This site is optimized with the Yoast SEO plugin v26.9 - https:\/\/yoast.com\/product\/yoast-seo-wordpress\/ -->\n<title>Amerikanisches Online Roulette | Spielregeln<\/title>\n<meta name=\"description\" content=\"Wie geht amerikanisches Roulette? Spielregeln und R\u00fccklaufquoten. Spielen Sie im Internet in den besten Online Casinos.\" \/>\n<meta name=\"robots\" content=\"index, follow, max-snippet:-1, max-image-preview:large, max-video-preview:-1\" \/>\n<link rel=\"canonical\" href=\"https:\/\/www.roulette.school\/de\/amerikanische\/\" \/>\n<meta property=\"og:locale\" content=\"de_DE\" \/>\n<meta property=\"og:type\" content=\"article\" \/>\n<meta property=\"og:title\" content=\"Amerikanisches Online Roulette | Spielregeln\" \/>\n<meta property=\"og:description\" content=\"Wie geht amerikanisches Roulette? Spielregeln und R\u00fccklaufquoten. Spielen Sie im Internet in den besten Online Casinos.\" \/>\n<meta property=\"og:url\" content=\"https:\/\/www.roulette.school\/de\/amerikanische\/\" \/>\n<meta property=\"og:site_name\" content=\"Roulette School\" \/>\n<meta property=\"article:modified_time\" content=\"2021-11-23T20:32:33+00:00\" \/>\n<meta property=\"og:image\" content=\"https:\/\/www.roulette.school\/de\/wp-content\/uploads\/2020\/12\/amerikanisches-roulette.jpg\" \/>\n<meta name=\"twitter:card\" content=\"summary_large_image\" \/>\n<meta name=\"twitter:label1\" content=\"Gesch\u00e4tzte Lesezeit\" \/>\n\t<meta name=\"twitter:data1\" content=\"6 Minuten\" \/>\n<script type=\"application\/ld+json\" class=\"yoast-schema-graph\">{\"@context\":\"https:\/\/schema.org\",\"@graph\":[{\"@type\":\"WebPage\",\"@id\":\"https:\/\/www.roulette.school\/de\/amerikanische\/\",\"url\":\"https:\/\/www.roulette.school\/de\/amerikanische\/\",\"name\":\"Amerikanisches Online Roulette | Spielregeln\",\"isPartOf\":{\"@id\":\"https:\/\/www.roulette.school\/de\/#website\"},\"primaryImageOfPage\":{\"@id\":\"https:\/\/www.roulette.school\/de\/amerikanische\/#primaryimage\"},\"image\":{\"@id\":\"https:\/\/www.roulette.school\/de\/amerikanische\/#primaryimage\"},\"thumbnailUrl\":\"https:\/\/www.roulette.school\/de\/wp-content\/uploads\/2020\/12\/amerikanisches-roulette.jpg\",\"datePublished\":\"2020-11-26T16:02:07+00:00\",\"dateModified\":\"2021-11-23T20:32:33+00:00\",\"description\":\"Wie geht amerikanisches Roulette? Spielregeln und R\u00fccklaufquoten. Spielen Sie im Internet in den besten Online Casinos.\",\"breadcrumb\":{\"@id\":\"https:\/\/www.roulette.school\/de\/amerikanische\/#breadcrumb\"},\"inLanguage\":\"de-AT\",\"potentialAction\":[{\"@type\":\"ReadAction\",\"target\":[\"https:\/\/www.roulette.school\/de\/amerikanische\/\"]}]},{\"@type\":\"ImageObject\",\"inLanguage\":\"de-AT\",\"@id\":\"https:\/\/www.roulette.school\/de\/amerikanische\/#primaryimage\",\"url\":\"https:\/\/www.roulette.school\/de\/wp-content\/uploads\/2020\/12\/amerikanisches-roulette.jpg\",\"contentUrl\":\"https:\/\/www.roulette.school\/de\/wp-content\/uploads\/2020\/12\/amerikanisches-roulette.jpg\",\"width\":350,\"height\":350,\"caption\":\"Das amerikanisches Roulette\"},{\"@type\":\"BreadcrumbList\",\"@id\":\"https:\/\/www.roulette.school\/de\/amerikanische\/#breadcrumb\",\"itemListElement\":[{\"@type\":\"ListItem\",\"position\":1,\"name\":\"Home\",\"item\":\"https:\/\/www.roulette.school\/de\/\"},{\"@type\":\"ListItem\",\"position\":2,\"name\":\"Amerikanisches Roulette\"}]},{\"@type\":\"WebSite\",\"@id\":\"https:\/\/www.roulette.school\/de\/#website\",\"url\":\"https:\/\/www.roulette.school\/de\/\",\"name\":\"Roulette School\",\"description\":\"Roulette Guide\",\"publisher\":{\"@id\":\"https:\/\/www.roulette.school\/de\/#organization\"},\"potentialAction\":[{\"@type\":\"SearchAction\",\"target\":{\"@type\":\"EntryPoint\",\"urlTemplate\":\"https:\/\/www.roulette.school\/de\/?s={search_term_string}\"},\"query-input\":{\"@type\":\"PropertyValueSpecification\",\"valueRequired\":true,\"valueName\":\"search_term_string\"}}],\"inLanguage\":\"de-AT\"},{\"@type\":\"Organization\",\"@id\":\"https:\/\/www.roulette.school\/de\/#organization\",\"name\":\"Roulette School\",\"url\":\"https:\/\/www.roulette.school\/de\/\",\"logo\":{\"@type\":\"ImageObject\",\"inLanguage\":\"de-AT\",\"@id\":\"https:\/\/www.roulette.school\/de\/#\/schema\/logo\/image\/\",\"url\":\"https:\/\/www.roulette.school\/de\/wp-content\/uploads\/2021\/02\/rsl.png\",\"contentUrl\":\"https:\/\/www.roulette.school\/de\/wp-content\/uploads\/2021\/02\/rsl.png\",\"width\":350,\"height\":50,\"caption\":\"Roulette School\"},\"image\":{\"@id\":\"https:\/\/www.roulette.school\/de\/#\/schema\/logo\/image\/\"}}]}<\/script>\n<!-- \/ Yoast SEO plugin. -->","yoast_head_json":{"title":"Amerikanisches Online Roulette | Spielregeln","description":"Wie geht amerikanisches Roulette? Spielregeln und R\u00fccklaufquoten. Spielen Sie im Internet in den besten Online Casinos.","robots":{"index":"index","follow":"follow","max-snippet":"max-snippet:-1","max-image-preview":"max-image-preview:large","max-video-preview":"max-video-preview:-1"},"canonical":"https:\/\/www.roulette.school\/de\/amerikanische\/","og_locale":"de_DE","og_type":"article","og_title":"Amerikanisches Online Roulette | Spielregeln","og_description":"Wie geht amerikanisches Roulette? Spielregeln und R\u00fccklaufquoten. Spielen Sie im Internet in den besten Online Casinos.","og_url":"https:\/\/www.roulette.school\/de\/amerikanische\/","og_site_name":"Roulette School","article_modified_time":"2021-11-23T20:32:33+00:00","og_image":[{"url":"https:\/\/www.roulette.school\/de\/wp-content\/uploads\/2020\/12\/amerikanisches-roulette.jpg","type":"","width":"","height":""}],"twitter_card":"summary_large_image","twitter_misc":{"Gesch\u00e4tzte Lesezeit":"6 Minuten"},"schema":{"@context":"https:\/\/schema.org","@graph":[{"@type":"WebPage","@id":"https:\/\/www.roulette.school\/de\/amerikanische\/","url":"https:\/\/www.roulette.school\/de\/amerikanische\/","name":"Amerikanisches Online Roulette | Spielregeln","isPartOf":{"@id":"https:\/\/www.roulette.school\/de\/#website"},"primaryImageOfPage":{"@id":"https:\/\/www.roulette.school\/de\/amerikanische\/#primaryimage"},"image":{"@id":"https:\/\/www.roulette.school\/de\/amerikanische\/#primaryimage"},"thumbnailUrl":"https:\/\/www.roulette.school\/de\/wp-content\/uploads\/2020\/12\/amerikanisches-roulette.jpg","datePublished":"2020-11-26T16:02:07+00:00","dateModified":"2021-11-23T20:32:33+00:00","description":"Wie geht amerikanisches Roulette? Spielregeln und R\u00fccklaufquoten. Spielen Sie im Internet in den besten Online Casinos.","breadcrumb":{"@id":"https:\/\/www.roulette.school\/de\/amerikanische\/#breadcrumb"},"inLanguage":"de-AT","potentialAction":[{"@type":"ReadAction","target":["https:\/\/www.roulette.school\/de\/amerikanische\/"]}]},{"@type":"ImageObject","inLanguage":"de-AT","@id":"https:\/\/www.roulette.school\/de\/amerikanische\/#primaryimage","url":"https:\/\/www.roulette.school\/de\/wp-content\/uploads\/2020\/12\/amerikanisches-roulette.jpg","contentUrl":"https:\/\/www.roulette.school\/de\/wp-content\/uploads\/2020\/12\/amerikanisches-roulette.jpg","width":350,"height":350,"caption":"Das amerikanisches Roulette"},{"@type":"BreadcrumbList","@id":"https:\/\/www.roulette.school\/de\/amerikanische\/#breadcrumb","itemListElement":[{"@type":"ListItem","position":1,"name":"Home","item":"https:\/\/www.roulette.school\/de\/"},{"@type":"ListItem","position":2,"name":"Amerikanisches Roulette"}]},{"@type":"WebSite","@id":"https:\/\/www.roulette.school\/de\/#website","url":"https:\/\/www.roulette.school\/de\/","name":"Roulette School","description":"Roulette Guide","publisher":{"@id":"https:\/\/www.roulette.school\/de\/#organization"},"potentialAction":[{"@type":"SearchAction","target":{"@type":"EntryPoint","urlTemplate":"https:\/\/www.roulette.school\/de\/?s={search_term_string}"},"query-input":{"@type":"PropertyValueSpecification","valueRequired":true,"valueName":"search_term_string"}}],"inLanguage":"de-AT"},{"@type":"Organization","@id":"https:\/\/www.roulette.school\/de\/#organization","name":"Roulette School","url":"https:\/\/www.roulette.school\/de\/","logo":{"@type":"ImageObject","inLanguage":"de-AT","@id":"https:\/\/www.roulette.school\/de\/#\/schema\/logo\/image\/","url":"https:\/\/www.roulette.school\/de\/wp-content\/uploads\/2021\/02\/rsl.png","contentUrl":"https:\/\/www.roulette.school\/de\/wp-content\/uploads\/2021\/02\/rsl.png","width":350,"height":50,"caption":"Roulette School"},"image":{"@id":"https:\/\/www.roulette.school\/de\/#\/schema\/logo\/image\/"}}]}},"_links":{"self":[{"href":"https:\/\/www.roulette.school\/de\/wp-json\/wp\/v2\/pages\/30","targetHints":{"allow":["GET"]}}],"collection":[{"href":"https:\/\/www.roulette.school\/de\/wp-json\/wp\/v2\/pages"}],"about":[{"href":"https:\/\/www.roulette.school\/de\/wp-json\/wp\/v2\/types\/page"}],"author":[{"embeddable":true,"href":"https:\/\/www.roulette.school\/de\/wp-json\/wp\/v2\/users\/1"}],"replies":[{"embeddable":true,"href":"https:\/\/www.roulette.school\/de\/wp-json\/wp\/v2\/comments?post=30"}],"version-history":[{"count":82,"href":"https:\/\/www.roulette.school\/de\/wp-json\/wp\/v2\/pages\/30\/revisions"}],"predecessor-version":[{"id":1221,"href":"https:\/\/www.roulette.school\/de\/wp-json\/wp\/v2\/pages\/30\/revisions\/1221"}],"wp:attachment":[{"href":"https:\/\/www.roulette.school\/de\/wp-json\/wp\/v2\/media?parent=30"}],"curies":[{"name":"wp","href":"https:\/\/api.w.org\/{rel}","templated":true}]}}