{"id":34,"date":"2020-11-26T16:02:54","date_gmt":"2020-11-26T16:02:54","guid":{"rendered":"https:\/\/www.roulette.school\/de\/?page_id=34"},"modified":"2022-06-09T03:55:52","modified_gmt":"2022-06-09T03:55:52","slug":"franzosische","status":"publish","type":"page","link":"https:\/\/www.roulette.school\/de\/franzosische\/","title":{"rendered":"Franz\u00f6sisches Roulette"},"content":{"rendered":"<div class=\"su-row\"><div class=\"su-column su-column-size-2-3\"><div class=\"su-column-inner su-u-clearfix su-u-trim\">Das franz\u00f6sische Roulette ist das \u00e4lteste Gl\u00fccksspiel der Welt. Es wurde im 17. Jahrhundert von dem ber\u00fchmten Mathematiker Blaise Pascal erfunden.<\/p>\n<p>Diese Variante ist heute nicht in allen Casinos zu finden. Sie m\u00fcssten daf\u00fcr nach Frankreich reisen und eines der renommierten Casinos des Landes aufsuchen. Auch online gibt es nur wenige Seiten, die diese Variante anbieten.<\/p>\n<h2>Was sollte ich \u00fcber franz\u00f6sisches Roulette wissen?<\/h2>\n<ul>\n<li>Der Zylinder hat 37 F\u00e4cher: die Zahlen 1 bis 36 und die Null<\/li>\n<li>Das Rad und das Tableau sind genau wie beim europ\u00e4ischen Roulette<\/li>\n<li>Der Hausvorteil variiert je nach Wette zwischen 1,35% und 2,7%<\/li>\n<\/ul>\n<\/div><\/div>\n<div class=\"su-column su-column-size-1-3\"><div class=\"su-column-inner su-u-clearfix su-u-trim\"><img loading=\"lazy\" decoding=\"async\" src=\"https:\/\/www.roulette.school\/de\/wp-content\/uploads\/2020\/12\/franzosische-roulette.jpg\" alt=\"Das franz\u00f6sische Roulette\" width=\"350\" height=\"350\" class=\"alignnone size-full wp-image-607\" srcset=\"https:\/\/www.roulette.school\/de\/wp-content\/uploads\/2020\/12\/franzosische-roulette.jpg 350w, https:\/\/www.roulette.school\/de\/wp-content\/uploads\/2020\/12\/franzosische-roulette-300x300.jpg 300w, https:\/\/www.roulette.school\/de\/wp-content\/uploads\/2020\/12\/franzosische-roulette-150x150.jpg 150w\" sizes=\"auto, (max-width: 350px) 100vw, 350px\" \/><\/div><\/div><\/div>\n<h2>Die Spielregeln<\/h2>\n<p>Franz\u00f6sisches Roulette ist leicht zu erlernen. Ziel des Spiels ist es, das Casino zu schlagen. Man kann auf Zahlen, Zahlenkombinationen oder Eigenschaften von Zahlen wetten. Die Kugel entscheidet, ob man gewinnt. Nat\u00fcrlich ist Roulette ein Gl\u00fccksspiel, doch erfahrene Spieler nutzen Gewinnstrategien, um ihre Chancen zu erh\u00f6hen. Mit ein paar Tricks und etwas Know How gelingt es ihnen, der Bank immer wieder ein Schnippchen zu schlagen.<\/p>\n<h2 id=\"club\">Wo kann ich franz\u00f6sisches Roulette spielen?<\/h2>\n<p>\n<div class=\"su-row\">\n<div class=\"su-column su-column-size-2-5\"><div class=\"su-column-inner su-u-clearfix su-u-trim\">\nDas renommierte Luxury Casino bietet diese Variante an. In \u00d6sterreich ist diese Website die beste M\u00f6glichkeit, um franz\u00f6sisches Roulette im Netz zu spielen.<\/p>\n<p>Luxury Casino bietet franz\u00f6sisches Roulette als Instant Play im Browser oder als Livestream mit echten Croupiers an.<\/p>\n<h2>Gewinnstrategien<\/h2>\n<p>Wenn Sie <a href=\"https:\/\/www.roulette.school\/de\/gewinnstrategien\/\">Gewinnstrategien<\/a> \u00fcben wollen, sind Sie beim franz\u00f6sischen Roulette richtig. Dank der Prison Regel sind die Gewinnchancen hier am h\u00f6chsten. Viele Spieler versuchen, mit Roulette Systemen wie Martingale und Paroli ihre Chancen zu erh\u00f6hen. Eine weitere M\u00f6glichkeit ist, die franz\u00f6sische Variante zu spielen, denn nirgendwo gibt es eine bessere R\u00fccklaufquote als hier!<br \/>\n<\/div><\/div><div class=\"su-column su-column-size-3-5\"><div class=\"su-column-inner su-u-clearfix su-u-trim\">\n<div align=\"center\"><a class=\"add\" href=\"https:\/\/iredirect.net\/referral\/?site=lxc&#038;lang=at&#038;aff_id=aff100309\" target=\"_blank\" rel=\"noopener\"><img loading=\"lazy\" decoding=\"async\" src=\"https:\/\/www.roulette.school\/de\/wp-content\/uploads\/2022\/06\/luxury-casino.jpg\" alt=\"Franz\u00f6sisches Roulette spielen im Luxury Casino\" width=\"720\" height=\"450\" class=\"size-full wp-image-1423\" srcset=\"https:\/\/www.roulette.school\/de\/wp-content\/uploads\/2022\/06\/luxury-casino.jpg 720w, https:\/\/www.roulette.school\/de\/wp-content\/uploads\/2022\/06\/luxury-casino-300x188.jpg 300w\" sizes=\"auto, (max-width: 720px) 100vw, 720px\" \/><br \/>\nBEI LUXURY CASINO SPIELEN<\/a><\/div>\n<\/div><\/div>\n<\/div>\n&nbsp;<\/p>\n<h2>So platziert man Wetten auf dem Tableau<\/h2>\n<p>Beim franz\u00f6sischen Roulette k\u00f6nnen die Spieler Innenwetten und Au\u00dfenwetten abschlie\u00dfen. Es ist auch m\u00f6glich, beide Wetten parallel zu platzieren: da ist Nervenkitzel garantiert!<\/p>\n<p>Die Innenwette birgt das meiste Risiko, doch sie ist auch lukrativer. Wenn Sie auf eine einzige Zahl tippen, gewinnen Sie das 35-fache des Einsatzes!<\/p>\n<p>Mit der Au\u00dfenwette gehen Sie weniger Risiko ein. Am beliebtesten ist die Farbwette: rot oder schwarz? Es ist, als w\u00fcrden Sie eine M\u00fcnze werfen. Die Chance, zu gewinnen, liegt bei fast 50%. Tats\u00e4chlich liegen Ihre Gewinnchancen wegen der Null bei 18:37, sprich bei 0,97:1.<\/p>\n<p>Wenn Sie sich f\u00fcr eine 1:1 Wette entscheiden, schm\u00e4lern Sie den Bankvorteil des Casinos. Die Auszahlungsquote erreicht so 98,65%. Denn die <a href=\"#zero\">Prison Regel<\/a> in der franz\u00f6sischen Variante sorgt daf\u00fcr, dass bei diesen Wetten der Bankvorteil halbiert wird.<\/p>\n<h2>So wettet man beim franz\u00f6sischen Roulette<\/h2>\n<p>Die Wetten laufen genauso ab wie bei den anderen Spielvarianten. Innenwetten werden auf Zahlen oder Zahlengruppen platziert. Bei Au\u00dfenwetten setzt man seine Chips au\u00dferhalb des Zahlenrechtecks.<\/p>\n<h2>Innenwetten<\/h2>\n<p>Diese Wetten versprechen Nervenkitzel pur, denn sie sind besonders riskant. Wer Gl\u00fcck hat, kann sich auf einen turmhohen Stapel Chips freuen. Die Wette auf eine einzelne Zahl verspricht den h\u00f6chsten Gewinn und gilt beim Roulette als K\u00f6nigsdisziplin.<\/p>\n<h3>Innenwetten<\/h3>\n<div class=\"su-row\"><div class=\"su-column su-column-size-2-5\"><div class=\"su-column-inner su-u-clearfix su-u-trim\">\n<table>\n<tbody>\n<tr>\n<td><strong>Wette<\/strong><\/td>\n<td><strong>Quote<\/strong><\/td>\n<\/tr>\n<tr>\n<td>Eine Zahl<\/td>\n<td>35:1<\/td>\n<\/tr>\n<tr>\n<td>Zwei benachbarte Zahlen<\/td>\n<td>17:1<\/td>\n<\/tr>\n<tr>\n<td>Drei Zahlen in einer Reihe<\/td>\n<td>11:1<\/td>\n<\/tr>\n<tr>\n<td>Vier Zahlen im Quadrat<\/td>\n<td>8:1<\/td>\n<\/tr>\n<tr>\n<td>Sechs Zahlen in zwei benachbarten Reihen<\/td>\n<td>5:1<\/td>\n<\/tr>\n<\/tbody>\n<\/table>\n<\/div><\/div>\n<div class=\"su-column su-column-size-3-5\"><div class=\"su-column-inner su-u-clearfix su-u-trim\">\n&nbsp;<\/p>\n<ul>\n<li><strong>Eine Zahl:<\/strong> Sie erhalten im Gewinnfall das 35-fache des Einsatzes<\/li>\n<li><strong>Zwei Zahlen:<\/strong> Die Bank zahlt im Gewinnfall das 17-fache der gesetzten Chips<\/li>\n<li><strong>Drei Zahlen:<\/strong> Die Quote liegt im Gewinnfall bei 11 zu 1<\/li>\n<li><strong>Vier Zahlen:<\/strong> Liegen Sie richtig, gewinnen Sie das 8-fache des Einsatzes<\/li>\n<li><strong>Sechs Zahlen:<\/strong> Im Gewinnfall erhalten Sie 5 Chips f\u00fcr einen<\/li>\n<\/ul>\n<\/div><\/div><\/div>\n<h3>Au\u00dfenwetten<\/h3>\n<p>Au\u00dfenwetten sind weniger risikoreich. Sie k\u00f6nnen Ihren Einsatz verdoppeln oder verdreifachen. Wenn Sie auf eine Farbe, auf gerade oder ungerade Zahlen oder auf eine H\u00e4lfte des Spielfelds tippen, erhalten Sie im Gewinnfall das Doppelte Ihres Einsatzes. Wer dreimal so viele Chips zur\u00fcckbekommen will, wie er gesetzt hat, wettet auf 12 Zahlen (als Reihenfolge oder vertikale Reihe).<br \/>\n<div class=\"su-row\"><div class=\"su-column su-column-size-2-5\"><div class=\"su-column-inner su-u-clearfix su-u-trim\">\n<table>\n<tbody>\n<tr>\n<td><strong>Wette<\/strong><\/td>\n<td><strong>Quote<\/strong><\/td>\n<\/tr>\n<tr>\n<td>Rot \/ Schwarz<\/td>\n<td>1:1<\/td>\n<\/tr>\n<tr>\n<td>Gerade \/ Ungerade<\/td>\n<td>1:1<\/td>\n<\/tr>\n<tr>\n<td>Nieder \/ Hoch<\/td>\n<td>1:1<\/td>\n<\/tr>\n<tr>\n<td>Kolonne<\/td>\n<td>2:1<\/td>\n<\/tr>\n<tr>\n<td>Dutzend<\/td>\n<td>2:1<\/td>\n<\/tr>\n<\/tbody>\n<\/table>\n<\/div><\/div>\n<div class=\"su-column su-column-size-3-5\"><div class=\"su-column-inner su-u-clearfix su-u-trim\">\n&nbsp;<\/p>\n<ul>\n<li><strong>Rot \/ Schwarz:<\/strong> Im Gewinnfall wird der Einsatz verdoppelt<\/li>\n<li><strong>Gerade \/ Ungerade:<\/strong> Die Quote ist auch hier 1:1<\/li>\n<li><strong>Nieder \/ Hoch:<\/strong> Hier gilt ebenfalls: doppelt oder nichts<\/li>\n<li><strong>Kolonne:<\/strong> Im Gewinnfall verdreifacht die Bank den Einsatz<\/li>\n<li><strong>Dutzend:<\/strong> Auch hier ist die Quote 2:1<\/li>\n<\/ul>\n<\/div><\/div><\/div>\n<h2>Einsatzlimits<\/h2>\n<div class=\"su-row\"><div class=\"su-column su-column-size-2-5\"><div class=\"su-column-inner su-u-clearfix su-u-trim\">Beim Roulette gibt es Einsatzlimits. Der niedrigste Einsatz ist 1\u20ac. Den H\u00f6chsteinsatz bestimmt jedes Casino selbst. Je gr\u00f6\u00dfer der Spieltempel, desto h\u00f6her f\u00e4llt auch das Limit aus.<\/p>\n<p>In \u00d6sterreich liegt die Obergrenze f\u00fcr einen Einsatz im Casino vor Ort bei 1000\u20ac. In Online Casinos gehen die Limits sogar bis zu 10.000\u20ac. An jedem Roulette Tisch befindet sich ein kleines Schild, das die jeweiligen Limits anzeigt.<\/div><\/div><div class=\"su-column su-column-size-3-5\"><div class=\"su-column-inner su-u-clearfix su-u-trim\">\n<figure id=\"attachment_497\" aria-describedby=\"caption-attachment-497\" style=\"width: 720px\" class=\"wp-caption alignnone\"><img loading=\"lazy\" decoding=\"async\" src=\"https:\/\/www.roulette.school\/de\/wp-content\/uploads\/2020\/12\/wetten.jpg\" alt=\"Wetten beim franz\u00f6sischen Roulette\" width=\"720\" height=\"396\" class=\"size-full wp-image-497\" srcset=\"https:\/\/www.roulette.school\/de\/wp-content\/uploads\/2020\/12\/wetten.jpg 720w, https:\/\/www.roulette.school\/de\/wp-content\/uploads\/2020\/12\/wetten-300x165.jpg 300w\" sizes=\"auto, (max-width: 720px) 100vw, 720px\" \/><figcaption id=\"caption-attachment-497\" class=\"wp-caption-text\">Der Aufbau des Tableaus macht das Wetten zum Kinderspiel<\/figcaption><\/figure><\/div><\/div><\/div>\n<h2>Das Tableau beim franz\u00f6sischen Roulette<\/h2>\n<p>Beim franz\u00f6sischen Roulette ist das Tableau immer gr\u00fcn. Niemand w\u00fcrde es wagen, diese legend\u00e4re Farbe durch eine andere zu ersetzen. Denn es handelt sich bei diesem Spiel um die urspr\u00fcngliche Roulette Variante, und die Casinos halten gerne an gewissen Traditionen fest!<\/p>\n<h2 id=\"zero\">Die Prison Regel: Null hei\u00dft nicht nichts!<\/h2>\n<p>Sie haben Ihre Wette platziert, der Kessel dreht sich und es f\u00e4llt: die Null. Pech gehabt, Ihre Chips sind verloren. Nicht aber beim franz\u00f6sischen Roulette! Hier gibt es eine Ausnahme: die Prison Regel.<\/p>\n<p>Mit dieser besonderen Regel sind die Wetten auf Rot \/ Schwarz, Gerade \/ Ungerade und Nieder \/ Hoch noch nicht verloren, wenn die Null f\u00e4llt. Der Spieler hat jetzt zwei M\u00f6glichkeiten:<\/p>\n<ol>\n<li><strong>Er erh\u00e4lt die H\u00e4lfte des Einsatzes zur\u00fcck<\/strong><br \/>\nVorsichtige Spieler, die ungern ein Risiko eingehen, entscheiden sich gern f\u00fcr diese Option<\/li>\n<li><strong>Er geht \u201een prison\u201c (ins Gef\u00e4ngnis) \u2013 und versucht erneut, zu gewinnen<\/strong><br \/>\nBei dieser Option wird die Wette f\u00fcr die n\u00e4chste Runde gesperrt. Hat der Spieler diesmal Gl\u00fcck und gewinnt, bekommt er seinen vollen Einsatz zur\u00fcck. Verliert er, zieht die Bank die Chips ein.<\/li>\n<\/ol>\n<p><em>Wenn in der Gl\u00fccksrunde wieder die Null f\u00e4llt, ist der gesperrte Einsatz endg\u00fcltig verloren.<\/em><\/p>\n<h2>Wie spielt man franz\u00f6sisches Roulette?<\/h2>\n<p>Bevor Sie Ihre Chips platzieren k\u00f6nnen, sagt der Croupier: \u201eMesdames et Messieurs, faites vos jeux, s\u2019il vous plait!\u201c (\u201eMeine Damen und Herren, machen Sie Ihre Eins\u00e4tze\u201c). Nat\u00fcrlich sagt er es auf Franz\u00f6sisch, das ist hier Tradition! Nirgendwo sonst werden Sie diese legend\u00e4re Ansage im Original h\u00f6ren. Bei  Instant Plays wird der Spielbeginn durch eine entsprechende Meldung angek\u00fcndigt.<\/p>\n<p>Mit der Ansage des Croupiers sind die Wetten er\u00f6ffnet. Jetzt k\u00f6nnen Sie so viele Chips auf dem Brett platzieren, wie Sie m\u00f6chten.<\/p>\n<p>Sobald der Croupier ausruft: \u201eMesdames et Messieurs, rien ne vas plus!\u201c (\u201eMeine Damen und Herren, nichts geht mehr!\u201c), k\u00f6nnen Sie nicht mehr setzen.<\/p>\n<p>Daraufhin dreht der Croupier das Rad und wirft die Kugel in die entgegengesetzte Richtung in den Zylinder ein. Nur wenige Sekunden sp\u00e4ter landet die Kugel in einem Fach und der Croupier gibt die Gewinnzahl bekannt. Zuerst entfernt er die verlorenen Eins\u00e4tze, dann zahlt er die Gewinner nacheinander aus.<\/p>\n<p>Das war&#8217;s! Das Spiel ist vorbei &#8211; und schon kann ein neues beginnen&#8230;<\/p>\n<h2>Der Zylinder mit 37 F\u00e4chern<\/h2>\n<p>Das franz\u00f6sische Rad enth\u00e4lt die Zahlen 1-36 und die Null. Die Zahlen sind auf dem Zylinder abwechselnd rot und schwarz, die Null ist gr\u00fcn.<\/p>\n<p>Die Zahlen auf dem Rad sind vermischt angeordnet. Der Grund daf\u00fcr ist, dass gewiefte Spieler fr\u00fcher versuchten, die Gewinnzahlen zu erraten, indem sie die Bewegungen des Rades studierten. Deshalb hat man beschlossen, die Zahlen auf dem Zylinder anders zu verteilen. Um solche Tricks unm\u00f6glich zu machen, wurden zudem am \u00e4u\u00dferen Rand des Kessels Keile angebracht. Diese Erhebungen bewirken, dass der Weg der Kugel abgelenkt wird, bevor sie auf eine Zahl f\u00e4llt. An einem modernen Rouletterad und bei den browserbasierten Spielen ist es unm\u00f6glich, Gewinnzahlen auf diese Weise vorherzusagen.<\/p>\n<h2>Unsere Tipps f\u00fcr die beste R\u00fccklaufquote<\/h2>\n<p>Wetten mit einer Auszahlungsquote von 1:1 sind am lukrativsten. Denn beim franz\u00f6sischen Roulette betr\u00e4gt die R\u00fccklaufquote bei diesen Wetten 98,65% statt 97,3%. Das liegt an der Prison Regel. F\u00e4llt die Null, kann man sich hier die H\u00e4lfte seines Einsatzes erstatten lassen. Oder man entscheidet sich daf\u00fcr, den Chip \u201eeinzusperren\u201c und auf die n\u00e4chste Runde zu warten. Liegt dieser auf einer Gewinnzahl, erh\u00e4lt man den Chip zur\u00fcck und kann erneut setzen.<\/p>\n<p>Spieler, die diesen Trick anwenden, sind in den Casinos gef\u00fcrchtet, denn sie schm\u00e4lern den Bankvorteil von 2,7% auf 1,35%!<\/p>\n<h2 id=\"pascal\">Die Erfindung der mythischen Drehscheibe<\/h2>\n<p>Das Roulette Spiel geht auf den franz\u00f6sischen Mathematiker Blaise Pascal zur\u00fcck, der im 17. Jahrhundert lebte. Dieser ber\u00fchmte Wissenschaftler war fasziniert von der Idee des Perpetuum Mobile und versuchte immer wieder, so ein Ger\u00e4t zu bauen. Da er f\u00fcr sein Leben gern Brettspiele spielte, schuf er zum Spa\u00df das Roulette Rad mit 36 Zahlen. Die Null war damals noch nicht Teil seiner Erfindung. Denn er wollte ein Brettspiel kreieren, bei dem die Chancen auf Sieg oder Niederlage gleich sind. Zu Lebzeiten hat Pascal sein Rouletterad nie in einem Spielsaal gesehen. Denn Casinos existierten damals noch gar nicht. Die ersten Spieltempel er\u00f6ffneten erst im 18. Jahrhundert und machten Roulette in Frankreich und weltweit zu einem der beliebtesten Gl\u00fccksspiele \u00fcberhaupt.<\/p>\n","protected":false},"excerpt":{"rendered":"<p>Die Spielregeln Franz\u00f6sisches Roulette ist leicht zu erlernen. Ziel des Spiels ist es, das Casino zu schlagen. Man kann auf<\/p>\n","protected":false},"author":1,"featured_media":0,"parent":0,"menu_order":0,"comment_status":"closed","ping_status":"closed","template":"template-fullwidth.php","meta":{"footnotes":""},"class_list":["post-34","page","type-page","status-publish","hentry"],"yoast_head":"<!-- This site is optimized with the Yoast SEO plugin v26.9 - https:\/\/yoast.com\/product\/yoast-seo-wordpress\/ -->\n<title>Franz\u00f6sisches Roulette online | Spielregeln<\/title>\n<meta name=\"description\" content=\"Der Guide f\u00fcr franz\u00f6sisches Roulette. Spielregeln und Gewinnstrategien. In einem seri\u00f6sen Online Casino in \u00d6sterreich spielen.\" \/>\n<meta name=\"robots\" content=\"index, follow, max-snippet:-1, max-image-preview:large, max-video-preview:-1\" \/>\n<link rel=\"canonical\" href=\"https:\/\/www.roulette.school\/de\/franzosische\/\" \/>\n<meta property=\"og:locale\" content=\"de_DE\" \/>\n<meta property=\"og:type\" content=\"article\" \/>\n<meta property=\"og:title\" content=\"Franz\u00f6sisches Roulette online | Spielregeln\" \/>\n<meta property=\"og:description\" content=\"Der Guide f\u00fcr franz\u00f6sisches Roulette. Spielregeln und Gewinnstrategien. In einem seri\u00f6sen Online Casino in \u00d6sterreich spielen.\" \/>\n<meta property=\"og:url\" content=\"https:\/\/www.roulette.school\/de\/franzosische\/\" \/>\n<meta property=\"og:site_name\" content=\"Roulette School\" \/>\n<meta property=\"article:modified_time\" content=\"2022-06-09T03:55:52+00:00\" \/>\n<meta property=\"og:image\" content=\"https:\/\/www.roulette.school\/de\/wp-content\/uploads\/2020\/12\/franzosische-roulette.jpg\" \/>\n<meta name=\"twitter:card\" content=\"summary_large_image\" \/>\n<meta name=\"twitter:label1\" content=\"Gesch\u00e4tzte Lesezeit\" \/>\n\t<meta name=\"twitter:data1\" content=\"8 Minuten\" \/>\n<script type=\"application\/ld+json\" class=\"yoast-schema-graph\">{\"@context\":\"https:\/\/schema.org\",\"@graph\":[{\"@type\":\"WebPage\",\"@id\":\"https:\/\/www.roulette.school\/de\/franzosische\/\",\"url\":\"https:\/\/www.roulette.school\/de\/franzosische\/\",\"name\":\"Franz\u00f6sisches Roulette online | Spielregeln\",\"isPartOf\":{\"@id\":\"https:\/\/www.roulette.school\/de\/#website\"},\"primaryImageOfPage\":{\"@id\":\"https:\/\/www.roulette.school\/de\/franzosische\/#primaryimage\"},\"image\":{\"@id\":\"https:\/\/www.roulette.school\/de\/franzosische\/#primaryimage\"},\"thumbnailUrl\":\"https:\/\/www.roulette.school\/de\/wp-content\/uploads\/2020\/12\/franzosische-roulette.jpg\",\"datePublished\":\"2020-11-26T16:02:54+00:00\",\"dateModified\":\"2022-06-09T03:55:52+00:00\",\"description\":\"Der Guide f\u00fcr franz\u00f6sisches Roulette. Spielregeln und Gewinnstrategien. In einem seri\u00f6sen Online Casino in \u00d6sterreich spielen.\",\"breadcrumb\":{\"@id\":\"https:\/\/www.roulette.school\/de\/franzosische\/#breadcrumb\"},\"inLanguage\":\"de-AT\",\"potentialAction\":[{\"@type\":\"ReadAction\",\"target\":[\"https:\/\/www.roulette.school\/de\/franzosische\/\"]}]},{\"@type\":\"ImageObject\",\"inLanguage\":\"de-AT\",\"@id\":\"https:\/\/www.roulette.school\/de\/franzosische\/#primaryimage\",\"url\":\"https:\/\/www.roulette.school\/de\/wp-content\/uploads\/2020\/12\/franzosische-roulette.jpg\",\"contentUrl\":\"https:\/\/www.roulette.school\/de\/wp-content\/uploads\/2020\/12\/franzosische-roulette.jpg\",\"width\":350,\"height\":350,\"caption\":\"Das franz\u00f6sische Roulette\"},{\"@type\":\"BreadcrumbList\",\"@id\":\"https:\/\/www.roulette.school\/de\/franzosische\/#breadcrumb\",\"itemListElement\":[{\"@type\":\"ListItem\",\"position\":1,\"name\":\"Home\",\"item\":\"https:\/\/www.roulette.school\/de\/\"},{\"@type\":\"ListItem\",\"position\":2,\"name\":\"Franz\u00f6sisches Roulette\"}]},{\"@type\":\"WebSite\",\"@id\":\"https:\/\/www.roulette.school\/de\/#website\",\"url\":\"https:\/\/www.roulette.school\/de\/\",\"name\":\"Roulette School\",\"description\":\"Roulette Guide\",\"publisher\":{\"@id\":\"https:\/\/www.roulette.school\/de\/#organization\"},\"potentialAction\":[{\"@type\":\"SearchAction\",\"target\":{\"@type\":\"EntryPoint\",\"urlTemplate\":\"https:\/\/www.roulette.school\/de\/?s={search_term_string}\"},\"query-input\":{\"@type\":\"PropertyValueSpecification\",\"valueRequired\":true,\"valueName\":\"search_term_string\"}}],\"inLanguage\":\"de-AT\"},{\"@type\":\"Organization\",\"@id\":\"https:\/\/www.roulette.school\/de\/#organization\",\"name\":\"Roulette School\",\"url\":\"https:\/\/www.roulette.school\/de\/\",\"logo\":{\"@type\":\"ImageObject\",\"inLanguage\":\"de-AT\",\"@id\":\"https:\/\/www.roulette.school\/de\/#\/schema\/logo\/image\/\",\"url\":\"https:\/\/www.roulette.school\/de\/wp-content\/uploads\/2021\/02\/rsl.png\",\"contentUrl\":\"https:\/\/www.roulette.school\/de\/wp-content\/uploads\/2021\/02\/rsl.png\",\"width\":350,\"height\":50,\"caption\":\"Roulette School\"},\"image\":{\"@id\":\"https:\/\/www.roulette.school\/de\/#\/schema\/logo\/image\/\"}}]}<\/script>\n<!-- \/ Yoast SEO plugin. -->","yoast_head_json":{"title":"Franz\u00f6sisches Roulette online | Spielregeln","description":"Der Guide f\u00fcr franz\u00f6sisches Roulette. Spielregeln und Gewinnstrategien. In einem seri\u00f6sen Online Casino in \u00d6sterreich spielen.","robots":{"index":"index","follow":"follow","max-snippet":"max-snippet:-1","max-image-preview":"max-image-preview:large","max-video-preview":"max-video-preview:-1"},"canonical":"https:\/\/www.roulette.school\/de\/franzosische\/","og_locale":"de_DE","og_type":"article","og_title":"Franz\u00f6sisches Roulette online | Spielregeln","og_description":"Der Guide f\u00fcr franz\u00f6sisches Roulette. Spielregeln und Gewinnstrategien. In einem seri\u00f6sen Online Casino in \u00d6sterreich spielen.","og_url":"https:\/\/www.roulette.school\/de\/franzosische\/","og_site_name":"Roulette School","article_modified_time":"2022-06-09T03:55:52+00:00","og_image":[{"url":"https:\/\/www.roulette.school\/de\/wp-content\/uploads\/2020\/12\/franzosische-roulette.jpg","type":"","width":"","height":""}],"twitter_card":"summary_large_image","twitter_misc":{"Gesch\u00e4tzte Lesezeit":"8 Minuten"},"schema":{"@context":"https:\/\/schema.org","@graph":[{"@type":"WebPage","@id":"https:\/\/www.roulette.school\/de\/franzosische\/","url":"https:\/\/www.roulette.school\/de\/franzosische\/","name":"Franz\u00f6sisches Roulette online | Spielregeln","isPartOf":{"@id":"https:\/\/www.roulette.school\/de\/#website"},"primaryImageOfPage":{"@id":"https:\/\/www.roulette.school\/de\/franzosische\/#primaryimage"},"image":{"@id":"https:\/\/www.roulette.school\/de\/franzosische\/#primaryimage"},"thumbnailUrl":"https:\/\/www.roulette.school\/de\/wp-content\/uploads\/2020\/12\/franzosische-roulette.jpg","datePublished":"2020-11-26T16:02:54+00:00","dateModified":"2022-06-09T03:55:52+00:00","description":"Der Guide f\u00fcr franz\u00f6sisches Roulette. Spielregeln und Gewinnstrategien. In einem seri\u00f6sen Online Casino in \u00d6sterreich spielen.","breadcrumb":{"@id":"https:\/\/www.roulette.school\/de\/franzosische\/#breadcrumb"},"inLanguage":"de-AT","potentialAction":[{"@type":"ReadAction","target":["https:\/\/www.roulette.school\/de\/franzosische\/"]}]},{"@type":"ImageObject","inLanguage":"de-AT","@id":"https:\/\/www.roulette.school\/de\/franzosische\/#primaryimage","url":"https:\/\/www.roulette.school\/de\/wp-content\/uploads\/2020\/12\/franzosische-roulette.jpg","contentUrl":"https:\/\/www.roulette.school\/de\/wp-content\/uploads\/2020\/12\/franzosische-roulette.jpg","width":350,"height":350,"caption":"Das franz\u00f6sische Roulette"},{"@type":"BreadcrumbList","@id":"https:\/\/www.roulette.school\/de\/franzosische\/#breadcrumb","itemListElement":[{"@type":"ListItem","position":1,"name":"Home","item":"https:\/\/www.roulette.school\/de\/"},{"@type":"ListItem","position":2,"name":"Franz\u00f6sisches Roulette"}]},{"@type":"WebSite","@id":"https:\/\/www.roulette.school\/de\/#website","url":"https:\/\/www.roulette.school\/de\/","name":"Roulette School","description":"Roulette Guide","publisher":{"@id":"https:\/\/www.roulette.school\/de\/#organization"},"potentialAction":[{"@type":"SearchAction","target":{"@type":"EntryPoint","urlTemplate":"https:\/\/www.roulette.school\/de\/?s={search_term_string}"},"query-input":{"@type":"PropertyValueSpecification","valueRequired":true,"valueName":"search_term_string"}}],"inLanguage":"de-AT"},{"@type":"Organization","@id":"https:\/\/www.roulette.school\/de\/#organization","name":"Roulette School","url":"https:\/\/www.roulette.school\/de\/","logo":{"@type":"ImageObject","inLanguage":"de-AT","@id":"https:\/\/www.roulette.school\/de\/#\/schema\/logo\/image\/","url":"https:\/\/www.roulette.school\/de\/wp-content\/uploads\/2021\/02\/rsl.png","contentUrl":"https:\/\/www.roulette.school\/de\/wp-content\/uploads\/2021\/02\/rsl.png","width":350,"height":50,"caption":"Roulette School"},"image":{"@id":"https:\/\/www.roulette.school\/de\/#\/schema\/logo\/image\/"}}]}},"_links":{"self":[{"href":"https:\/\/www.roulette.school\/de\/wp-json\/wp\/v2\/pages\/34","targetHints":{"allow":["GET"]}}],"collection":[{"href":"https:\/\/www.roulette.school\/de\/wp-json\/wp\/v2\/pages"}],"about":[{"href":"https:\/\/www.roulette.school\/de\/wp-json\/wp\/v2\/types\/page"}],"author":[{"embeddable":true,"href":"https:\/\/www.roulette.school\/de\/wp-json\/wp\/v2\/users\/1"}],"replies":[{"embeddable":true,"href":"https:\/\/www.roulette.school\/de\/wp-json\/wp\/v2\/comments?post=34"}],"version-history":[{"count":124,"href":"https:\/\/www.roulette.school\/de\/wp-json\/wp\/v2\/pages\/34\/revisions"}],"predecessor-version":[{"id":1424,"href":"https:\/\/www.roulette.school\/de\/wp-json\/wp\/v2\/pages\/34\/revisions\/1424"}],"wp:attachment":[{"href":"https:\/\/www.roulette.school\/de\/wp-json\/wp\/v2\/media?parent=34"}],"curies":[{"name":"wp","href":"https:\/\/api.w.org\/{rel}","templated":true}]}}