{"id":36,"date":"2020-11-26T16:03:05","date_gmt":"2020-11-26T16:03:05","guid":{"rendered":"https:\/\/www.roulette.school\/de\/?page_id=36"},"modified":"2021-05-18T13:30:45","modified_gmt":"2021-05-18T13:30:45","slug":"gewinnstrategien","status":"publish","type":"page","link":"https:\/\/www.roulette.school\/de\/gewinnstrategien\/","title":{"rendered":"Gewinnen mit System"},"content":{"rendered":"<p>Die besten Strategien, um beim Online Roulette abzur\u00e4umen. Entdecken Sie die effektivsten Spielsysteme der Profis. Unser Guide stellt Ihnen die bew\u00e4hrtesten Methoden vor.<\/p>\n<h2>Online Roulette &#8211; spielen und gewinnen<\/h2>\n<p>Das <a href=\"#paroli\">Paroli<\/a> System ist die effizienteste Strategie, um beim Roulette gro\u00dfe Gewinne zu erzielen. Minimales Risiko und hohe Gewinnchancen: mit diesem System schlagen Sie dem Casino ein Schnippchen. Die anderen Gewinnstrategien, die wir Ihnen vorstellen, sind nat\u00fcrlich auch effektiv, wenngleich ein wenig riskanter.<\/p>\n<h2>Die lukrativste Roulette Variante<\/h2>\n<div class=\"su-row\"><div class=\"su-column su-column-size-2-3\"><div class=\"su-column-inner su-u-clearfix su-u-trim\">Franz\u00f6sisches Roulette hat die <a href=\"#quote\">h\u00f6chste R\u00fccklaufquote<\/a>. Im Vergleich zum europ\u00e4ischen und amerikanischen Roulette ist diese Variante deshalb lukrativer. Ziel unseres Guides ist es, Ihre Gewinnchancen zu erh\u00f6hen.<\/p>\n<h2 id=\"besten\">Die besten Gewinnstrategien<\/h2>\n<ol>\n<li class=sys> # <a href=\"#paroli\">PAROLI<\/a><\/li>\n<li class=sys> # <a href=\"#parlay\">PARLAY<\/a><\/li>\n<li class=sys> # <a href=\"#alembert\">D&#8217;ALEMBERT<\/a><\/li>\n<li class=sys> # <a href=\"#martingale\">MARTINGALE<\/a><\/li>\n<\/ol>\n<\/div><\/div>\n<div class=\"su-column su-column-size-1-3\"><div class=\"su-column-inner su-u-clearfix su-u-trim\"><img loading=\"lazy\" decoding=\"async\" src=\"https:\/\/www.roulette.school\/de\/wp-content\/uploads\/2021\/01\/rucklaufquote.jpg\" alt=\"Beste R\u00fccklaufquote beim Roulette \" width=\"360\" height=\"215\" class=\"alignnone size-full wp-image-860\" srcset=\"https:\/\/www.roulette.school\/de\/wp-content\/uploads\/2021\/01\/rucklaufquote.jpg 360w, https:\/\/www.roulette.school\/de\/wp-content\/uploads\/2021\/01\/rucklaufquote-300x179.jpg 300w\" sizes=\"auto, (max-width: 360px) 100vw, 360px\" \/><br \/>\n<em>Beim franz\u00f6sischen Roulette betr\u00e4gt die Auszahlungsquote bei den 1:1 Au\u00dfenwetten 98,65%. Somit ist sie h\u00f6her als bei den anderen beiden Varianten!<\/em><\/div><\/div><\/div>\n<div class=\"su-divider su-divider-style-dotted\" style=\"margin:35px 0;border-width:5px;border-color:#1d6a39\"><\/div>\n<h3 id=\"paroli\"><span style=\"font-size: 28px; font-weight: 900;\">#1. DAS PAROLI SYSTEM<\/span><\/h3>\n<p>Paroli ist ein sogenanntes Hebelsystem. Die Redewendung \u201eParoli bieten\u201c geht auf diese Strategie zur\u00fcck, denn es geht darum, die Bank immer wieder herauszufordern. Man setzt einen Grundbetrag, z. B. 10\u20ac, und kann am Ende einer Gl\u00fccksstr\u00e4hne mehrere hundert Euro gewinnen.<\/p>\n<p>Bei dieser Strategie wird auf 1:1 Au\u00dfenwetten gesetzt. Tippt man falsch, kommt in der n\u00e4chsten Runde wieder der Grundbetrag zum Einsatz. Liegt man jedoch richtig, wird es spannend. Jetzt wird verdoppelt! Schonwieder richtig getippt? Die gewonnenen Chips kommen erneut auf den Tisch! So kann man beim Paroli System mit niedrigem Eigenkapital gro\u00df abr\u00e4umen.<\/p>\n<p>Wie erzielt man mit Paroli die h\u00f6chsten Gewinne? Sie m\u00fcssen sich ein Ziel setzen. Nehmen Sie sich z.B. vor, mit einer Wette f\u00fcnfmal hintereinander zu gewinnen. Das ist gar nicht so unwahrscheinlich! Beim Roulette taucht bei den einfachen Quoten dasselbe Ergebnis h\u00e4ufig f\u00fcnfmal in Folge auf. Nutzen Sie das! Mit der Paroli Strategie k\u00f6nnen Sie Ihren Einsatz in k\u00fcrzester Zeit verdoppeln.<\/p>\n<h4>Paroli Tabelle<\/h4>\n<p>Wenn Sie einen Grundbetrag von 10\u20ac mit dem Paroli System setzen, passiert innerhalb von 5 Runden Folgendes:<br \/>\n<div class=\"su-row\"><div class=\"su-column su-column-size-1-2\"><div class=\"su-column-inner su-u-clearfix su-u-trim\">\n<table>\n<tbody>\n<tr>\n<td width=\"20\">#<\/td>\n<td><span style=\"font-size: 10pt\"><strong>Wette<\/strong><\/span><\/td>\n<td><span style=\"font-size: 10pt\"><strong>Verlust<\/strong><\/span><\/td>\n<td><span style=\"font-size: 10pt\"><strong>Verdoppelt<\/strong><\/span><\/td>\n<td><span style=\"font-size: 10pt\"><strong>Gewinn<\/strong><\/span><\/td>\n<\/tr>\n<tr>\n<td><strong>1<\/strong><\/td>\n<td>10<\/td>\n<td>-10<\/td>\n<td>10<\/td>\n<td>10<\/td>\n<\/tr>\n<tr>\n<td><strong>2<\/strong><\/td>\n<td>10<\/td>\n<td>-20<\/td>\n<td>20<\/td>\n<td>30<\/td>\n<\/tr>\n<tr>\n<td><strong>3<\/strong><\/td>\n<td>10<\/td>\n<td>-30<\/td>\n<td>40<\/td>\n<td>70<\/td>\n<\/tr>\n<tr>\n<td><strong>4<\/strong><\/td>\n<td>10<\/td>\n<td>-40<\/td>\n<td>80<\/td>\n<td>150<\/td>\n<\/tr>\n<tr>\n<td><strong>5<\/strong><\/td>\n<td>10<\/td>\n<td>-50<\/td>\n<td>160<\/td>\n<td>310<\/td>\n<\/tr>\n<\/tbody>\n<\/table>\n<\/div><\/div>\n<div class=\"su-column su-column-size-1-2\"><div class=\"su-column-inner su-u-clearfix su-u-trim\">\nBei f\u00fcnf Wetten in Folge ist das Risiko begrenzt. Selbst wenn Sie bei allen f\u00fcnf Runden verlieren, haben Sie nur f\u00fcnf Chips \u00e0 10\u20ac verspielt. Haben Sie jedoch eine Gl\u00fccksstr\u00e4hne, gewinnen Sie das 31-fache Ihres Einsatzes, also 310\u20ac.<br \/>\n<\/div><\/div><\/div>\n<div class=\"su-divider su-divider-style-dotted\" style=\"margin:35px 0;border-width:5px;border-color:#1d6a39\"><\/div>\n<h3 id=\"parlay\"><span style=\"font-size: 28px; font-weight: 900;\">#2. DAS PARLAY SYSTEM<\/span><\/h3>\n<p>Das Parlay System \u00e4hnelt der Paroli Strategie. Der einzige Unterschied ist, dass es hier eine bestimmte Anzahl von angestrebten Gewinnwetten gibt. Diese ist auf 10 Folgegewinne festgelegt. Das steigert das Risiko. Darum empfehlen wir, die Wetten auf 7 Gewinne in Folge zu beschr\u00e4nken. Bei einfachen Quoten zehnmal hintereinander zu gewinnen ist sehr ambitioniert.<\/p>\n<p>7 Eins\u00e4tze reichen v\u00f6llig aus. Wenn Sie mit dem Parlay System siebenmal in Folge richtig tippen, erhalten Sie das 127-fache Ihres Einsatzes. Mit nur 10\u20ac k\u00f6nnen Sie so ganze 1270\u20ac abr\u00e4umen.<br \/>\n<div class=\"su-divider su-divider-style-dotted\" style=\"margin:35px 0;border-width:5px;border-color:#1d6a39\"><\/div>\n<h3 id=\"alembert\"><span style=\"font-size: 28px; font-weight: 900;\">#3. DIE PROGRESSION D\u2018ALEMBERT<\/span><\/h3>\n<p>Die Progression d\u2019Alembert ist ein System, dass relativ langsam fortschreitet. D\u2019Alembert wird bei einfachen 1:1 Quoten angewandt. Starten Sie das Spiel mit einem einzigen Chip. Nach jeder verlorenen Wette erh\u00f6hen Sie um einen weiteren Chip. Haben Sie richtig getippt, nehmen Sie in der n\u00e4chsten Runde einen Chip vom Spielfeld. Auch wenn diese Strategie nicht sehr aufregend klingt, funktioniert sie. Wenn Sie Ihr gesetztes Ziel (z. B. die Verdopplung des 1. Einsatzes) erreicht haben, war das System erfolgreich.<\/p>\n<p>Mit D&#8217;Alembert l\u00e4sst sich Ihr Kapital ganz leicht verdoppeln. Dieses System gilt als sicher, da die Eins\u00e4tze \u00fcberschaubar bleiben. Es ist perfekt f\u00fcr Roulette Fans, die Spa\u00df haben wollen, ohne ein gro\u00dfes Risiko einzugehen.<br \/>\n<div class=\"su-divider su-divider-style-dotted\" style=\"margin:35px 0;border-width:5px;border-color:#1d6a39\"><\/div>\n<h3 id=\"martingale\"><span style=\"font-size: 28px; font-weight: 900;\">#4. DIE MARTINGALE<\/span><\/h3>\n<p>Die Martingale ist die bekannteste Gewinnstrategie beim Roulette. Theoretisch ist dies das beste System, doch in der Praxis birgt es Risiken. Wie die anderen Systeme wird auch die Martingale auf einfache Quoten angewandt. Zuerst wird ein Startbetrag festgelegt. Das Geniale bei dieser Erfolgsformel ist, dass man bei einer Pechstr\u00e4hne am Ende trotzdem einen Chip gewinnt. Die Strategie: verdoppeln Sie bei jeder Niederlage und kehren Sie nach einem Gewinn zum urspr\u00fcnglichen Einsatz zur\u00fcck.<\/p>\n<p>Theoretisch ist die Martingale narrensicher. In der Praxis kann es bei einer Serie von mehr als f\u00fcnf Niederlagen in Folge teuer werden. Um nicht zu viel zu verspielen, sollten Sie sich ein Limit setzen. Und so sieht die Martingale in Aktion aus:<\/p>\n<div class=\"su-row\"><div class=\"su-column su-column-size-1-3\"><div class=\"su-column-inner su-u-clearfix su-u-trim\">\n<table>\n<tbody>\n<tr>\n<td width=\"20\">#<\/td>\n<td><strong>Wetten<\/strong><\/td>\n<td><strong>Progression<\/strong><\/td>\n<\/tr>\n<tr>\n<td><strong>1<\/strong><\/strong><\/td>\n<td>10<\/td>\n<td>10<\/td>\n<\/tr>\n<tr>\n<td><strong>2<\/strong><\/td>\n<td>20<\/td>\n<td>30<\/td>\n<\/tr>\n<tr>\n<td><strong>3<\/strong><\/td>\n<td>40<\/td>\n<td>70<\/td>\n<\/tr>\n<tr>\n<td><strong>4<\/strong><\/td>\n<td>80<\/td>\n<td>150<\/td>\n<\/tr>\n<tr>\n<td><strong>5<\/strong><\/td>\n<td>160<\/td>\n<td>310<\/td>\n<\/tr>\n<tr>\n<td><strong>6<\/strong><\/td>\n<td>320<\/td>\n<td>630<\/td>\n<\/tr>\n<\/tbody>\n<\/table>\n<\/div><\/div>\n<div class=\"su-column su-column-size-2-3\"><div class=\"su-column-inner su-u-clearfix su-u-trim\">\nMit sechs Niederlagen in Folge haben wir bewusst den Teufel an die Wand gemalt. Die Tabelle zeigt den Extremfall der Martingale auf. Doch beachten Sie: im Casino kann bei einfachen Quoten dasselbe Ergebnis durchaus sechsmal in Folge auftreten! Beachten Sie das und setzten Sie sich ein Limit f\u00fcr die Pechstr\u00e4hne. Eine beliebte Strategie ist es, nur dreimal in Folge zu verdoppeln. In der 4. Runde w\u00fcrden Sie dann nicht das Achtfache des Grundbetrags setzten, sondern wieder von vorne beginnen.<\/p>\n<p>Strategien im Casino erfolgreich anwenden und gewinnen? Das geht! Am besten, Sie setzen sich ein Ziel. Verdoppeln Sie z.B. Ihr Kapital und h\u00f6ren Sie danach auf zu spielen.<\/div><\/div><\/div>\n<div class=\"su-divider su-divider-style-dotted\" style=\"margin:35px 0;border-width:5px;border-color:#1d6a39\"><\/div>\n<h2>Strategien, die Sie vermeiden sollten<\/h2>\n<div class=\"su-row\"><div class=\"su-column su-column-size-2-3\"><div class=\"su-column-inner su-u-clearfix su-u-trim\">Die vier Strategien, die wir Ihnen hier vorgestellt haben, funktionieren am besten. Es gibt noch andere Gl\u00fccksspielsysteme, die jedoch nicht empfehlenswert sind. Vielleicht haben Sie schonmal von den Systemen Labouch\u00e8re, Fibonacci und Zographos geh\u00f6rt. Diese sehen auf den ersten Blick profitabel aus, sind aber in der Praxis eine Katastrophe. Wir raten ausdr\u00fccklich von diesen Strategien ab.<br \/>\n<\/div><\/div>\n<div class=\"su-column su-column-size-1-3\"><div class=\"su-column-inner su-u-clearfix su-u-trim\"><img loading=\"lazy\" decoding=\"async\" src=\"https:\/\/www.roulette.school\/de\/wp-content\/uploads\/2021\/01\/strategien.jpg\" alt=\"Diese Strategien sollten Sie vermeiden\" width=\"360\" height=\"215\" class=\"alignnone size-full wp-image-863\" srcset=\"https:\/\/www.roulette.school\/de\/wp-content\/uploads\/2021\/01\/strategien.jpg 360w, https:\/\/www.roulette.school\/de\/wp-content\/uploads\/2021\/01\/strategien-300x179.jpg 300w\" sizes=\"auto, (max-width: 360px) 100vw, 360px\" \/><br \/>\n<\/div><\/div><\/div>\n<h2 id=\"quote\">Franz\u00f6sisches Roulette \u2013 eine Quote von 98,65%<\/h2>\n<div class=\"su-row\"><div class=\"su-column su-column-size-2-3\"><div class=\"su-column-inner su-u-clearfix su-u-trim\">Wie bereits erw\u00e4hnt, ist das <a href=\"https:\/\/www.roulette.school\/de\/franzosische\/\">franz\u00f6sische Roulette<\/a> f\u00fcr die Spieler am lukrativsten. Bei gleichen Eins\u00e4tzen ist die Quote hier h\u00f6her als bei anderen Varianten und das Spiel somit fairer. Der Grund daf\u00fcr ist die Prison Regel.<\/p>\n<p>Normalerweise ist beim Roulette eine 1:1 Au\u00dfenwette verloren, wenn die Null f\u00e4llt. Beim franz\u00f6sischen Roulette erhalten Sie die Chance, die verlorenen Chips zur\u00fcckzugewinnen. Der Einsatz wird f\u00fcr die n\u00e4chste Runde gesperrt, er geht \u201een prison\u201c, sprich ins Gef\u00e4ngnis. Wenn Sie jetzt gewinnen, erhalten Sie Ihre Chips zur\u00fcck. Alternativ k\u00f6nnen Sie, wenn die Null f\u00e4llt, einfach die H\u00e4lfte Ihres Einsatzes vom Casino zur\u00fcckfordern. Vorsichtige Spieler nutzen gern diese M\u00f6glichkeit. Wer gerne zockt, geht ins Gef\u00e4ngnis und spielt um Alles oder Nichts. <\/div><\/div>\n<div class=\"su-column su-column-size-1-3\"><div class=\"su-column-inner su-u-clearfix su-u-trim\"><img loading=\"lazy\" decoding=\"async\" src=\"https:\/\/www.roulette.school\/de\/wp-content\/uploads\/2021\/01\/tipps-tricks.jpg\" alt=\"Tipps und Tricks, um beim Roulette zu gewinnen\" width=\"360\" height=\"215\" class=\"alignnone size-full wp-image-862\" srcset=\"https:\/\/www.roulette.school\/de\/wp-content\/uploads\/2021\/01\/tipps-tricks.jpg 360w, https:\/\/www.roulette.school\/de\/wp-content\/uploads\/2021\/01\/tipps-tricks-300x179.jpg 300w\" sizes=\"auto, (max-width: 360px) 100vw, 360px\" \/><\/div><\/div><\/div>\n<h2>Zusammenfassung<\/h2>\n<p>Alle Gewinnstrategien beim Roulette werden bei Wetten mit einfachen Quoten angewandt. Darum ist das franz\u00f6sische Roulette das ideale Spiel, um mit einem System satte Gewinne zu erzielen. Denn die R\u00fccklaufquote der franz\u00f6sischen Variante betr\u00e4gt bei den 1:1 Wetten 98,65%. Beim amerikanischen Roulette liegt die Quote bei nur 94,74%, bei der europ\u00e4ischen Variante bei 97,3%. So unglaublich es klingt, es gibt viele Spieler, die das nicht wissen! Und nicht vergessen: alle neuen Spieler erhalten im Online Casino einen <a href=\"https:\/\/www.roulette.school\/de\/bonus\/\">Willkommensbonus<\/a>. Diese Chance sollten Sie nutzen! So k\u00f6nnen Sie gleich bei den ersten Wetten richtig durchstarten!<\/p>\n","protected":false},"excerpt":{"rendered":"<p>Die besten Strategien, um beim Online Roulette abzur\u00e4umen. Entdecken Sie die effektivsten Spielsysteme der Profis. Unser Guide stellt Ihnen die<\/p>\n","protected":false},"author":1,"featured_media":0,"parent":0,"menu_order":0,"comment_status":"closed","ping_status":"closed","template":"template-fullwidth.php","meta":{"footnotes":""},"class_list":["post-36","page","type-page","status-publish","hentry"],"yoast_head":"<!-- This site is optimized with the Yoast SEO plugin v26.9 - https:\/\/yoast.com\/product\/yoast-seo-wordpress\/ -->\n<title>Beim Online Roulette Gewinnen | Strategien und Tipps im Casino<\/title>\n<meta name=\"description\" content=\"Wie gewinnt man im Casino mit Hilfe von Gewinnstrategien? Strategien und Systeme, um die Gewinnchancen zu erh\u00f6hen. Tipps von den Profis.\" \/>\n<meta name=\"robots\" content=\"index, follow, max-snippet:-1, max-image-preview:large, max-video-preview:-1\" \/>\n<link rel=\"canonical\" href=\"https:\/\/www.roulette.school\/de\/gewinnstrategien\/\" \/>\n<meta property=\"og:locale\" content=\"de_DE\" \/>\n<meta property=\"og:type\" content=\"article\" \/>\n<meta property=\"og:title\" content=\"Beim Online Roulette Gewinnen | Strategien und Tipps im Casino\" \/>\n<meta property=\"og:description\" content=\"Wie gewinnt man im Casino mit Hilfe von Gewinnstrategien? Strategien und Systeme, um die Gewinnchancen zu erh\u00f6hen. Tipps von den Profis.\" \/>\n<meta property=\"og:url\" content=\"https:\/\/www.roulette.school\/de\/gewinnstrategien\/\" \/>\n<meta property=\"og:site_name\" content=\"Roulette School\" \/>\n<meta property=\"article:modified_time\" content=\"2021-05-18T13:30:45+00:00\" \/>\n<meta property=\"og:image\" content=\"https:\/\/www.roulette.school\/de\/wp-content\/uploads\/2021\/01\/rucklaufquote.jpg\" \/>\n<meta name=\"twitter:card\" content=\"summary_large_image\" \/>\n<meta name=\"twitter:label1\" content=\"Gesch\u00e4tzte Lesezeit\" \/>\n\t<meta name=\"twitter:data1\" content=\"6 Minuten\" \/>\n<script type=\"application\/ld+json\" class=\"yoast-schema-graph\">{\"@context\":\"https:\/\/schema.org\",\"@graph\":[{\"@type\":\"WebPage\",\"@id\":\"https:\/\/www.roulette.school\/de\/gewinnstrategien\/\",\"url\":\"https:\/\/www.roulette.school\/de\/gewinnstrategien\/\",\"name\":\"Beim Online Roulette Gewinnen | Strategien und Tipps im Casino\",\"isPartOf\":{\"@id\":\"https:\/\/www.roulette.school\/de\/#website\"},\"primaryImageOfPage\":{\"@id\":\"https:\/\/www.roulette.school\/de\/gewinnstrategien\/#primaryimage\"},\"image\":{\"@id\":\"https:\/\/www.roulette.school\/de\/gewinnstrategien\/#primaryimage\"},\"thumbnailUrl\":\"https:\/\/www.roulette.school\/de\/wp-content\/uploads\/2021\/01\/rucklaufquote.jpg\",\"datePublished\":\"2020-11-26T16:03:05+00:00\",\"dateModified\":\"2021-05-18T13:30:45+00:00\",\"description\":\"Wie gewinnt man im Casino mit Hilfe von Gewinnstrategien? Strategien und Systeme, um die Gewinnchancen zu erh\u00f6hen. Tipps von den Profis.\",\"breadcrumb\":{\"@id\":\"https:\/\/www.roulette.school\/de\/gewinnstrategien\/#breadcrumb\"},\"inLanguage\":\"de-AT\",\"potentialAction\":[{\"@type\":\"ReadAction\",\"target\":[\"https:\/\/www.roulette.school\/de\/gewinnstrategien\/\"]}]},{\"@type\":\"ImageObject\",\"inLanguage\":\"de-AT\",\"@id\":\"https:\/\/www.roulette.school\/de\/gewinnstrategien\/#primaryimage\",\"url\":\"https:\/\/www.roulette.school\/de\/wp-content\/uploads\/2021\/01\/rucklaufquote.jpg\",\"contentUrl\":\"https:\/\/www.roulette.school\/de\/wp-content\/uploads\/2021\/01\/rucklaufquote.jpg\",\"width\":360,\"height\":215,\"caption\":\"Beste R\u00fccklaufquote beim Roulette\"},{\"@type\":\"BreadcrumbList\",\"@id\":\"https:\/\/www.roulette.school\/de\/gewinnstrategien\/#breadcrumb\",\"itemListElement\":[{\"@type\":\"ListItem\",\"position\":1,\"name\":\"Home\",\"item\":\"https:\/\/www.roulette.school\/de\/\"},{\"@type\":\"ListItem\",\"position\":2,\"name\":\"Gewinnen mit System\"}]},{\"@type\":\"WebSite\",\"@id\":\"https:\/\/www.roulette.school\/de\/#website\",\"url\":\"https:\/\/www.roulette.school\/de\/\",\"name\":\"Roulette School\",\"description\":\"Roulette Guide\",\"publisher\":{\"@id\":\"https:\/\/www.roulette.school\/de\/#organization\"},\"potentialAction\":[{\"@type\":\"SearchAction\",\"target\":{\"@type\":\"EntryPoint\",\"urlTemplate\":\"https:\/\/www.roulette.school\/de\/?s={search_term_string}\"},\"query-input\":{\"@type\":\"PropertyValueSpecification\",\"valueRequired\":true,\"valueName\":\"search_term_string\"}}],\"inLanguage\":\"de-AT\"},{\"@type\":\"Organization\",\"@id\":\"https:\/\/www.roulette.school\/de\/#organization\",\"name\":\"Roulette School\",\"url\":\"https:\/\/www.roulette.school\/de\/\",\"logo\":{\"@type\":\"ImageObject\",\"inLanguage\":\"de-AT\",\"@id\":\"https:\/\/www.roulette.school\/de\/#\/schema\/logo\/image\/\",\"url\":\"https:\/\/www.roulette.school\/de\/wp-content\/uploads\/2021\/02\/rsl.png\",\"contentUrl\":\"https:\/\/www.roulette.school\/de\/wp-content\/uploads\/2021\/02\/rsl.png\",\"width\":350,\"height\":50,\"caption\":\"Roulette School\"},\"image\":{\"@id\":\"https:\/\/www.roulette.school\/de\/#\/schema\/logo\/image\/\"}}]}<\/script>\n<!-- \/ Yoast SEO plugin. -->","yoast_head_json":{"title":"Beim Online Roulette Gewinnen | Strategien und Tipps im Casino","description":"Wie gewinnt man im Casino mit Hilfe von Gewinnstrategien? Strategien und Systeme, um die Gewinnchancen zu erh\u00f6hen. Tipps von den Profis.","robots":{"index":"index","follow":"follow","max-snippet":"max-snippet:-1","max-image-preview":"max-image-preview:large","max-video-preview":"max-video-preview:-1"},"canonical":"https:\/\/www.roulette.school\/de\/gewinnstrategien\/","og_locale":"de_DE","og_type":"article","og_title":"Beim Online Roulette Gewinnen | Strategien und Tipps im Casino","og_description":"Wie gewinnt man im Casino mit Hilfe von Gewinnstrategien? Strategien und Systeme, um die Gewinnchancen zu erh\u00f6hen. Tipps von den Profis.","og_url":"https:\/\/www.roulette.school\/de\/gewinnstrategien\/","og_site_name":"Roulette School","article_modified_time":"2021-05-18T13:30:45+00:00","og_image":[{"url":"https:\/\/www.roulette.school\/de\/wp-content\/uploads\/2021\/01\/rucklaufquote.jpg","type":"","width":"","height":""}],"twitter_card":"summary_large_image","twitter_misc":{"Gesch\u00e4tzte Lesezeit":"6 Minuten"},"schema":{"@context":"https:\/\/schema.org","@graph":[{"@type":"WebPage","@id":"https:\/\/www.roulette.school\/de\/gewinnstrategien\/","url":"https:\/\/www.roulette.school\/de\/gewinnstrategien\/","name":"Beim Online Roulette Gewinnen | Strategien und Tipps im Casino","isPartOf":{"@id":"https:\/\/www.roulette.school\/de\/#website"},"primaryImageOfPage":{"@id":"https:\/\/www.roulette.school\/de\/gewinnstrategien\/#primaryimage"},"image":{"@id":"https:\/\/www.roulette.school\/de\/gewinnstrategien\/#primaryimage"},"thumbnailUrl":"https:\/\/www.roulette.school\/de\/wp-content\/uploads\/2021\/01\/rucklaufquote.jpg","datePublished":"2020-11-26T16:03:05+00:00","dateModified":"2021-05-18T13:30:45+00:00","description":"Wie gewinnt man im Casino mit Hilfe von Gewinnstrategien? Strategien und Systeme, um die Gewinnchancen zu erh\u00f6hen. Tipps von den Profis.","breadcrumb":{"@id":"https:\/\/www.roulette.school\/de\/gewinnstrategien\/#breadcrumb"},"inLanguage":"de-AT","potentialAction":[{"@type":"ReadAction","target":["https:\/\/www.roulette.school\/de\/gewinnstrategien\/"]}]},{"@type":"ImageObject","inLanguage":"de-AT","@id":"https:\/\/www.roulette.school\/de\/gewinnstrategien\/#primaryimage","url":"https:\/\/www.roulette.school\/de\/wp-content\/uploads\/2021\/01\/rucklaufquote.jpg","contentUrl":"https:\/\/www.roulette.school\/de\/wp-content\/uploads\/2021\/01\/rucklaufquote.jpg","width":360,"height":215,"caption":"Beste R\u00fccklaufquote beim Roulette"},{"@type":"BreadcrumbList","@id":"https:\/\/www.roulette.school\/de\/gewinnstrategien\/#breadcrumb","itemListElement":[{"@type":"ListItem","position":1,"name":"Home","item":"https:\/\/www.roulette.school\/de\/"},{"@type":"ListItem","position":2,"name":"Gewinnen mit System"}]},{"@type":"WebSite","@id":"https:\/\/www.roulette.school\/de\/#website","url":"https:\/\/www.roulette.school\/de\/","name":"Roulette School","description":"Roulette Guide","publisher":{"@id":"https:\/\/www.roulette.school\/de\/#organization"},"potentialAction":[{"@type":"SearchAction","target":{"@type":"EntryPoint","urlTemplate":"https:\/\/www.roulette.school\/de\/?s={search_term_string}"},"query-input":{"@type":"PropertyValueSpecification","valueRequired":true,"valueName":"search_term_string"}}],"inLanguage":"de-AT"},{"@type":"Organization","@id":"https:\/\/www.roulette.school\/de\/#organization","name":"Roulette School","url":"https:\/\/www.roulette.school\/de\/","logo":{"@type":"ImageObject","inLanguage":"de-AT","@id":"https:\/\/www.roulette.school\/de\/#\/schema\/logo\/image\/","url":"https:\/\/www.roulette.school\/de\/wp-content\/uploads\/2021\/02\/rsl.png","contentUrl":"https:\/\/www.roulette.school\/de\/wp-content\/uploads\/2021\/02\/rsl.png","width":350,"height":50,"caption":"Roulette School"},"image":{"@id":"https:\/\/www.roulette.school\/de\/#\/schema\/logo\/image\/"}}]}},"_links":{"self":[{"href":"https:\/\/www.roulette.school\/de\/wp-json\/wp\/v2\/pages\/36","targetHints":{"allow":["GET"]}}],"collection":[{"href":"https:\/\/www.roulette.school\/de\/wp-json\/wp\/v2\/pages"}],"about":[{"href":"https:\/\/www.roulette.school\/de\/wp-json\/wp\/v2\/types\/page"}],"author":[{"embeddable":true,"href":"https:\/\/www.roulette.school\/de\/wp-json\/wp\/v2\/users\/1"}],"replies":[{"embeddable":true,"href":"https:\/\/www.roulette.school\/de\/wp-json\/wp\/v2\/comments?post=36"}],"version-history":[{"count":43,"href":"https:\/\/www.roulette.school\/de\/wp-json\/wp\/v2\/pages\/36\/revisions"}],"predecessor-version":[{"id":1205,"href":"https:\/\/www.roulette.school\/de\/wp-json\/wp\/v2\/pages\/36\/revisions\/1205"}],"wp:attachment":[{"href":"https:\/\/www.roulette.school\/de\/wp-json\/wp\/v2\/media?parent=36"}],"curies":[{"name":"wp","href":"https:\/\/api.w.org\/{rel}","templated":true}]}}