{"id":417,"date":"2020-12-14T09:57:25","date_gmt":"2020-12-14T09:57:25","guid":{"rendered":"https:\/\/www.roulette.school\/de\/?page_id=417"},"modified":"2021-05-19T08:08:30","modified_gmt":"2021-05-19T08:08:30","slug":"im-detail","status":"publish","type":"page","link":"https:\/\/www.roulette.school\/de\/im-detail\/","title":{"rendered":"Roulette von A bis Z"},"content":{"rendered":"<p>Welches Basiswissen braucht man f\u00fcr Roulette? Egal, ob Sie in einem lokalen Casino in \u00d6sterreich, einem noblen Palast in Las Vegas oder einem modernen Online Casino spielen: wir haben f\u00fcr Sie die Grundlagen des Roulette zusammengetragen. Von den Ansagen bis zum Equipment \u2013 machen Sie sich schlau, dann kann das Spiel beginnen!<\/p>\n<h2>Das Roulette Spiel<\/h2>\n<div class=\"su-row\"><div class=\"su-column su-column-size-2-3\"><div class=\"su-column-inner su-u-clearfix su-u-trim\">Das Rad besteht aus einem Zylinder mit einzelnen F\u00e4chern, \u00fcber denen die jeweiligen Zahlen stehen. Oberhalb der Zahlen sind Erhebungen angebracht, die an Keile erinnern. Am oberen Rand der Scheibe befindet sich eine Rille.<\/div><\/div>\n<div class=\"su-column su-column-size-1-3\"><div class=\"su-column-inner su-u-clearfix su-u-trim\"><img loading=\"lazy\" decoding=\"async\" class=\"alignnone size-full wp-image-667\" src=\"https:\/\/www.roulette.school\/de\/wp-content\/uploads\/2020\/12\/rad.jpg\" alt=\"Das Tableau und das Rad\" width=\"250\" height=\"120\" \/><\/div><\/div><\/div>\nIn diese Rille wird die Kugel in den Zylinder eingeworfen und rollt mit voller Geschwindigkeit im Kreis. Sobald sie langsamer wird, st\u00f6\u00dft sie mehrfach an die Keile und f\u00e4llt schlie\u00dflich in eines der nummerierten F\u00e4cher.<\/p>\n<h2>Der Zylinder<\/h2>\n<p>Der Dealer dreht den Zylinder, um das Rad in Schwung zu bringen. Die Kugel wirft er in die entgegengesetzte Richtung ein. Wer schon einmal beim Roulette sein Gl\u00fcck versucht hat, wei\u00df, dass dieser Ablauf genauso ber\u00fchmt ist wie das Spiel selbst!<\/p>\n<h2>Die Kugel<\/h2>\n<div class=\"su-row\"><div class=\"su-column su-column-size-2-3\"><div class=\"su-column-inner su-u-clearfix su-u-trim\">Sobald der Zylinder gedreht wird, startet auch die Kugel. Sie rollt \u00fcber die Oberfl\u00e4che des Rades, die Keile lassen sie h\u00fcpfen. Dann entscheidet der Zufall: die Kugel verliert an Geschwindigkeit und bleibt in einem der nummerierten F\u00e4cher liegen.<\/div><\/div>\n<div class=\"su-column su-column-size-1-3\"><div class=\"su-column-inner su-u-clearfix su-u-trim\"><img loading=\"lazy\" decoding=\"async\" class=\"alignnone size-full wp-image-668\" src=\"https:\/\/www.roulette.school\/de\/wp-content\/uploads\/2020\/12\/kugel.jpg\" alt=\"Die Kugel liegt auf einer Zahl\" width=\"250\" height=\"120\" \/><\/div><\/div><\/div>\nTraditionsgem\u00e4\u00df ist die Kugel wei\u00df, denn sie wurde fr\u00fcher aus Elfenbein gefertigt. In einigen VIP H\u00e4usern ist sie heute aus Gold oder Platin.<\/p>\n<h2>Das Tableau<\/h2>\n<p>Das Tableau ist meistens gr\u00fcn. In manchen High-Tech Casinos kann es auch blau sein. Die Zahlen von 1 bis 36 sind im Rechteck angeordnet. Die Null ist immer gr\u00fcn (beim amerikanischen Roulette auch die Doppelnull). Das Spielfeld beginnt oben mit der Null, dann folgen die Zahlen in Dreierreihen aufeinander. Am Rand des Zahlenrechtecks gibt es Felder f\u00fcr Wetten auf Einzel- und Dutzendquoten.<\/p>\n<h2>Innenwetten<\/h2>\n<div class=\"su-row\"><div class=\"su-column su-column-size-2-3\"><div class=\"su-column-inner su-u-clearfix su-u-trim\">Bei diesen Wetten setzt man auf bestimmte Zahlen im Rechteck. Man kann auf eine einzelne Zahl oder auf eine Gruppe von angrenzenden Zahlen setzen. Die Quoten reichen hier vom 5- bis zum 35-fachen des Einsatzes. <\/div><\/div>\n<div class=\"su-column su-column-size-1-3\"><div class=\"su-column-inner su-u-clearfix su-u-trim\"><img loading=\"lazy\" decoding=\"async\" class=\"alignnone size-full wp-image-669\" src=\"https:\/\/www.roulette.school\/de\/wp-content\/uploads\/2020\/12\/wette.jpg\" alt=\"Chips liegen auf Innenwetten\" width=\"250\" height=\"120\" \/><\/div><\/div><\/div>\n<h2>Au\u00dfenwetten<\/h2>\n<p>Diese Wetten platziert man am Rand des Zahlenrechtecks. Wer um eine einfache Quote spielen will, die den Einsatz verdoppelt, setzt auf eine Farbe, auf gerade oder ungerade Zahlen oder auf eine H\u00e4lfte des Spielfelds. Bei den 2:1 Wetten, bei denen der Einsatz verdreifacht wird, tippt man auf 12 Zahlen gleichzeitig. Die beliebteste Wette mit einfacher Quote ist Rot oder Schwarz. Fast, als w\u00fcrde man eine M\u00fcnze werfen&#8230;<\/p>\n<h2>Die Chips<\/h2>\n<div class=\"su-row\"><div class=\"su-column su-column-size-2-3\"><div class=\"su-column-inner su-u-clearfix su-u-trim\">Beim Roulette macht man seine Eins\u00e4tze nicht mit Bargeld. An der Casinokasse k\u00f6nnen Sie Chips kaufen, die im Spiel zum Einsatz kommen. Das geht nat\u00fcrlich auch mit einer Kredit- oder Debitkarte. Im Online Casino gibt es daf\u00fcr gesicherte Bankseiten.<\/div><\/div>\n<div class=\"su-column su-column-size-1-3\"><div class=\"su-column-inner su-u-clearfix su-u-trim\"><img loading=\"lazy\" decoding=\"async\" class=\"alignnone size-full wp-image-670\" src=\"https:\/\/www.roulette.school\/de\/wp-content\/uploads\/2020\/12\/chips.jpg\" alt=\"Casino Chips\" width=\"250\" height=\"120\" \/><\/div><\/div><\/div>\nSie haben gewonnen? Wunderbar! Gehen Sie einfach wieder zur Kasse, um sich den Gewinn auszahlen zu lassen. Das Gleiche gilt, wenn Sie das Casino verlassen und Ihre restlichen Chips umtauschen m\u00f6chten.<\/p>\n<h2>Einsatzlimits<\/h2>\n<p>An jedem Roulette Tisch gibt es Einsatzlimits. Diese k\u00f6nnen unterschiedlich ausfallen &#8211; f\u00fcr Au\u00dfenwetten sind sie h\u00f6her als f\u00fcr Innenwetten. Doch wof\u00fcr sind die Limits gut? Ganz einfach: sie dienen dem Schutz der Bank vor allzu gewieften Spielern und ihren <a href=\"https:\/\/www.roulette.school\/de\/gewinnstrategien\/\">narrensicheren Tricks<\/a>!<\/p>\n<h2>Das Rateau<\/h2>\n<div class=\"su-row\"><div class=\"su-column su-column-size-2-3\"><div class=\"su-column-inner su-u-clearfix su-u-trim\">Das Rateau ist ein langer Stab, an dessen Ende ein Querblatt angebracht ist. Der Croupier benutzt diesen Rechen, um die Chips auf dem Tableau zu bewegen.<\/div><\/div>\n<div class=\"su-column su-column-size-1-3\"><div class=\"su-column-inner su-u-clearfix su-u-trim\">\n<img loading=\"lazy\" decoding=\"async\" class=\"alignnone size-full wp-image-671\" src=\"https:\/\/www.roulette.school\/de\/wp-content\/uploads\/2020\/12\/rateau.jpg\" alt=\"Eins\u00e4tze werden mit dem Rateau eingesammelt\" width=\"250\" height=\"120\" \/><\/div><\/div><\/div>\nDas Rateau kommt nur an VIP Tischen zum Einsatz. Mit viel Geschick sammelt der Croupier verlorene Eins\u00e4tze ein und verteilt Gewinne, ohne die Chips auch nur einmal mit der Hand zu ber\u00fchren. Im Online Casino werden diese Abl\u00e4ufe durch die Software vereinfacht.<\/p>\n<h2>Die Ansagen des Croupiers<\/h2>\n<div class=\"su-row\">\n<div class=\"su-column su-column-size-2-3\"><div class=\"su-column-inner su-u-clearfix su-u-trim\">\nSie lauten:<\/p>\n<ol>\n<li>Faites vos jeux! (Machen Sie Ihre Eins\u00e4tze!)<br \/>\nund<\/li>\n<li>Rien ne va plus! (Nichts geht mehr!)<\/li>\n<\/ol>\n<\/div><\/div><div class=\"su-column su-column-size-1-3\"><div class=\"su-column-inner su-u-clearfix su-u-trim\">Das Roulette Spiel ist wirklich legend\u00e4r \u2013 nicht zuletzt wegen der Ansagen des Croupiers zu Beginn jeder Runde. Ob Sie in einem <a href=\"https:\/\/www.roulette.school\/de\/casino-osterreich\/\">\u00f6sterreichischen Online Casinos<\/a> oder vor Ort spielen: diese Ausrufe sind l\u00e4ngst zu gefl\u00fcgelten Worten geworden.<\/div><\/div><\/div>\nSobald die Kugel auf eine Zahl f\u00e4llt, macht der Croupier weitere Ansagen. Erst nennt er die Gewinnzahl und die Farbe, dann teilt er mit, ob die Zahl gerade oder ungerade ist und auf welcher H\u00e4lfte des Spielfeldes sie sich befindet.<br \/>\nWenn zum Beispiel die 12 die Gewinnzahl ist, sagt der Croupier: 12, ROT, GERADE und NIEDRIG.<\/p>\n<h2>Anzeige bisheriger Gewinnzahlen<\/h2>\n<p>An jedem Tisch werden die bisherigen Gewinnzahlen auf Leuchttafeln angezeigt. Die Zahlen sind in zwei Spalten \u2013 rot und schwarz \u2013 eingeteilt. Es lohnt sich, einen Blick auf die Tafel zu werfen. L\u00e4sst sich eine Gesetzm\u00e4\u00dfigkeit erkennen? Es ist zum Beispiel nicht ungew\u00f6hnlich, dass eine Farbe f\u00fcnf- oder sechsmal hintereinander auftritt. Erscheint die gleiche Zahl zweimal in Folge, k\u00f6nnen Sie darauf wetten, dass in der n\u00e4chsten Runde viele auf diese Zahl setzen werden. Denn erfahrene Spieler wissen: ein Zufall kommt selten allein!<br \/>\n&nbsp;<\/p>\n","protected":false},"excerpt":{"rendered":"<p>Welches Basiswissen braucht man f\u00fcr Roulette? Egal, ob Sie in einem lokalen Casino in \u00d6sterreich, einem noblen Palast in Las<\/p>\n","protected":false},"author":1,"featured_media":0,"parent":0,"menu_order":0,"comment_status":"closed","ping_status":"closed","template":"","meta":{"footnotes":""},"class_list":["post-417","page","type-page","status-publish","hentry"],"yoast_head":"<!-- This site is optimized with the Yoast SEO plugin v26.9 - https:\/\/yoast.com\/product\/yoast-seo-wordpress\/ -->\n<title>Roulette Spiel im Casino | Der Croupier, das Rad und das Tableau<\/title>\n<meta name=\"description\" content=\"Glossar und Equipment f\u00fcr Roulette im Casino. Wie geht das Spiel? Was muss ich wissen, bevor ich Geld setzte?\" \/>\n<meta name=\"robots\" content=\"index, follow, max-snippet:-1, max-image-preview:large, max-video-preview:-1\" \/>\n<link rel=\"canonical\" href=\"https:\/\/www.roulette.school\/de\/im-detail\/\" \/>\n<meta property=\"og:locale\" content=\"de_DE\" \/>\n<meta property=\"og:type\" content=\"article\" \/>\n<meta property=\"og:title\" content=\"Roulette Spiel im Casino | Der Croupier, das Rad und das Tableau\" \/>\n<meta property=\"og:description\" content=\"Glossar und Equipment f\u00fcr Roulette im Casino. Wie geht das Spiel? Was muss ich wissen, bevor ich Geld setzte?\" \/>\n<meta property=\"og:url\" content=\"https:\/\/www.roulette.school\/de\/im-detail\/\" \/>\n<meta property=\"og:site_name\" content=\"Roulette School\" \/>\n<meta property=\"article:modified_time\" content=\"2021-05-19T08:08:30+00:00\" \/>\n<meta property=\"og:image\" content=\"https:\/\/www.roulette.school\/de\/wp-content\/uploads\/2020\/12\/rad.jpg\" \/>\n<meta name=\"twitter:card\" content=\"summary_large_image\" \/>\n<meta name=\"twitter:label1\" content=\"Gesch\u00e4tzte Lesezeit\" \/>\n\t<meta name=\"twitter:data1\" content=\"5 Minuten\" \/>\n<script type=\"application\/ld+json\" class=\"yoast-schema-graph\">{\"@context\":\"https:\/\/schema.org\",\"@graph\":[{\"@type\":\"WebPage\",\"@id\":\"https:\/\/www.roulette.school\/de\/im-detail\/\",\"url\":\"https:\/\/www.roulette.school\/de\/im-detail\/\",\"name\":\"Roulette Spiel im Casino | Der Croupier, das Rad und das Tableau\",\"isPartOf\":{\"@id\":\"https:\/\/www.roulette.school\/de\/#website\"},\"primaryImageOfPage\":{\"@id\":\"https:\/\/www.roulette.school\/de\/im-detail\/#primaryimage\"},\"image\":{\"@id\":\"https:\/\/www.roulette.school\/de\/im-detail\/#primaryimage\"},\"thumbnailUrl\":\"https:\/\/www.roulette.school\/de\/wp-content\/uploads\/2020\/12\/rad.jpg\",\"datePublished\":\"2020-12-14T09:57:25+00:00\",\"dateModified\":\"2021-05-19T08:08:30+00:00\",\"description\":\"Glossar und Equipment f\u00fcr Roulette im Casino. Wie geht das Spiel? Was muss ich wissen, bevor ich Geld setzte?\",\"breadcrumb\":{\"@id\":\"https:\/\/www.roulette.school\/de\/im-detail\/#breadcrumb\"},\"inLanguage\":\"de-AT\",\"potentialAction\":[{\"@type\":\"ReadAction\",\"target\":[\"https:\/\/www.roulette.school\/de\/im-detail\/\"]}]},{\"@type\":\"ImageObject\",\"inLanguage\":\"de-AT\",\"@id\":\"https:\/\/www.roulette.school\/de\/im-detail\/#primaryimage\",\"url\":\"https:\/\/www.roulette.school\/de\/wp-content\/uploads\/2020\/12\/rad.jpg\",\"contentUrl\":\"https:\/\/www.roulette.school\/de\/wp-content\/uploads\/2020\/12\/rad.jpg\",\"width\":250,\"height\":120,\"caption\":\"Das Tableau und das Rad\"},{\"@type\":\"BreadcrumbList\",\"@id\":\"https:\/\/www.roulette.school\/de\/im-detail\/#breadcrumb\",\"itemListElement\":[{\"@type\":\"ListItem\",\"position\":1,\"name\":\"Home\",\"item\":\"https:\/\/www.roulette.school\/de\/\"},{\"@type\":\"ListItem\",\"position\":2,\"name\":\"Roulette von A bis Z\"}]},{\"@type\":\"WebSite\",\"@id\":\"https:\/\/www.roulette.school\/de\/#website\",\"url\":\"https:\/\/www.roulette.school\/de\/\",\"name\":\"Roulette School\",\"description\":\"Roulette Guide\",\"publisher\":{\"@id\":\"https:\/\/www.roulette.school\/de\/#organization\"},\"potentialAction\":[{\"@type\":\"SearchAction\",\"target\":{\"@type\":\"EntryPoint\",\"urlTemplate\":\"https:\/\/www.roulette.school\/de\/?s={search_term_string}\"},\"query-input\":{\"@type\":\"PropertyValueSpecification\",\"valueRequired\":true,\"valueName\":\"search_term_string\"}}],\"inLanguage\":\"de-AT\"},{\"@type\":\"Organization\",\"@id\":\"https:\/\/www.roulette.school\/de\/#organization\",\"name\":\"Roulette School\",\"url\":\"https:\/\/www.roulette.school\/de\/\",\"logo\":{\"@type\":\"ImageObject\",\"inLanguage\":\"de-AT\",\"@id\":\"https:\/\/www.roulette.school\/de\/#\/schema\/logo\/image\/\",\"url\":\"https:\/\/www.roulette.school\/de\/wp-content\/uploads\/2021\/02\/rsl.png\",\"contentUrl\":\"https:\/\/www.roulette.school\/de\/wp-content\/uploads\/2021\/02\/rsl.png\",\"width\":350,\"height\":50,\"caption\":\"Roulette School\"},\"image\":{\"@id\":\"https:\/\/www.roulette.school\/de\/#\/schema\/logo\/image\/\"}}]}<\/script>\n<!-- \/ Yoast SEO plugin. -->","yoast_head_json":{"title":"Roulette Spiel im Casino | Der Croupier, das Rad und das Tableau","description":"Glossar und Equipment f\u00fcr Roulette im Casino. Wie geht das Spiel? Was muss ich wissen, bevor ich Geld setzte?","robots":{"index":"index","follow":"follow","max-snippet":"max-snippet:-1","max-image-preview":"max-image-preview:large","max-video-preview":"max-video-preview:-1"},"canonical":"https:\/\/www.roulette.school\/de\/im-detail\/","og_locale":"de_DE","og_type":"article","og_title":"Roulette Spiel im Casino | Der Croupier, das Rad und das Tableau","og_description":"Glossar und Equipment f\u00fcr Roulette im Casino. Wie geht das Spiel? Was muss ich wissen, bevor ich Geld setzte?","og_url":"https:\/\/www.roulette.school\/de\/im-detail\/","og_site_name":"Roulette School","article_modified_time":"2021-05-19T08:08:30+00:00","og_image":[{"url":"https:\/\/www.roulette.school\/de\/wp-content\/uploads\/2020\/12\/rad.jpg","type":"","width":"","height":""}],"twitter_card":"summary_large_image","twitter_misc":{"Gesch\u00e4tzte Lesezeit":"5 Minuten"},"schema":{"@context":"https:\/\/schema.org","@graph":[{"@type":"WebPage","@id":"https:\/\/www.roulette.school\/de\/im-detail\/","url":"https:\/\/www.roulette.school\/de\/im-detail\/","name":"Roulette Spiel im Casino | Der Croupier, das Rad und das Tableau","isPartOf":{"@id":"https:\/\/www.roulette.school\/de\/#website"},"primaryImageOfPage":{"@id":"https:\/\/www.roulette.school\/de\/im-detail\/#primaryimage"},"image":{"@id":"https:\/\/www.roulette.school\/de\/im-detail\/#primaryimage"},"thumbnailUrl":"https:\/\/www.roulette.school\/de\/wp-content\/uploads\/2020\/12\/rad.jpg","datePublished":"2020-12-14T09:57:25+00:00","dateModified":"2021-05-19T08:08:30+00:00","description":"Glossar und Equipment f\u00fcr Roulette im Casino. Wie geht das Spiel? Was muss ich wissen, bevor ich Geld setzte?","breadcrumb":{"@id":"https:\/\/www.roulette.school\/de\/im-detail\/#breadcrumb"},"inLanguage":"de-AT","potentialAction":[{"@type":"ReadAction","target":["https:\/\/www.roulette.school\/de\/im-detail\/"]}]},{"@type":"ImageObject","inLanguage":"de-AT","@id":"https:\/\/www.roulette.school\/de\/im-detail\/#primaryimage","url":"https:\/\/www.roulette.school\/de\/wp-content\/uploads\/2020\/12\/rad.jpg","contentUrl":"https:\/\/www.roulette.school\/de\/wp-content\/uploads\/2020\/12\/rad.jpg","width":250,"height":120,"caption":"Das Tableau und das Rad"},{"@type":"BreadcrumbList","@id":"https:\/\/www.roulette.school\/de\/im-detail\/#breadcrumb","itemListElement":[{"@type":"ListItem","position":1,"name":"Home","item":"https:\/\/www.roulette.school\/de\/"},{"@type":"ListItem","position":2,"name":"Roulette von A bis Z"}]},{"@type":"WebSite","@id":"https:\/\/www.roulette.school\/de\/#website","url":"https:\/\/www.roulette.school\/de\/","name":"Roulette School","description":"Roulette Guide","publisher":{"@id":"https:\/\/www.roulette.school\/de\/#organization"},"potentialAction":[{"@type":"SearchAction","target":{"@type":"EntryPoint","urlTemplate":"https:\/\/www.roulette.school\/de\/?s={search_term_string}"},"query-input":{"@type":"PropertyValueSpecification","valueRequired":true,"valueName":"search_term_string"}}],"inLanguage":"de-AT"},{"@type":"Organization","@id":"https:\/\/www.roulette.school\/de\/#organization","name":"Roulette School","url":"https:\/\/www.roulette.school\/de\/","logo":{"@type":"ImageObject","inLanguage":"de-AT","@id":"https:\/\/www.roulette.school\/de\/#\/schema\/logo\/image\/","url":"https:\/\/www.roulette.school\/de\/wp-content\/uploads\/2021\/02\/rsl.png","contentUrl":"https:\/\/www.roulette.school\/de\/wp-content\/uploads\/2021\/02\/rsl.png","width":350,"height":50,"caption":"Roulette School"},"image":{"@id":"https:\/\/www.roulette.school\/de\/#\/schema\/logo\/image\/"}}]}},"_links":{"self":[{"href":"https:\/\/www.roulette.school\/de\/wp-json\/wp\/v2\/pages\/417","targetHints":{"allow":["GET"]}}],"collection":[{"href":"https:\/\/www.roulette.school\/de\/wp-json\/wp\/v2\/pages"}],"about":[{"href":"https:\/\/www.roulette.school\/de\/wp-json\/wp\/v2\/types\/page"}],"author":[{"embeddable":true,"href":"https:\/\/www.roulette.school\/de\/wp-json\/wp\/v2\/users\/1"}],"replies":[{"embeddable":true,"href":"https:\/\/www.roulette.school\/de\/wp-json\/wp\/v2\/comments?post=417"}],"version-history":[{"count":27,"href":"https:\/\/www.roulette.school\/de\/wp-json\/wp\/v2\/pages\/417\/revisions"}],"predecessor-version":[{"id":1262,"href":"https:\/\/www.roulette.school\/de\/wp-json\/wp\/v2\/pages\/417\/revisions\/1262"}],"wp:attachment":[{"href":"https:\/\/www.roulette.school\/de\/wp-json\/wp\/v2\/media?parent=417"}],"curies":[{"name":"wp","href":"https:\/\/api.w.org\/{rel}","templated":true}]}}