{"id":67,"date":"2020-11-27T09:19:26","date_gmt":"2020-11-27T09:19:26","guid":{"rendered":"https:\/\/www.roulette.school\/de\/?page_id=67"},"modified":"2025-12-03T05:13:04","modified_gmt":"2025-12-03T05:13:04","slug":"software","status":"publish","type":"page","link":"https:\/\/www.roulette.school\/de\/software\/","title":{"rendered":"Software"},"content":{"rendered":"<p>Roulette Software gibt es im Internet wie Sand am Meer. Man findet sie in allen Variationen, einige Spiele sind jedoch besonders gelungen. Das ist vor allem bei den Marken Microgaming, Switch Studios und Evolution Gaming der Fall. Mit diesem Spitzentrio spielen Sie Online Roulette wie in einem echten Casino. Die Spiele dieser Entwickler sind f\u00fcr das Internet ausgelegt und verf\u00fcgen \u00fcber kostenlose Demo Versionen. Anstatt echtes Geld zu setzen, k\u00f6nnen Sie so Roulette mit fiktiven Chips ausprobieren. Auch, was Echtgeld Spiele angeht, sind diese Anbieter die seri\u00f6sesten der Branche.<br \/>\n<div class=\"su-divider su-divider-style-dotted\" style=\"margin:30px 0;border-width:3px;border-color:#6c1616\"><\/div>\n<h2>#1. Microgaming<\/h2>\n<div class=\"su-row\"><div class=\"su-column su-column-size-3-5\"><div class=\"su-column-inner su-u-clearfix su-u-trim\">Die <strong>Microgaming Gruppe<\/strong>, jetzt Teil der Games Global-Gruppe, ist der weltweit f\u00fchrende Anbieter von Online-Roulette-Spielen. Das Unternehmen stellt den Casinos, mit denen es zusammenarbeitet, erstklassige Spiele-Software zur Verf\u00fcgung. Das erfolgreichste unter ihnen ist Casino Action. Diese Microgaming-Website wird mit Unterst\u00fctzung der <strong>On Air Entertainment<\/strong>-Gruppe betrieben und ist als <a href=\"https:\/\/www.roulette.school\/de\/casino-spiele-fur-android\/\">Android Casino<\/a> perfekt an Smartphones angepasst.<\/p>\n<p>Bei <strong>Casino Action<\/strong> finden Sie eine Vielzahl von Live-Spielen und Instant Plays. Was Roulette angeht, gl\u00e4nzt das Casino mit allen drei Varianten des beliebten Spiels, die entweder per Livestream mit Croupier oder als Instant Play im Browser gespielt werden k\u00f6nnen.<\/p>\n<p>Bei vielen renommierten Guides hat Casino Action einen hervorragenden Ruf. Daher geh\u00f6rt dieser Spieletempel zu den Top 3 der meistbesuchten <a href=\"https:\/\/www.roulette.school\/de\/casino-osterreich\/\">Online Casino Guides in \u00d6sterreich<\/a> und hat erstklassige Bewertungen \u2013 ein Zeichen daf\u00fcr, dass die Spieler diesem Anbieter vertrauen.<br \/>\n<\/div><\/div>\n<div class=\"su-column su-column-size-2-5\"><div class=\"su-column-inner su-u-clearfix su-u-trim\"><a class=\"add\" href=\"https:\/\/iredirect.net\/referral\/?site=ca&#038;lang=at&#038;aff_id=aff100309\" rel=\"noopener\" target=\"_blank\"><img loading=\"lazy\" decoding=\"async\" src=\"https:\/\/www.roulette.school\/de\/wp-content\/uploads\/2021\/02\/casino-microgaming.jpg\" alt=\"Casino Action Microgaming Software\" width=\"450\" height=\"270\" class=\"alignnone size-full wp-image-1043\" srcset=\"https:\/\/www.roulette.school\/de\/wp-content\/uploads\/2021\/02\/casino-microgaming.jpg 450w, https:\/\/www.roulette.school\/de\/wp-content\/uploads\/2021\/02\/casino-microgaming-300x180.jpg 300w\" sizes=\"auto, (max-width: 450px) 100vw, 450px\" \/><br \/>\nBEI CASINO ACTION SPIELEN<\/a><\/div><\/div><\/div>\n<div class=\"su-divider su-divider-style-dotted\" style=\"margin:30px 0;border-width:3px;border-color:#6c1616\"><\/div>\n<h2>#2. Switch Studios<\/h2>\n<div class=\"su-row\"><div class=\"su-column su-column-size-3-5\"><div class=\"su-column-inner su-u-clearfix su-u-trim\">Die Spiele von Switch Studios bieten ganz neue M\u00f6glichkeiten, beim Roulette gro\u00dfe Gewinne zu erzielen. Hier k\u00f6nnen Roulette Fans das 2500-fache Ihrer eingesetzten Chips gewinnen!<\/p>\n<p>Das beeindruckendste Spiel von <strong>Switch Studios<\/strong> ist <a href=\"https:\/\/www.roulette.school\/de\/roulette-mega-moolah\/\">Roulette Mega Moolah<\/a>. In jeder Runde haben die Spieler hier die Chance auf Gewinne in Millionenh\u00f6he!<\/p>\n<p>Wer die Spiele von Switch Studios ausprobieren m\u00f6chte, wird beim <strong>Grand Mondial Casino<\/strong> f\u00fcndig. Die Games dieser Website sind f\u00fcr <a href=\"https:\/\/www.roulette.school\/de\/casino-spiele-fur-iphone-und-ipad\/\">das iPhone und iPad<\/a> ma\u00dfgeschneidert.<br \/>\n<\/div><\/div>\n<div class=\"su-column su-column-size-2-5\"><div class=\"su-column-inner su-u-clearfix su-u-trim\"><a class=\"add\" href=\"https:\/\/iredirect.net\/referral\/?site=gmd&#038;lang=at&#038;aff_id=aff100309\" rel=\"noopener\" target=\"_blank\"><img loading=\"lazy\" decoding=\"async\" src=\"https:\/\/www.roulette.school\/de\/wp-content\/uploads\/2023\/02\/mondial.jpg\" alt=\"Switch Studios Grand Mondial Casino\" width=\"450\" height=\"270\" class=\"alignnone size-full wp-image-1597\" srcset=\"https:\/\/www.roulette.school\/de\/wp-content\/uploads\/2023\/02\/mondial.jpg 450w, https:\/\/www.roulette.school\/de\/wp-content\/uploads\/2023\/02\/mondial-300x180.jpg 300w\" sizes=\"auto, (max-width: 450px) 100vw, 450px\" \/><br \/>\nBEI GRAND MONDIAL SPIELEN<\/a><\/div><\/div><\/div>\n<div class=\"su-divider su-divider-style-dotted\" style=\"margin:30px 0;border-width:3px;border-color:#6c1616\"><\/div>\n<h2>#3. Evolution Gaming<\/h2>\n<div class=\"su-row\"><div class=\"su-column su-column-size-3-5\"><div class=\"su-column-inner su-u-clearfix su-u-trim\">Wer hinter die Kulissen der Online Casinos schaut, wird unweigerlich auf Evolution treffen. Im Jahr 2006 gegr\u00fcndet, ist dieser Entwickler Experte f\u00fcr Live Spiele mit Croupier. Evolution hat sich als die ultimative Referenz f\u00fcr immersive Spielr\u00e4ume etabliert. Roulette, Blackjack und Baccarat sind die Speerspitzen des Unternehmens. Tag und Nacht herrscht an den Spieltischen der <strong>Evolution Gaming<\/strong> Casinos Hochspannung pur. Die Auswahl ist riesig, ganz egal, ob es um die Wettlimits oder das Spielangebot geht.<\/p>\n<p>Besonders beeindruckend sind die VIP-Tische. Bei so einer Partie im Spielsaal stehen einem schnell vor Spannung die Haare zu Berge. Die exklusivste Seite, die Spiele von Evolution Gaming anbietet, ist das <strong>Villento Casino<\/strong>, ein absoluter Web-Gigant.<br \/>\n<\/div><\/div>\n<div class=\"su-column su-column-size-2-5\"><div class=\"su-column-inner su-u-clearfix su-u-trim\"><a class=\"add\" href=\"https:\/\/iredirect.net\/referral\/?site=vlv&#038;lang=at&#038;aff_id=aff100309\" rel=\"noopener\" target=\"_blank\"><img loading=\"lazy\" decoding=\"async\" src=\"https:\/\/www.roulette.school\/de\/wp-content\/uploads\/2021\/02\/villento-software.jpg\" alt=\"Villento Casino - Live Spiele mit Croupier\" width=\"450\" height=\"270\" class=\"alignnone size-full wp-image-1044\" srcset=\"https:\/\/www.roulette.school\/de\/wp-content\/uploads\/2021\/02\/villento-software.jpg 450w, https:\/\/www.roulette.school\/de\/wp-content\/uploads\/2021\/02\/villento-software-300x180.jpg 300w\" sizes=\"auto, (max-width: 450px) 100vw, 450px\" \/><br \/>\nBEI VILLENTO CASINO SPIELEN<\/a><\/div><\/div><\/div>\n<div class=\"su-divider su-divider-style-dotted\" style=\"margin:30px 0;border-width:3px;border-color:#6c1616\"><\/div>\n<h2>#4. NetEnt<\/h2>\n<div class=\"su-row\"><div class=\"su-column su-column-size-3-5\"><div class=\"su-column-inner su-u-clearfix su-u-trim\">Wenn es einen Entwickler f\u00fcr Casino Spiele gibt, der in den letzten zehn Jahren durch die Decke gegangen ist, dann ist das NetEnt. Seit 1996 aktiv, hat das Unternehmen immer den Anspruch gehabt, Spiele mit besonders detailgetreuer Grafik zu kreieren. Heute bietet NetEnt eine gro\u00dfe Auswahl an Games, die nicht nur durch Quantit\u00e4t, sondern auch durch Qualit\u00e4t \u00fcberzeugen.<\/p>\n<p>Was Roulette angeht, findet man bei NetEnt viele verschiedene Varianten. Auch <a href=\"https:\/\/www.roulette.school\/de\/franzosische\/\">franz\u00f6sisches Roulette<\/a> ist mit von der Partie. Eine der beliebtesten NetEnt Seiten ist Leo Vegas. Diese Website ist speziell f\u00fcr Handys konzipiert. Immer mehr User spielen am liebsten auf dem Smartphone. Ein zukunftsweisender Trend, den das Duo NetEnt und Leo Vegas zum Gl\u00fcck rechtzeitig erkannt hat&#8230;<\/div><\/div>\n<div class=\"su-column su-column-size-2-5\"><div class=\"su-column-inner su-u-clearfix su-u-trim\"><a class=\"add\" href=\"https:\/\/www.leovegas.com\/de-at\/\" rel=\"noopener\" target=\"_blank\"><img loading=\"lazy\" decoding=\"async\" src=\"https:\/\/www.roulette.school\/de\/wp-content\/uploads\/2021\/02\/leovegas.jpg\" alt=\"Roulette Software bei Leo Vegas\" width=\"450\" height=\"270\" class=\"alignnone size-full wp-image-1046\" srcset=\"https:\/\/www.roulette.school\/de\/wp-content\/uploads\/2021\/02\/leovegas.jpg 450w, https:\/\/www.roulette.school\/de\/wp-content\/uploads\/2021\/02\/leovegas-300x180.jpg 300w\" sizes=\"auto, (max-width: 450px) 100vw, 450px\" \/><br \/>\nBEI LEO VEGAS SPIELEN<\/a><\/div><\/div><\/div>\n<div class=\"su-divider su-divider-style-dotted\" style=\"margin:30px 0;border-width:3px;border-color:#6c1616\"><\/div>\n<h2>Software auf dem PC<\/h2>\n<p>Es besteht die M\u00f6glichkeit, Software von den Casinoseiten herunterzuladen und auf Ihrem PC zu installieren. Wenn Sie Wert auf eine bequeme Bedienung und detaillierte Grafik legen, ist dies durchaus empfehlenswert. Das gilt nicht nur f\u00fcr Roulette, sondern auch f\u00fcr alle anderen Casinospiele. Die Software nutzt die Hardware-Ressourcen Ihres Computers, um die Reaktionsgeschwindigkeit der Spiele zu erh\u00f6hen. <\/p>\n<p>Die Grafik ist wirklich top und die Wettoptionen sind einfacher zu handhaben. So lassen sich Bedienungsfehler vermeiden. Roulette School hat verschiedene Anbieter getestet und festgestellt, dass <strong>Casino Action<\/strong> die Seite mit der besten PC Software ist.<\/p>\n<h2>Software auf dem Mac<\/h2>\n<p>Wenn Sie einen Mac haben, k\u00f6nnen Sie bei den Roulette Spielen auf die Instant Plays ausweichen. Es gibt leider kein zuverl\u00e4ssiges Online Casino, das Software zum Download f\u00fcr Macs bereitstellt. Doch das ist nicht dramatisch! Die meisten Online Casinos bieten Instant Plays an, die auf dem Mac \u00fcber den Browser laufen. Nat\u00fcrlich gilt das auch f\u00fcr das oben erw\u00e4hnte Casino Action.<\/p>\n<h2>Software auf dem Handy und Tablet<\/h2>\n<p>F\u00fcr mobile Ger\u00e4te gibt es zwei M\u00f6glichkeiten: Sie k\u00f6nnen im Browser spielen oder eine App herunterladen. Bei den Apps ist die Auswahl sehr begrenzt. Je nachdem, wo Sie leben, finden Sie m\u00f6glicherweise keine App, die wirklich zuverl\u00e4ssig ist. Das liegt daran, dass Casino Apps in einigen L\u00e4ndern nicht zugelassen sind. Nat\u00fcrlich k\u00f6nnen Sie sich trotzdem einmal in Ihrem App Store umsehen, vielleicht werden Sie f\u00fcndig. In jedem Fall aber bieten die Casinos Instant Plays an, die vom Handy und Tablet jederzeit abrufbar sind. Gute Casino Websites sind pixelgenau f\u00fcr mobile Endger\u00e4te kalibriert!<\/p>\n","protected":false},"excerpt":{"rendered":"<p>Roulette Software gibt es im Internet wie Sand am Meer. Man findet sie in allen Variationen, einige Spiele sind jedoch<\/p>\n","protected":false},"author":1,"featured_media":0,"parent":0,"menu_order":0,"comment_status":"closed","ping_status":"closed","template":"template-fullwidth.php","meta":{"footnotes":""},"class_list":["post-67","page","type-page","status-publish","hentry"],"yoast_head":"<!-- This site is optimized with the Yoast SEO plugin v26.9 - https:\/\/yoast.com\/product\/yoast-seo-wordpress\/ -->\n<title>Mit Roulette Software Online auf PC und Handy Spielen<\/title>\n<meta name=\"description\" content=\"W\u00e4hlen Sie die beste Roulette Software, um im Online Casino zu spielen. Auf PC, Mac, Tablet und Handy. Die Top Anbieter der Branche.\" \/>\n<meta name=\"robots\" content=\"index, follow, max-snippet:-1, max-image-preview:large, max-video-preview:-1\" \/>\n<link rel=\"canonical\" href=\"https:\/\/www.roulette.school\/de\/software\/\" \/>\n<meta property=\"og:locale\" content=\"de_DE\" \/>\n<meta property=\"og:type\" content=\"article\" \/>\n<meta property=\"og:title\" content=\"Mit Roulette Software Online auf PC und Handy Spielen\" \/>\n<meta property=\"og:description\" content=\"W\u00e4hlen Sie die beste Roulette Software, um im Online Casino zu spielen. Auf PC, Mac, Tablet und Handy. Die Top Anbieter der Branche.\" \/>\n<meta property=\"og:url\" content=\"https:\/\/www.roulette.school\/de\/software\/\" \/>\n<meta property=\"og:site_name\" content=\"Roulette School\" \/>\n<meta property=\"article:modified_time\" content=\"2025-12-03T05:13:04+00:00\" \/>\n<meta property=\"og:image\" content=\"https:\/\/www.roulette.school\/de\/wp-content\/uploads\/2021\/02\/casino-microgaming.jpg\" \/>\n\t<meta property=\"og:image:width\" content=\"450\" \/>\n\t<meta property=\"og:image:height\" content=\"270\" \/>\n\t<meta property=\"og:image:type\" content=\"image\/jpeg\" \/>\n<meta name=\"twitter:card\" content=\"summary_large_image\" \/>\n<meta name=\"twitter:label1\" content=\"Gesch\u00e4tzte Lesezeit\" \/>\n\t<meta name=\"twitter:data1\" content=\"6 Minuten\" \/>\n<script type=\"application\/ld+json\" class=\"yoast-schema-graph\">{\"@context\":\"https:\/\/schema.org\",\"@graph\":[{\"@type\":\"WebPage\",\"@id\":\"https:\/\/www.roulette.school\/de\/software\/\",\"url\":\"https:\/\/www.roulette.school\/de\/software\/\",\"name\":\"Mit Roulette Software Online auf PC und Handy Spielen\",\"isPartOf\":{\"@id\":\"https:\/\/www.roulette.school\/de\/#website\"},\"primaryImageOfPage\":{\"@id\":\"https:\/\/www.roulette.school\/de\/software\/#primaryimage\"},\"image\":{\"@id\":\"https:\/\/www.roulette.school\/de\/software\/#primaryimage\"},\"thumbnailUrl\":\"https:\/\/www.roulette.school\/de\/wp-content\/uploads\/2021\/02\/casino-microgaming.jpg\",\"datePublished\":\"2020-11-27T09:19:26+00:00\",\"dateModified\":\"2025-12-03T05:13:04+00:00\",\"description\":\"W\u00e4hlen Sie die beste Roulette Software, um im Online Casino zu spielen. Auf PC, Mac, Tablet und Handy. Die Top Anbieter der Branche.\",\"breadcrumb\":{\"@id\":\"https:\/\/www.roulette.school\/de\/software\/#breadcrumb\"},\"inLanguage\":\"de-AT\",\"potentialAction\":[{\"@type\":\"ReadAction\",\"target\":[\"https:\/\/www.roulette.school\/de\/software\/\"]}]},{\"@type\":\"ImageObject\",\"inLanguage\":\"de-AT\",\"@id\":\"https:\/\/www.roulette.school\/de\/software\/#primaryimage\",\"url\":\"https:\/\/www.roulette.school\/de\/wp-content\/uploads\/2021\/02\/casino-microgaming.jpg\",\"contentUrl\":\"https:\/\/www.roulette.school\/de\/wp-content\/uploads\/2021\/02\/casino-microgaming.jpg\",\"width\":450,\"height\":270,\"caption\":\"Casino Action Microgaming software\"},{\"@type\":\"BreadcrumbList\",\"@id\":\"https:\/\/www.roulette.school\/de\/software\/#breadcrumb\",\"itemListElement\":[{\"@type\":\"ListItem\",\"position\":1,\"name\":\"Home\",\"item\":\"https:\/\/www.roulette.school\/de\/\"},{\"@type\":\"ListItem\",\"position\":2,\"name\":\"Software\"}]},{\"@type\":\"WebSite\",\"@id\":\"https:\/\/www.roulette.school\/de\/#website\",\"url\":\"https:\/\/www.roulette.school\/de\/\",\"name\":\"Roulette School\",\"description\":\"Roulette Guide\",\"publisher\":{\"@id\":\"https:\/\/www.roulette.school\/de\/#organization\"},\"potentialAction\":[{\"@type\":\"SearchAction\",\"target\":{\"@type\":\"EntryPoint\",\"urlTemplate\":\"https:\/\/www.roulette.school\/de\/?s={search_term_string}\"},\"query-input\":{\"@type\":\"PropertyValueSpecification\",\"valueRequired\":true,\"valueName\":\"search_term_string\"}}],\"inLanguage\":\"de-AT\"},{\"@type\":\"Organization\",\"@id\":\"https:\/\/www.roulette.school\/de\/#organization\",\"name\":\"Roulette School\",\"url\":\"https:\/\/www.roulette.school\/de\/\",\"logo\":{\"@type\":\"ImageObject\",\"inLanguage\":\"de-AT\",\"@id\":\"https:\/\/www.roulette.school\/de\/#\/schema\/logo\/image\/\",\"url\":\"https:\/\/www.roulette.school\/de\/wp-content\/uploads\/2021\/02\/rsl.png\",\"contentUrl\":\"https:\/\/www.roulette.school\/de\/wp-content\/uploads\/2021\/02\/rsl.png\",\"width\":350,\"height\":50,\"caption\":\"Roulette School\"},\"image\":{\"@id\":\"https:\/\/www.roulette.school\/de\/#\/schema\/logo\/image\/\"}}]}<\/script>\n<!-- \/ Yoast SEO plugin. -->","yoast_head_json":{"title":"Mit Roulette Software Online auf PC und Handy Spielen","description":"W\u00e4hlen Sie die beste Roulette Software, um im Online Casino zu spielen. Auf PC, Mac, Tablet und Handy. Die Top Anbieter der Branche.","robots":{"index":"index","follow":"follow","max-snippet":"max-snippet:-1","max-image-preview":"max-image-preview:large","max-video-preview":"max-video-preview:-1"},"canonical":"https:\/\/www.roulette.school\/de\/software\/","og_locale":"de_DE","og_type":"article","og_title":"Mit Roulette Software Online auf PC und Handy Spielen","og_description":"W\u00e4hlen Sie die beste Roulette Software, um im Online Casino zu spielen. Auf PC, Mac, Tablet und Handy. Die Top Anbieter der Branche.","og_url":"https:\/\/www.roulette.school\/de\/software\/","og_site_name":"Roulette School","article_modified_time":"2025-12-03T05:13:04+00:00","og_image":[{"width":450,"height":270,"url":"https:\/\/www.roulette.school\/de\/wp-content\/uploads\/2021\/02\/casino-microgaming.jpg","type":"image\/jpeg"}],"twitter_card":"summary_large_image","twitter_misc":{"Gesch\u00e4tzte Lesezeit":"6 Minuten"},"schema":{"@context":"https:\/\/schema.org","@graph":[{"@type":"WebPage","@id":"https:\/\/www.roulette.school\/de\/software\/","url":"https:\/\/www.roulette.school\/de\/software\/","name":"Mit Roulette Software Online auf PC und Handy Spielen","isPartOf":{"@id":"https:\/\/www.roulette.school\/de\/#website"},"primaryImageOfPage":{"@id":"https:\/\/www.roulette.school\/de\/software\/#primaryimage"},"image":{"@id":"https:\/\/www.roulette.school\/de\/software\/#primaryimage"},"thumbnailUrl":"https:\/\/www.roulette.school\/de\/wp-content\/uploads\/2021\/02\/casino-microgaming.jpg","datePublished":"2020-11-27T09:19:26+00:00","dateModified":"2025-12-03T05:13:04+00:00","description":"W\u00e4hlen Sie die beste Roulette Software, um im Online Casino zu spielen. Auf PC, Mac, Tablet und Handy. Die Top Anbieter der Branche.","breadcrumb":{"@id":"https:\/\/www.roulette.school\/de\/software\/#breadcrumb"},"inLanguage":"de-AT","potentialAction":[{"@type":"ReadAction","target":["https:\/\/www.roulette.school\/de\/software\/"]}]},{"@type":"ImageObject","inLanguage":"de-AT","@id":"https:\/\/www.roulette.school\/de\/software\/#primaryimage","url":"https:\/\/www.roulette.school\/de\/wp-content\/uploads\/2021\/02\/casino-microgaming.jpg","contentUrl":"https:\/\/www.roulette.school\/de\/wp-content\/uploads\/2021\/02\/casino-microgaming.jpg","width":450,"height":270,"caption":"Casino Action Microgaming software"},{"@type":"BreadcrumbList","@id":"https:\/\/www.roulette.school\/de\/software\/#breadcrumb","itemListElement":[{"@type":"ListItem","position":1,"name":"Home","item":"https:\/\/www.roulette.school\/de\/"},{"@type":"ListItem","position":2,"name":"Software"}]},{"@type":"WebSite","@id":"https:\/\/www.roulette.school\/de\/#website","url":"https:\/\/www.roulette.school\/de\/","name":"Roulette School","description":"Roulette Guide","publisher":{"@id":"https:\/\/www.roulette.school\/de\/#organization"},"potentialAction":[{"@type":"SearchAction","target":{"@type":"EntryPoint","urlTemplate":"https:\/\/www.roulette.school\/de\/?s={search_term_string}"},"query-input":{"@type":"PropertyValueSpecification","valueRequired":true,"valueName":"search_term_string"}}],"inLanguage":"de-AT"},{"@type":"Organization","@id":"https:\/\/www.roulette.school\/de\/#organization","name":"Roulette School","url":"https:\/\/www.roulette.school\/de\/","logo":{"@type":"ImageObject","inLanguage":"de-AT","@id":"https:\/\/www.roulette.school\/de\/#\/schema\/logo\/image\/","url":"https:\/\/www.roulette.school\/de\/wp-content\/uploads\/2021\/02\/rsl.png","contentUrl":"https:\/\/www.roulette.school\/de\/wp-content\/uploads\/2021\/02\/rsl.png","width":350,"height":50,"caption":"Roulette School"},"image":{"@id":"https:\/\/www.roulette.school\/de\/#\/schema\/logo\/image\/"}}]}},"_links":{"self":[{"href":"https:\/\/www.roulette.school\/de\/wp-json\/wp\/v2\/pages\/67","targetHints":{"allow":["GET"]}}],"collection":[{"href":"https:\/\/www.roulette.school\/de\/wp-json\/wp\/v2\/pages"}],"about":[{"href":"https:\/\/www.roulette.school\/de\/wp-json\/wp\/v2\/types\/page"}],"author":[{"embeddable":true,"href":"https:\/\/www.roulette.school\/de\/wp-json\/wp\/v2\/users\/1"}],"replies":[{"embeddable":true,"href":"https:\/\/www.roulette.school\/de\/wp-json\/wp\/v2\/comments?post=67"}],"version-history":[{"count":32,"href":"https:\/\/www.roulette.school\/de\/wp-json\/wp\/v2\/pages\/67\/revisions"}],"predecessor-version":[{"id":1914,"href":"https:\/\/www.roulette.school\/de\/wp-json\/wp\/v2\/pages\/67\/revisions\/1914"}],"wp:attachment":[{"href":"https:\/\/www.roulette.school\/de\/wp-json\/wp\/v2\/media?parent=67"}],"curies":[{"name":"wp","href":"https:\/\/api.w.org\/{rel}","templated":true}]}}