{"id":687,"date":"2020-12-30T07:36:47","date_gmt":"2020-12-30T07:36:47","guid":{"rendered":"https:\/\/www.roulette.school\/de\/?page_id=687"},"modified":"2023-05-12T08:39:25","modified_gmt":"2023-05-12T08:39:25","slug":"bonus","status":"publish","type":"page","link":"https:\/\/www.roulette.school\/de\/bonus\/","title":{"rendered":"Der Willkommensbonus"},"content":{"rendered":"<div class=\"su-row\"><div class=\"su-column su-column-size-2-3\"><div class=\"su-column-inner su-u-clearfix su-u-trim\">Sie m\u00f6chten um Echtgeld spielen? Dann sichern Sie sich die Vorteile eines Willkommensbonus. Roulette School hat f\u00fcr Sie die besten Deals ausfindig gemacht. Wir haben die lukrativsten Online Casino Boni in \u00d6sterreich getestet. Auf dieser Seite finden Sie die besten Bonus Deals, die auf alle Spiele anwendbar sind. Der rote Teppich ist ausgerollt! Ob Blackjack, Roulette, Video Poker oder Slots \u2013 mit diesen Deals sitzen Sie am l\u00e4ngeren Hebel!<\/p>\n<h2 class=\"h2b\">Die besten Bonus Deals im Netz<\/h2>\n<p>Alle Casinos, die wir Ihnen hier vorstellen, verdoppeln Ihre erste Echtgeld Einzahlung. Das Angebot gilt bereits ab einer Einzahlung von 10\u20ac.<\/div><\/div>\n<div class=\"su-column su-column-size-1-3 midc\"><div class=\"su-column-inner su-u-clearfix su-u-trim\"><img loading=\"lazy\" decoding=\"async\" src=\"https:\/\/www.roulette.school\/de\/wp-content\/uploads\/2021\/01\/bester-bonus.jpg\" alt=\"Bester Casino Bonus in \u00d6sterreich\" width=\"350\" height=\"240\" class=\"alignnone size-full wp-image-773\" srcset=\"https:\/\/www.roulette.school\/de\/wp-content\/uploads\/2021\/01\/bester-bonus.jpg 350w, https:\/\/www.roulette.school\/de\/wp-content\/uploads\/2021\/01\/bester-bonus-300x206.jpg 300w\" sizes=\"auto, (max-width: 350px) 100vw, 350px\" \/><\/div><\/div><\/div>\n<div class=\"su-divider su-divider-style-dotted\" style=\"margin:30px 0;border-width:3px;border-color:#6c1616\"><\/div>\n<h3 class=\"h3b\">#1. Casino Action \u2013 1250\u20ac<\/h3>\n<div class=\"su-row\"><div class=\"su-column su-column-size-2-3\"><div class=\"su-column-inner su-u-clearfix su-u-trim\">Die besten Bonus Deals f\u00fcr Handy und PC gibt es bei Casino Action. Das Angebot kann auf allen Endger\u00e4ten genutzt werden. Ob am Computer oder Smartphone, die Deals funktionieren einwandfrei und sind nur einen Klick entfernt!<\/p>\n<p>Ab der 1. Einzahlung wird der Bonus aktiviert. Der Gesamtbetrag von 1250\u20ac wird in 5 Schritten ausgezahlt. Der 1. und 5. Bonus sind die gro\u00dfz\u00fcgigsten: hier wird Ihre Einzahlung bis zu einer H\u00f6he von 300\u20ac verdoppelt. Wenn Sie also 150\u20ac einzahlen, k\u00f6nnen Sie mit ganzen 300\u20ac loslegen!<br \/>\n<\/div><\/div>\n<div class=\"su-column su-column-size-1-3 midc\"><div class=\"su-column-inner su-u-clearfix su-u-trim\"><a class=\"add\" href=\"https:\/\/iredirect.net\/referral\/?site=ca&#038;lang=at&#038;aff_id=aff100309\" target=\"_blank\" rel=\"noopener\"><img loading=\"lazy\" decoding=\"async\" class=\"alignnone size-full wp-image-734\" src=\"https:\/\/www.roulette.school\/de\/wp-content\/uploads\/2021\/01\/casino-action.jpg\" alt=\"Casino Action in \u00d6sterreich\" width=\"350\" height=\"240\" srcset=\"https:\/\/www.roulette.school\/de\/wp-content\/uploads\/2021\/01\/casino-action.jpg 350w, https:\/\/www.roulette.school\/de\/wp-content\/uploads\/2021\/01\/casino-action-300x206.jpg 300w\" sizes=\"auto, (max-width: 350px) 100vw, 350px\" \/><br \/>\nBEI CASINO ACTION SPIELEN<\/a><br \/>\n<\/div><\/div><\/div>\n<div class=\"su-divider su-divider-style-dotted\" style=\"margin:30px 0;border-width:3px;border-color:#6c1616\"><\/div>\n<h3 id=\"luxury\" class=\"h3b\">#2. Luxury Casino \u2013 1000\u20ac<\/h3>\n<div class=\"su-row\"><div class=\"su-column su-column-size-2-3\"><div class=\"su-column-inner su-u-clearfix su-u-trim\">Luxury Casino geh\u00f6rt zu den Top Casinos bei Roulette School. <\/p>\n<p>Die Website bietet gro\u00dfz\u00fcgige Willkommensboni. Jedes neue Mitglied bekommt hier bis zu 1.000\u20ac geschenkt. Wenn Sie Tischspiele und Slots m\u00f6gen, werden Sie Luxury Casino lieben!<br \/>\n<\/div><\/div>\n<div class=\"su-column su-column-size-1-3 midc\"><div class=\"su-column-inner su-u-clearfix su-u-trim\"><a class=\"add\" href=\"https:\/\/iredirect.net\/referral\/?site=lxc&#038;lang=at&#038;aff_id=aff100309\" target=\"_blank\" rel=\"noopener\"><img loading=\"lazy\" decoding=\"async\" class=\"alignnone size-full wp-image-735\" src=\"https:\/\/www.roulette.school\/de\/wp-content\/uploads\/2021\/01\/luxury-bonus.jpg\" alt=\"Luxury Casino Bonus\" width=\"350\" height=\"240\" srcset=\"https:\/\/www.roulette.school\/de\/wp-content\/uploads\/2021\/01\/luxury-bonus.jpg 350w, https:\/\/www.roulette.school\/de\/wp-content\/uploads\/2021\/01\/luxury-bonus-300x206.jpg 300w\" sizes=\"auto, (max-width: 350px) 100vw, 350px\" \/><br \/>\nBEI LUXURY CASINO SPIELEN<\/a><br \/>\n<\/div><\/div><\/div>\n<div class=\"su-divider su-divider-style-dotted\" style=\"margin:30px 0;border-width:3px;border-color:#6c1616\"><\/div>\n<h3 class=\"h3b\">#3. UK Casino Club \u2013 700\u20ac<\/h3>\n<div class=\"su-row\"><div class=\"su-column su-column-size-2-3\"><div class=\"su-column-inner su-u-clearfix su-u-trim\">Das Angebot des UK Casino Clubs ist in Europa besonders beliebt. Der Bonus in H\u00f6he von 700\u20ac wird in 5 Raten ausgezahlt. Die \u00d6sterreicher machen sehr gerne von diesem Deal gebrauch. <\/p>\n<p>Bei der 1. Einzahlung wird Ihr Geld verdoppelt. Hier k\u00f6nnen Sie bis zu 100\u20ac kassieren! Egal bei welchem Spiel Sie Ihr Gl\u00fcck versuchen: dieser Deal des UK Casino Clubs greift immer. Ob beim Blackjack, Roulette oder am Spielautomaten, das ist Ihre Chance, dem Casino gleich zu Beginn ein Schnippchen zu schlagen!<br \/>\n<\/div><\/div>\n<div class=\"su-column su-column-size-1-3 midc\"><div class=\"su-column-inner su-u-clearfix su-u-trim\"><a class=\"add\" href=\"https:\/\/iredirect.net\/referral\/?site=ukc&#038;lang=at&#038;aff_id=aff100309\" target=\"_blank\" rel=\"noopener\"><img loading=\"lazy\" decoding=\"async\" src=\"https:\/\/www.roulette.school\/de\/wp-content\/uploads\/2021\/01\/club-online.jpg\" alt=\"UK Casino Club Online\" width=\"350\" height=\"240\" class=\"alignnone size-full wp-image-774\" srcset=\"https:\/\/www.roulette.school\/de\/wp-content\/uploads\/2021\/01\/club-online.jpg 350w, https:\/\/www.roulette.school\/de\/wp-content\/uploads\/2021\/01\/club-online-300x206.jpg 300w\" sizes=\"auto, (max-width: 350px) 100vw, 350px\" \/><br \/>\nBEI UK CASINO CLUB SPIELEN<\/a><br \/>\n<\/div><\/div><\/div>\n<div class=\"su-divider su-divider-style-dotted\" style=\"margin:30px 0;border-width:3px;border-color:#6c1616\"><\/div>\n<h2 id=\"freispiele\">Freispiele im Casino<\/h2>\n<p>Die Freispiele der Online Casinos sind bei Gl\u00fccksspielfans sehr begehrt. Diese Deals gelten nur f\u00fcr Spielautomaten. Leider bieten die Casinos keine Roulette Freispiele an den Spieltischen an. Dasselbe gilt f\u00fcr Blackjack und Baccarat.<\/p>\n<p>Sie lieben Slots und m\u00f6chten einen Freispielbonus nutzen? In dieser Nische sollten Sie besonders darauf achten, dass der Anbieter seri\u00f6s ist und mit besten Bewertungen gl\u00e4nzt. Quatro Casino ist so eine Website. Dieses Online Casino punktet mit hervorragender Software. Nirgendwo stehen Ihre Chancen, mit einem Einsatz von nur 10\u20ac einen gro\u00dfen Jackpot zu knacken, so gut wie hier!<\/p>\n<div align=center><a class=\"add\" href=\"https:\/\/iredirect.net\/referral\/?site=qtr&#038;lang=at&#038;aff_id=aff100309\" target=\"_blank\" rel=\"noopener\"><img loading=\"lazy\" decoding=\"async\" src=\"https:\/\/www.roulette.school\/de\/wp-content\/uploads\/2021\/01\/quatro-freispiele.jpg\" alt=\"Freispiele bei Quatro Casino \u2013 Spielautomaten\" width=\"720\" height=\"450\" class=\"aligncenter size-full wp-image-753\" srcset=\"https:\/\/www.roulette.school\/de\/wp-content\/uploads\/2021\/01\/quatro-freispiele.jpg 720w, https:\/\/www.roulette.school\/de\/wp-content\/uploads\/2021\/01\/quatro-freispiele-300x188.jpg 300w\" sizes=\"auto, (max-width: 720px) 100vw, 720px\" \/>BEI QUATRO CASINO SPIELEN<\/a><\/div>\n<p>&nbsp;<\/p>\n<h2>Loyalit\u00e4t zahlt sich aus<\/h2>\n<p>Der kostenlose Willkommensbonus ist ein Boost f\u00fcr Spa\u00df und Nervenkitzen. Doch was kommt danach? Mit den Deals ist noch lange nicht Schluss! Die Casinos, die wir Ihnen in unserem Guide vorstellen, bieten gro\u00dfz\u00fcgige Treueprogramme an.<\/p>\n<p>So werden die Spieler f\u00fcr jeden Einsatz belohnt. Wie funktioniert das? F\u00fcr jede Einzahlung erhalten Sie Punkte, die Ihrem Konto gutgeschrieben werden. Anschlie\u00dfend werden die Punkte umgewandelt, sodass Sie immer wieder von neuen Boni profitieren k\u00f6nnen. <\/p>\n<p>Welches ist das <a href=\"https:\/\/www.roulette.school\/de\/casino-osterreich\/\">lukrativste Online Casino<\/a>, wenn es um Loyalit\u00e4tsboni geht? Das Ergebnis unserer Tests: Casino Action bietet die gro\u00dfz\u00fcgigsten Belohnungen f\u00fcr treue Spieler an.<\/p>\n<h2>Nutzungsbedingungen der Bonus Deals<\/h2>\n<p>In Online Casinos gibt es, was die Nutzung der Boni angeht, interne Vorgaben. Die wichtigste h\u00e4ngt mit der Auszahlung der Gewinne zusammen. Wenn Sie mit einem Bonus um Geld spielen, m\u00fcssen Sie eine Mindestanzahl von Eins\u00e4tzen in H\u00f6he des geschenkten Betrags machen, bevor eine Auszahlung der Gewinne erfolgt. Ist dies geschehen, k\u00f6nnen Sie sich die Gewinnsumme in einer einzigen Transaktion \u00fcberweisen lassen.<\/p>\n<h2>Unser Urteil<\/h2>\n<p>Die Gratis Bonus Deals der Casinos in unserem Guide sind die lukrativsten in \u00d6sterreich. Auf das Know How unserer Experten ist immer Verlass. Wir pr\u00fcfen die Bonus Angebote der Online Casinos in \u00d6sterreich mehrmals j\u00e4hrlich und aktualisieren laufend unsere Website. So k\u00f6nnen Sie sicher sein, die besten und aktuellsten Casino Deals zu ergattern.<\/p>\n","protected":false},"excerpt":{"rendered":"<p>#1. Casino Action \u2013 1250\u20ac #2. Luxury Casino \u2013 1000\u20ac #3. UK Casino Club \u2013 700\u20ac Freispiele im Casino Die<\/p>\n","protected":false},"author":1,"featured_media":0,"parent":0,"menu_order":0,"comment_status":"closed","ping_status":"closed","template":"template-fullwidth.php","meta":{"footnotes":""},"class_list":["post-687","page","type-page","status-publish","hentry"],"yoast_head":"<!-- This site is optimized with the Yoast SEO plugin v26.9 - https:\/\/yoast.com\/product\/yoast-seo-wordpress\/ -->\n<title>Bester Casino Bonus in \u00d6sterreich | Casino Angebote | 2026<\/title>\n<meta name=\"description\" content=\"Bester Casino Bonus in \u00d6sterreich. Kostenloses Geld, das von Casino Websites angeboten wird. Online Tischspiele und profitable Slots.\" \/>\n<meta name=\"robots\" content=\"index, follow, max-snippet:-1, max-image-preview:large, max-video-preview:-1\" \/>\n<link rel=\"canonical\" href=\"https:\/\/www.roulette.school\/de\/bonus\/\" \/>\n<meta property=\"og:locale\" content=\"de_DE\" \/>\n<meta property=\"og:type\" content=\"article\" \/>\n<meta property=\"og:title\" content=\"Bester Casino Bonus in \u00d6sterreich | Casino Angebote | 2026\" \/>\n<meta property=\"og:description\" content=\"Bester Casino Bonus in \u00d6sterreich. Kostenloses Geld, das von Casino Websites angeboten wird. Online Tischspiele und profitable Slots.\" \/>\n<meta property=\"og:url\" content=\"https:\/\/www.roulette.school\/de\/bonus\/\" \/>\n<meta property=\"og:site_name\" content=\"Roulette School\" \/>\n<meta property=\"article:modified_time\" content=\"2023-05-12T08:39:25+00:00\" \/>\n<meta property=\"og:image\" content=\"https:\/\/www.roulette.school\/de\/wp-content\/uploads\/2021\/01\/bester-bonus.jpg\" \/>\n<meta name=\"twitter:card\" content=\"summary_large_image\" \/>\n<meta name=\"twitter:label1\" content=\"Gesch\u00e4tzte Lesezeit\" \/>\n\t<meta name=\"twitter:data1\" content=\"4 Minuten\" \/>\n<script type=\"application\/ld+json\" class=\"yoast-schema-graph\">{\"@context\":\"https:\/\/schema.org\",\"@graph\":[{\"@type\":\"WebPage\",\"@id\":\"https:\/\/www.roulette.school\/de\/bonus\/\",\"url\":\"https:\/\/www.roulette.school\/de\/bonus\/\",\"name\":\"Bester Casino Bonus in \u00d6sterreich | Casino Angebote | 2026\",\"isPartOf\":{\"@id\":\"https:\/\/www.roulette.school\/de\/#website\"},\"primaryImageOfPage\":{\"@id\":\"https:\/\/www.roulette.school\/de\/bonus\/#primaryimage\"},\"image\":{\"@id\":\"https:\/\/www.roulette.school\/de\/bonus\/#primaryimage\"},\"thumbnailUrl\":\"https:\/\/www.roulette.school\/de\/wp-content\/uploads\/2021\/01\/bester-bonus.jpg\",\"datePublished\":\"2020-12-30T07:36:47+00:00\",\"dateModified\":\"2023-05-12T08:39:25+00:00\",\"description\":\"Bester Casino Bonus in \u00d6sterreich. Kostenloses Geld, das von Casino Websites angeboten wird. Online Tischspiele und profitable Slots.\",\"breadcrumb\":{\"@id\":\"https:\/\/www.roulette.school\/de\/bonus\/#breadcrumb\"},\"inLanguage\":\"de-AT\",\"potentialAction\":[{\"@type\":\"ReadAction\",\"target\":[\"https:\/\/www.roulette.school\/de\/bonus\/\"]}]},{\"@type\":\"ImageObject\",\"inLanguage\":\"de-AT\",\"@id\":\"https:\/\/www.roulette.school\/de\/bonus\/#primaryimage\",\"url\":\"https:\/\/www.roulette.school\/de\/wp-content\/uploads\/2021\/01\/bester-bonus.jpg\",\"contentUrl\":\"https:\/\/www.roulette.school\/de\/wp-content\/uploads\/2021\/01\/bester-bonus.jpg\",\"width\":350,\"height\":240,\"caption\":\"Bester Casino Bonus in \u00d6sterreich\"},{\"@type\":\"BreadcrumbList\",\"@id\":\"https:\/\/www.roulette.school\/de\/bonus\/#breadcrumb\",\"itemListElement\":[{\"@type\":\"ListItem\",\"position\":1,\"name\":\"Home\",\"item\":\"https:\/\/www.roulette.school\/de\/\"},{\"@type\":\"ListItem\",\"position\":2,\"name\":\"Der Willkommensbonus\"}]},{\"@type\":\"WebSite\",\"@id\":\"https:\/\/www.roulette.school\/de\/#website\",\"url\":\"https:\/\/www.roulette.school\/de\/\",\"name\":\"Roulette School\",\"description\":\"Roulette Guide\",\"publisher\":{\"@id\":\"https:\/\/www.roulette.school\/de\/#organization\"},\"potentialAction\":[{\"@type\":\"SearchAction\",\"target\":{\"@type\":\"EntryPoint\",\"urlTemplate\":\"https:\/\/www.roulette.school\/de\/?s={search_term_string}\"},\"query-input\":{\"@type\":\"PropertyValueSpecification\",\"valueRequired\":true,\"valueName\":\"search_term_string\"}}],\"inLanguage\":\"de-AT\"},{\"@type\":\"Organization\",\"@id\":\"https:\/\/www.roulette.school\/de\/#organization\",\"name\":\"Roulette School\",\"url\":\"https:\/\/www.roulette.school\/de\/\",\"logo\":{\"@type\":\"ImageObject\",\"inLanguage\":\"de-AT\",\"@id\":\"https:\/\/www.roulette.school\/de\/#\/schema\/logo\/image\/\",\"url\":\"https:\/\/www.roulette.school\/de\/wp-content\/uploads\/2021\/02\/rsl.png\",\"contentUrl\":\"https:\/\/www.roulette.school\/de\/wp-content\/uploads\/2021\/02\/rsl.png\",\"width\":350,\"height\":50,\"caption\":\"Roulette School\"},\"image\":{\"@id\":\"https:\/\/www.roulette.school\/de\/#\/schema\/logo\/image\/\"}}]}<\/script>\n<!-- \/ Yoast SEO plugin. -->","yoast_head_json":{"title":"Bester Casino Bonus in \u00d6sterreich | Casino Angebote | 2026","description":"Bester Casino Bonus in \u00d6sterreich. Kostenloses Geld, das von Casino Websites angeboten wird. Online Tischspiele und profitable Slots.","robots":{"index":"index","follow":"follow","max-snippet":"max-snippet:-1","max-image-preview":"max-image-preview:large","max-video-preview":"max-video-preview:-1"},"canonical":"https:\/\/www.roulette.school\/de\/bonus\/","og_locale":"de_DE","og_type":"article","og_title":"Bester Casino Bonus in \u00d6sterreich | Casino Angebote | 2026","og_description":"Bester Casino Bonus in \u00d6sterreich. Kostenloses Geld, das von Casino Websites angeboten wird. Online Tischspiele und profitable Slots.","og_url":"https:\/\/www.roulette.school\/de\/bonus\/","og_site_name":"Roulette School","article_modified_time":"2023-05-12T08:39:25+00:00","og_image":[{"url":"https:\/\/www.roulette.school\/de\/wp-content\/uploads\/2021\/01\/bester-bonus.jpg","type":"","width":"","height":""}],"twitter_card":"summary_large_image","twitter_misc":{"Gesch\u00e4tzte Lesezeit":"4 Minuten"},"schema":{"@context":"https:\/\/schema.org","@graph":[{"@type":"WebPage","@id":"https:\/\/www.roulette.school\/de\/bonus\/","url":"https:\/\/www.roulette.school\/de\/bonus\/","name":"Bester Casino Bonus in \u00d6sterreich | Casino Angebote | 2026","isPartOf":{"@id":"https:\/\/www.roulette.school\/de\/#website"},"primaryImageOfPage":{"@id":"https:\/\/www.roulette.school\/de\/bonus\/#primaryimage"},"image":{"@id":"https:\/\/www.roulette.school\/de\/bonus\/#primaryimage"},"thumbnailUrl":"https:\/\/www.roulette.school\/de\/wp-content\/uploads\/2021\/01\/bester-bonus.jpg","datePublished":"2020-12-30T07:36:47+00:00","dateModified":"2023-05-12T08:39:25+00:00","description":"Bester Casino Bonus in \u00d6sterreich. Kostenloses Geld, das von Casino Websites angeboten wird. Online Tischspiele und profitable Slots.","breadcrumb":{"@id":"https:\/\/www.roulette.school\/de\/bonus\/#breadcrumb"},"inLanguage":"de-AT","potentialAction":[{"@type":"ReadAction","target":["https:\/\/www.roulette.school\/de\/bonus\/"]}]},{"@type":"ImageObject","inLanguage":"de-AT","@id":"https:\/\/www.roulette.school\/de\/bonus\/#primaryimage","url":"https:\/\/www.roulette.school\/de\/wp-content\/uploads\/2021\/01\/bester-bonus.jpg","contentUrl":"https:\/\/www.roulette.school\/de\/wp-content\/uploads\/2021\/01\/bester-bonus.jpg","width":350,"height":240,"caption":"Bester Casino Bonus in \u00d6sterreich"},{"@type":"BreadcrumbList","@id":"https:\/\/www.roulette.school\/de\/bonus\/#breadcrumb","itemListElement":[{"@type":"ListItem","position":1,"name":"Home","item":"https:\/\/www.roulette.school\/de\/"},{"@type":"ListItem","position":2,"name":"Der Willkommensbonus"}]},{"@type":"WebSite","@id":"https:\/\/www.roulette.school\/de\/#website","url":"https:\/\/www.roulette.school\/de\/","name":"Roulette School","description":"Roulette Guide","publisher":{"@id":"https:\/\/www.roulette.school\/de\/#organization"},"potentialAction":[{"@type":"SearchAction","target":{"@type":"EntryPoint","urlTemplate":"https:\/\/www.roulette.school\/de\/?s={search_term_string}"},"query-input":{"@type":"PropertyValueSpecification","valueRequired":true,"valueName":"search_term_string"}}],"inLanguage":"de-AT"},{"@type":"Organization","@id":"https:\/\/www.roulette.school\/de\/#organization","name":"Roulette School","url":"https:\/\/www.roulette.school\/de\/","logo":{"@type":"ImageObject","inLanguage":"de-AT","@id":"https:\/\/www.roulette.school\/de\/#\/schema\/logo\/image\/","url":"https:\/\/www.roulette.school\/de\/wp-content\/uploads\/2021\/02\/rsl.png","contentUrl":"https:\/\/www.roulette.school\/de\/wp-content\/uploads\/2021\/02\/rsl.png","width":350,"height":50,"caption":"Roulette School"},"image":{"@id":"https:\/\/www.roulette.school\/de\/#\/schema\/logo\/image\/"}}]}},"_links":{"self":[{"href":"https:\/\/www.roulette.school\/de\/wp-json\/wp\/v2\/pages\/687","targetHints":{"allow":["GET"]}}],"collection":[{"href":"https:\/\/www.roulette.school\/de\/wp-json\/wp\/v2\/pages"}],"about":[{"href":"https:\/\/www.roulette.school\/de\/wp-json\/wp\/v2\/types\/page"}],"author":[{"embeddable":true,"href":"https:\/\/www.roulette.school\/de\/wp-json\/wp\/v2\/users\/1"}],"replies":[{"embeddable":true,"href":"https:\/\/www.roulette.school\/de\/wp-json\/wp\/v2\/comments?post=687"}],"version-history":[{"count":50,"href":"https:\/\/www.roulette.school\/de\/wp-json\/wp\/v2\/pages\/687\/revisions"}],"predecessor-version":[{"id":1689,"href":"https:\/\/www.roulette.school\/de\/wp-json\/wp\/v2\/pages\/687\/revisions\/1689"}],"wp:attachment":[{"href":"https:\/\/www.roulette.school\/de\/wp-json\/wp\/v2\/media?parent=687"}],"curies":[{"name":"wp","href":"https:\/\/api.w.org\/{rel}","templated":true}]}}