{"id":845,"date":"2021-01-21T15:58:28","date_gmt":"2021-01-21T15:58:28","guid":{"rendered":"https:\/\/www.roulette.school\/de\/?page_id=845"},"modified":"2023-02-27T18:21:36","modified_gmt":"2023-02-27T18:21:36","slug":"map","status":"publish","type":"page","link":"https:\/\/www.roulette.school\/de\/map\/","title":{"rendered":"Sitemap"},"content":{"rendered":"<div class=\"su-row\"><div class=\"su-column su-column-size-1-2\"><div class=\"su-column-inner su-u-clearfix su-u-trim\">\n<h2>Die Website von Roulette School<\/h2>\n<p>Navigieren Sie mit Hilfe der Sitemap m\u00fchelos durch unseren Guide. Hier haben Sie schnellen Zugriff auf unsere Online Casino Reviews und einen \u00dcberblick \u00fcber die drei beliebtesten Roulette Varianten.<br \/>\n&nbsp;<\/p>\n<h3>Die Roulette Varianten<\/h3>\n\n<!-- Page-list plugin v.5.9 wordpress.org\/plugins\/page-list\/ -->\n<ul class=\"page-list \">\n<li class=\"page_item page-item-30\"><a href=\"https:\/\/www.roulette.school\/de\/amerikanische\/\">Amerikanisches Roulette<\/a><\/li>\n<li class=\"page_item page-item-32\"><a href=\"https:\/\/www.roulette.school\/de\/europaisches\/\">Europ\u00e4isches Roulette<\/a><\/li>\n<li class=\"page_item page-item-34\"><a href=\"https:\/\/www.roulette.school\/de\/franzosische\/\">Franz\u00f6sisches Roulette<\/a><\/li>\n<li class=\"page_item page-item-1557\"><a href=\"https:\/\/www.roulette.school\/de\/roulette-mega-moolah\/\">Roulette Mega Moolah<\/a><\/li>\n\n<\/ul>\n<h3>Casinos und weitere Infos<\/h3>\n\n<!-- Page-list plugin v.5.9 wordpress.org\/plugins\/page-list\/ -->\n<ul class=\"page-list \">\n<li class=\"page_item page-item-1386\"><a href=\"https:\/\/www.roulette.school\/de\/casino-spiele-fur-android\/\">Casino Spiele f\u00fcr Android<\/a><\/li>\n<li class=\"page_item page-item-1391\"><a href=\"https:\/\/www.roulette.school\/de\/casino-spiele-fur-den-mac\/\">Casino Spiele f\u00fcr den Mac<\/a><\/li>\n<li class=\"page_item page-item-1384\"><a href=\"https:\/\/www.roulette.school\/de\/casino-spiele-fur-iphone-und-ipad\/\">Casino Spiele f\u00fcr iPhone und iPad<\/a><\/li>\n<li class=\"page_item page-item-1389\"><a href=\"https:\/\/www.roulette.school\/de\/casino-spiele-fur-windows\/\">Casino Spiele f\u00fcr Windows<\/a><\/li>\n<li class=\"page_item page-item-687\"><a href=\"https:\/\/www.roulette.school\/de\/bonus\/\">Der Willkommensbonus<\/a><\/li>\n<li class=\"page_item page-item-1670\"><a href=\"https:\/\/www.roulette.school\/de\/die-besten-online-casinos-der-welt\/\">Die besten Online Casinos der Welt<\/a><\/li>\n<li class=\"page_item page-item-36\"><a href=\"https:\/\/www.roulette.school\/de\/gewinnstrategien\/\">Gewinnen mit System<\/a><\/li>\n<li class=\"page_item page-item-24\"><a href=\"https:\/\/www.roulette.school\/de\/hilfe-und-faqs\/\">Hilfe und FAQs<\/a><\/li>\n<li class=\"page_item page-item-28\"><a href=\"https:\/\/www.roulette.school\/de\/webmaster\/\">Impressum und Nutzungsbedingungen<\/a><\/li>\n<li class=\"page_item page-item-22\"><a href=\"https:\/\/www.roulette.school\/de\/\">Online Roulette<\/a><\/li>\n<li class=\"page_item page-item-417\"><a href=\"https:\/\/www.roulette.school\/de\/im-detail\/\">Roulette von A bis Z<\/a><\/li>\n<li class=\"page_item page-item-26\"><a href=\"https:\/\/www.roulette.school\/de\/casino-osterreich\/\">Seri\u00f6se Casinos im Netz<\/a><\/li>\n<li class=\"page_item page-item-67\"><a href=\"https:\/\/www.roulette.school\/de\/software\/\">Software<\/a><\/li>\n\n<\/ul>\n<\/div><\/div>\n<div class=\"su-column su-column-size-1-2\"><div class=\"su-column-inner su-u-clearfix su-u-trim\">\n<h2>Blog<\/h2>\n<p>In unserem Blog finden Sie News und exklusive Angebote zahlreicher Online Casinos in \u00d6sterreich.<br \/>\n&nbsp;<br \/>\n\n\n<div class=\"su-posts su-posts-default-loop \">\n\n\t\n\t\t\t\t\t\n\t\t\t\n\t\t\t<div id=\"su-post-1965\" class=\"su-post \">\n\n\t\t\t\t\n\t\t\t\t<h2 class=\"su-post-title\"><a href=\"https:\/\/www.roulette.school\/de\/fireball-roulette-in-oesterreich\/\">Fireball Roulette in \u00d6sterreich<\/a><\/h2>\n\n\t\t\t\t<div class=\"su-post-meta\">\n\t\t\t\t\tPosted: 10\/02\/2026\t\t\t\t<\/div>\n\n\t\t\t\t<div class=\"su-post-excerpt\">\n\t\t\t\t\t<p>Sie suchen Live-Roulette mit mehr Jackpot-Potenzial? Fireball Roulette bringt Bonuszahlen, Multiplikatoren und einen risikoreichen Chaser Bet.<\/p>\n\t\t\t\t<\/div>\n\n\t\t\t\t\n\t\t\t<\/div>\n\n\t\t\t\t\t\n\t\t\t\n\t\t\t<div id=\"su-post-1951\" class=\"su-post \">\n\n\t\t\t\t\n\t\t\t\t<h2 class=\"su-post-title\"><a href=\"https:\/\/www.roulette.school\/de\/double-ball-roulette\/\">Double Ball Roulette<\/a><\/h2>\n\n\t\t\t\t<div class=\"su-post-meta\">\n\t\t\t\t\tPosted: 03\/12\/2025\t\t\t\t<\/div>\n\n\t\t\t\t<div class=\"su-post-excerpt\">\n\t\t\t\t\t<p>Double Ball Roulette bringt frischen Schwung ins klassische Roulette: zwei Kugeln, mehr Action und die Chance auf einen 1.300:1 Jackpot. Hier erfahrt ihr alles, was ihr wissen m\u00fcsst.<\/p>\n\t\t\t\t<\/div>\n\n\t\t\t\t\n\t\t\t<\/div>\n\n\t\t\t\t\t\n\t\t\t\n\t\t\t<div id=\"su-post-1931\" class=\"su-post \">\n\n\t\t\t\t\n\t\t\t\t<h2 class=\"su-post-title\"><a href=\"https:\/\/www.roulette.school\/de\/mega-moolah-jackpot-10-millionen\/\">Mega Moolah Jackpot &#8211; Jetzt \u00fcber 10 Millionen \u20ac in \u00d6sterreich<\/a><\/h2>\n\n\t\t\t\t<div class=\"su-post-meta\">\n\t\t\t\t\tPosted: 04\/06\/2025\t\t\t\t<\/div>\n\n\t\t\t\t<div class=\"su-post-excerpt\">\n\t\t\t\t\t<p>Mega Moolah Jackpot \u00fcber 10 Millionen \u20ac! Entdecke Varianten, Mega Moolah Roulette, Gewinnchancen &#038; Top-Casinos in \u00d6sterreich.<\/p>\n\t\t\t\t<\/div>\n\n\t\t\t\t\n\t\t\t<\/div>\n\n\t\t\n\t\n<\/div>\n\n<hr>\n<p>In unserem Blog erfahren Sie alles Wissenswerte \u00fcber Casinospiele im Netz. Als Experte f\u00fcr Roulette und Online Gl\u00fccksspiel ist Roulette School Ihr Guide f\u00fcr Online Casinos.<\/p>\n<p>Ihre Meinung ist gefragt! \u00dcber das Eingabeformulare k\u00f6nnen Sie unsere Artikel kommentieren und sich mit anderen Roulette Fans austauschen.<\/em><br \/>\n<\/div><\/div><\/div>\n&nbsp;<\/p>\n","protected":false},"excerpt":{"rendered":"<p>&nbsp;<\/p>\n","protected":false},"author":1,"featured_media":0,"parent":0,"menu_order":0,"comment_status":"closed","ping_status":"closed","template":"template-fullwidth.php","meta":{"footnotes":""},"class_list":["post-845","page","type-page","status-publish","hentry"],"yoast_head":"<!-- This site is optimized with the Yoast SEO plugin v26.9 - https:\/\/yoast.com\/product\/yoast-seo-wordpress\/ -->\n<title>Sitemap des Roulette School Guides f\u00fcr \u00d6sterreich<\/title>\n<meta name=\"description\" content=\"Seiten\u00fcbersicht von Roulette Guide \u00d6sterreich. \u00dcber die Sitemap auf der Website von Roulette School navigieren. Artikel und Eintr\u00e4ge finden.\" \/>\n<meta name=\"robots\" content=\"index, follow, max-snippet:-1, max-image-preview:large, max-video-preview:-1\" \/>\n<link rel=\"canonical\" href=\"https:\/\/www.roulette.school\/de\/map\/\" \/>\n<meta property=\"og:locale\" content=\"de_DE\" \/>\n<meta property=\"og:type\" content=\"article\" \/>\n<meta property=\"og:title\" content=\"Sitemap des Roulette School Guides f\u00fcr \u00d6sterreich\" \/>\n<meta property=\"og:description\" content=\"Seiten\u00fcbersicht von Roulette Guide \u00d6sterreich. \u00dcber die Sitemap auf der Website von Roulette School navigieren. Artikel und Eintr\u00e4ge finden.\" \/>\n<meta property=\"og:url\" content=\"https:\/\/www.roulette.school\/de\/map\/\" \/>\n<meta property=\"og:site_name\" content=\"Roulette School\" \/>\n<meta property=\"article:modified_time\" content=\"2023-02-27T18:21:36+00:00\" \/>\n<meta name=\"twitter:card\" content=\"summary_large_image\" \/>\n<meta name=\"twitter:label1\" content=\"Gesch\u00e4tzte Lesezeit\" \/>\n\t<meta name=\"twitter:data1\" content=\"1 Minute\" \/>\n<script type=\"application\/ld+json\" class=\"yoast-schema-graph\">{\"@context\":\"https:\/\/schema.org\",\"@graph\":[{\"@type\":\"WebPage\",\"@id\":\"https:\/\/www.roulette.school\/de\/map\/\",\"url\":\"https:\/\/www.roulette.school\/de\/map\/\",\"name\":\"Sitemap des Roulette School Guides f\u00fcr \u00d6sterreich\",\"isPartOf\":{\"@id\":\"https:\/\/www.roulette.school\/de\/#website\"},\"datePublished\":\"2021-01-21T15:58:28+00:00\",\"dateModified\":\"2023-02-27T18:21:36+00:00\",\"description\":\"Seiten\u00fcbersicht von Roulette Guide \u00d6sterreich. \u00dcber die Sitemap auf der Website von Roulette School navigieren. Artikel und Eintr\u00e4ge finden.\",\"breadcrumb\":{\"@id\":\"https:\/\/www.roulette.school\/de\/map\/#breadcrumb\"},\"inLanguage\":\"de-AT\",\"potentialAction\":[{\"@type\":\"ReadAction\",\"target\":[\"https:\/\/www.roulette.school\/de\/map\/\"]}]},{\"@type\":\"BreadcrumbList\",\"@id\":\"https:\/\/www.roulette.school\/de\/map\/#breadcrumb\",\"itemListElement\":[{\"@type\":\"ListItem\",\"position\":1,\"name\":\"Home\",\"item\":\"https:\/\/www.roulette.school\/de\/\"},{\"@type\":\"ListItem\",\"position\":2,\"name\":\"Sitemap\"}]},{\"@type\":\"WebSite\",\"@id\":\"https:\/\/www.roulette.school\/de\/#website\",\"url\":\"https:\/\/www.roulette.school\/de\/\",\"name\":\"Roulette School\",\"description\":\"Roulette Guide\",\"publisher\":{\"@id\":\"https:\/\/www.roulette.school\/de\/#organization\"},\"potentialAction\":[{\"@type\":\"SearchAction\",\"target\":{\"@type\":\"EntryPoint\",\"urlTemplate\":\"https:\/\/www.roulette.school\/de\/?s={search_term_string}\"},\"query-input\":{\"@type\":\"PropertyValueSpecification\",\"valueRequired\":true,\"valueName\":\"search_term_string\"}}],\"inLanguage\":\"de-AT\"},{\"@type\":\"Organization\",\"@id\":\"https:\/\/www.roulette.school\/de\/#organization\",\"name\":\"Roulette School\",\"url\":\"https:\/\/www.roulette.school\/de\/\",\"logo\":{\"@type\":\"ImageObject\",\"inLanguage\":\"de-AT\",\"@id\":\"https:\/\/www.roulette.school\/de\/#\/schema\/logo\/image\/\",\"url\":\"https:\/\/www.roulette.school\/de\/wp-content\/uploads\/2021\/02\/rsl.png\",\"contentUrl\":\"https:\/\/www.roulette.school\/de\/wp-content\/uploads\/2021\/02\/rsl.png\",\"width\":350,\"height\":50,\"caption\":\"Roulette School\"},\"image\":{\"@id\":\"https:\/\/www.roulette.school\/de\/#\/schema\/logo\/image\/\"}}]}<\/script>\n<!-- \/ Yoast SEO plugin. -->","yoast_head_json":{"title":"Sitemap des Roulette School Guides f\u00fcr \u00d6sterreich","description":"Seiten\u00fcbersicht von Roulette Guide \u00d6sterreich. \u00dcber die Sitemap auf der Website von Roulette School navigieren. Artikel und Eintr\u00e4ge finden.","robots":{"index":"index","follow":"follow","max-snippet":"max-snippet:-1","max-image-preview":"max-image-preview:large","max-video-preview":"max-video-preview:-1"},"canonical":"https:\/\/www.roulette.school\/de\/map\/","og_locale":"de_DE","og_type":"article","og_title":"Sitemap des Roulette School Guides f\u00fcr \u00d6sterreich","og_description":"Seiten\u00fcbersicht von Roulette Guide \u00d6sterreich. \u00dcber die Sitemap auf der Website von Roulette School navigieren. Artikel und Eintr\u00e4ge finden.","og_url":"https:\/\/www.roulette.school\/de\/map\/","og_site_name":"Roulette School","article_modified_time":"2023-02-27T18:21:36+00:00","twitter_card":"summary_large_image","twitter_misc":{"Gesch\u00e4tzte Lesezeit":"1 Minute"},"schema":{"@context":"https:\/\/schema.org","@graph":[{"@type":"WebPage","@id":"https:\/\/www.roulette.school\/de\/map\/","url":"https:\/\/www.roulette.school\/de\/map\/","name":"Sitemap des Roulette School Guides f\u00fcr \u00d6sterreich","isPartOf":{"@id":"https:\/\/www.roulette.school\/de\/#website"},"datePublished":"2021-01-21T15:58:28+00:00","dateModified":"2023-02-27T18:21:36+00:00","description":"Seiten\u00fcbersicht von Roulette Guide \u00d6sterreich. \u00dcber die Sitemap auf der Website von Roulette School navigieren. Artikel und Eintr\u00e4ge finden.","breadcrumb":{"@id":"https:\/\/www.roulette.school\/de\/map\/#breadcrumb"},"inLanguage":"de-AT","potentialAction":[{"@type":"ReadAction","target":["https:\/\/www.roulette.school\/de\/map\/"]}]},{"@type":"BreadcrumbList","@id":"https:\/\/www.roulette.school\/de\/map\/#breadcrumb","itemListElement":[{"@type":"ListItem","position":1,"name":"Home","item":"https:\/\/www.roulette.school\/de\/"},{"@type":"ListItem","position":2,"name":"Sitemap"}]},{"@type":"WebSite","@id":"https:\/\/www.roulette.school\/de\/#website","url":"https:\/\/www.roulette.school\/de\/","name":"Roulette School","description":"Roulette Guide","publisher":{"@id":"https:\/\/www.roulette.school\/de\/#organization"},"potentialAction":[{"@type":"SearchAction","target":{"@type":"EntryPoint","urlTemplate":"https:\/\/www.roulette.school\/de\/?s={search_term_string}"},"query-input":{"@type":"PropertyValueSpecification","valueRequired":true,"valueName":"search_term_string"}}],"inLanguage":"de-AT"},{"@type":"Organization","@id":"https:\/\/www.roulette.school\/de\/#organization","name":"Roulette School","url":"https:\/\/www.roulette.school\/de\/","logo":{"@type":"ImageObject","inLanguage":"de-AT","@id":"https:\/\/www.roulette.school\/de\/#\/schema\/logo\/image\/","url":"https:\/\/www.roulette.school\/de\/wp-content\/uploads\/2021\/02\/rsl.png","contentUrl":"https:\/\/www.roulette.school\/de\/wp-content\/uploads\/2021\/02\/rsl.png","width":350,"height":50,"caption":"Roulette School"},"image":{"@id":"https:\/\/www.roulette.school\/de\/#\/schema\/logo\/image\/"}}]}},"_links":{"self":[{"href":"https:\/\/www.roulette.school\/de\/wp-json\/wp\/v2\/pages\/845","targetHints":{"allow":["GET"]}}],"collection":[{"href":"https:\/\/www.roulette.school\/de\/wp-json\/wp\/v2\/pages"}],"about":[{"href":"https:\/\/www.roulette.school\/de\/wp-json\/wp\/v2\/types\/page"}],"author":[{"embeddable":true,"href":"https:\/\/www.roulette.school\/de\/wp-json\/wp\/v2\/users\/1"}],"replies":[{"embeddable":true,"href":"https:\/\/www.roulette.school\/de\/wp-json\/wp\/v2\/comments?post=845"}],"version-history":[{"count":23,"href":"https:\/\/www.roulette.school\/de\/wp-json\/wp\/v2\/pages\/845\/revisions"}],"predecessor-version":[{"id":1083,"href":"https:\/\/www.roulette.school\/de\/wp-json\/wp\/v2\/pages\/845\/revisions\/1083"}],"wp:attachment":[{"href":"https:\/\/www.roulette.school\/de\/wp-json\/wp\/v2\/media?parent=845"}],"curies":[{"name":"wp","href":"https:\/\/api.w.org\/{rel}","templated":true}]}}