{"id":18,"date":"2020-11-26T08:05:32","date_gmt":"2020-11-26T08:05:32","guid":{"rendered":"https:\/\/www.roulette.school\/fr\/?page_id=18"},"modified":"2024-02-11T10:27:39","modified_gmt":"2024-02-11T10:27:39","slug":"accueil","status":"publish","type":"page","link":"https:\/\/www.roulette.school\/fr\/","title":{"rendered":"Roulette en ligne"},"content":{"rendered":"<p>Avec notre guide les r\u00e8gles de la roulette de casino n&rsquo;auront plus de secrets. Au casino en ligne ce jeu est embl\u00e9matique.<\/p>\n<p>Vous avez sur notre site la liste des casinos les plus fiables pour jouer \u00e0 la roulette en ligne. Ici on couvre tout ce qui est \u00e0 savoir sur ce c\u00e9l\u00e8bre jeu au Canada.<\/p>\n<h2>La roulette de casino<\/h2>\n<div class=\"su-row\"><div class=\"su-column su-column-size-3-5\"><div class=\"su-column-inner su-u-clearfix su-u-trim\"><strong>Il existe principalement trois roulettes :<\/strong><\/p>\n<ul>\n<li>L&rsquo;Am\u00e9ricaine<\/li>\n<li>L&rsquo;Europ\u00e9enne<\/li>\n<li>La Fran\u00e7aise<\/li>\n<\/ul>\n<p><em>Ces diff\u00e9rentes versions se jouent de la m\u00eame fa\u00e7on. Toutefois il y a des diff\u00e9rences subtiles \u00e0 conna\u00eetre avant de se lancer sur les premiers paris en argent r\u00e9el.<\/em><\/p>\n<\/div><\/div>\n<div class=\"su-column su-column-size-2-5\"><div class=\"su-column-inner su-u-clearfix su-u-trim\"><img loading=\"lazy\" decoding=\"async\" src=\"https:\/\/www.roulette.school\/fr\/wp-content\/uploads\/2020\/12\/roulette.jpg\" alt=\"Roulette en ligne au Canada\" width=\"450\" height=\"270\" class=\"alignnone size-full wp-image-510\" srcset=\"https:\/\/www.roulette.school\/fr\/wp-content\/uploads\/2020\/12\/roulette.jpg 450w, https:\/\/www.roulette.school\/fr\/wp-content\/uploads\/2020\/12\/roulette-300x180.jpg 300w\" sizes=\"auto, (max-width: 450px) 100vw, 450px\" \/><\/div><\/div><\/div>\n<div class=\"su-row\">\n<div class=\"su-column su-column-size-1-2\"><div class=\"su-column-inner su-u-clearfix su-u-trim\">\n<strong>Casinos en ligne sur Roulette School :<\/strong><\/p>\n<ul>\n<li>Les roulettes sont jouables gratuitement en mode d\u00e9mo<\/li>\n<li>Chaque site de casino est sous contr\u00f4le d&rsquo;une autorit\u00e9 canadienne<\/li>\n<li>Les joueurs re\u00e7oivent des bonus gratuits de bienvenue<\/li>\n<\/ul>\n<\/div><\/div>\n<div class=\"su-column su-column-size-1-2\"><div class=\"su-column-inner su-u-clearfix su-u-trim\">\n<strong>Sur notre guide vous allez :<\/strong><\/p>\n<ul>\n<li>Apprendre \u00e0 jouer comme un pro de la roulette<\/li>\n<li>Connaitre les astuces des joueurs gagnants<\/li>\n<li>Avoir acc\u00e8s \u00e0 des sites de casino fiable<\/li>\n<\/ul>\n<\/div><\/div>\n<\/div>\nTrouver des sites fiables de casino au Canada est un travail s\u00e9rieux. Ce job est notre sp\u00e9cialit\u00e9, tout comme la formation au jeu de la roulette. Roulette School est une r\u00e9f\u00e9rence pour acc\u00e9der aux sites de roulette en ligne les plus honn\u00eates. Ces casinos \u00e0 l&rsquo;affiche sur notre guide sont les plus c\u00f4t\u00e9s du Web.<\/p>\n<h2>Tests des sites de casino<\/h2>\n<p>Notre \u00e9quipe a test\u00e9 les casinos Web les plus visit\u00e9s au monde. Sur notre guide les casinos \u00e0 distance jouissent d&rsquo;une excellente renomm\u00e9e. Ces sites ont fait leurs preuves &#8211; ils sont \u00e0 voir en cliquant le menu casino de notre menu de navigation. Afin de s&rsquo;assurer que vous puissiez jouer en toute confiance, on a bien v\u00e9rifi\u00e9 que ces salles de jeux sont l\u00e9gitimes au Canada. Pour aller dans les d\u00e9tails, si vous voulez savoir comment fonctionne un casino du Web, on vous conseille de visiter le guide de Carlos. Il est un expert en monitorage des <a href=\"https:\/\/www.casinoenligne.fan\" rel=\"noopener\" target=\"_blank\">casinos en ligne au Qu\u00e9bec<\/a>. Il est aussi un fan de toutes sortes de jeux d&rsquo;argent, roulette incluse.<\/p>\n<h2>Variantes de la roulette en ligne<\/h2>\n<p>Il existe une douzaine de roulettes de casino, mais toutes ne sont pas jouables. Les plus populaires sont l\u2019Am\u00e9ricaine, l\u2019Europ\u00e9enne et la Fran\u00e7aise. Il y a aussi la mini roulette \u00e0 12 chiffres, mais elle est moins jou\u00e9e que les grandes roulettes. Les autres roues ne sont plus disponibles dans les casinos du Web. \u00c0 l\u2019exception de la roulette anglaise, les anciennes roulettes ont \u00e9t\u00e9 retir\u00e9es des maisons de jeu dans les ann\u00e9es 2000. En effet, ces jeux avantageaient trop les casinos et les joueurs les snobaient de plus en plus. Le choix des exploitants des casinos a logiquement \u00e9t\u00e9 de les retirer.<\/p>\n<h2>Les 3 roulettes<\/h2>\n<p>Les trois roulettes des casinos sont similaires. Toutefois il faut savoir que la roulette Fran\u00e7aise est celle qui offre les meilleures probabilit\u00e9s de gagner. C\u2019est une exception lorsque la bille de la roue atterrit sur le Z\u00e9ro qui rend la roulette de France attractive. La roulette Europ\u00e9enne, quant \u00e0 elle, est la plus populaire. Quant \u00e0 la roulette Am\u00e9ricaine elle est moins int\u00e9ressante; elle offre moins de chance de gagner.<br \/>\n<div class=\"su-divider su-divider-style-dotted\" style=\"margin:30px 0;border-width:3px;border-color:#6c1616\"><\/div>\n<h3>Roulette Am\u00e9ricaine<\/h3>\n<div class=\"su-row\">\n<div class=\"su-column su-column-size-1-5\"><div class=\"su-column-inner su-u-clearfix su-u-trim\"><img loading=\"lazy\" decoding=\"async\" src=\"https:\/\/www.roulette.school\/fr\/wp-content\/uploads\/2021\/01\/us.jpg\" alt=\"Roulette Am\u00e9ricaine\" width=\"200\" height=\"125\" class=\"alignnone size-full wp-image-822\" \/><\/div><\/div>\n<div class=\"su-column su-column-size-4-5\"><div class=\"su-column-inner su-u-clearfix su-u-trim\">\nLa roulette Am\u00e9ricaine a une particularit\u00e9, elle a deux cases Z\u00e9ro. Ces cases, de couleur verte, sont le [0] et le [0-0]. Ces deux num\u00e9ros avantagent la maison de jeu. Il en r\u00e9sulte qu&rsquo;il y a moins de chance de gagner \u00e0 la roulette US comparativement \u00e0 ses deux cons\u0153urs, l&rsquo;Europ\u00e9enne et la Fran\u00e7aise. En effet, ces deux autres roues n&rsquo;ont qu&rsquo;une seule case Z\u00e9ro.<\/p>\n<p>Aux USA la roulette Am\u00e9ricaine est la plus jou\u00e9e. Les joueurs US, par orgueil, pr\u00e9f\u00e8rent parier \u00e0 la roulette US&#8230; De l\u2019avis des experts de Roulette School, ces joueurs ne se rendent pas compte que c\u2019est une erreur. <a class=suite href=\"https:\/\/www.roulette.school\/fr\/roulette-americaine\/\">Lire la suite &#8230;<\/a><br \/>\n<\/div><\/div>\n<\/div>\n<div class=\"su-divider su-divider-style-dotted\" style=\"margin:30px 0;border-width:3px;border-color:#6c1616\"><\/div>\n<h3>Roulette Europ\u00e9enne<\/h3>\n<div class=\"su-row\"><div class=\"su-column su-column-size-1-5\"><div class=\"su-column-inner su-u-clearfix su-u-trim\"><img loading=\"lazy\" decoding=\"async\" src=\"https:\/\/www.roulette.school\/fr\/wp-content\/uploads\/2021\/01\/eu.jpg\" alt=\"Roulette Europ\u00e9enne\" width=\"200\" height=\"125\" class=\"alignnone size-full wp-image-824\" \/><\/div><\/div>\n<div class=\"su-column su-column-size-4-5\"><div class=\"su-column-inner su-u-clearfix su-u-trim\">\nC\u2019est la roulette en ligne la plus jou\u00e9e ! Pr\u00e9sente dans les casinos du Canada et sur les sites de casino, ce jeu est une r\u00e9f\u00e9rence absolue. Cette variante fait le bonheur des amateurs du tapis vert \u00e0 la recherche de divertissement. Dot\u00e9e de 36 num\u00e9ros et d&rsquo;une case z\u00e9ro, elle avantage le casino d&rsquo;une seule case seulement. <a class=suite href=\"https:\/\/www.roulette.school\/fr\/roulette-europeenne\/\">Lire la suite &#8230;<\/a><br \/>\n<\/div><\/div><\/div>\n<div class=\"su-divider su-divider-style-dotted\" style=\"margin:30px 0;border-width:3px;border-color:#6c1616\"><\/div>\n<h3>Roulette Fran\u00e7aise<\/h3>\n<div class=\"su-row\"><div class=\"su-column su-column-size-1-5\"><div class=\"su-column-inner su-u-clearfix su-u-trim\"><img loading=\"lazy\" decoding=\"async\" src=\"https:\/\/www.roulette.school\/fr\/wp-content\/uploads\/2021\/01\/fr.jpg\" alt=\"Roulette Fran\u00e7aise\" width=\"200\" height=\"125\" class=\"alignnone size-full wp-image-823\" \/><\/div><\/div>\n<div class=\"su-column su-column-size-4-5\"><div class=\"su-column-inner su-u-clearfix su-u-trim\">\nLa roulette d\u2019origine, venue de France au temps des Rois. \u00c0 l\u2019origine le jeu n\u2019avait pas de Z\u00e9ro ! Les chances \u00e9taient \u00e0 l\u2019\u00e9quilibre entre le croupier et les joueurs. En effet, il aurait \u00e9t\u00e9 impensable que le Roi de France et ses proches puissent \u00eatre d\u00e9favoris\u00e9s. La case Z\u00e9ro a \u00e9t\u00e9 ajout\u00e9e au cylindre de la roue au 19\u00e8me si\u00e8cle. Il y a toutefois une r\u00e8gle sp\u00e9ciale qui rend la roulette Fran\u00e7aise plus rentable que les autres. <a class=suite href=\"https:\/\/www.roulette.school\/fr\/roulette-francaise\/\">Lire la suite &#8230;<\/a><br \/>\n<\/div><\/div><\/div>\n<div class=\"su-divider su-divider-style-dotted\" style=\"margin:30px 0;border-width:3px;border-color:#6c1616\"><\/div>\n<h2>Roulette en ligne et logiciels<\/h2>\n<p>Les roulettes sont jouables de deux mani\u00e8res :<\/p>\n<ol>\n<li><strong>Avec les jeux instantan\u00e9s<\/strong><br \/>\nSur PC la roulette se joue avec ou sans t\u00e9l\u00e9chargement &#8211; les deux options se valent. Avec les Mac, tablettes et mobiles, c&rsquo;est le module des jeux instantan\u00e9s qui s&rsquo;active. Il n&rsquo;est pas utile d&rsquo;installer une App.<\/li>\n<li><strong>En live streaming avec des vrais croupiers<\/strong><br \/>\nLa live roulette est une immersion dans une salle de jeu. Les espaces live des casinos en ligne se jouent avec des croupiers en direct. Il y a sur le march\u00e9 des live casinos de diff\u00e9rentes qualit\u00e9s. Il en est de m\u00eame avec les jeux instantan\u00e9s. Pour faire le meilleur choix il est conseill\u00e9 de s&rsquo;orienter sur des casinos \u00e9quip\u00e9s des <a href=\"https:\/\/www.roulette.school\/fr\/logiciel\/\">logiciels les plus performants<\/a>.<\/li>\n<\/ol>\n<h2>Techniques pour gagner \u00e0 la roulette en ligne<\/h2>\n<p>Contrairement aux machines \u00e0 sous qui sont des jeux de hasard, la roulette peut \u00eatre consid\u00e9r\u00e9e comme un jeu de strat\u00e9gie &#8211; des techniques am\u00e9liorent les r\u00e9sultats. Ces techniques font appel \u00e0 des m\u00e9thodes math\u00e9matiques. Coupl\u00e9es \u00e0 la gestion du budget et \u00e0 une attitude rus\u00e9e, ces <a href=\"https:\/\/www.roulette.school\/fr\/techniques\/\">techniques de pro<\/a> sont redoutables.<\/p>\n<h2>Roulettes et machines \u00e0 sous<\/h2>\n<p>Sur des casinos en ligne des roulettes d&rsquo;un nouveau genre sont dot\u00e9es de jackpots progressifs \u00e0 gagner. Inspir\u00e9es des machines \u00e0 sous \u00e0 jackpot progressif, ces roulettes attirent les chasseurs de jackpots. La roulette \u00e0 jackpot la plus jou\u00e9e de l&rsquo;Internet est <a href=\"https:\/\/www.roulette.school\/fr\/roulette-mega-moolah\/\">Roulette Mega Moolah<\/a>.<\/p>\n<h2>Votre argent au casino<\/h2>\n<p>G\u00e9rer son capital sur un site de roulette se fait facilement. Les m\u00e9thodes de d\u00e9p\u00f4t et de retrait utilis\u00e9es sont les cartes de cr\u00e9dit et de d\u00e9bit. Utiliser son compte bancaire peut aussi se faire, tout comme passer par un e-Wallet. Les transferts d\u2019argent se font depuis une page s\u00e9curis\u00e9e. Les d\u00e9lais des op\u00e9rations bancaires y sont rapides.<\/p>\n<h2>Articles r\u00e9cents<\/h2>\n\n\n<div class=\"su-posts su-posts-default-loop \">\n\n\t\n\t\t\t\t\t\n\t\t\t\n\t\t\t<div id=\"su-post-3123\" class=\"su-post \">\n\n\t\t\t\t\n\t\t\t\t<h2 class=\"su-post-title\"><a href=\"https:\/\/www.roulette.school\/fr\/fireball-roulette-paris-direct\/\">Fireball Roulette : Paris en Direct et Gains de 2500x La Mise<\/a><\/h2>\n\n\t\t\t\t<div class=\"su-post-meta\">\n\t\t\t\t\tPosted: 10 f\u00e9vrier 2026\t\t\t\t<\/div>\n\n\t\t\t\t<div class=\"su-post-excerpt\">\n\t\t\t\t\t<p>Voici une roulette de casino en direct qui attire les amateurs de slot machines et de jeux de roulette classique.<\/p>\n\t\t\t\t<\/div>\n\n\t\t\t\t\n\t\t\t<\/div>\n\n\t\t\t\t\t\n\t\t\t\n\t\t\t<div id=\"su-post-3086\" class=\"su-post \">\n\n\t\t\t\t\n\t\t\t\t<h2 class=\"su-post-title\"><a href=\"https:\/\/www.roulette.school\/fr\/double-ball-roulette\/\">Double Ball Roulette : 2 Fois plus d\u2019Action pour les Joueurs<\/a><\/h2>\n\n\t\t\t\t<div class=\"su-post-meta\">\n\t\t\t\t\tPosted: 3 D\u00e9cembre 2025\t\t\t\t<\/div>\n\n\t\t\t\t<div class=\"su-post-excerpt\">\n\t\t\t\t\t<p>Voici une roulette de casino aussi originale qu&rsquo;excitante : elle se joue avec deux billes au lieu d&rsquo;une.<\/p>\n\t\t\t\t<\/div>\n\n\t\t\t\t\n\t\t\t<\/div>\n\n\t\t\t\t\t\n\t\t\t\n\t\t\t<div id=\"su-post-3072\" class=\"su-post \">\n\n\t\t\t\t\n\t\t\t\t<h2 class=\"su-post-title\"><a href=\"https:\/\/www.roulette.school\/fr\/kahnawake-gaming-commission-equite-jeu\/\">Kahnawake Gaming Commission : \u00c9quit\u00e9 et Jeu Responsable<\/a><\/h2>\n\n\t\t\t\t<div class=\"su-post-meta\">\n\t\t\t\t\tPosted: 5 septembre 2025\t\t\t\t<\/div>\n\n\t\t\t\t<div class=\"su-post-excerpt\">\n\t\t\t\t\t<p>La KGC garantit des jeux \u00e9quitables et des casinos en ligne fiables. D\u00e9couvrez son r\u00f4le, ses contr\u00f4les techniques et ses op\u00e9rateurs certifi\u00e9s.<\/p>\n\t\t\t\t<\/div>\n\n\t\t\t\t\n\t\t\t<\/div>\n\n\t\t\n\t\n<\/div>\n\n<h2>Support client<\/h2>\n<p>Les demandes des joueurs sont prises en charge 7\/24. Le tchat est le moyen le plus rapide pour entrer en contact avec le personnel du casino. Avec cet outil il ne faut que quelques secondes pour obtenir une r\u00e9ponse. Les demandes par e-mail sont \u00e9galement trait\u00e9es 7\/24. Une assistance t\u00e9l\u00e9phonique est en place pour les joueurs VIP.<\/p>\n<p>Chaque site de casino est dot\u00e9 d&rsquo;une page FAQ. On y trouve les r\u00e9ponses aux questions les plus courantes.<br \/>\n&nbsp;<\/p>\n","protected":false},"excerpt":{"rendered":"<p>Avec notre guide les r\u00e8gles de la roulette de casino n&rsquo;auront plus de secrets. Au casino en ligne ce jeu<\/p>\n","protected":false},"author":1,"featured_media":0,"parent":0,"menu_order":0,"comment_status":"closed","ping_status":"closed","template":"template-fullwidth.php","meta":{"footnotes":""},"class_list":["post-18","page","type-page","status-publish","hentry"],"yoast_head":"<!-- This site is optimized with the Yoast SEO plugin v27.5 - https:\/\/yoast.com\/product\/yoast-seo-wordpress\/ -->\n<title>Roulette en Ligne au Casino | Guide au Canada | R\u00e8gles du Jeu<\/title>\n<meta name=\"description\" content=\"Guide pour jouer \u00e0 la roulette en ligne. Les r\u00e8gles du jeu et les astuces pour mieux jouer. Les sites de casino au Canada.\" \/>\n<meta name=\"robots\" content=\"index, follow, max-snippet:-1, max-image-preview:large, max-video-preview:-1\" \/>\n<link rel=\"canonical\" href=\"https:\/\/www.roulette.school\/fr\/\" \/>\n<meta property=\"og:locale\" content=\"fr_CA\" \/>\n<meta property=\"og:type\" content=\"article\" \/>\n<meta property=\"og:title\" content=\"Roulette en Ligne au Casino | Guide au Canada | R\u00e8gles du Jeu\" \/>\n<meta property=\"og:description\" content=\"Guide pour jouer \u00e0 la roulette en ligne. Les r\u00e8gles du jeu et les astuces pour mieux jouer. Les sites de casino au Canada.\" \/>\n<meta property=\"og:url\" content=\"https:\/\/www.roulette.school\/fr\/\" \/>\n<meta property=\"og:site_name\" content=\"Roulette School\" \/>\n<meta property=\"article:modified_time\" content=\"2024-02-11T10:27:39+00:00\" \/>\n<meta property=\"og:image\" content=\"https:\/\/www.roulette.school\/fr\/wp-content\/uploads\/2020\/12\/roulette.jpg\" \/>\n<meta name=\"twitter:card\" content=\"summary_large_image\" \/>\n<meta name=\"twitter:label1\" content=\"Estimation du temps de lecture\" \/>\n\t<meta name=\"twitter:data1\" content=\"7 minutes\" \/>\n<script type=\"application\/ld+json\" class=\"yoast-schema-graph\">{\"@context\":\"https:\\\/\\\/schema.org\",\"@graph\":[{\"@type\":\"WebPage\",\"@id\":\"https:\\\/\\\/www.roulette.school\\\/fr\\\/\",\"url\":\"https:\\\/\\\/www.roulette.school\\\/fr\\\/\",\"name\":\"Roulette en Ligne au Casino | Guide au Canada | R\u00e8gles du Jeu\",\"isPartOf\":{\"@id\":\"https:\\\/\\\/www.roulette.school\\\/fr\\\/#website\"},\"primaryImageOfPage\":{\"@id\":\"https:\\\/\\\/www.roulette.school\\\/fr\\\/#primaryimage\"},\"image\":{\"@id\":\"https:\\\/\\\/www.roulette.school\\\/fr\\\/#primaryimage\"},\"thumbnailUrl\":\"https:\\\/\\\/www.roulette.school\\\/fr\\\/wp-content\\\/uploads\\\/2020\\\/12\\\/roulette.jpg\",\"datePublished\":\"2020-11-26T08:05:32+00:00\",\"dateModified\":\"2024-02-11T10:27:39+00:00\",\"description\":\"Guide pour jouer \u00e0 la roulette en ligne. Les r\u00e8gles du jeu et les astuces pour mieux jouer. Les sites de casino au Canada.\",\"breadcrumb\":{\"@id\":\"https:\\\/\\\/www.roulette.school\\\/fr\\\/#breadcrumb\"},\"inLanguage\":\"fr-CA\",\"potentialAction\":[{\"@type\":\"ReadAction\",\"target\":[\"https:\\\/\\\/www.roulette.school\\\/fr\\\/\"]}]},{\"@type\":\"ImageObject\",\"inLanguage\":\"fr-CA\",\"@id\":\"https:\\\/\\\/www.roulette.school\\\/fr\\\/#primaryimage\",\"url\":\"https:\\\/\\\/www.roulette.school\\\/fr\\\/wp-content\\\/uploads\\\/2020\\\/12\\\/roulette.jpg\",\"contentUrl\":\"https:\\\/\\\/www.roulette.school\\\/fr\\\/wp-content\\\/uploads\\\/2020\\\/12\\\/roulette.jpg\",\"width\":450,\"height\":270,\"caption\":\"Roulette de casino\"},{\"@type\":\"BreadcrumbList\",\"@id\":\"https:\\\/\\\/www.roulette.school\\\/fr\\\/#breadcrumb\",\"itemListElement\":[{\"@type\":\"ListItem\",\"position\":1,\"name\":\"Accueil\",\"item\":\"https:\\\/\\\/www.roulette.school\\\/fr\\\/\"},{\"@type\":\"ListItem\",\"position\":2,\"name\":\"Roulette en ligne\"}]},{\"@type\":\"WebSite\",\"@id\":\"https:\\\/\\\/www.roulette.school\\\/fr\\\/#website\",\"url\":\"https:\\\/\\\/www.roulette.school\\\/fr\\\/\",\"name\":\"Roulette School\",\"description\":\"Roulette Guide\",\"publisher\":{\"@id\":\"https:\\\/\\\/www.roulette.school\\\/fr\\\/#organization\"},\"potentialAction\":[{\"@type\":\"SearchAction\",\"target\":{\"@type\":\"EntryPoint\",\"urlTemplate\":\"https:\\\/\\\/www.roulette.school\\\/fr\\\/?s={search_term_string}\"},\"query-input\":{\"@type\":\"PropertyValueSpecification\",\"valueRequired\":true,\"valueName\":\"search_term_string\"}}],\"inLanguage\":\"fr-CA\"},{\"@type\":\"Organization\",\"@id\":\"https:\\\/\\\/www.roulette.school\\\/fr\\\/#organization\",\"name\":\"Roulette School\",\"url\":\"https:\\\/\\\/www.roulette.school\\\/fr\\\/\",\"logo\":{\"@type\":\"ImageObject\",\"inLanguage\":\"fr-CA\",\"@id\":\"https:\\\/\\\/www.roulette.school\\\/fr\\\/#\\\/schema\\\/logo\\\/image\\\/\",\"url\":\"https:\\\/\\\/www.roulette.school\\\/fr\\\/wp-content\\\/uploads\\\/2021\\\/02\\\/rsl.png\",\"contentUrl\":\"https:\\\/\\\/www.roulette.school\\\/fr\\\/wp-content\\\/uploads\\\/2021\\\/02\\\/rsl.png\",\"width\":350,\"height\":50,\"caption\":\"Roulette School\"},\"image\":{\"@id\":\"https:\\\/\\\/www.roulette.school\\\/fr\\\/#\\\/schema\\\/logo\\\/image\\\/\"}}]}<\/script>\n<!-- \/ Yoast SEO plugin. -->","yoast_head_json":{"title":"Roulette en Ligne au Casino | Guide au Canada | R\u00e8gles du Jeu","description":"Guide pour jouer \u00e0 la roulette en ligne. Les r\u00e8gles du jeu et les astuces pour mieux jouer. Les sites de casino au Canada.","robots":{"index":"index","follow":"follow","max-snippet":"max-snippet:-1","max-image-preview":"max-image-preview:large","max-video-preview":"max-video-preview:-1"},"canonical":"https:\/\/www.roulette.school\/fr\/","og_locale":"fr_CA","og_type":"article","og_title":"Roulette en Ligne au Casino | Guide au Canada | R\u00e8gles du Jeu","og_description":"Guide pour jouer \u00e0 la roulette en ligne. Les r\u00e8gles du jeu et les astuces pour mieux jouer. Les sites de casino au Canada.","og_url":"https:\/\/www.roulette.school\/fr\/","og_site_name":"Roulette School","article_modified_time":"2024-02-11T10:27:39+00:00","og_image":[{"url":"https:\/\/www.roulette.school\/fr\/wp-content\/uploads\/2020\/12\/roulette.jpg","type":"","width":"","height":""}],"twitter_card":"summary_large_image","twitter_misc":{"Estimation du temps de lecture":"7 minutes"},"schema":{"@context":"https:\/\/schema.org","@graph":[{"@type":"WebPage","@id":"https:\/\/www.roulette.school\/fr\/","url":"https:\/\/www.roulette.school\/fr\/","name":"Roulette en Ligne au Casino | Guide au Canada | R\u00e8gles du Jeu","isPartOf":{"@id":"https:\/\/www.roulette.school\/fr\/#website"},"primaryImageOfPage":{"@id":"https:\/\/www.roulette.school\/fr\/#primaryimage"},"image":{"@id":"https:\/\/www.roulette.school\/fr\/#primaryimage"},"thumbnailUrl":"https:\/\/www.roulette.school\/fr\/wp-content\/uploads\/2020\/12\/roulette.jpg","datePublished":"2020-11-26T08:05:32+00:00","dateModified":"2024-02-11T10:27:39+00:00","description":"Guide pour jouer \u00e0 la roulette en ligne. Les r\u00e8gles du jeu et les astuces pour mieux jouer. Les sites de casino au Canada.","breadcrumb":{"@id":"https:\/\/www.roulette.school\/fr\/#breadcrumb"},"inLanguage":"fr-CA","potentialAction":[{"@type":"ReadAction","target":["https:\/\/www.roulette.school\/fr\/"]}]},{"@type":"ImageObject","inLanguage":"fr-CA","@id":"https:\/\/www.roulette.school\/fr\/#primaryimage","url":"https:\/\/www.roulette.school\/fr\/wp-content\/uploads\/2020\/12\/roulette.jpg","contentUrl":"https:\/\/www.roulette.school\/fr\/wp-content\/uploads\/2020\/12\/roulette.jpg","width":450,"height":270,"caption":"Roulette de casino"},{"@type":"BreadcrumbList","@id":"https:\/\/www.roulette.school\/fr\/#breadcrumb","itemListElement":[{"@type":"ListItem","position":1,"name":"Accueil","item":"https:\/\/www.roulette.school\/fr\/"},{"@type":"ListItem","position":2,"name":"Roulette en ligne"}]},{"@type":"WebSite","@id":"https:\/\/www.roulette.school\/fr\/#website","url":"https:\/\/www.roulette.school\/fr\/","name":"Roulette School","description":"Roulette Guide","publisher":{"@id":"https:\/\/www.roulette.school\/fr\/#organization"},"potentialAction":[{"@type":"SearchAction","target":{"@type":"EntryPoint","urlTemplate":"https:\/\/www.roulette.school\/fr\/?s={search_term_string}"},"query-input":{"@type":"PropertyValueSpecification","valueRequired":true,"valueName":"search_term_string"}}],"inLanguage":"fr-CA"},{"@type":"Organization","@id":"https:\/\/www.roulette.school\/fr\/#organization","name":"Roulette School","url":"https:\/\/www.roulette.school\/fr\/","logo":{"@type":"ImageObject","inLanguage":"fr-CA","@id":"https:\/\/www.roulette.school\/fr\/#\/schema\/logo\/image\/","url":"https:\/\/www.roulette.school\/fr\/wp-content\/uploads\/2021\/02\/rsl.png","contentUrl":"https:\/\/www.roulette.school\/fr\/wp-content\/uploads\/2021\/02\/rsl.png","width":350,"height":50,"caption":"Roulette School"},"image":{"@id":"https:\/\/www.roulette.school\/fr\/#\/schema\/logo\/image\/"}}]}},"_links":{"self":[{"href":"https:\/\/www.roulette.school\/fr\/wp-json\/wp\/v2\/pages\/18","targetHints":{"allow":["GET"]}}],"collection":[{"href":"https:\/\/www.roulette.school\/fr\/wp-json\/wp\/v2\/pages"}],"about":[{"href":"https:\/\/www.roulette.school\/fr\/wp-json\/wp\/v2\/types\/page"}],"author":[{"embeddable":true,"href":"https:\/\/www.roulette.school\/fr\/wp-json\/wp\/v2\/users\/1"}],"replies":[{"embeddable":true,"href":"https:\/\/www.roulette.school\/fr\/wp-json\/wp\/v2\/comments?post=18"}],"version-history":[{"count":85,"href":"https:\/\/www.roulette.school\/fr\/wp-json\/wp\/v2\/pages\/18\/revisions"}],"predecessor-version":[{"id":1128,"href":"https:\/\/www.roulette.school\/fr\/wp-json\/wp\/v2\/pages\/18\/revisions\/1128"}],"wp:attachment":[{"href":"https:\/\/www.roulette.school\/fr\/wp-json\/wp\/v2\/media?parent=18"}],"curies":[{"name":"wp","href":"https:\/\/api.w.org\/{rel}","templated":true}]}}