{"id":1942,"date":"2022-05-13T03:30:03","date_gmt":"2022-05-13T03:30:03","guid":{"rendered":"https:\/\/www.roulette.school\/fr\/?page_id=1942"},"modified":"2023-05-02T16:09:08","modified_gmt":"2023-05-02T16:09:08","slug":"jeux-de-casino-windows","status":"publish","type":"page","link":"https:\/\/www.roulette.school\/fr\/jeux-de-casino-windows\/","title":{"rendered":"Jeux de Casino sur Windows"},"content":{"rendered":"<p>Jouer au casino en ligne depuis un ordinateur ou un portable Windows peut se faire de deux fa\u00e7ons : avec ou sans t\u00e9l\u00e9chargement. L&rsquo;option sans t\u00e9l\u00e9chargement est le choix favori des utilisateurs. Cette fa\u00e7on de jouer a des avantages. En effet, il n&rsquo;est pas utile d&rsquo;installer un logiciel sur l&rsquo;ordinateur, et le casino est sans cesse mis \u00e0 jour sur la plateforme Web du casino. C&rsquo;est la garantie que la s\u00e9curit\u00e9 soit toujours active, tout en donnant acc\u00e8s \u00e0 des jeux qui performent.<br \/>\n<div class=\"su-divider su-divider-style-dotted\" style=\"margin:25px 0;border-width:10px;border-color:#6c1616\"><\/div>\n<h2>Casino Windows en argent r\u00e9el<\/h2>\n<p>\n<div class=\"su-row\">\n<div class=\"su-column su-column-size-1-3 midc\"><div class=\"su-column-inner su-u-clearfix su-u-trim\">\n<span style=\"font-size:16pt;color:#820202;font-weight:600\">1. YUKON GOLD<\/span><br \/>\n<a class=\"add\" href=\"https:\/\/iredirect.net\/referral\/?site=yg&#038;lang=fr&#038;aff_id=aff100309\" target=\"_blank\" rel=\"noopener noreferrer\"><img loading=\"lazy\" decoding=\"async\" src=\"https:\/\/www.roulette.school\/fr\/wp-content\/uploads\/2022\/05\/gold.jpg\" alt=\"Yukon Gold Casino sur Windows\" width=\"300\" height=\"230\" class=\"alignnone size-full wp-image-1916\" \/><br \/>\nJOUER CHEZ YUKON GOLD<\/a><br \/>\nSite de Machines \u00e0 Sous Windows<br \/>\nTours Gratuits sur le 1er D\u00e9p\u00f4t<br \/>\n<\/div><\/div>\n<div class=\"su-column su-column-size-1-3 midc\"><div class=\"su-column-inner su-u-clearfix su-u-trim\">\n<span style=\"font-size:16pt;color:#820202;font-weight:600\">2. GAMING CLUB<\/span><br \/>\n<a class=\"add\" href=\"https:\/\/www.gamingclub.com\/fr\/?s=wgs16120&#038;a=bfpadid130369\" target=\"_blank\" rel=\"noopener noreferrer\"><img loading=\"lazy\" decoding=\"async\" src=\"https:\/\/www.roulette.school\/fr\/wp-content\/uploads\/2022\/05\/windows-club.jpg\" alt=\"Gaming Club Casino\" width=\"300\" height=\"230\" class=\"alignnone size-full wp-image-1991\" \/><br \/>\nJOUER CHEZ GAMING CLUB<\/a><br \/>\nBlackjack et Roulette en Live<br \/>Jeux sur PC et Portable<br \/>\n<\/div><\/div>\n<div class=\"su-column su-column-size-1-3 midc\"><div class=\"su-column-inner su-u-clearfix su-u-trim\">\n<span style=\"font-size:16pt;color:#820202;font-weight:600\">3. SPIN CASINO<\/span><br \/>\n<a class=\"add\" href=\"https:\/\/www.spincasino.com\/fr\/ca\/?s=wgs16120&#038;a=bfpadid130369\" target=\"_blank\" rel=\"noopener noreferrer\"><img loading=\"lazy\" decoding=\"async\" src=\"https:\/\/www.roulette.school\/fr\/wp-content\/uploads\/2022\/05\/casino-windows.jpg\" alt=\"Spin Casino Windows\" width=\"300\" height=\"230\" class=\"alignnone size-full wp-image-1985\" \/><br \/>\nJOUER CHEZ SPIN CASINO<\/a><br \/>\nMachines \u00e0 Sous Progressives<br \/>\nJackpots de Millionnaires \u00e0 Gagner<br \/>\n<\/div><\/div>\n<\/div>\n<div class=\"su-divider su-divider-style-dotted\" style=\"margin:25px 0;border-width:10px;border-color:#6c1616\"><\/div>\n<h2>\u00c9diteurs des jeux de casino sur Windows<\/h2>\n<p>Les jeux des sites de casino en ligne sont con\u00e7us par des \u00e9diteurs tiers. Dans cette industrie plus de 40 \u00e9diteurs diff\u00e9rents se font concurrence. Les groupes Microgaming, NetEnt et Switch Studios sont les \u00e9diteurs les plus prim\u00e9s du secteur.<\/p>\n<p>Quels sont les meilleur sites de casino Windows pour jouer avec du vrai argent ? Sur les guides les plus s\u00e9rieux, les trois casinos en ligne list\u00e9s dans notre article sont les favoris. Tant au niveau de la qualit\u00e9 des jeux propos\u00e9s que des offres de bienvenue, ces casinos ont largement fait leurs preuves aupr\u00e8s des communaut\u00e9s Windows.<\/p>\n<h2>Jouer en ligne sur Windows<\/h2>\n<div class=\"su-row\"><div class=\"su-column su-column-size-2-3\"><div class=\"su-column-inner su-u-clearfix su-u-trim\">Que vous jouiez via le logiciel d&rsquo;un casino Windows, ou sans t\u00e9l\u00e9chargement, les jeux se trouvent via un menu de navigation.<\/p>\n<p>Les jeux des casinos sont pr\u00e9sent\u00e9s sur diff\u00e9rentes cat\u00e9gories. Il suffit de cliquer sur la cat\u00e9gorie voulue pour d\u00e9couvrir les jeux mis \u00e0 disposition.<\/p>\n<p>D\u00e8s que vous avez rep\u00e9r\u00e9 le jeu souhait\u00e9, il suffit de cliquer dessus pour commencer \u00e0 jouer. Sur les casinos en ligne les plus fiables, une large collection de jeux est propos\u00e9e gratuitement. Ces options mises \u00e0 disposition des utilisateurs sont tr\u00e8s appr\u00e9ci\u00e9es des joueurs voulant tester des jeux avant d&rsquo;y miser de l&rsquo;argent.<\/div><\/div>\n<div class=\"su-column su-column-size-1-3\"><div class=\"su-column-inner su-u-clearfix su-u-trim\"><img loading=\"lazy\" decoding=\"async\" src=\"https:\/\/www.roulette.school\/fr\/wp-content\/uploads\/2022\/05\/pc.jpg\" alt=\"Casino sur un ordinateur Windows\" width=\"300\" height=\"230\" class=\"aligncenter size-full wp-image-2002\" \/><\/div><\/div><\/div>\n<h3>Choisir un casino fiable sur Windows<\/h3>\n<p>Avant de vous lancer sur un casino en ligne, il est crucial de contr\u00f4ler sa fiabilit\u00e9.<\/p>\n<p>Il existe beaucoup de casinos pirates qui sont de vraies arnaques sur Internet. Soyez tr\u00e8s vigilant ! Sinon vous pourriez \u00eatre la victime d&rsquo;une escroquerie.<\/p>\n<p>Afin de ne pas commettre l&rsquo;erreur de s&rsquo;inscrire dans un casino arnaqueur, il faut v\u00e9rifier l&rsquo;authenticit\u00e9 d&rsquo;un casino en ligne avant d&rsquo;y jouer de l&rsquo;argent. L&rsquo;astuce d\u2019effectuer des recherches sur le site de casino qui vous int\u00e9resse est le meilleur moyen de v\u00e9rifier si la salle de jeux est honn\u00eate. Effectuer des recherches sur Google et Yahoo est r\u00e9v\u00e9lateur. Typiquement, en effectuant des recherches pr\u00e9cises, vous trouverez des guides de casino sur lesquels des joueurs postent des avis. Si le casino en ligne sur lequel vous \u00eates sur le point de jouer a des bons avis, vous pourrez vous y inscrire en toute confiance. Dans le cas contraire, il faut passer son chemin.<\/p>\n<h3>Se connecter au casino<\/h3>\n<p>Avant de jouer sur un casino en ligne il faut renseigner un formulaire d&rsquo;inscription. D\u00e8s que les informations demand\u00e9es ont \u00e9t\u00e9 saisies, l\u2019acc\u00e8s aux jeux du casino est autoris\u00e9. \u00c0 ce moment-l\u00e0 vous pouvez naviguer sur le casino en ligne. Vous n&rsquo;\u00eates pas oblig\u00e9 de tout de suite jouer de l&rsquo;argent. En effet, il est tout \u00e0 fait possible de tester gratuitement les jeux. Il est m\u00eame possible, aux tables des jeux en live, de voir les autres joueurs faire leurs mises de jetons au blackjack et \u00e0 la roulette.<\/p>\n<p>Si vous avez fait le choix de jouer sans t\u00e9l\u00e9chargement, tout fonctionne sur le navigateur Web. En revanche si vous avez t\u00e9l\u00e9charg\u00e9 et install\u00e9 le logiciel du casino sur votre ordinateur, un clic sur l&rsquo;ic\u00f4ne du casino suffit pour entrer dans la salle de jeux.<\/p>\n<h3>Jeux gratuits sur Windows<\/h3>\n<p>Les sites de casino en ligne Windows les plus s\u00e9rieux offrent des options de jeux gratuits. Ces jeux fonctionnent de la m\u00eame fa\u00e7on qu&rsquo;en argent r\u00e9el.<br \/>\nQu&rsquo;est-ce qui change ? Au lieu de miser du vrai argent vous pariez des jetons fictifs.<br \/>\nProfiter des jeux gratuits est une bonne formule pour se divertir. C&rsquo;est aussi une astuce pour apprendre \u00e0 jouer sans prendre le risque de perdre de l&rsquo;argent.<\/p>\n<h2>Votre argent sur un casino Windows<\/h2>\n<p>Sur les casinos en ligne, avant de commencer \u00e0 jouer en argent r\u00e9el il faut se rendre sur la page banque pour y d\u00e9poser de l&rsquo;argent. Les d\u00e9p\u00f4ts peuvent se faire \u00e0 l&rsquo;aide d&rsquo;une carte de cr\u00e9dit ou de d\u00e9bit. D&rsquo;autres alternatives sont aussi propos\u00e9es pour transf\u00e9rer des fonds. Pour les retraits, de nombreuses options sont utilisables, comme les virements bancaires par exemple.<\/p>\n<h2>Sites de casino au Canada<\/h2>\n<p>Notre guide de casino est orient\u00e9 sur le Canada. Ce sont surtout les joueurs du Qu\u00e9bec qui sont les mieux servis sur Roulette School. Gr\u00e2ce \u00e0 nos s\u00e9lections, les jeux des casinos retenus se jouent en fran\u00e7ais. De plus, le support client des meilleurs casinos Windows de notre article ont des support clients francophones.<\/p>\n<h2>Sommaire<\/h2>\n<p>Les premiers casinos en ligne Windows ont vu le jour en 1994. \u00c0 cette \u00e9poque il n&rsquo;existait qu&rsquo;une petite poign\u00e9e de casinos sur le Web. Ce n&rsquo;est qu&rsquo;en l&rsquo;an 2000 que le secteur des jeux d&rsquo;argent a connu un r\u00e9el engouement de la part des utilisateurs. Aujourd&rsquo;hui des centaines de sites de casino sont op\u00e9rationnels sur les cinq continents. Les salles de jeux des <a href=\"https:\/\/www.roulette.school\/fr\/casino-en-ligne-fiable\/\">casinos en ligne les plus fiables<\/a> sont inscrites aupr\u00e8s de plusieurs commissions de jeux d&rsquo;argent. Sur ces sites de casino Windows tout type de jeux sont au catalogue. C&rsquo;est sur le secteur des machines \u00e0 sous que l&rsquo;offre est la plus enrichie. Quant aux jeux de table, on peut y jouer au format \u00e9lectronique, ou en live face aux croupiers.<br \/>\n&nbsp;<\/p>\n","protected":false},"excerpt":{"rendered":"<p>Jouer au casino en ligne depuis un ordinateur ou un portable Windows peut se faire de deux fa\u00e7ons : avec<\/p>\n","protected":false},"author":1,"featured_media":0,"parent":0,"menu_order":0,"comment_status":"closed","ping_status":"closed","template":"template-fullwidth.php","meta":{"footnotes":""},"class_list":["post-1942","page","type-page","status-publish","hentry"],"yoast_head":"<!-- This site is optimized with the Yoast SEO plugin v27.5 - https:\/\/yoast.com\/product\/yoast-seo-wordpress\/ -->\n<title>Jeux de Casino Windows | Casinos en Argent R\u00e9el sur PC et Portable<\/title>\n<meta name=\"description\" content=\"Jeux de casino en argent r\u00e9el sur Windows. Meilleurs casinos pour jouer aux machines \u00e0 sous et aux jeux de table sur ordinateur et portable.\" \/>\n<meta name=\"robots\" content=\"index, follow, max-snippet:-1, max-image-preview:large, max-video-preview:-1\" \/>\n<link rel=\"canonical\" href=\"https:\/\/www.roulette.school\/fr\/jeux-de-casino-windows\/\" \/>\n<meta property=\"og:locale\" content=\"fr_CA\" \/>\n<meta property=\"og:type\" content=\"article\" \/>\n<meta property=\"og:title\" content=\"Jeux de Casino Windows | Casinos en Argent R\u00e9el sur PC et Portable\" \/>\n<meta property=\"og:description\" content=\"Jeux de casino en argent r\u00e9el sur Windows. Meilleurs casinos pour jouer aux machines \u00e0 sous et aux jeux de table sur ordinateur et portable.\" \/>\n<meta property=\"og:url\" content=\"https:\/\/www.roulette.school\/fr\/jeux-de-casino-windows\/\" \/>\n<meta property=\"og:site_name\" content=\"Roulette School\" \/>\n<meta property=\"article:modified_time\" content=\"2023-05-02T16:09:08+00:00\" \/>\n<meta property=\"og:image\" content=\"https:\/\/www.roulette.school\/fr\/wp-content\/uploads\/2022\/05\/gold.jpg\" \/>\n<meta name=\"twitter:card\" content=\"summary_large_image\" \/>\n<meta name=\"twitter:label1\" content=\"Estimation du temps de lecture\" \/>\n\t<meta name=\"twitter:data1\" content=\"6 minutes\" \/>\n<script type=\"application\/ld+json\" class=\"yoast-schema-graph\">{\"@context\":\"https:\\\/\\\/schema.org\",\"@graph\":[{\"@type\":\"WebPage\",\"@id\":\"https:\\\/\\\/www.roulette.school\\\/fr\\\/jeux-de-casino-windows\\\/\",\"url\":\"https:\\\/\\\/www.roulette.school\\\/fr\\\/jeux-de-casino-windows\\\/\",\"name\":\"Jeux de Casino Windows | Casinos en Argent R\u00e9el sur PC et Portable\",\"isPartOf\":{\"@id\":\"https:\\\/\\\/www.roulette.school\\\/fr\\\/#website\"},\"primaryImageOfPage\":{\"@id\":\"https:\\\/\\\/www.roulette.school\\\/fr\\\/jeux-de-casino-windows\\\/#primaryimage\"},\"image\":{\"@id\":\"https:\\\/\\\/www.roulette.school\\\/fr\\\/jeux-de-casino-windows\\\/#primaryimage\"},\"thumbnailUrl\":\"https:\\\/\\\/www.roulette.school\\\/fr\\\/wp-content\\\/uploads\\\/2022\\\/05\\\/gold.jpg\",\"datePublished\":\"2022-05-13T03:30:03+00:00\",\"dateModified\":\"2023-05-02T16:09:08+00:00\",\"description\":\"Jeux de casino en argent r\u00e9el sur Windows. Meilleurs casinos pour jouer aux machines \u00e0 sous et aux jeux de table sur ordinateur et portable.\",\"breadcrumb\":{\"@id\":\"https:\\\/\\\/www.roulette.school\\\/fr\\\/jeux-de-casino-windows\\\/#breadcrumb\"},\"inLanguage\":\"fr-CA\",\"potentialAction\":[{\"@type\":\"ReadAction\",\"target\":[\"https:\\\/\\\/www.roulette.school\\\/fr\\\/jeux-de-casino-windows\\\/\"]}]},{\"@type\":\"ImageObject\",\"inLanguage\":\"fr-CA\",\"@id\":\"https:\\\/\\\/www.roulette.school\\\/fr\\\/jeux-de-casino-windows\\\/#primaryimage\",\"url\":\"https:\\\/\\\/www.roulette.school\\\/fr\\\/wp-content\\\/uploads\\\/2022\\\/05\\\/gold.jpg\",\"contentUrl\":\"https:\\\/\\\/www.roulette.school\\\/fr\\\/wp-content\\\/uploads\\\/2022\\\/05\\\/gold.jpg\",\"width\":300,\"height\":230,\"caption\":\"Yukon Gold Casino sur Android\"},{\"@type\":\"BreadcrumbList\",\"@id\":\"https:\\\/\\\/www.roulette.school\\\/fr\\\/jeux-de-casino-windows\\\/#breadcrumb\",\"itemListElement\":[{\"@type\":\"ListItem\",\"position\":1,\"name\":\"Accueil\",\"item\":\"https:\\\/\\\/www.roulette.school\\\/fr\\\/\"},{\"@type\":\"ListItem\",\"position\":2,\"name\":\"Jeux de Casino sur Windows\"}]},{\"@type\":\"WebSite\",\"@id\":\"https:\\\/\\\/www.roulette.school\\\/fr\\\/#website\",\"url\":\"https:\\\/\\\/www.roulette.school\\\/fr\\\/\",\"name\":\"Roulette School\",\"description\":\"Roulette Guide\",\"publisher\":{\"@id\":\"https:\\\/\\\/www.roulette.school\\\/fr\\\/#organization\"},\"potentialAction\":[{\"@type\":\"SearchAction\",\"target\":{\"@type\":\"EntryPoint\",\"urlTemplate\":\"https:\\\/\\\/www.roulette.school\\\/fr\\\/?s={search_term_string}\"},\"query-input\":{\"@type\":\"PropertyValueSpecification\",\"valueRequired\":true,\"valueName\":\"search_term_string\"}}],\"inLanguage\":\"fr-CA\"},{\"@type\":\"Organization\",\"@id\":\"https:\\\/\\\/www.roulette.school\\\/fr\\\/#organization\",\"name\":\"Roulette School\",\"url\":\"https:\\\/\\\/www.roulette.school\\\/fr\\\/\",\"logo\":{\"@type\":\"ImageObject\",\"inLanguage\":\"fr-CA\",\"@id\":\"https:\\\/\\\/www.roulette.school\\\/fr\\\/#\\\/schema\\\/logo\\\/image\\\/\",\"url\":\"https:\\\/\\\/www.roulette.school\\\/fr\\\/wp-content\\\/uploads\\\/2021\\\/02\\\/rsl.png\",\"contentUrl\":\"https:\\\/\\\/www.roulette.school\\\/fr\\\/wp-content\\\/uploads\\\/2021\\\/02\\\/rsl.png\",\"width\":350,\"height\":50,\"caption\":\"Roulette School\"},\"image\":{\"@id\":\"https:\\\/\\\/www.roulette.school\\\/fr\\\/#\\\/schema\\\/logo\\\/image\\\/\"}}]}<\/script>\n<!-- \/ Yoast SEO plugin. -->","yoast_head_json":{"title":"Jeux de Casino Windows | Casinos en Argent R\u00e9el sur PC et Portable","description":"Jeux de casino en argent r\u00e9el sur Windows. Meilleurs casinos pour jouer aux machines \u00e0 sous et aux jeux de table sur ordinateur et portable.","robots":{"index":"index","follow":"follow","max-snippet":"max-snippet:-1","max-image-preview":"max-image-preview:large","max-video-preview":"max-video-preview:-1"},"canonical":"https:\/\/www.roulette.school\/fr\/jeux-de-casino-windows\/","og_locale":"fr_CA","og_type":"article","og_title":"Jeux de Casino Windows | Casinos en Argent R\u00e9el sur PC et Portable","og_description":"Jeux de casino en argent r\u00e9el sur Windows. Meilleurs casinos pour jouer aux machines \u00e0 sous et aux jeux de table sur ordinateur et portable.","og_url":"https:\/\/www.roulette.school\/fr\/jeux-de-casino-windows\/","og_site_name":"Roulette School","article_modified_time":"2023-05-02T16:09:08+00:00","og_image":[{"url":"https:\/\/www.roulette.school\/fr\/wp-content\/uploads\/2022\/05\/gold.jpg","type":"","width":"","height":""}],"twitter_card":"summary_large_image","twitter_misc":{"Estimation du temps de lecture":"6 minutes"},"schema":{"@context":"https:\/\/schema.org","@graph":[{"@type":"WebPage","@id":"https:\/\/www.roulette.school\/fr\/jeux-de-casino-windows\/","url":"https:\/\/www.roulette.school\/fr\/jeux-de-casino-windows\/","name":"Jeux de Casino Windows | Casinos en Argent R\u00e9el sur PC et Portable","isPartOf":{"@id":"https:\/\/www.roulette.school\/fr\/#website"},"primaryImageOfPage":{"@id":"https:\/\/www.roulette.school\/fr\/jeux-de-casino-windows\/#primaryimage"},"image":{"@id":"https:\/\/www.roulette.school\/fr\/jeux-de-casino-windows\/#primaryimage"},"thumbnailUrl":"https:\/\/www.roulette.school\/fr\/wp-content\/uploads\/2022\/05\/gold.jpg","datePublished":"2022-05-13T03:30:03+00:00","dateModified":"2023-05-02T16:09:08+00:00","description":"Jeux de casino en argent r\u00e9el sur Windows. Meilleurs casinos pour jouer aux machines \u00e0 sous et aux jeux de table sur ordinateur et portable.","breadcrumb":{"@id":"https:\/\/www.roulette.school\/fr\/jeux-de-casino-windows\/#breadcrumb"},"inLanguage":"fr-CA","potentialAction":[{"@type":"ReadAction","target":["https:\/\/www.roulette.school\/fr\/jeux-de-casino-windows\/"]}]},{"@type":"ImageObject","inLanguage":"fr-CA","@id":"https:\/\/www.roulette.school\/fr\/jeux-de-casino-windows\/#primaryimage","url":"https:\/\/www.roulette.school\/fr\/wp-content\/uploads\/2022\/05\/gold.jpg","contentUrl":"https:\/\/www.roulette.school\/fr\/wp-content\/uploads\/2022\/05\/gold.jpg","width":300,"height":230,"caption":"Yukon Gold Casino sur Android"},{"@type":"BreadcrumbList","@id":"https:\/\/www.roulette.school\/fr\/jeux-de-casino-windows\/#breadcrumb","itemListElement":[{"@type":"ListItem","position":1,"name":"Accueil","item":"https:\/\/www.roulette.school\/fr\/"},{"@type":"ListItem","position":2,"name":"Jeux de Casino sur Windows"}]},{"@type":"WebSite","@id":"https:\/\/www.roulette.school\/fr\/#website","url":"https:\/\/www.roulette.school\/fr\/","name":"Roulette School","description":"Roulette Guide","publisher":{"@id":"https:\/\/www.roulette.school\/fr\/#organization"},"potentialAction":[{"@type":"SearchAction","target":{"@type":"EntryPoint","urlTemplate":"https:\/\/www.roulette.school\/fr\/?s={search_term_string}"},"query-input":{"@type":"PropertyValueSpecification","valueRequired":true,"valueName":"search_term_string"}}],"inLanguage":"fr-CA"},{"@type":"Organization","@id":"https:\/\/www.roulette.school\/fr\/#organization","name":"Roulette School","url":"https:\/\/www.roulette.school\/fr\/","logo":{"@type":"ImageObject","inLanguage":"fr-CA","@id":"https:\/\/www.roulette.school\/fr\/#\/schema\/logo\/image\/","url":"https:\/\/www.roulette.school\/fr\/wp-content\/uploads\/2021\/02\/rsl.png","contentUrl":"https:\/\/www.roulette.school\/fr\/wp-content\/uploads\/2021\/02\/rsl.png","width":350,"height":50,"caption":"Roulette School"},"image":{"@id":"https:\/\/www.roulette.school\/fr\/#\/schema\/logo\/image\/"}}]}},"_links":{"self":[{"href":"https:\/\/www.roulette.school\/fr\/wp-json\/wp\/v2\/pages\/1942","targetHints":{"allow":["GET"]}}],"collection":[{"href":"https:\/\/www.roulette.school\/fr\/wp-json\/wp\/v2\/pages"}],"about":[{"href":"https:\/\/www.roulette.school\/fr\/wp-json\/wp\/v2\/types\/page"}],"author":[{"embeddable":true,"href":"https:\/\/www.roulette.school\/fr\/wp-json\/wp\/v2\/users\/1"}],"replies":[{"embeddable":true,"href":"https:\/\/www.roulette.school\/fr\/wp-json\/wp\/v2\/comments?post=1942"}],"version-history":[{"count":33,"href":"https:\/\/www.roulette.school\/fr\/wp-json\/wp\/v2\/pages\/1942\/revisions"}],"predecessor-version":[{"id":2514,"href":"https:\/\/www.roulette.school\/fr\/wp-json\/wp\/v2\/pages\/1942\/revisions\/2514"}],"wp:attachment":[{"href":"https:\/\/www.roulette.school\/fr\/wp-json\/wp\/v2\/media?parent=1942"}],"curies":[{"name":"wp","href":"https:\/\/api.w.org\/{rel}","templated":true}]}}