{"id":1976,"date":"2022-05-13T07:01:59","date_gmt":"2022-05-13T07:01:59","guid":{"rendered":"https:\/\/www.roulette.school\/fr\/?page_id=1976"},"modified":"2022-06-11T03:31:36","modified_gmt":"2022-06-11T03:31:36","slug":"jeux-de-casino-sur-iphone-et-ipad","status":"publish","type":"page","link":"https:\/\/www.roulette.school\/fr\/jeux-de-casino-sur-iphone-et-ipad\/","title":{"rendered":"Jeux de Casino sur iPhone et iPad"},"content":{"rendered":"<p>Les jeux de casino sur iPhone et iPad se jouent essentiellement en instant Play. Via le navigateur Safari, les utilisateurs des appareils mobiles d\u2019Apple ont acc\u00e8s \u00e0 des sites de casino high tech sans App. Sur l\u2019ensemble des casinos en ligne compatibles sur les t\u00e9l\u00e9phones Apple, sur iPhone c\u2019est le site Villento Casino qui est le mieux r\u00e9ussi. Quant \u00e0 l\u2019iPad, c\u2019est en adh\u00e9rant au site Zodiac Casino que l\u2019exp\u00e9rience de jeu est la meilleure.<br \/>\n<div class=\"su-divider su-divider-style-dotted\" style=\"margin:25px 0;border-width:10px;border-color:#6c1616\"><\/div>\n<h2>Casino iPhone et iPad en argent r\u00e9el<\/h2>\n<p>\n<div class=\"su-row\">\n<div class=\"su-column su-column-size-1-3 midc\"><div class=\"su-column-inner su-u-clearfix su-u-trim\">\n<span style=\"font-size:16pt;color:#820202;font-weight:600\" id=\"yukon\">1. VILLENTO CASINO<\/span><br \/>\n<a class=\"add\" href=\"https:\/\/iredirect.net\/referral\/?site=vlv&#038;lang=fr&#038;aff_id=aff100309\" target=\"_blank\" rel=\"noopener noreferrer\"><img loading=\"lazy\" decoding=\"async\" src=\"https:\/\/www.roulette.school\/fr\/wp-content\/uploads\/2022\/05\/jeux-villento.jpg\" alt=\"Jeux de Villento Casino sur iPhone et iPad\" width=\"300\" height=\"230\" class=\"alignnone size-full wp-image-2060\" \/><br \/>\nJOUER CHEZ VILLENTO CASINO<\/a><br \/>\nMeilleurs Jeux sur iPhone<br \/>\nGrands Bonus de Bienvenue<br \/>\n<\/div><\/div>\n<div class=\"su-column su-column-size-1-3 midc\"><div class=\"su-column-inner su-u-clearfix su-u-trim\">\n<span style=\"font-size:16pt;color:#820202;font-weight:600\">2. ZODIAC CASINO<\/span><br \/>\n<a class=\"add\" href=\"https:\/\/iredirect.net\/referral\/?site=zc&#038;lang=fr&#038;aff_id=aff100309\" target=\"_blank\" rel=\"noopener noreferrer\"><img loading=\"lazy\" decoding=\"async\" src=\"https:\/\/www.roulette.school\/fr\/wp-content\/uploads\/2022\/05\/zodiac.jpg\" alt=\"Zodiac Casino sur iPad\" width=\"300\" height=\"230\" class=\"alignnone size-full wp-image-1996\" \/><br \/>\nJOUER CHEZ ZODIAC CASINO<\/a><br \/>\nLe TOP sur les iPad<br \/>Tours et Bonus Gratuits<br \/>\n<\/div><\/div>\n<div class=\"su-column su-column-size-1-3 midc\"><div class=\"su-column-inner su-u-clearfix su-u-trim\">\n<span style=\"font-size:16pt;color:#820202;font-weight:600\">3. GAMING CLUB<\/span><br \/>\n<a class=\"add\" href=\"https:\/\/www.gamingclub.com\/fr\/?s=wgs16120&#038;a=bfpadid130369\" target=\"_blank\" rel=\"noopener noreferrer\"><img loading=\"lazy\" decoding=\"async\" src=\"https:\/\/www.roulette.school\/fr\/wp-content\/uploads\/2022\/05\/apple-club.jpg\" alt=\"Apple Gaming Club\" width=\"300\" height=\"230\" class=\"alignnone size-full wp-image-1989\" \/><br \/>\nJOUER CHEZ GAMING CLUB<\/a><br \/>\nBlackjack et Roulette en Live<br \/>\nDouble Bonus de Bienvenue<br \/>\n<\/div><\/div>\n<\/div>\n<div class=\"su-divider su-divider-style-dotted\" style=\"margin:25px 0;border-width:10px;border-color:#6c1616\"><\/div>\n<h2>Jeux avec ou sans App<\/h2>\n<p>Comparativement \u00e0 des jeux sur App, les jeux instantan\u00e9s, sans App, des trois sites de casino recommand\u00e9s ci-dessus sont franchement mieux. Adapt\u00e9s aux pixel pr\u00e8s sur le navigateur mobile de Safari, les sites Villento, Zodiac et Gaming Club sont parfaitement adapt\u00e9s aux \u00e9crans des appareils mobiles. D\u2019ailleurs les jeux de ces casinos sont pour la plupart \u00e9dit\u00e9s par Microgaming, le fournisseur le plus prim\u00e9 du secteur des jeux de casino en argent r\u00e9el sans App.<\/p>\n<h2>Jouer en ligne sur iPhone et iPad<\/h2>\n<div class=\"su-row\"><div class=\"su-column su-column-size-2-3\"><div class=\"su-column-inner su-u-clearfix su-u-trim\">Sur les casinos iPhone et iPad les rubriques des jeux s&rsquo;activent \u00e0 l\u2019aide du menu de navigation. On y trouve les machines \u00e0 sous, les roulettes et les tables de blackjack. D&rsquo;autres jeux sont aussi \u00e0 d\u00e9couvrir, comme le vid\u00e9o poker et des jeux de Texas holdem.<\/p>\n<p>Que vous ayez un iPhone ou un iPad, pour commencer \u00e0 jouer, les \u00e9tapes \u00e0 suivre sont simples.<\/p>\n<p>L\u2019activation d\u2019un jeu se fait par une simple tape sur son ic\u00f4ne. \u00c0 ce stade, le jeu peut \u00eatre jou\u00e9 en mode d\u00e9mo ou en argent r\u00e9el si vous avez d\u00e9j\u00e0 aliment\u00e9 votre compte via la page banque.<\/div><\/div>\n<div class=\"su-column su-column-size-1-3\"><div class=\"su-column-inner su-u-clearfix su-u-trim\"><img loading=\"lazy\" decoding=\"async\" src=\"https:\/\/www.roulette.school\/fr\/wp-content\/uploads\/2022\/05\/mobiles.jpg\" alt=\"Casinos mobiles sans App sur iPhone et iPad\" width=\"300\" height=\"230\" class=\"aligncenter size-full wp-image-1998\" \/><\/div><\/div><\/div>\n<h2>Navigateur Safari sur iPhone et iPad<\/h2>\n<p>Safari est le navigateur Web par d\u00e9faut sur tous les appareils Apple. <\/p>\n<p>Si vous utilisez un autre navigateur, on vous recommande de ne pas l\u2019utiliser. La meilleure fa\u00e7on de jouer au casino sur un iPhone ou un iPad se d\u00e9roule sur Safari. C\u2019est le moyen le plus s\u00fbr de jouer en toute s\u00e9curit\u00e9. <\/p>\n<p>L&rsquo;\u00e9quipe de notre guide Roulette School a test\u00e9 les sites de casino les plus connus au monde. Les tests ont \u00e9t\u00e9 faits \u00e0 l&rsquo;aide de plusieurs mod\u00e8les de t\u00e9l\u00e9phones mobiles, et de tablettes de diff\u00e9rentes tailles, le tout en utilisant le navigateur Safari.<\/p>\n<h2>Choisir un casino honn\u00eate sur iPhone et iPad<\/h2>\n<p>Afin d&rsquo;\u00eatre certain de ne pas s&rsquo;inscrire sur un casino de mauvaise r\u00e9putation, il est imp\u00e9ratif de v\u00e9rifier si le casino en ligne qui vous int\u00e9resse soit fiable. Faire des recherches sur Google en tapant le nom du casino qui vous int\u00e9resse est le truc \u00e0 faire. En faisant cela vous trouverez des infos pertinentes sur des guides de casino.<\/p>\n<p>Sur les guides de casino les plus complets vous pouvez lire des avis publi\u00e9s par des utilisateurs. Les avis les plus pertinents sont ceux li\u00e9s \u00e0 la fiabilit\u00e9 des casinos en ligne.<\/p>\n<p>En optant pour les casinos de notre site Web, qui sont bien \u00e9videmment aussi fiables que s\u00e9rieux, vous aurez l\u2019avantage de b\u00e9n\u00e9ficier de <a href=\"https:\/\/www.roulette.school\/fr\/bonus\/\">bonus g\u00e9n\u00e9reux<\/a> de bienvenue.<\/p>\n<h3>Meilleur casino sur iPhone<\/h3>\n<p>Villento Casino est le site de casino qui a conquis nos testeurs sur iPhone. La salle de jeux est franchement unique en son genre et tout y a \u00e9t\u00e9 pens\u00e9 dans les moindres d\u00e9tails. Au catalogue du casino les jeux sont au format instantan\u00e9. Il n&rsquo;y a donc nul besoin d&rsquo;installer une App pour profiter des jeux du casino.<\/p>\n<h3>Meilleur casino sur iPad<\/h3>\n<p>Sur les tablettes iPad, le site Zodiac Casino est le top des tops. En tant que joueur, tout se d\u00e9roule via le navigateur Safari en quelques tapes sur l\u2019\u00e9cran. Les machines \u00e0 sous les plus jou\u00e9es du casino sont celles de la s\u00e9rie Mega Moolah, des jeux dot\u00e9s de cagnottes de plus d&rsquo;un million \u00e0 gagner.<\/p>\n<h2>Se connecter au casino via Safari<\/h2>\n<p>Avant de jouer au casino en ligne vous devez passer par un formulaire d\u2019inscription. D\u00e8s que votre inscription est valid\u00e9e, vous avez acc\u00e8s au casino. Certains casinos Web ont des options de jeux sur App. On ne vous recommande pas d\u2019utiliser les App des casinos mobiles ! En pratique les jeux instant Play (sans App) sont d\u2019une bien meilleure qualit\u00e9, et le nombre de jeux mis \u00e0 disposition des utilisateurs est vaste.<\/p>\n<h2>Gratuit\u00e9 sur iPhone et iPad<\/h2>\n<p>Les sites de casino iPhone et iPad les plus complets sont dot\u00e9s d&rsquo;options de jeux gratuits. En vous inscrivant sur ces casinos en ligne vous avez acc\u00e8s \u00e0 une centaine de jeux en mode d\u00e9mo. Le mode d\u00e9mo est id\u00e9al pour se divertir en ligne sans argent.<\/p>\n<h2>D\u00e9p\u00f4ts et encaissements sur iPhone et iPad<\/h2>\n<p>G\u00e9rer votre argent sur un casino iPhone ou iPad se fait directement sur la page banque du casino. La page banque est ventil\u00e9e en plusieurs rubriques s\u00e9par\u00e9es par des onglets. \u00c0 tout moment vous pouvez y voir votre solde, d\u00e9poser des fonds, ou effectuer des retraits. Plusieurs m\u00e9thodes bancaires sont utilisables, dont les cartes de cr\u00e9dit et de d\u00e9bit.<\/p>\n<h2>Jeux en Fran\u00e7ais<\/h2>\n<p>Notre guide Roulette School donne une importance majeure \u00e0 la langue fran\u00e7aise. C&rsquo;est pour cette raison que chaque casino en ligne de notre guide est jouable en fran\u00e7ais. Gr\u00e2ce au travail s\u00e9rieux des r\u00e9dacteurs de Roulette School, vous avez acc\u00e8s \u00e0 des jeux en fran\u00e7ais. De plus, le support client des casinos notre article est garanti par du personnel de France, ce qui est une r\u00e9elle valeur ajout\u00e9e.<\/p>\n<h2>Sommaire<\/h2>\n<p>Les meilleures salles de jeux sur iPhone et iPad ont largement fait leurs preuves aupr\u00e8s des utilisateurs. Ces salles de jeux, pilot\u00e9es par des professionnels du m\u00e9tier, jouissent de plus de 15 ans d\u2019activit\u00e9 sur Internet. En tant que joueur sur des appareils mobiles d&rsquo;Apple, avec des sites s\u00e9rieux de casinos adapt\u00e9s \u00e0 tous les mod\u00e8les d&rsquo;iPhone et d&rsquo;iPad, vous pouvez jouer en ligne \u00e0 tout moment.<br \/>\n&nbsp;<br \/>\nJouer sur le site Villento Casino en vaut le coup ! En effet, la salle de jeux est de loin la mieux r\u00e9ussie sur les mobiles. Les machines \u00e0 sous du casino reversent chaque jour des jackpots, et les jeux de table s&rsquo;y jouent 7\/24. Se rendre dans l&rsquo;espace live de Villento Casino est une r\u00e9elle immersion dans le monde prestigieux des plus belles salles de jeux du Web.<br \/>\n&nbsp;<\/p>\n","protected":false},"excerpt":{"rendered":"<p>Les jeux de casino sur iPhone et iPad se jouent essentiellement en instant Play. Via le navigateur Safari, les utilisateurs<\/p>\n","protected":false},"author":1,"featured_media":0,"parent":0,"menu_order":0,"comment_status":"closed","ping_status":"closed","template":"template-fullwidth.php","meta":{"footnotes":""},"class_list":["post-1976","page","type-page","status-publish","hentry"],"yoast_head":"<!-- This site is optimized with the Yoast SEO plugin v27.5 - https:\/\/yoast.com\/product\/yoast-seo-wordpress\/ -->\n<title>Casino sur iPhone et iPad | Jeux d&#039;Argent sans App sur Mobile<\/title>\n<meta name=\"description\" content=\"Jeux de casino sans App sur iPhone et iPad. Sites de jeux d\u2019argent adapt\u00e9s aux machines \u00e0 sous et aux jeux de table sur mobile et tablette.\" \/>\n<meta name=\"robots\" content=\"index, follow, max-snippet:-1, max-image-preview:large, max-video-preview:-1\" \/>\n<link rel=\"canonical\" href=\"https:\/\/www.roulette.school\/fr\/jeux-de-casino-sur-iphone-et-ipad\/\" \/>\n<meta property=\"og:locale\" content=\"fr_CA\" \/>\n<meta property=\"og:type\" content=\"article\" \/>\n<meta property=\"og:title\" content=\"Casino sur iPhone et iPad | Jeux d&#039;Argent sans App sur Mobile\" \/>\n<meta property=\"og:description\" content=\"Jeux de casino sans App sur iPhone et iPad. Sites de jeux d\u2019argent adapt\u00e9s aux machines \u00e0 sous et aux jeux de table sur mobile et tablette.\" \/>\n<meta property=\"og:url\" content=\"https:\/\/www.roulette.school\/fr\/jeux-de-casino-sur-iphone-et-ipad\/\" \/>\n<meta property=\"og:site_name\" content=\"Roulette School\" \/>\n<meta property=\"article:modified_time\" content=\"2022-06-11T03:31:36+00:00\" \/>\n<meta property=\"og:image\" content=\"https:\/\/www.roulette.school\/fr\/wp-content\/uploads\/2022\/05\/jeux-villento.jpg\" \/>\n<meta name=\"twitter:card\" content=\"summary_large_image\" \/>\n<meta name=\"twitter:label1\" content=\"Estimation du temps de lecture\" \/>\n\t<meta name=\"twitter:data1\" content=\"6 minutes\" \/>\n<script type=\"application\/ld+json\" class=\"yoast-schema-graph\">{\"@context\":\"https:\\\/\\\/schema.org\",\"@graph\":[{\"@type\":\"WebPage\",\"@id\":\"https:\\\/\\\/www.roulette.school\\\/fr\\\/jeux-de-casino-sur-iphone-et-ipad\\\/\",\"url\":\"https:\\\/\\\/www.roulette.school\\\/fr\\\/jeux-de-casino-sur-iphone-et-ipad\\\/\",\"name\":\"Casino sur iPhone et iPad | Jeux d'Argent sans App sur Mobile\",\"isPartOf\":{\"@id\":\"https:\\\/\\\/www.roulette.school\\\/fr\\\/#website\"},\"primaryImageOfPage\":{\"@id\":\"https:\\\/\\\/www.roulette.school\\\/fr\\\/jeux-de-casino-sur-iphone-et-ipad\\\/#primaryimage\"},\"image\":{\"@id\":\"https:\\\/\\\/www.roulette.school\\\/fr\\\/jeux-de-casino-sur-iphone-et-ipad\\\/#primaryimage\"},\"thumbnailUrl\":\"https:\\\/\\\/www.roulette.school\\\/fr\\\/wp-content\\\/uploads\\\/2022\\\/05\\\/jeux-villento.jpg\",\"datePublished\":\"2022-05-13T07:01:59+00:00\",\"dateModified\":\"2022-06-11T03:31:36+00:00\",\"description\":\"Jeux de casino sans App sur iPhone et iPad. Sites de jeux d\u2019argent adapt\u00e9s aux machines \u00e0 sous et aux jeux de table sur mobile et tablette.\",\"breadcrumb\":{\"@id\":\"https:\\\/\\\/www.roulette.school\\\/fr\\\/jeux-de-casino-sur-iphone-et-ipad\\\/#breadcrumb\"},\"inLanguage\":\"fr-CA\",\"potentialAction\":[{\"@type\":\"ReadAction\",\"target\":[\"https:\\\/\\\/www.roulette.school\\\/fr\\\/jeux-de-casino-sur-iphone-et-ipad\\\/\"]}]},{\"@type\":\"ImageObject\",\"inLanguage\":\"fr-CA\",\"@id\":\"https:\\\/\\\/www.roulette.school\\\/fr\\\/jeux-de-casino-sur-iphone-et-ipad\\\/#primaryimage\",\"url\":\"https:\\\/\\\/www.roulette.school\\\/fr\\\/wp-content\\\/uploads\\\/2022\\\/05\\\/jeux-villento.jpg\",\"contentUrl\":\"https:\\\/\\\/www.roulette.school\\\/fr\\\/wp-content\\\/uploads\\\/2022\\\/05\\\/jeux-villento.jpg\",\"width\":300,\"height\":230,\"caption\":\"Jeux de Villento Casino sur iPhone et iPad\"},{\"@type\":\"BreadcrumbList\",\"@id\":\"https:\\\/\\\/www.roulette.school\\\/fr\\\/jeux-de-casino-sur-iphone-et-ipad\\\/#breadcrumb\",\"itemListElement\":[{\"@type\":\"ListItem\",\"position\":1,\"name\":\"Accueil\",\"item\":\"https:\\\/\\\/www.roulette.school\\\/fr\\\/\"},{\"@type\":\"ListItem\",\"position\":2,\"name\":\"Jeux de Casino sur iPhone et iPad\"}]},{\"@type\":\"WebSite\",\"@id\":\"https:\\\/\\\/www.roulette.school\\\/fr\\\/#website\",\"url\":\"https:\\\/\\\/www.roulette.school\\\/fr\\\/\",\"name\":\"Roulette School\",\"description\":\"Roulette Guide\",\"publisher\":{\"@id\":\"https:\\\/\\\/www.roulette.school\\\/fr\\\/#organization\"},\"potentialAction\":[{\"@type\":\"SearchAction\",\"target\":{\"@type\":\"EntryPoint\",\"urlTemplate\":\"https:\\\/\\\/www.roulette.school\\\/fr\\\/?s={search_term_string}\"},\"query-input\":{\"@type\":\"PropertyValueSpecification\",\"valueRequired\":true,\"valueName\":\"search_term_string\"}}],\"inLanguage\":\"fr-CA\"},{\"@type\":\"Organization\",\"@id\":\"https:\\\/\\\/www.roulette.school\\\/fr\\\/#organization\",\"name\":\"Roulette School\",\"url\":\"https:\\\/\\\/www.roulette.school\\\/fr\\\/\",\"logo\":{\"@type\":\"ImageObject\",\"inLanguage\":\"fr-CA\",\"@id\":\"https:\\\/\\\/www.roulette.school\\\/fr\\\/#\\\/schema\\\/logo\\\/image\\\/\",\"url\":\"https:\\\/\\\/www.roulette.school\\\/fr\\\/wp-content\\\/uploads\\\/2021\\\/02\\\/rsl.png\",\"contentUrl\":\"https:\\\/\\\/www.roulette.school\\\/fr\\\/wp-content\\\/uploads\\\/2021\\\/02\\\/rsl.png\",\"width\":350,\"height\":50,\"caption\":\"Roulette School\"},\"image\":{\"@id\":\"https:\\\/\\\/www.roulette.school\\\/fr\\\/#\\\/schema\\\/logo\\\/image\\\/\"}}]}<\/script>\n<!-- \/ Yoast SEO plugin. -->","yoast_head_json":{"title":"Casino sur iPhone et iPad | Jeux d'Argent sans App sur Mobile","description":"Jeux de casino sans App sur iPhone et iPad. Sites de jeux d\u2019argent adapt\u00e9s aux machines \u00e0 sous et aux jeux de table sur mobile et tablette.","robots":{"index":"index","follow":"follow","max-snippet":"max-snippet:-1","max-image-preview":"max-image-preview:large","max-video-preview":"max-video-preview:-1"},"canonical":"https:\/\/www.roulette.school\/fr\/jeux-de-casino-sur-iphone-et-ipad\/","og_locale":"fr_CA","og_type":"article","og_title":"Casino sur iPhone et iPad | Jeux d'Argent sans App sur Mobile","og_description":"Jeux de casino sans App sur iPhone et iPad. Sites de jeux d\u2019argent adapt\u00e9s aux machines \u00e0 sous et aux jeux de table sur mobile et tablette.","og_url":"https:\/\/www.roulette.school\/fr\/jeux-de-casino-sur-iphone-et-ipad\/","og_site_name":"Roulette School","article_modified_time":"2022-06-11T03:31:36+00:00","og_image":[{"url":"https:\/\/www.roulette.school\/fr\/wp-content\/uploads\/2022\/05\/jeux-villento.jpg","type":"","width":"","height":""}],"twitter_card":"summary_large_image","twitter_misc":{"Estimation du temps de lecture":"6 minutes"},"schema":{"@context":"https:\/\/schema.org","@graph":[{"@type":"WebPage","@id":"https:\/\/www.roulette.school\/fr\/jeux-de-casino-sur-iphone-et-ipad\/","url":"https:\/\/www.roulette.school\/fr\/jeux-de-casino-sur-iphone-et-ipad\/","name":"Casino sur iPhone et iPad | Jeux d'Argent sans App sur Mobile","isPartOf":{"@id":"https:\/\/www.roulette.school\/fr\/#website"},"primaryImageOfPage":{"@id":"https:\/\/www.roulette.school\/fr\/jeux-de-casino-sur-iphone-et-ipad\/#primaryimage"},"image":{"@id":"https:\/\/www.roulette.school\/fr\/jeux-de-casino-sur-iphone-et-ipad\/#primaryimage"},"thumbnailUrl":"https:\/\/www.roulette.school\/fr\/wp-content\/uploads\/2022\/05\/jeux-villento.jpg","datePublished":"2022-05-13T07:01:59+00:00","dateModified":"2022-06-11T03:31:36+00:00","description":"Jeux de casino sans App sur iPhone et iPad. Sites de jeux d\u2019argent adapt\u00e9s aux machines \u00e0 sous et aux jeux de table sur mobile et tablette.","breadcrumb":{"@id":"https:\/\/www.roulette.school\/fr\/jeux-de-casino-sur-iphone-et-ipad\/#breadcrumb"},"inLanguage":"fr-CA","potentialAction":[{"@type":"ReadAction","target":["https:\/\/www.roulette.school\/fr\/jeux-de-casino-sur-iphone-et-ipad\/"]}]},{"@type":"ImageObject","inLanguage":"fr-CA","@id":"https:\/\/www.roulette.school\/fr\/jeux-de-casino-sur-iphone-et-ipad\/#primaryimage","url":"https:\/\/www.roulette.school\/fr\/wp-content\/uploads\/2022\/05\/jeux-villento.jpg","contentUrl":"https:\/\/www.roulette.school\/fr\/wp-content\/uploads\/2022\/05\/jeux-villento.jpg","width":300,"height":230,"caption":"Jeux de Villento Casino sur iPhone et iPad"},{"@type":"BreadcrumbList","@id":"https:\/\/www.roulette.school\/fr\/jeux-de-casino-sur-iphone-et-ipad\/#breadcrumb","itemListElement":[{"@type":"ListItem","position":1,"name":"Accueil","item":"https:\/\/www.roulette.school\/fr\/"},{"@type":"ListItem","position":2,"name":"Jeux de Casino sur iPhone et iPad"}]},{"@type":"WebSite","@id":"https:\/\/www.roulette.school\/fr\/#website","url":"https:\/\/www.roulette.school\/fr\/","name":"Roulette School","description":"Roulette Guide","publisher":{"@id":"https:\/\/www.roulette.school\/fr\/#organization"},"potentialAction":[{"@type":"SearchAction","target":{"@type":"EntryPoint","urlTemplate":"https:\/\/www.roulette.school\/fr\/?s={search_term_string}"},"query-input":{"@type":"PropertyValueSpecification","valueRequired":true,"valueName":"search_term_string"}}],"inLanguage":"fr-CA"},{"@type":"Organization","@id":"https:\/\/www.roulette.school\/fr\/#organization","name":"Roulette School","url":"https:\/\/www.roulette.school\/fr\/","logo":{"@type":"ImageObject","inLanguage":"fr-CA","@id":"https:\/\/www.roulette.school\/fr\/#\/schema\/logo\/image\/","url":"https:\/\/www.roulette.school\/fr\/wp-content\/uploads\/2021\/02\/rsl.png","contentUrl":"https:\/\/www.roulette.school\/fr\/wp-content\/uploads\/2021\/02\/rsl.png","width":350,"height":50,"caption":"Roulette School"},"image":{"@id":"https:\/\/www.roulette.school\/fr\/#\/schema\/logo\/image\/"}}]}},"_links":{"self":[{"href":"https:\/\/www.roulette.school\/fr\/wp-json\/wp\/v2\/pages\/1976","targetHints":{"allow":["GET"]}}],"collection":[{"href":"https:\/\/www.roulette.school\/fr\/wp-json\/wp\/v2\/pages"}],"about":[{"href":"https:\/\/www.roulette.school\/fr\/wp-json\/wp\/v2\/types\/page"}],"author":[{"embeddable":true,"href":"https:\/\/www.roulette.school\/fr\/wp-json\/wp\/v2\/users\/1"}],"replies":[{"embeddable":true,"href":"https:\/\/www.roulette.school\/fr\/wp-json\/wp\/v2\/comments?post=1976"}],"version-history":[{"count":46,"href":"https:\/\/www.roulette.school\/fr\/wp-json\/wp\/v2\/pages\/1976\/revisions"}],"predecessor-version":[{"id":2130,"href":"https:\/\/www.roulette.school\/fr\/wp-json\/wp\/v2\/pages\/1976\/revisions\/2130"}],"wp:attachment":[{"href":"https:\/\/www.roulette.school\/fr\/wp-json\/wp\/v2\/media?parent=1976"}],"curies":[{"name":"wp","href":"https:\/\/api.w.org\/{rel}","templated":true}]}}