{"id":27,"date":"2020-11-26T08:07:00","date_gmt":"2020-11-26T08:07:00","guid":{"rendered":"https:\/\/www.roulette.school\/fr\/?page_id=27"},"modified":"2021-12-28T07:01:24","modified_gmt":"2021-12-28T07:01:24","slug":"roulette-americaine","status":"publish","type":"page","link":"https:\/\/www.roulette.school\/fr\/roulette-americaine\/","title":{"rendered":"Roulette Am\u00e9ricaine"},"content":{"rendered":"<div class=\"su-row\"><div class=\"su-column su-column-size-2-3\"><div class=\"su-column-inner su-u-clearfix su-u-trim\">La roulette am\u00e9ricaine est la plus c\u00e9l\u00e8bre des roues dans les casinos US. Les Am\u00e9ricains la pr\u00e9f\u00e8rent aux autres roulettes. Les versions Fran\u00e7aise et Europ\u00e9enne ont pourtant des meilleures cotes de gain.<\/p>\n<h2>Que savoir de la roulette am\u00e9ricaine ?<\/h2>\n<ul>\n<li>Le cylindre a 38 cases : les num\u00e9ros 1 \u00e0 36, le Z\u00e9ro, et le double Z\u00e9ro (00)<\/li>\n<li>Au casino elle est l&rsquo;un des jeux de table les plus aim\u00e9s aux USA<\/li>\n<li>L\u2019avantage de la maison est de 5,26%. En taux de retour RTP, c\u2019est du 94,74%<\/li>\n<\/ul>\n<\/div><\/div>\n<div class=\"su-column su-column-size-1-3\"><div class=\"su-column-inner su-u-clearfix su-u-trim\"><img loading=\"lazy\" decoding=\"async\" src=\"https:\/\/www.roulette.school\/fr\/wp-content\/uploads\/2021\/02\/roulette-americaine.jpg\" alt=\"Roulette Am\u00e9ricaine au Casino\" width=\"350\" height=\"350\" class=\"alignnone size-full wp-image-939\" srcset=\"https:\/\/www.roulette.school\/fr\/wp-content\/uploads\/2021\/02\/roulette-americaine.jpg 350w, https:\/\/www.roulette.school\/fr\/wp-content\/uploads\/2021\/02\/roulette-americaine-300x300.jpg 300w, https:\/\/www.roulette.school\/fr\/wp-content\/uploads\/2021\/02\/roulette-americaine-150x150.jpg 150w\" sizes=\"auto, (max-width: 350px) 100vw, 350px\" \/><\/div><\/div><\/div>\n<h2>R\u00e8gles de la roulette am\u00e9ricaine<\/h2>\n<p>La roulette am\u00e9ricaine est un jeu facile \u00e0 ma\u00eetriser. Le but est de deviner quel num\u00e9ro gagnant va sortir \u00e0 chaque tour. Deux types de paris peuvent se faire, les internes et les externes. Les paris internes sont les plus excitants parce qu\u2019ils payent plus. Parier sur un seul num\u00e9ro paye 35 fois la mise, c\u2019est le plus gros pari possible. Les paris les moins risqu\u00e9s se font sur les paris externes (la Couleur par exemple).<\/p>\n<p>Chaque roulette de casino a des limites de paris. Sur un casino en ligne ou dans un casino physique, les limites sont affich\u00e9es \u00e0 chaque table.<br \/>\nLe plus bas des paris est 1 C$, et le plus haut est en g\u00e9n\u00e9ral \u00e0 10 000 C$.<\/p>\n<h2>O\u00f9 jouer \u00e0 la roulette am\u00e9ricaine ?<\/h2>\n<p>Plusieurs sites de casino sont \u00e0 recommander au Canada. Toutefois il faut savoir que la roulette US a le plus bas taux de retour comparativement aux autres roulettes. Il est alors conseill\u00e9 de choisir un <a href=\"https:\/\/www.roulette.school\/fr\/casino-en-ligne-fiable\/\">bon casino en ligne<\/a> qui a des gros bonus de bienvenue. C&rsquo;est une fa\u00e7on de contrer l&rsquo;avantage du casino. En ce domaine des bonus gratuits, le site Jackpot City est le meilleur choix. Chaque nouveau membre du casino a droit \u00e0 quatre bonus de 100% sur la valeur des d\u00e9p\u00f4ts. Au total il y a jusqu\u2019\u00e0 1600 C$ \u00e0 prendre.<br \/>\n&nbsp;<\/p>\n<div align=\"center\"><a class=\"add\" href=\"https:\/\/www.jackpotcitycasino.com\/francais\/?s=wgs16120&#038;a=bfpadid130369\" target=\"_blank\" rel=\"noopener noreferrer\"><img loading=\"lazy\" decoding=\"async\" class=\"size-full wp-image-294\" src=\"https:\/\/www.roulette.school\/fr\/wp-content\/uploads\/2020\/12\/jackpot-city-casino.jpg\" alt=\"Jackpot City Casino\" width=\"900\" height=\"500\" srcset=\"https:\/\/www.roulette.school\/fr\/wp-content\/uploads\/2020\/12\/jackpot-city-casino.jpg 900w, https:\/\/www.roulette.school\/fr\/wp-content\/uploads\/2020\/12\/jackpot-city-casino-300x167.jpg 300w, https:\/\/www.roulette.school\/fr\/wp-content\/uploads\/2020\/12\/jackpot-city-casino-768x427.jpg 768w\" sizes=\"auto, (max-width: 900px) 100vw, 900px\" \/><br \/>\nJOUER CHEZ JACKPOT CITY<\/a><\/div>\n<p>&nbsp;<\/p>\n<h3>D\u00e9roulement d&rsquo;une partie de roulette am\u00e9ricaine<\/h3>\n<p>Des jetons de couleur sont \u00e0 utiliser pour parier. Chaque couleur a sa propre valeur afin de diff\u00e9rencier les jetons entre eux. Avant de jouer les devises sont \u00e0 \u00e9changer contre des jetons. Dans un casino physique la transaction se fait \u00e0 la caisse. Sur un casino en ligne tout s&rsquo;op\u00e8re avec le logiciel. Il est possible de placer les jetons sur des num\u00e9ros pleins, ou sur des groupes de num\u00e9ros.<\/p>\n<ol>\n<li>Avant de parier le croupier doit annoncer le d\u00e9but de la partie : Faites-vos jeux !<\/li>\n<li>Par la suite le croupier actionne le cylindre de la roulette dans un sens, puis y lance la bille dans le sens oppos\u00e9.<\/li>\n<li>Le temps imparti pour placer les jetons est en g\u00e9n\u00e9ral d\u2019une minute.<\/li>\n<li>Durant ce laps de temps vous pouvez placer vos jetons sur le tapis.<\/li>\n<li>Il n\u2019est plus possible de faire des paris d\u00e8s que le croupier annonce : Rien ne va plus !<\/li>\n<li>Une fois que la bille s\u2019immobilise dans l\u2019une des cases de la roue, le croupier annonce le num\u00e9ro sortant.<\/li>\n<li>Les paris gagnants sont imm\u00e9diatement pay\u00e9s et les mises perdantes retir\u00e9es du tapis.<\/li>\n<li>Sit\u00f4t fait, une nouvelle partie commence.<\/li>\n<\/ol>\n<p><img loading=\"lazy\" decoding=\"async\" class=\"aligncenter size-full wp-image-180\" src=\"https:\/\/www.roulette.school\/fr\/wp-content\/uploads\/2020\/12\/tapis-roulette.jpg\" alt=\"Le tapis de la roulette am\u00e9ricaine et ses 38 cases\" width=\"1000\" height=\"400\" srcset=\"https:\/\/www.roulette.school\/fr\/wp-content\/uploads\/2020\/12\/tapis-roulette.jpg 1000w, https:\/\/www.roulette.school\/fr\/wp-content\/uploads\/2020\/12\/tapis-roulette-300x120.jpg 300w, https:\/\/www.roulette.school\/fr\/wp-content\/uploads\/2020\/12\/tapis-roulette-768x307.jpg 768w\" sizes=\"auto, (max-width: 1000px) 100vw, 1000px\" \/><\/p>\n<h3>La roulette et son cylindre de 38 cases<\/h3>\n<p>Comme vous pouvez le voir sur l\u2019image ci-dessus, la roulette am\u00e9ricaine a 38 cases. Il y a les num\u00e9ros 1 \u00e0 36, un Z\u00e9ro simple (0), et un double Z\u00e9ro (00). Les cases 1 \u00e0 36 sont alternativement rouge et noir. Les cases Z\u00e9ros sont vertes.<\/p>\n<p>Les num\u00e9ros des cases de la roue sont plac\u00e9s de mani\u00e8re m\u00e9lang\u00e9e. La bille a une probabilit\u00e9 \u00e9gale de s\u2019arr\u00eater dans sur une case ou une autre.<\/p>\n<h3>Les types de paris \u00e0 la roulette am\u00e9ricaine<\/h3>\n<p>Les paris internes sont ceux qui payent le plus. Il est possible de parier d\u2019un \u00e0 plusieurs num\u00e9ros avec un seul jeton.<\/p>\n<p>Les paris externes doublent ou triplent les gains selon les paris. Les couleurs, \u00e0 la <a href=\"https:\/\/www.roulette.school\/fr\/\">roulette en ligne<\/a> des casinos, sont les paris pr\u00e9f\u00e9r\u00e9s des joueurs.<\/p>\n<p>Les paris internes se font sur les num\u00e9ros individuelles, ou sur un groupe de num\u00e9ros qui se touchent sur le tapis.<\/p>\n<h3>Paris internes<\/h3>\n<div class=\"su-row\"><div class=\"su-column su-column-size-1-2\"><div class=\"su-column-inner su-u-clearfix su-u-trim\">\n<table>\n<tbody>\n<tr>\n<td width=\"20\"><\/td>\n<td><strong>Pari<\/strong><\/td>\n<td><strong>Paiement<\/strong><\/td>\n<td><strong>Cote<br \/>\n<\/strong><\/td>\n<\/tr>\n<tr>\n<td>1.<\/td>\n<td>Un num\u00e9ro<\/td>\n<td>35:1<\/td>\n<td>2,63%<\/td>\n<\/tr>\n<tr>\n<td>2.<\/td>\n<td>Mise \u00e0 cheval<\/td>\n<td>17:1<\/td>\n<td>5,26%<\/td>\n<\/tr>\n<tr>\n<td>3.<\/td>\n<td>Ligne<\/td>\n<td>11:1<\/td>\n<td>7,89%<\/td>\n<\/tr>\n<tr>\n<td>4.<\/td>\n<td>Carr\u00e9<\/td>\n<td>8:1<\/td>\n<td>10,53%<\/td>\n<\/tr>\n<tr>\n<td>5.<\/td>\n<td>Basket bet<\/td>\n<td>6:1<\/td>\n<td>13,16%<\/td>\n<\/tr>\n<tr>\n<td>6.<\/td>\n<td>Sixain<\/td>\n<td>5:1<\/td>\n<td>15,79%<\/td>\n<\/tr>\n<\/tbody>\n<\/table>\n<\/div><\/div>\n<div class=\"su-column su-column-size-1-2\"><div class=\"su-column-inner su-u-clearfix su-u-trim\"><img loading=\"lazy\" decoding=\"async\" class=\"alignnone size-full wp-image-312\" src=\"https:\/\/www.roulette.school\/fr\/wp-content\/uploads\/2020\/12\/numero.jpg\" alt=\"Parier sur un num\u00e9ro paie 35 fois\" width=\"420\" height=\"320\" srcset=\"https:\/\/www.roulette.school\/fr\/wp-content\/uploads\/2020\/12\/numero.jpg 420w, https:\/\/www.roulette.school\/fr\/wp-content\/uploads\/2020\/12\/numero-300x229.jpg 300w\" sizes=\"auto, (max-width: 420px) 100vw, 420px\" \/><\/div><\/div><\/div>\n<ol>\n<li>Un num\u00e9ro : c\u2019est le gros pari possible. Le pari gagnant paie 35 fois la mise.<\/li>\n<li>Mise \u00e0 cheval : un pari sur deux num\u00e9ros adjacents. Le reversement est de 17 contre 1.<\/li>\n<li>Ligne : c&rsquo;est trois num\u00e9ros. Le pari se fait sur une ligne horizontale. Le gain paie 11 contre 1.<\/li>\n<li>Carr\u00e9 : le jeton se place sur quatre num\u00e9ros qui se touchent sur le tapis. C&rsquo;est du 8 contre 1.<\/li>\n<li>Basket bet : un pari combin\u00e9 qui se fait sur les cases 0, 00, 1, 2 et 3. Le gain paie 6 fois la mise.<\/li>\n<li>Sixain : c&rsquo;est un pari sur deux lignes qui se touchent (6 num\u00e9ros). Le paiement est de 5 contre 1.<\/li>\n<\/ol>\n<h3>Paris externes<\/h3>\n<div class=\"su-row\"><div class=\"su-column su-column-size-1-2\"><div class=\"su-column-inner su-u-clearfix su-u-trim\">\n<table>\n<tbody>\n<tr>\n<td width=\"20\"><\/td>\n<td><strong>Pari<\/strong><\/td>\n<td><strong>Paiement<\/strong><\/td>\n<td><strong>Cote<\/strong><\/td>\n<\/tr>\n<tr>\n<td>1.<\/td>\n<td>Colonne<\/td>\n<td>2:1<\/td>\n<td>31,58%<\/td>\n<\/tr>\n<tr>\n<td>2.<\/td>\n<td>Douzaine<\/td>\n<td>2:1<\/td>\n<td>31,58%<\/td>\n<\/tr>\n<tr>\n<td>3.<\/td>\n<td>Rouge \/ Noir<\/td>\n<td>1:1<\/td>\n<td>47,3%<\/td>\n<\/tr>\n<tr>\n<td>4.<\/td>\n<td>Pair \/ Impair<\/td>\n<td>1:1<\/td>\n<td>47,37%<\/td>\n<\/tr>\n<tr>\n<td>5.<\/td>\n<td>Manque \/ Passe<\/td>\n<td>1:1<\/td>\n<td>47,37%<\/td>\n<\/tr>\n<\/tbody>\n<\/table>\n<\/div><\/div>\n<div class=\"su-column su-column-size-1-2\"><div class=\"su-column-inner su-u-clearfix su-u-trim\"><img loading=\"lazy\" decoding=\"async\" src=\"https:\/\/www.roulette.school\/fr\/wp-content\/uploads\/2021\/02\/pari-externe.jpg\" alt=\"Paris externes \u00e0 la roulette\" width=\"420\" height=\"300\" class=\"alignnone size-full wp-image-1111\" srcset=\"https:\/\/www.roulette.school\/fr\/wp-content\/uploads\/2021\/02\/pari-externe.jpg 420w, https:\/\/www.roulette.school\/fr\/wp-content\/uploads\/2021\/02\/pari-externe-300x214.jpg 300w\" sizes=\"auto, (max-width: 420px) 100vw, 420px\" \/><\/div><\/div><\/div>\n<ol>\n<li>Colonne : mise sur une colonne de 12 num\u00e9ros. Le pari se fait au bas du tapis. Le paiement est de 2 contre 1.<\/li>\n<li>Douzaine : le pari se fait sur les num\u00e9ros 1 \u00e0 12, 13 \u00e0 24, ou 25 \u00e0 36. Le reversement est de 2 contre 1.<\/li>\n<li>Rouge \/ Noir : le pari le plus jou\u00e9 et aim\u00e9. Rouge ou Noir, \u00e0 vous de choisir ! Le pari est du 1 contre 1.<\/li>\n<li>Pair \/ Impair : le deuxi\u00e8me pari le plus jou\u00e9. Il se porte sur tous les num\u00e9ros pairs ou impairs. Du 1 contre 1.<\/li>\n<li>Manque \/ Passe : On parie sur les num\u00e9ros 1 \u00e0 18 (manque), ou 19 \u00e0 36 (passe). Le paiement est du 1\/1.<\/li>\n<\/ol>\n<h2>Origine de la roulette am\u00e9ricaine<\/h2>\n<p>C&rsquo;est au d\u00e9but du 19\u00e8me que la roulette US est apparue aux USA. Les g\u00e9rants des casinos US, \u00e0 la recherche d&rsquo;une roulette plus locale, ont chang\u00e9 le nom du jeu et ajout\u00e9 une nouvelle case, le double Z\u00e9ro. L&rsquo;ajout de cette case a eu pour effet d&rsquo;avantager les maisons de jeu. \u00c7a n&rsquo;a pas d\u00e9rang\u00e9 les joueurs ! Ils ont tout de suite pr\u00e9f\u00e9r\u00e9 la version US sans savoir que les roulettes Europ\u00e9enne et Fran\u00e7aise avaient de biens meilleurs taux de retour. Le patriotisme n&rsquo;a parfois pas de logique !<\/p>\n","protected":false},"excerpt":{"rendered":"<p>R\u00e8gles de la roulette am\u00e9ricaine La roulette am\u00e9ricaine est un jeu facile \u00e0 ma\u00eetriser. Le but est de deviner quel<\/p>\n","protected":false},"author":1,"featured_media":0,"parent":0,"menu_order":0,"comment_status":"closed","ping_status":"closed","template":"template-fullwidth.php","meta":{"footnotes":""},"class_list":["post-27","page","type-page","status-publish","hentry"],"yoast_head":"<!-- This site is optimized with the Yoast SEO plugin v27.3 - https:\/\/yoast.com\/product\/yoast-seo-wordpress\/ -->\n<title>Roulette Am\u00e9ricaine en Ligne | R\u00e8gles du Jeu | RTP 94,74%<\/title>\n<meta name=\"description\" content=\"Comment jouer \u00e0 la roulette Am\u00e9ricaine ? Les r\u00e8gles du jeu et les cotes de paiement. Jouer sur Internet gr\u00e2ce au meilleur casino en ligne.\" \/>\n<meta name=\"robots\" content=\"index, follow, max-snippet:-1, max-image-preview:large, max-video-preview:-1\" \/>\n<link rel=\"canonical\" href=\"https:\/\/www.roulette.school\/fr\/roulette-americaine\/\" \/>\n<meta property=\"og:locale\" content=\"fr_CA\" \/>\n<meta property=\"og:type\" content=\"article\" \/>\n<meta property=\"og:title\" content=\"Roulette Am\u00e9ricaine en Ligne | R\u00e8gles du Jeu | RTP 94,74%\" \/>\n<meta property=\"og:description\" content=\"Comment jouer \u00e0 la roulette Am\u00e9ricaine ? Les r\u00e8gles du jeu et les cotes de paiement. Jouer sur Internet gr\u00e2ce au meilleur casino en ligne.\" \/>\n<meta property=\"og:url\" content=\"https:\/\/www.roulette.school\/fr\/roulette-americaine\/\" \/>\n<meta property=\"og:site_name\" content=\"Roulette School\" \/>\n<meta property=\"article:modified_time\" content=\"2021-12-28T07:01:24+00:00\" \/>\n<meta property=\"og:image\" content=\"https:\/\/www.roulette.school\/fr\/wp-content\/uploads\/2021\/02\/roulette-americaine.jpg\" \/>\n<meta name=\"twitter:card\" content=\"summary_large_image\" \/>\n<meta name=\"twitter:label1\" content=\"Estimation du temps de lecture\" \/>\n\t<meta name=\"twitter:data1\" content=\"5 minutes\" \/>\n<script type=\"application\/ld+json\" class=\"yoast-schema-graph\">{\"@context\":\"https:\\\/\\\/schema.org\",\"@graph\":[{\"@type\":\"WebPage\",\"@id\":\"https:\\\/\\\/www.roulette.school\\\/fr\\\/roulette-americaine\\\/\",\"url\":\"https:\\\/\\\/www.roulette.school\\\/fr\\\/roulette-americaine\\\/\",\"name\":\"Roulette Am\u00e9ricaine en Ligne | R\u00e8gles du Jeu | RTP 94,74%\",\"isPartOf\":{\"@id\":\"https:\\\/\\\/www.roulette.school\\\/fr\\\/#website\"},\"primaryImageOfPage\":{\"@id\":\"https:\\\/\\\/www.roulette.school\\\/fr\\\/roulette-americaine\\\/#primaryimage\"},\"image\":{\"@id\":\"https:\\\/\\\/www.roulette.school\\\/fr\\\/roulette-americaine\\\/#primaryimage\"},\"thumbnailUrl\":\"https:\\\/\\\/www.roulette.school\\\/fr\\\/wp-content\\\/uploads\\\/2021\\\/02\\\/roulette-americaine.jpg\",\"datePublished\":\"2020-11-26T08:07:00+00:00\",\"dateModified\":\"2021-12-28T07:01:24+00:00\",\"description\":\"Comment jouer \u00e0 la roulette Am\u00e9ricaine ? Les r\u00e8gles du jeu et les cotes de paiement. Jouer sur Internet gr\u00e2ce au meilleur casino en ligne.\",\"breadcrumb\":{\"@id\":\"https:\\\/\\\/www.roulette.school\\\/fr\\\/roulette-americaine\\\/#breadcrumb\"},\"inLanguage\":\"fr-CA\",\"potentialAction\":[{\"@type\":\"ReadAction\",\"target\":[\"https:\\\/\\\/www.roulette.school\\\/fr\\\/roulette-americaine\\\/\"]}]},{\"@type\":\"ImageObject\",\"inLanguage\":\"fr-CA\",\"@id\":\"https:\\\/\\\/www.roulette.school\\\/fr\\\/roulette-americaine\\\/#primaryimage\",\"url\":\"https:\\\/\\\/www.roulette.school\\\/fr\\\/wp-content\\\/uploads\\\/2021\\\/02\\\/roulette-americaine.jpg\",\"contentUrl\":\"https:\\\/\\\/www.roulette.school\\\/fr\\\/wp-content\\\/uploads\\\/2021\\\/02\\\/roulette-americaine.jpg\",\"width\":350,\"height\":350,\"caption\":\"Roulette Am\u00e9ricaine au Casino\"},{\"@type\":\"BreadcrumbList\",\"@id\":\"https:\\\/\\\/www.roulette.school\\\/fr\\\/roulette-americaine\\\/#breadcrumb\",\"itemListElement\":[{\"@type\":\"ListItem\",\"position\":1,\"name\":\"Accueil\",\"item\":\"https:\\\/\\\/www.roulette.school\\\/fr\\\/\"},{\"@type\":\"ListItem\",\"position\":2,\"name\":\"Roulette Am\u00e9ricaine\"}]},{\"@type\":\"WebSite\",\"@id\":\"https:\\\/\\\/www.roulette.school\\\/fr\\\/#website\",\"url\":\"https:\\\/\\\/www.roulette.school\\\/fr\\\/\",\"name\":\"Roulette School\",\"description\":\"Roulette Guide\",\"publisher\":{\"@id\":\"https:\\\/\\\/www.roulette.school\\\/fr\\\/#organization\"},\"potentialAction\":[{\"@type\":\"SearchAction\",\"target\":{\"@type\":\"EntryPoint\",\"urlTemplate\":\"https:\\\/\\\/www.roulette.school\\\/fr\\\/?s={search_term_string}\"},\"query-input\":{\"@type\":\"PropertyValueSpecification\",\"valueRequired\":true,\"valueName\":\"search_term_string\"}}],\"inLanguage\":\"fr-CA\"},{\"@type\":\"Organization\",\"@id\":\"https:\\\/\\\/www.roulette.school\\\/fr\\\/#organization\",\"name\":\"Roulette School\",\"url\":\"https:\\\/\\\/www.roulette.school\\\/fr\\\/\",\"logo\":{\"@type\":\"ImageObject\",\"inLanguage\":\"fr-CA\",\"@id\":\"https:\\\/\\\/www.roulette.school\\\/fr\\\/#\\\/schema\\\/logo\\\/image\\\/\",\"url\":\"https:\\\/\\\/www.roulette.school\\\/fr\\\/wp-content\\\/uploads\\\/2021\\\/02\\\/rsl.png\",\"contentUrl\":\"https:\\\/\\\/www.roulette.school\\\/fr\\\/wp-content\\\/uploads\\\/2021\\\/02\\\/rsl.png\",\"width\":350,\"height\":50,\"caption\":\"Roulette School\"},\"image\":{\"@id\":\"https:\\\/\\\/www.roulette.school\\\/fr\\\/#\\\/schema\\\/logo\\\/image\\\/\"}}]}<\/script>\n<!-- \/ Yoast SEO plugin. -->","yoast_head_json":{"title":"Roulette Am\u00e9ricaine en Ligne | R\u00e8gles du Jeu | RTP 94,74%","description":"Comment jouer \u00e0 la roulette Am\u00e9ricaine ? Les r\u00e8gles du jeu et les cotes de paiement. Jouer sur Internet gr\u00e2ce au meilleur casino en ligne.","robots":{"index":"index","follow":"follow","max-snippet":"max-snippet:-1","max-image-preview":"max-image-preview:large","max-video-preview":"max-video-preview:-1"},"canonical":"https:\/\/www.roulette.school\/fr\/roulette-americaine\/","og_locale":"fr_CA","og_type":"article","og_title":"Roulette Am\u00e9ricaine en Ligne | R\u00e8gles du Jeu | RTP 94,74%","og_description":"Comment jouer \u00e0 la roulette Am\u00e9ricaine ? Les r\u00e8gles du jeu et les cotes de paiement. Jouer sur Internet gr\u00e2ce au meilleur casino en ligne.","og_url":"https:\/\/www.roulette.school\/fr\/roulette-americaine\/","og_site_name":"Roulette School","article_modified_time":"2021-12-28T07:01:24+00:00","og_image":[{"url":"https:\/\/www.roulette.school\/fr\/wp-content\/uploads\/2021\/02\/roulette-americaine.jpg","type":"","width":"","height":""}],"twitter_card":"summary_large_image","twitter_misc":{"Estimation du temps de lecture":"5 minutes"},"schema":{"@context":"https:\/\/schema.org","@graph":[{"@type":"WebPage","@id":"https:\/\/www.roulette.school\/fr\/roulette-americaine\/","url":"https:\/\/www.roulette.school\/fr\/roulette-americaine\/","name":"Roulette Am\u00e9ricaine en Ligne | R\u00e8gles du Jeu | RTP 94,74%","isPartOf":{"@id":"https:\/\/www.roulette.school\/fr\/#website"},"primaryImageOfPage":{"@id":"https:\/\/www.roulette.school\/fr\/roulette-americaine\/#primaryimage"},"image":{"@id":"https:\/\/www.roulette.school\/fr\/roulette-americaine\/#primaryimage"},"thumbnailUrl":"https:\/\/www.roulette.school\/fr\/wp-content\/uploads\/2021\/02\/roulette-americaine.jpg","datePublished":"2020-11-26T08:07:00+00:00","dateModified":"2021-12-28T07:01:24+00:00","description":"Comment jouer \u00e0 la roulette Am\u00e9ricaine ? Les r\u00e8gles du jeu et les cotes de paiement. Jouer sur Internet gr\u00e2ce au meilleur casino en ligne.","breadcrumb":{"@id":"https:\/\/www.roulette.school\/fr\/roulette-americaine\/#breadcrumb"},"inLanguage":"fr-CA","potentialAction":[{"@type":"ReadAction","target":["https:\/\/www.roulette.school\/fr\/roulette-americaine\/"]}]},{"@type":"ImageObject","inLanguage":"fr-CA","@id":"https:\/\/www.roulette.school\/fr\/roulette-americaine\/#primaryimage","url":"https:\/\/www.roulette.school\/fr\/wp-content\/uploads\/2021\/02\/roulette-americaine.jpg","contentUrl":"https:\/\/www.roulette.school\/fr\/wp-content\/uploads\/2021\/02\/roulette-americaine.jpg","width":350,"height":350,"caption":"Roulette Am\u00e9ricaine au Casino"},{"@type":"BreadcrumbList","@id":"https:\/\/www.roulette.school\/fr\/roulette-americaine\/#breadcrumb","itemListElement":[{"@type":"ListItem","position":1,"name":"Accueil","item":"https:\/\/www.roulette.school\/fr\/"},{"@type":"ListItem","position":2,"name":"Roulette Am\u00e9ricaine"}]},{"@type":"WebSite","@id":"https:\/\/www.roulette.school\/fr\/#website","url":"https:\/\/www.roulette.school\/fr\/","name":"Roulette School","description":"Roulette Guide","publisher":{"@id":"https:\/\/www.roulette.school\/fr\/#organization"},"potentialAction":[{"@type":"SearchAction","target":{"@type":"EntryPoint","urlTemplate":"https:\/\/www.roulette.school\/fr\/?s={search_term_string}"},"query-input":{"@type":"PropertyValueSpecification","valueRequired":true,"valueName":"search_term_string"}}],"inLanguage":"fr-CA"},{"@type":"Organization","@id":"https:\/\/www.roulette.school\/fr\/#organization","name":"Roulette School","url":"https:\/\/www.roulette.school\/fr\/","logo":{"@type":"ImageObject","inLanguage":"fr-CA","@id":"https:\/\/www.roulette.school\/fr\/#\/schema\/logo\/image\/","url":"https:\/\/www.roulette.school\/fr\/wp-content\/uploads\/2021\/02\/rsl.png","contentUrl":"https:\/\/www.roulette.school\/fr\/wp-content\/uploads\/2021\/02\/rsl.png","width":350,"height":50,"caption":"Roulette School"},"image":{"@id":"https:\/\/www.roulette.school\/fr\/#\/schema\/logo\/image\/"}}]}},"_links":{"self":[{"href":"https:\/\/www.roulette.school\/fr\/wp-json\/wp\/v2\/pages\/27","targetHints":{"allow":["GET"]}}],"collection":[{"href":"https:\/\/www.roulette.school\/fr\/wp-json\/wp\/v2\/pages"}],"about":[{"href":"https:\/\/www.roulette.school\/fr\/wp-json\/wp\/v2\/types\/page"}],"author":[{"embeddable":true,"href":"https:\/\/www.roulette.school\/fr\/wp-json\/wp\/v2\/users\/1"}],"replies":[{"embeddable":true,"href":"https:\/\/www.roulette.school\/fr\/wp-json\/wp\/v2\/comments?post=27"}],"version-history":[{"count":81,"href":"https:\/\/www.roulette.school\/fr\/wp-json\/wp\/v2\/pages\/27\/revisions"}],"predecessor-version":[{"id":1861,"href":"https:\/\/www.roulette.school\/fr\/wp-json\/wp\/v2\/pages\/27\/revisions\/1861"}],"wp:attachment":[{"href":"https:\/\/www.roulette.school\/fr\/wp-json\/wp\/v2\/media?parent=27"}],"curies":[{"name":"wp","href":"https:\/\/api.w.org\/{rel}","templated":true}]}}