{"id":31,"date":"2020-11-26T08:07:35","date_gmt":"2020-11-26T08:07:35","guid":{"rendered":"https:\/\/www.roulette.school\/fr\/?page_id=31"},"modified":"2025-12-03T05:29:04","modified_gmt":"2025-12-03T05:29:04","slug":"casino-en-ligne-fiable","status":"publish","type":"page","link":"https:\/\/www.roulette.school\/fr\/casino-en-ligne-fiable\/","title":{"rendered":"Casinos en Ligne Fiables au Canada"},"content":{"rendered":"<div class=\"su-row\"><div class=\"su-column su-column-size-2-3\"><div class=\"su-column-inner su-u-clearfix su-u-trim\">Vous avez sur notre guide la liste 2026 des casinos les plus fiables sur Internet. Pour jouer \u00e0 la roulette en ligne, il n&rsquo;y a pas mieux. Ces sites de casino sont conformes aux lois canadiennes. Ils garantissent des jeux \u00e9quitables. Seuls trois casinos en ligne fiables ont \u00e9t\u00e9 retenus. En effet, nos testeurs de jeux privil\u00e9gient la qualit\u00e9, et non la quantit\u00e9. Ces plateformes de jeux de table et de machines \u00e0 sous en ligne sont les plus s\u00e9rieuses du Canada.<br \/>\n<\/div><\/div>\n<div class=\"su-column su-column-size-1-3 midc\"><div class=\"su-column-inner su-u-clearfix su-u-trim\"><img loading=\"lazy\" decoding=\"async\" src=\"https:\/\/www.roulette.school\/fr\/wp-content\/uploads\/2021\/02\/casino-canada.jpg\" alt=\"Jouer au casino en ligne au Canada\" width=\"350\" height=\"220\" class=\"alignnone size-full wp-image-959\" srcset=\"https:\/\/www.roulette.school\/fr\/wp-content\/uploads\/2021\/02\/casino-canada.jpg 350w, https:\/\/www.roulette.school\/fr\/wp-content\/uploads\/2021\/02\/casino-canada-300x189.jpg 300w\" sizes=\"auto, (max-width: 350px) 100vw, 350px\" \/><\/div><\/div><\/div>\n<div class=\"su-divider su-divider-style-dotted\" style=\"margin:30px 0;border-width:3px;border-color:#6c1616\"><\/div>\n<div class=\"su-row\"><div class=\"su-column su-column-size-2-3\"><div class=\"su-column-inner su-u-clearfix su-u-trim\">\n<h2 id=action>#1. CASINO ACTION<\/h2>\n<p>Casino Action est le site le plus fiable sur les mobiles iPhone et Android. Sur ordinateur et tablette ? Tout marche aussi tr\u00e8s bien. Ouvert en l&rsquo;an 2000, ce site de casino taill\u00e9 sur mesure re\u00e7oit depuis plus de 20 ans des joueurs du monde entier. Les roulettes de casino y sont parfaites, tout comme les autres jeux du casino.<\/div><\/div>\n<div class=\"su-column su-column-size-1-3 midc\"><div class=\"su-column-inner su-u-clearfix su-u-trim\">\n<a class=\"add\" href=\"https:\/\/iredirect.net\/referral\/?site=ca&#038;lang=fr&#038;aff_id=aff100309\" target=\"_blank\" rel=\"noopener noreferrer\"><img loading=\"lazy\" decoding=\"async\" src=\"https:\/\/www.roulette.school\/fr\/wp-content\/uploads\/2021\/02\/action.jpg\" alt=\"Casino Action sur ordinateur et tablette\" width=\"350\" height=\"220\" class=\"alignnone size-full wp-image-952\" srcset=\"https:\/\/www.roulette.school\/fr\/wp-content\/uploads\/2021\/02\/action.jpg 350w, https:\/\/www.roulette.school\/fr\/wp-content\/uploads\/2021\/02\/action-300x189.jpg 300w\" sizes=\"auto, (max-width: 350px) 100vw, 350px\" \/><br \/>\nJOUER CHEZ CASINO ACTION<\/a><br \/>\n<\/div><\/div><\/div>\n<div class=\"su-divider su-divider-style-dotted\" style=\"margin:30px 0;border-width:3px;border-color:#6c1616\"><\/div>\n<div class=\"su-row\"><div class=\"su-column su-column-size-2-3\"><div class=\"su-column-inner su-u-clearfix su-u-trim\">\n<h2>#2. GAMING CLUB<\/h2>\n<p>Le site Gaming Club a toutes les versions de roulette. Que vous aimiez la Fran\u00e7aise, l&rsquo;Europ\u00e9enne ou l&rsquo;Am\u00e9ricaine, vous avez l\u2019embarras du choix. Cet \u00e9l\u00e9gant casino en ligne fiable est un Must. Les jeux du casino sont en mode instantan\u00e9 ou en live streaming. Gr\u00e2ce \u00e0 Gaming Club vous n&rsquo;avez pas besoin d\u2019aller dans un vrai casino !<\/div><\/div>\n<div class=\"su-column su-column-size-1-3 midc\"><div class=\"su-column-inner su-u-clearfix su-u-trim\">\n<a class=\"add\" href=\"https:\/\/www.gamingclub.com\/fr\/?s=wgs16120&#038;a=bfpadid130369\" target=\"_blank\" rel=\"noopener noreferrer\"><img loading=\"lazy\" decoding=\"async\" src=\"https:\/\/www.roulette.school\/fr\/wp-content\/uploads\/2021\/02\/casino-club.jpg\" alt=\"Gaming Club casino\" width=\"350\" height=\"220\" class=\"alignnone size-full wp-image-955\" srcset=\"https:\/\/www.roulette.school\/fr\/wp-content\/uploads\/2021\/02\/casino-club.jpg 350w, https:\/\/www.roulette.school\/fr\/wp-content\/uploads\/2021\/02\/casino-club-300x189.jpg 300w\" sizes=\"auto, (max-width: 350px) 100vw, 350px\" \/><br \/>\nJOUER CHEZ GAMING CLUB<\/a><br \/>\n<\/div><\/div><\/div>\n<div class=\"su-divider su-divider-style-dotted\" style=\"margin:30px 0;border-width:3px;border-color:#6c1616\"><\/div>\n<div class=\"su-row\"><div class=\"su-column su-column-size-2-3\"><div class=\"su-column-inner su-u-clearfix su-u-trim\">\n<h2>#3. VILLENTO CASINO<\/h2>\n<p>Voici l&rsquo;un des casinos en ligne les plus connus au monde. Ces derni\u00e8res ann\u00e9es la marque Villento s&rsquo;est impos\u00e9e sur les cinq continents. Le casino est \u00e9quip\u00e9 des logiciels Games Global et Evolution Gaming. Ce sont les logiciels 2026 les plus fiables de l&rsquo;industrie. Le savoir-faire des exploitants du site de casino est synonyme de s\u00e9rieux.<\/div><\/div>\n<div class=\"su-column su-column-size-1-3 midc\"><div class=\"su-column-inner su-u-clearfix su-u-trim\">\n<a class=\"add\" href=\"https:\/\/iredirect.net\/referral\/?site=vlv&#038;lang=fr&#038;aff_id=aff100309\" target=\"_blank\" rel=\"noopener noreferrer\"><img loading=\"lazy\" decoding=\"async\" src=\"https:\/\/www.roulette.school\/fr\/wp-content\/uploads\/2021\/02\/villento-casino.jpg\" alt=\"Villento Casino sur mobile\" width=\"350\" height=\"220\" class=\"alignnone size-full wp-image-957\" srcset=\"https:\/\/www.roulette.school\/fr\/wp-content\/uploads\/2021\/02\/villento-casino.jpg 350w, https:\/\/www.roulette.school\/fr\/wp-content\/uploads\/2021\/02\/villento-casino-300x189.jpg 300w\" sizes=\"auto, (max-width: 350px) 100vw, 350px\" \/><br \/>\nJOUER CHEZ VILLENTO CASINO<\/a><br \/>\n<\/div><\/div><\/div>\n<div class=\"su-divider su-divider-style-dotted\" style=\"margin:30px 0;border-width:3px;border-color:#6c1616\"><\/div>\n<h2>Jouer gratuitement ou en argent r\u00e9el<\/h2>\n<p>Les casinos de notre top 3 ont des options de jeux gratuits. S&rsquo;y inscrire sans devoir d\u00e9poser un sous est permis. S&rsquo;amuser aux jeux que vous voulez ne coute rien. Les seuls jeux qui ne sont pas jouables en mode d\u00e9mo sont les jeux de table du live et les machines \u00e0 sous \u00e0 jackpot progressif. Si vous optez pour les jeux en argent r\u00e9el il suffit de faire un d\u00e9p\u00f4t en passant par la page banque du casino. Vous y aurez la bonne surprise de recevoir un bonus de bienvenue.<\/p>\n<h2>Tests des casinos en ligne en 2026<\/h2>\n<p>Les casinos en ligne de Roulette School sont les meilleurs au monde. Les tests ? Ces salles de jeux ont bien s\u00fbr \u00e9t\u00e9 mises \u00e0 l&rsquo;\u00e9preuve. Le verdict ? Tout marche \u00e0 la perfection.<\/p>\n<div class=\"su-row\">\n<div class=\"su-column su-column-size-2-3\"><div class=\"su-column-inner su-u-clearfix su-u-trim\">\n<h2>Crit\u00e8res pour d\u00e9finir un casino en ligne fiable<\/h2>\n<ol>\n<li>Une commission des jeux d&rsquo;argent repr\u00e9sente le casino en ligne,<\/li>\n<li>Les jeux de la salle de casino sont monitor\u00e9s,<\/li>\n<li>Des bonus gratuits sont offerts aux nouveaux clients,<\/li>\n<li>Le support client est r\u00e9actif \u00e0 toute demande, 7\/24,<\/li>\n<li>Les paiements des gains se font en une seule traite,<\/li>\n<li>Le casino en ligne jouit d\u2019une r\u00e9putation exemplaire.<\/li>\n<\/ol>\n<\/div><\/div>\n<div class=\"su-column su-column-size-1-3 midc\"><div class=\"su-column-inner su-u-clearfix su-u-trim\">\n<img loading=\"lazy\" decoding=\"async\" class=\"alignnone size-full wp-image-139\" src=\"https:\/\/www.roulette.school\/fr\/wp-content\/uploads\/2020\/11\/site-fiable.jpg\" alt=\"Crit\u00e8res pour d\u00e9finir un casino fiable sur Internet\" width=\"350\" height=\"245\" srcset=\"https:\/\/www.roulette.school\/fr\/wp-content\/uploads\/2020\/11\/site-fiable.jpg 350w, https:\/\/www.roulette.school\/fr\/wp-content\/uploads\/2020\/11\/site-fiable-300x210.jpg 300w\" sizes=\"auto, (max-width: 350px) 100vw, 350px\" \/><\/p>\n<\/div><\/div>\n<\/div>\n<h2>Jeux compatibles sur tous les appareils<\/h2>\n<div class=\"su-row\"><div class=\"su-column su-column-size-1-2\"><div class=\"su-column-inner su-u-clearfix su-u-trim\">\nAfin de garantir une excellente exp\u00e9rience de jeux \u00e0 chaque joueur, on a class\u00e9 les sites de casino les plus adapt\u00e9s \u00e0 chaque situation.<\/p>\n<p>Certains casinos en ligne fonctionnent bien mieux que d&rsquo;autres dans des cas sp\u00e9cifiques.<br \/>\n<\/div><\/div>\n<div class=\"su-column su-column-size-1-2\"><div class=\"su-column-inner su-u-clearfix su-u-trim\">\nLes crit\u00e8res les plus strictes en termes de fiabilit\u00e9 ont \u00e9t\u00e9 pris en compte :<\/p>\n<ul>\n<li>Le syst\u00e8me d&rsquo;exploitation de votre appareil,<\/li>\n<li>La puissance de la m\u00e9moire vive de votre machine,<\/li>\n<li>Les performances de votre carte graphique,<\/li>\n<li>La taille d&rsquo;\u00e9cran de votre appareil (ordinateur, tablette et mobile).<\/li>\n<\/ul>\n<\/div><\/div><\/div>\n<h3>Jouer sur Android<\/h3>\n<p>Vous avez un smartphone ou une tablette Android ? Les sites de casino sur Android les plus jou\u00e9s du Web ont \u00e9t\u00e9 test\u00e9s par notre \u00e9quipe. Notre classement vous fournit un acc\u00e8s \u00e0 des jeux de derni\u00e8re g\u00e9n\u00e9ration sur les smartphone et les tablettes de toutes les marques.<\/p>\n<div align=right><a href=https:\/\/www.roulette.school\/fr\/jeux-de-casino-sur-android\/>Jeux sur Android<\/a><\/div>\n<hr>\n<h3>Jouer sur iPhone et iPad<\/h3>\n<p>Les sites de casino sur les mobiles d&rsquo;Apple se jouent via des jeux instantan\u00e9s (sans App). Certains casinos mobiles sont franchement mieux que d&rsquo;autres. En choisissant les sites de casino de notre guide, vous aurez acc\u00e8s \u00e0 des sites qui ont la confiance des utilisateurs.<\/p>\n<div align=right><a href=https:\/\/www.roulette.school\/fr\/jeux-de-casino-sur-iphone-et-ipad\/>Jeux sur iPhone et iPad<\/a><\/div>\n<hr>\n<h3>Jouer sur Mac<\/h3>\n<p>Sur toute la gamme des Mac, les casinos en ligne mis en avant dans notre guide sont les plus prim\u00e9s de l&rsquo;Internet. Ces casinos ont \u00e9t\u00e9 pens\u00e9s pour offrir des exp\u00e9riences de jeu de 1\u00e8re classe sur toute type d&rsquo;ordinateurs.<\/p>\n<div align=right><a href=https:\/\/www.roulette.school\/fr\/jeux-de-casino-sur-mac\/>Jeux sur Mac<\/a><\/div>\n<hr>\n<h3>Jouer sur Windows<\/h3>\n<p>Sur les PC, tous les casinos en ligne mis en avant sur nos pages Web sont recommand\u00e9s. Ces casinos sont sp\u00e9cialement bien con\u00e7us pour offrir une exp\u00e9rience d\u2019exception sur les ordinateurs et les portables.<\/p>\n<div align=right><a href=https:\/\/www.roulette.school\/fr\/jeux-de-casino-windows\/>Jeux sur Windows<\/a><\/div>\n<hr>\n<h2>Jeux instantan\u00e9s<\/h2>\n<p>Les jeux de casino en ligne les plus aim\u00e9s sont les instantan\u00e9s. Ces jeux se chargent en quelques secondes sur tout type d&rsquo;appareil.<\/p>\n<p>Chez <a href=#action>Casino Action<\/a> les jeux sont ceux de la marque Microgaming, le plus prim\u00e9 des cr\u00e9ateurs de roulettes de casino. Microgaming est le label le plus fiable que l&rsquo;on puisse trouver pour jouer en argent r\u00e9el sur des casinos \u00e0 distance.<\/p>\n<h2>Verdict sur les meilleurs casinos en ligne au Canada<\/h2>\n<p>Notre casino favori, Casino Action, est vraiment le top des tops pour <a href=\"https:\/\/www.roulette.school\/fr\/\">jouer \u00e0 la roulette en ligne<\/a>. Il faut dire que ce site de jeux d&rsquo;argent est une l\u00e9gende vivante sur Internet. G\u00e9r\u00e9 par l&rsquo;un des plus grands op\u00e9rateurs du domaine des casinos en ligne, Casino Action est une marque faste au Canada. Des milliers de nouveaux fans de roulette s&rsquo;y inscrivent chaque mois. Le casino en ligne est aussi appr\u00e9ci\u00e9 pour ses tables de blackjack et les machines \u00e0 sous.<\/p>\n<p>En devenant client de Casino Action vous recevez des bonus sur vos premiers d\u00e9p\u00f4ts. Ces bonus peuvent atteindre un total de 1250 C$. Pour en b\u00e9n\u00e9ficier il suffit d&rsquo;aller sur la page banque de casino et de proc\u00e9der \u00e0 un d\u00e9p\u00f4t. Une carte de cr\u00e9dit suffit pour commencer \u00e0 jouer.<\/p>\n<p>Somme toute, sur Roulette School vous \u00eates au bon endroit pour jouer sur un casino en ligne fiable en 2026. Les sites de casino \u00e0 l&rsquo;affiche sur notre site Internet sont consid\u00e9r\u00e9s comme les plus s\u00e9rieux du Canada.<br \/>\n&nbsp;<\/p>\n","protected":false},"excerpt":{"rendered":"<p>Jouer gratuitement ou en argent r\u00e9el Les casinos de notre top 3 ont des options de jeux gratuits. S&rsquo;y inscrire<\/p>\n","protected":false},"author":1,"featured_media":0,"parent":0,"menu_order":0,"comment_status":"closed","ping_status":"closed","template":"template-fullwidth.php","meta":{"footnotes":""},"class_list":["post-31","page","type-page","status-publish","hentry"],"yoast_head":"<!-- This site is optimized with the Yoast SEO plugin v27.3 - https:\/\/yoast.com\/product\/yoast-seo-wordpress\/ -->\n<title>Meilleurs Casinos en Ligne Fiables au Canada en 2026<\/title>\n<meta name=\"description\" content=\"Sites de casino en ligne fiable au Canada en 2026. Les meilleurs casinos qui paient en argent r\u00e9el, et des bonus gratuits.\" \/>\n<meta name=\"robots\" content=\"index, follow, max-snippet:-1, max-image-preview:large, max-video-preview:-1\" \/>\n<link rel=\"canonical\" href=\"https:\/\/www.roulette.school\/fr\/casino-en-ligne-fiable\/\" \/>\n<meta property=\"og:locale\" content=\"fr_CA\" \/>\n<meta property=\"og:type\" content=\"article\" \/>\n<meta property=\"og:title\" content=\"Meilleurs Casinos en Ligne Fiables au Canada en 2026\" \/>\n<meta property=\"og:description\" content=\"Sites de casino en ligne fiable au Canada en 2026. Les meilleurs casinos qui paient en argent r\u00e9el, et des bonus gratuits.\" \/>\n<meta property=\"og:url\" content=\"https:\/\/www.roulette.school\/fr\/casino-en-ligne-fiable\/\" \/>\n<meta property=\"og:site_name\" content=\"Roulette School\" \/>\n<meta property=\"article:modified_time\" content=\"2025-12-03T05:29:04+00:00\" \/>\n<meta property=\"og:image\" content=\"https:\/\/www.roulette.school\/fr\/wp-content\/uploads\/2021\/02\/casino-canada.jpg\" \/>\n\t<meta property=\"og:image:width\" content=\"350\" \/>\n\t<meta property=\"og:image:height\" content=\"220\" \/>\n\t<meta property=\"og:image:type\" content=\"image\/jpeg\" \/>\n<meta name=\"twitter:card\" content=\"summary_large_image\" \/>\n<meta name=\"twitter:label1\" content=\"Estimation du temps de lecture\" \/>\n\t<meta name=\"twitter:data1\" content=\"7 minutes\" \/>\n<script type=\"application\/ld+json\" class=\"yoast-schema-graph\">{\"@context\":\"https:\\\/\\\/schema.org\",\"@graph\":[{\"@type\":\"WebPage\",\"@id\":\"https:\\\/\\\/www.roulette.school\\\/fr\\\/casino-en-ligne-fiable\\\/\",\"url\":\"https:\\\/\\\/www.roulette.school\\\/fr\\\/casino-en-ligne-fiable\\\/\",\"name\":\"Meilleurs Casinos en Ligne Fiables au Canada en 2026\",\"isPartOf\":{\"@id\":\"https:\\\/\\\/www.roulette.school\\\/fr\\\/#website\"},\"primaryImageOfPage\":{\"@id\":\"https:\\\/\\\/www.roulette.school\\\/fr\\\/casino-en-ligne-fiable\\\/#primaryimage\"},\"image\":{\"@id\":\"https:\\\/\\\/www.roulette.school\\\/fr\\\/casino-en-ligne-fiable\\\/#primaryimage\"},\"thumbnailUrl\":\"https:\\\/\\\/www.roulette.school\\\/fr\\\/wp-content\\\/uploads\\\/2021\\\/02\\\/casino-canada.jpg\",\"datePublished\":\"2020-11-26T08:07:35+00:00\",\"dateModified\":\"2025-12-03T05:29:04+00:00\",\"description\":\"Sites de casino en ligne fiable au Canada en 2026. Les meilleurs casinos qui paient en argent r\u00e9el, et des bonus gratuits.\",\"breadcrumb\":{\"@id\":\"https:\\\/\\\/www.roulette.school\\\/fr\\\/casino-en-ligne-fiable\\\/#breadcrumb\"},\"inLanguage\":\"fr-CA\",\"potentialAction\":[{\"@type\":\"ReadAction\",\"target\":[\"https:\\\/\\\/www.roulette.school\\\/fr\\\/casino-en-ligne-fiable\\\/\"]}]},{\"@type\":\"ImageObject\",\"inLanguage\":\"fr-CA\",\"@id\":\"https:\\\/\\\/www.roulette.school\\\/fr\\\/casino-en-ligne-fiable\\\/#primaryimage\",\"url\":\"https:\\\/\\\/www.roulette.school\\\/fr\\\/wp-content\\\/uploads\\\/2021\\\/02\\\/casino-canada.jpg\",\"contentUrl\":\"https:\\\/\\\/www.roulette.school\\\/fr\\\/wp-content\\\/uploads\\\/2021\\\/02\\\/casino-canada.jpg\",\"width\":350,\"height\":220,\"caption\":\"Jouer au casino en ligne au Canada\"},{\"@type\":\"BreadcrumbList\",\"@id\":\"https:\\\/\\\/www.roulette.school\\\/fr\\\/casino-en-ligne-fiable\\\/#breadcrumb\",\"itemListElement\":[{\"@type\":\"ListItem\",\"position\":1,\"name\":\"Accueil\",\"item\":\"https:\\\/\\\/www.roulette.school\\\/fr\\\/\"},{\"@type\":\"ListItem\",\"position\":2,\"name\":\"Casinos en Ligne Fiables au Canada\"}]},{\"@type\":\"WebSite\",\"@id\":\"https:\\\/\\\/www.roulette.school\\\/fr\\\/#website\",\"url\":\"https:\\\/\\\/www.roulette.school\\\/fr\\\/\",\"name\":\"Roulette School\",\"description\":\"Roulette Guide\",\"publisher\":{\"@id\":\"https:\\\/\\\/www.roulette.school\\\/fr\\\/#organization\"},\"potentialAction\":[{\"@type\":\"SearchAction\",\"target\":{\"@type\":\"EntryPoint\",\"urlTemplate\":\"https:\\\/\\\/www.roulette.school\\\/fr\\\/?s={search_term_string}\"},\"query-input\":{\"@type\":\"PropertyValueSpecification\",\"valueRequired\":true,\"valueName\":\"search_term_string\"}}],\"inLanguage\":\"fr-CA\"},{\"@type\":\"Organization\",\"@id\":\"https:\\\/\\\/www.roulette.school\\\/fr\\\/#organization\",\"name\":\"Roulette School\",\"url\":\"https:\\\/\\\/www.roulette.school\\\/fr\\\/\",\"logo\":{\"@type\":\"ImageObject\",\"inLanguage\":\"fr-CA\",\"@id\":\"https:\\\/\\\/www.roulette.school\\\/fr\\\/#\\\/schema\\\/logo\\\/image\\\/\",\"url\":\"https:\\\/\\\/www.roulette.school\\\/fr\\\/wp-content\\\/uploads\\\/2021\\\/02\\\/rsl.png\",\"contentUrl\":\"https:\\\/\\\/www.roulette.school\\\/fr\\\/wp-content\\\/uploads\\\/2021\\\/02\\\/rsl.png\",\"width\":350,\"height\":50,\"caption\":\"Roulette School\"},\"image\":{\"@id\":\"https:\\\/\\\/www.roulette.school\\\/fr\\\/#\\\/schema\\\/logo\\\/image\\\/\"}}]}<\/script>\n<!-- \/ Yoast SEO plugin. -->","yoast_head_json":{"title":"Meilleurs Casinos en Ligne Fiables au Canada en 2026","description":"Sites de casino en ligne fiable au Canada en 2026. Les meilleurs casinos qui paient en argent r\u00e9el, et des bonus gratuits.","robots":{"index":"index","follow":"follow","max-snippet":"max-snippet:-1","max-image-preview":"max-image-preview:large","max-video-preview":"max-video-preview:-1"},"canonical":"https:\/\/www.roulette.school\/fr\/casino-en-ligne-fiable\/","og_locale":"fr_CA","og_type":"article","og_title":"Meilleurs Casinos en Ligne Fiables au Canada en 2026","og_description":"Sites de casino en ligne fiable au Canada en 2026. Les meilleurs casinos qui paient en argent r\u00e9el, et des bonus gratuits.","og_url":"https:\/\/www.roulette.school\/fr\/casino-en-ligne-fiable\/","og_site_name":"Roulette School","article_modified_time":"2025-12-03T05:29:04+00:00","og_image":[{"width":350,"height":220,"url":"https:\/\/www.roulette.school\/fr\/wp-content\/uploads\/2021\/02\/casino-canada.jpg","type":"image\/jpeg"}],"twitter_card":"summary_large_image","twitter_misc":{"Estimation du temps de lecture":"7 minutes"},"schema":{"@context":"https:\/\/schema.org","@graph":[{"@type":"WebPage","@id":"https:\/\/www.roulette.school\/fr\/casino-en-ligne-fiable\/","url":"https:\/\/www.roulette.school\/fr\/casino-en-ligne-fiable\/","name":"Meilleurs Casinos en Ligne Fiables au Canada en 2026","isPartOf":{"@id":"https:\/\/www.roulette.school\/fr\/#website"},"primaryImageOfPage":{"@id":"https:\/\/www.roulette.school\/fr\/casino-en-ligne-fiable\/#primaryimage"},"image":{"@id":"https:\/\/www.roulette.school\/fr\/casino-en-ligne-fiable\/#primaryimage"},"thumbnailUrl":"https:\/\/www.roulette.school\/fr\/wp-content\/uploads\/2021\/02\/casino-canada.jpg","datePublished":"2020-11-26T08:07:35+00:00","dateModified":"2025-12-03T05:29:04+00:00","description":"Sites de casino en ligne fiable au Canada en 2026. Les meilleurs casinos qui paient en argent r\u00e9el, et des bonus gratuits.","breadcrumb":{"@id":"https:\/\/www.roulette.school\/fr\/casino-en-ligne-fiable\/#breadcrumb"},"inLanguage":"fr-CA","potentialAction":[{"@type":"ReadAction","target":["https:\/\/www.roulette.school\/fr\/casino-en-ligne-fiable\/"]}]},{"@type":"ImageObject","inLanguage":"fr-CA","@id":"https:\/\/www.roulette.school\/fr\/casino-en-ligne-fiable\/#primaryimage","url":"https:\/\/www.roulette.school\/fr\/wp-content\/uploads\/2021\/02\/casino-canada.jpg","contentUrl":"https:\/\/www.roulette.school\/fr\/wp-content\/uploads\/2021\/02\/casino-canada.jpg","width":350,"height":220,"caption":"Jouer au casino en ligne au Canada"},{"@type":"BreadcrumbList","@id":"https:\/\/www.roulette.school\/fr\/casino-en-ligne-fiable\/#breadcrumb","itemListElement":[{"@type":"ListItem","position":1,"name":"Accueil","item":"https:\/\/www.roulette.school\/fr\/"},{"@type":"ListItem","position":2,"name":"Casinos en Ligne Fiables au Canada"}]},{"@type":"WebSite","@id":"https:\/\/www.roulette.school\/fr\/#website","url":"https:\/\/www.roulette.school\/fr\/","name":"Roulette School","description":"Roulette Guide","publisher":{"@id":"https:\/\/www.roulette.school\/fr\/#organization"},"potentialAction":[{"@type":"SearchAction","target":{"@type":"EntryPoint","urlTemplate":"https:\/\/www.roulette.school\/fr\/?s={search_term_string}"},"query-input":{"@type":"PropertyValueSpecification","valueRequired":true,"valueName":"search_term_string"}}],"inLanguage":"fr-CA"},{"@type":"Organization","@id":"https:\/\/www.roulette.school\/fr\/#organization","name":"Roulette School","url":"https:\/\/www.roulette.school\/fr\/","logo":{"@type":"ImageObject","inLanguage":"fr-CA","@id":"https:\/\/www.roulette.school\/fr\/#\/schema\/logo\/image\/","url":"https:\/\/www.roulette.school\/fr\/wp-content\/uploads\/2021\/02\/rsl.png","contentUrl":"https:\/\/www.roulette.school\/fr\/wp-content\/uploads\/2021\/02\/rsl.png","width":350,"height":50,"caption":"Roulette School"},"image":{"@id":"https:\/\/www.roulette.school\/fr\/#\/schema\/logo\/image\/"}}]}},"_links":{"self":[{"href":"https:\/\/www.roulette.school\/fr\/wp-json\/wp\/v2\/pages\/31","targetHints":{"allow":["GET"]}}],"collection":[{"href":"https:\/\/www.roulette.school\/fr\/wp-json\/wp\/v2\/pages"}],"about":[{"href":"https:\/\/www.roulette.school\/fr\/wp-json\/wp\/v2\/types\/page"}],"author":[{"embeddable":true,"href":"https:\/\/www.roulette.school\/fr\/wp-json\/wp\/v2\/users\/1"}],"replies":[{"embeddable":true,"href":"https:\/\/www.roulette.school\/fr\/wp-json\/wp\/v2\/comments?post=31"}],"version-history":[{"count":86,"href":"https:\/\/www.roulette.school\/fr\/wp-json\/wp\/v2\/pages\/31\/revisions"}],"predecessor-version":[{"id":3102,"href":"https:\/\/www.roulette.school\/fr\/wp-json\/wp\/v2\/pages\/31\/revisions\/3102"}],"wp:attachment":[{"href":"https:\/\/www.roulette.school\/fr\/wp-json\/wp\/v2\/media?parent=31"}],"curies":[{"name":"wp","href":"https:\/\/api.w.org\/{rel}","templated":true}]}}