{"id":34,"date":"2020-11-26T08:08:15","date_gmt":"2020-11-26T08:08:15","guid":{"rendered":"https:\/\/www.roulette.school\/fr\/?page_id=34"},"modified":"2025-12-03T05:28:52","modified_gmt":"2025-12-03T05:28:52","slug":"faq-canada","status":"publish","type":"page","link":"https:\/\/www.roulette.school\/fr\/faq-canada\/","title":{"rendered":"Aide et FAQ"},"content":{"rendered":"<p>Les r\u00e9ponses aux questions les plus demand\u00e9es sur la roulette de casino sont ici. Le but de notre FAQ est de vous informer sur les options du jeu au Canada.<\/p>\n<h2>Le pari en ligne est-il l\u00e9gal au Canada ?<\/h2>\n<p>Oui, jouer \u00e0 des jeux d\u2019argent est l\u00e9gal sur l&rsquo;Internet Canadien. Toutefois faites attention ! Pour \u00eatre s\u00fbr qu&rsquo;un casino en ligne soit conforme \u00e0 la Loi, il est conseill\u00e9 de s&rsquo;inscrire sur un site de casino bas\u00e9 sur le sol canadien.<\/p>\n<h2>Les roulettes en ligne sont-elles truqu\u00e9es ?<\/h2>\n<p>Non pas du tout. Cependant pour ne pas avoir de mauvaises surprises il est pr\u00e9f\u00e9rable de jouer sur un casino en ligne r\u00e9put\u00e9. En effet, tout site de casino fiable est monitor\u00e9 afin de veiller que les jeux y soient honn\u00eates. Des commissaires contr\u00f4lent les jeux d&rsquo;argent en ligne. Les jeux instantan\u00e9s sont audit\u00e9s par des logiciels puissants. Avec les tables et les cylindres des roulettes avec des croupiers en direct, c&rsquo;est diff\u00e9rent. Les commissaires contr\u00f4lent en permanence ce qui s&rsquo;y passent. Somme toute on peut affirmer que les roulettes des casinos en ligne fiables sont de confiance.<\/p>\n<h2>Quel est le meilleur site de roulette ?<\/h2>\n<p>Nommer exclusivement un casino en ligne serait ambitieux. Les tests faits par l&rsquo;\u00e9quipe de Roulette School ont permis de privil\u00e9gier trois sites. Ces trois casinos en ligne se d\u00e9marquent de tous les autres :<\/p>\n<ol>\n<li>Casino Action, un site l\u00e9gendaire sur Internet, actif depuis 2000.<\/li>\n<li>Villento Casino, un casino en ligne 100% adapt\u00e9 aux iPhone et Android.<\/li>\n<li>Gaming Club, l&rsquo;un des plus grands casinos en ligne du Canada.<\/li>\n<\/ol>\n<p>Ces casinos en ligne sont ceux qui ont le plus convaincu nos testeurs. Ils sont r\u00e9put\u00e9s et offrent des avantages consid\u00e9rables. Ils sont bien s\u00fbr l\u00e9gitimes au Canada. Visitez notre top des <a href=\"https:\/\/www.roulette.school\/fr\/casino-en-ligne-fiable\/\">meilleurs casinos canadiens<\/a> pour en savoir plus !<\/p>\n<h3>Roulette instantan\u00e9e en ligne<\/h3>\n<p>Le meilleur des casinos avec les roulettes instantan\u00e9es est <strong>Casino Action<\/strong>. Ce casino en ligne a de la renomm\u00e9e. Les autres jeux du casino sont tout aussi convaincants. Les jeux instantan\u00e9s, pour info, sont des jeux \u00e9lectroniques. Ces jeux se chargent directement sur le navigateur Web.<\/p>\n<h3>Croupiers en live<\/h3>\n<p>Avec les roulettes en direct, c&rsquo;est avec des <a href=\"https:\/\/www.roulette.school\/fr\/meilleurs-casinos-en-ligne-au-monde\/\">sites de port\u00e9e mondiale<\/a> que l&rsquo;exp\u00e9rience de jeu est la plus convaincante. Les salles de jeux avec les croupiers en live sont une immersion aux tables du tapis vert.<\/p>\n<h2>Puis-je utiliser ma carte de cr\u00e9dit sans risque ?<\/h2>\n<p>Oui bien s\u00fbr. Faire un d\u00e9p\u00f4t d&rsquo;argent sur un casino en ligne fiable ne comporte aucun risque. Les pages banque des casinos sont s\u00e9curis\u00e9es et aucune intrusion ne peut s&rsquo;y faire. D\u00e9poser et retirer des fonds sur son propre compte de casino se fait facilement et en toute confiance. Les carte de d\u00e9bit y sont aussi accept\u00e9es.<\/p>\n<h2>Quel est l&rsquo;\u00e2ge l\u00e9gal pour entrer dans un casino au Canada ?<\/h2>\n<p>L&rsquo;\u00e2ge minimum est de 18 ans dans les provinces du Qu\u00e9bec, d&rsquo;Alberta et de Manitoba. Dans les autres provinces et territoires il faut avoir 19 ans r\u00e9volus. Ces limites sont impos\u00e9es dans toutes les salles de jeu d&rsquo;argent au Canada ainsi que sur les casinos en ligne.<\/p>\n<h2>J&rsquo;ai gagn\u00e9, puis-je encaisser mon argent tout de suite ?<\/h2>\n<p>Oui bien s\u00fbr. Pour ce faire il suffit de se rendre sur la page banque du casino et de lancer la proc\u00e9dure d&rsquo;encaissement. Il vous faudra auparavant veiller \u00e0 ce que vous ayez fourni les documents demand\u00e9s. Tout casino en ligne op\u00e8re de cette fa\u00e7on. Une copie de votre passeport ou de votre carte d&rsquo;identit\u00e9 doit \u00eatre fournie, ainsi qu&rsquo;une preuve de domicile.<\/p>\n<h2>Les bonus de casino, \u00e7a en vaut le coup ?<\/h2>\n<p>Oui, \u00e7a en vaut la peine. Ces promos sont d&rsquo;ailleurs tr\u00e8s appr\u00e9ci\u00e9es. Toutefois les bonus de bienvenue sont r\u00e9serv\u00e9s aux nouveaux joueurs uniquement. De plus ces bonus ne sont pas cumulables. Il faut aussi respecter les conditions d&rsquo;utilisation relatives \u00e0 ce type d&rsquo;offres. Les bonus ne peuvent pas \u00eatre encaiss\u00e9s si vous ne les avez pas jou\u00e9s un certain nombre de fois. Malgr\u00e9 les contraintes, les bonus gratuits des casinos en ligne sont une opportunit\u00e9. C&rsquo;est un bon moyen de tester un site de roulette.<\/p>\n<h2>Puis-je jouer gratuitement ?<\/h2>\n<p>Oui bien s\u00fbr, avec les roulettes d\u00e9mos. C&rsquo;est une excellent moyen de jouer au casino sans prendre de risque. Pour apprendre \u00e0 jouer \u00e0 la roulette, c&rsquo;est un bon outil.<\/p>\n<h2>Faut-il t\u00e9l\u00e9charger un logiciel pour jouer ?<\/h2>\n<p>Non ce n&rsquo;est pas n\u00e9cessaire. Les casinos en ligne les plus modernes sont \u00e9quipes de plateformes puissantes qui vous donnent acc\u00e8s \u00e0 des jeux instantan\u00e9s. Ces jeux s&rsquo;activent sur votre navigateur Internet. Cependant si vous pr\u00e9f\u00e9rez t\u00e9l\u00e9charger le logiciel du casino, vous pouvez le faire.<\/p>\n<h2>L&rsquo;entr\u00e9 au casino en ligne est-elle gratuite ?<\/h2>\n<p>Oui, il n&rsquo;y a rien \u00e0 payer. Vous pouvez m\u00eame tester les jeux sans devoir d\u00e9penser un seul dollar. Un tour sur une salle de jeux en live est recommand\u00e9, juste pour voir ce qui s&rsquo;y passe. \u00c0 ce titre il est amusant d&rsquo;y voir de quelle fa\u00e7on les autres joueurs parient aux tables du tapis vert.<\/p>\n<h2>Quel roulette de casino paie le mieux ?<\/h2>\n<p>Sur les trois roulettes de casino, c&rsquo;est la <a href=\"https:\/\/www.roulette.school\/fr\/roulette-francaise\/\">version Fran\u00e7aise<\/a> qui paie le mieux.<br \/>\n&nbsp;<br \/>\nEn privil\u00e9giant la roulette fran\u00e7aise les chances de gagner peuvent \u00eatre doubl\u00e9es. Il faut cependant utiliser des techniques de jeu bien sp\u00e9cifiques pour avoir l&rsquo;avantage. Lisez notre pages des <a href=\"https:\/\/www.roulette.school\/fr\/techniques\/\">strat\u00e9gies gagnantes<\/a> pour en savoir plus.<\/p>\n<h2>Que faire si mon acc\u00e8s Internet est en panne ?<\/h2>\n<p>Avoir des coupures Internet sont des choses qui arrivent. Si ce d\u00e9sagr\u00e9ment survient en plein jeu il n&rsquo;y a aucune crainte \u00e0 avoir. Il suffit de se loguer \u00e0 nouveau au casino pour reprendre sa partie en cours. Si vous ne pouvez pas vous loguer, pas de panique ! Lorsque vous pourrez retourner sur le casino vous verrez qu&rsquo;il n&rsquo;y a eu aucun probl\u00e8me.<\/p>\n<h2>Puis-je fermer mon compte client ?<\/h2>\n<p>Certainement. Il suffit de contacter le support client du casino et demander que le compte soit ferm\u00e9. Une fois la demande faite le personnel du casino veillera \u00e0 vous faire parvenir vos fonds non utilis\u00e9s. Il s&rsquo;en suivra la fermeture d\u00e9finitive de votre compte.<\/p>\n<h2>Puis-je me faire interdire de jeu ?<\/h2>\n<p>Oui, tout joueur peut exiger de se faire interdire de casino. Sur les casinos en ligne il y a un service pr\u00e9vu \u00e0 cet effet. Ce service est gratuit et relativement rapide \u00e0 mettre en place.<\/p>\n<h2>Votre question FAQ \u00e0 notre \u00e9quipe<\/h2>\n<p>Vous n&rsquo;avez pas trouv\u00e9 la r\u00e9ponse \u00e0 votre question ? Aucun probl\u00e8me.<br \/>\nEnvoyez-nous votre question par e-mail ! On y r\u00e9pondra dans un d\u00e9lai de 48 heures maximum.<br \/>\n&nbsp;<\/p>\n","protected":false},"excerpt":{"rendered":"<p>Les r\u00e9ponses aux questions les plus demand\u00e9es sur la roulette de casino sont ici. Le but de notre FAQ est<\/p>\n","protected":false},"author":1,"featured_media":0,"parent":0,"menu_order":0,"comment_status":"closed","ping_status":"closed","template":"template-fullwidth.php","meta":{"footnotes":""},"class_list":["post-34","page","type-page","status-publish","hentry"],"yoast_head":"<!-- This site is optimized with the Yoast SEO plugin v27.5 - https:\/\/yoast.com\/product\/yoast-seo-wordpress\/ -->\n<title>Aide et FAQ de Roulette School | Questions et R\u00e9ponses<\/title>\n<meta name=\"description\" content=\"La page FAQ de Roulette School couvre l&#039;ensemble des sujets li\u00e9s \u00e0 la roulette en ligne au Canada.\" \/>\n<meta name=\"robots\" content=\"index, follow, max-snippet:-1, max-image-preview:large, max-video-preview:-1\" \/>\n<link rel=\"canonical\" href=\"https:\/\/www.roulette.school\/fr\/faq-canada\/\" \/>\n<meta property=\"og:locale\" content=\"fr_CA\" \/>\n<meta property=\"og:type\" content=\"article\" \/>\n<meta property=\"og:title\" content=\"Aide et FAQ de Roulette School | Questions et R\u00e9ponses\" \/>\n<meta property=\"og:description\" content=\"La page FAQ de Roulette School couvre l&#039;ensemble des sujets li\u00e9s \u00e0 la roulette en ligne au Canada.\" \/>\n<meta property=\"og:url\" content=\"https:\/\/www.roulette.school\/fr\/faq-canada\/\" \/>\n<meta property=\"og:site_name\" content=\"Roulette School\" \/>\n<meta property=\"article:modified_time\" content=\"2025-12-03T05:28:52+00:00\" \/>\n<meta name=\"twitter:card\" content=\"summary_large_image\" \/>\n<meta name=\"twitter:label1\" content=\"Estimation du temps de lecture\" \/>\n\t<meta name=\"twitter:data1\" content=\"6 minutes\" \/>\n<script type=\"application\/ld+json\" class=\"yoast-schema-graph\">{\"@context\":\"https:\\\/\\\/schema.org\",\"@graph\":[{\"@type\":\"WebPage\",\"@id\":\"https:\\\/\\\/www.roulette.school\\\/fr\\\/faq-canada\\\/\",\"url\":\"https:\\\/\\\/www.roulette.school\\\/fr\\\/faq-canada\\\/\",\"name\":\"Aide et FAQ de Roulette School | Questions et R\u00e9ponses\",\"isPartOf\":{\"@id\":\"https:\\\/\\\/www.roulette.school\\\/fr\\\/#website\"},\"datePublished\":\"2020-11-26T08:08:15+00:00\",\"dateModified\":\"2025-12-03T05:28:52+00:00\",\"description\":\"La page FAQ de Roulette School couvre l'ensemble des sujets li\u00e9s \u00e0 la roulette en ligne au Canada.\",\"breadcrumb\":{\"@id\":\"https:\\\/\\\/www.roulette.school\\\/fr\\\/faq-canada\\\/#breadcrumb\"},\"inLanguage\":\"fr-CA\",\"potentialAction\":[{\"@type\":\"ReadAction\",\"target\":[\"https:\\\/\\\/www.roulette.school\\\/fr\\\/faq-canada\\\/\"]}]},{\"@type\":\"BreadcrumbList\",\"@id\":\"https:\\\/\\\/www.roulette.school\\\/fr\\\/faq-canada\\\/#breadcrumb\",\"itemListElement\":[{\"@type\":\"ListItem\",\"position\":1,\"name\":\"Accueil\",\"item\":\"https:\\\/\\\/www.roulette.school\\\/fr\\\/\"},{\"@type\":\"ListItem\",\"position\":2,\"name\":\"Aide et FAQ\"}]},{\"@type\":\"WebSite\",\"@id\":\"https:\\\/\\\/www.roulette.school\\\/fr\\\/#website\",\"url\":\"https:\\\/\\\/www.roulette.school\\\/fr\\\/\",\"name\":\"Roulette School\",\"description\":\"Roulette Guide\",\"publisher\":{\"@id\":\"https:\\\/\\\/www.roulette.school\\\/fr\\\/#organization\"},\"potentialAction\":[{\"@type\":\"SearchAction\",\"target\":{\"@type\":\"EntryPoint\",\"urlTemplate\":\"https:\\\/\\\/www.roulette.school\\\/fr\\\/?s={search_term_string}\"},\"query-input\":{\"@type\":\"PropertyValueSpecification\",\"valueRequired\":true,\"valueName\":\"search_term_string\"}}],\"inLanguage\":\"fr-CA\"},{\"@type\":\"Organization\",\"@id\":\"https:\\\/\\\/www.roulette.school\\\/fr\\\/#organization\",\"name\":\"Roulette School\",\"url\":\"https:\\\/\\\/www.roulette.school\\\/fr\\\/\",\"logo\":{\"@type\":\"ImageObject\",\"inLanguage\":\"fr-CA\",\"@id\":\"https:\\\/\\\/www.roulette.school\\\/fr\\\/#\\\/schema\\\/logo\\\/image\\\/\",\"url\":\"https:\\\/\\\/www.roulette.school\\\/fr\\\/wp-content\\\/uploads\\\/2021\\\/02\\\/rsl.png\",\"contentUrl\":\"https:\\\/\\\/www.roulette.school\\\/fr\\\/wp-content\\\/uploads\\\/2021\\\/02\\\/rsl.png\",\"width\":350,\"height\":50,\"caption\":\"Roulette School\"},\"image\":{\"@id\":\"https:\\\/\\\/www.roulette.school\\\/fr\\\/#\\\/schema\\\/logo\\\/image\\\/\"}}]}<\/script>\n<!-- \/ Yoast SEO plugin. -->","yoast_head_json":{"title":"Aide et FAQ de Roulette School | Questions et R\u00e9ponses","description":"La page FAQ de Roulette School couvre l'ensemble des sujets li\u00e9s \u00e0 la roulette en ligne au Canada.","robots":{"index":"index","follow":"follow","max-snippet":"max-snippet:-1","max-image-preview":"max-image-preview:large","max-video-preview":"max-video-preview:-1"},"canonical":"https:\/\/www.roulette.school\/fr\/faq-canada\/","og_locale":"fr_CA","og_type":"article","og_title":"Aide et FAQ de Roulette School | Questions et R\u00e9ponses","og_description":"La page FAQ de Roulette School couvre l'ensemble des sujets li\u00e9s \u00e0 la roulette en ligne au Canada.","og_url":"https:\/\/www.roulette.school\/fr\/faq-canada\/","og_site_name":"Roulette School","article_modified_time":"2025-12-03T05:28:52+00:00","twitter_card":"summary_large_image","twitter_misc":{"Estimation du temps de lecture":"6 minutes"},"schema":{"@context":"https:\/\/schema.org","@graph":[{"@type":"WebPage","@id":"https:\/\/www.roulette.school\/fr\/faq-canada\/","url":"https:\/\/www.roulette.school\/fr\/faq-canada\/","name":"Aide et FAQ de Roulette School | Questions et R\u00e9ponses","isPartOf":{"@id":"https:\/\/www.roulette.school\/fr\/#website"},"datePublished":"2020-11-26T08:08:15+00:00","dateModified":"2025-12-03T05:28:52+00:00","description":"La page FAQ de Roulette School couvre l'ensemble des sujets li\u00e9s \u00e0 la roulette en ligne au Canada.","breadcrumb":{"@id":"https:\/\/www.roulette.school\/fr\/faq-canada\/#breadcrumb"},"inLanguage":"fr-CA","potentialAction":[{"@type":"ReadAction","target":["https:\/\/www.roulette.school\/fr\/faq-canada\/"]}]},{"@type":"BreadcrumbList","@id":"https:\/\/www.roulette.school\/fr\/faq-canada\/#breadcrumb","itemListElement":[{"@type":"ListItem","position":1,"name":"Accueil","item":"https:\/\/www.roulette.school\/fr\/"},{"@type":"ListItem","position":2,"name":"Aide et FAQ"}]},{"@type":"WebSite","@id":"https:\/\/www.roulette.school\/fr\/#website","url":"https:\/\/www.roulette.school\/fr\/","name":"Roulette School","description":"Roulette Guide","publisher":{"@id":"https:\/\/www.roulette.school\/fr\/#organization"},"potentialAction":[{"@type":"SearchAction","target":{"@type":"EntryPoint","urlTemplate":"https:\/\/www.roulette.school\/fr\/?s={search_term_string}"},"query-input":{"@type":"PropertyValueSpecification","valueRequired":true,"valueName":"search_term_string"}}],"inLanguage":"fr-CA"},{"@type":"Organization","@id":"https:\/\/www.roulette.school\/fr\/#organization","name":"Roulette School","url":"https:\/\/www.roulette.school\/fr\/","logo":{"@type":"ImageObject","inLanguage":"fr-CA","@id":"https:\/\/www.roulette.school\/fr\/#\/schema\/logo\/image\/","url":"https:\/\/www.roulette.school\/fr\/wp-content\/uploads\/2021\/02\/rsl.png","contentUrl":"https:\/\/www.roulette.school\/fr\/wp-content\/uploads\/2021\/02\/rsl.png","width":350,"height":50,"caption":"Roulette School"},"image":{"@id":"https:\/\/www.roulette.school\/fr\/#\/schema\/logo\/image\/"}}]}},"_links":{"self":[{"href":"https:\/\/www.roulette.school\/fr\/wp-json\/wp\/v2\/pages\/34","targetHints":{"allow":["GET"]}}],"collection":[{"href":"https:\/\/www.roulette.school\/fr\/wp-json\/wp\/v2\/pages"}],"about":[{"href":"https:\/\/www.roulette.school\/fr\/wp-json\/wp\/v2\/types\/page"}],"author":[{"embeddable":true,"href":"https:\/\/www.roulette.school\/fr\/wp-json\/wp\/v2\/users\/1"}],"replies":[{"embeddable":true,"href":"https:\/\/www.roulette.school\/fr\/wp-json\/wp\/v2\/comments?post=34"}],"version-history":[{"count":31,"href":"https:\/\/www.roulette.school\/fr\/wp-json\/wp\/v2\/pages\/34\/revisions"}],"predecessor-version":[{"id":3101,"href":"https:\/\/www.roulette.school\/fr\/wp-json\/wp\/v2\/pages\/34\/revisions\/3101"}],"wp:attachment":[{"href":"https:\/\/www.roulette.school\/fr\/wp-json\/wp\/v2\/media?parent=34"}],"curies":[{"name":"wp","href":"https:\/\/api.w.org\/{rel}","templated":true}]}}