{"id":37,"date":"2020-11-26T08:08:52","date_gmt":"2020-11-26T08:08:52","guid":{"rendered":"https:\/\/www.roulette.school\/fr\/?page_id=37"},"modified":"2021-11-23T20:37:04","modified_gmt":"2021-11-23T20:37:04","slug":"mentions-legales","status":"publish","type":"page","link":"https:\/\/www.roulette.school\/fr\/mentions-legales\/","title":{"rendered":"Mentions l\u00e9gales"},"content":{"rendered":"<p>Les pr\u00e9sentes conditions encadrent tout aspect l\u00e9gal entre les visiteurs du site Roulette School et son propri\u00e9taire.<\/p>\n<p>Tout utilisateur du site doit accepter ces conditions. Elles sont le contrat entre chaque partie. Vous ne voulez pas accepter ces conditions ? Dans ce cas vous devez quitter le pr\u00e9sent site. Le propri\u00e9taire du site se r\u00e9serve le droit de modifier \u00e0 tout moment le contenu des conditions.<\/p>\n<h2 id=a-propos>Mentions l\u00e9gales<\/h2>\n<div class=\"su-row\"><div class=\"su-column su-column-size-1-2\"><div class=\"su-column-inner su-u-clearfix su-u-trim\">\nLe nom de domaine Roulette School appartient \u00e0 :<br \/>\n<img loading=\"lazy\" decoding=\"async\" src=\"https:\/\/www.roulette.school\/fr\/wp-content\/uploads\/2021\/01\/domaine.jpg\" alt=\"Nom de domaine\" width=\"300\" height=\"140\" class=\"alignnone size-full wp-image-800\" \/><br \/>\nLes pages du site sont au Danemark, chez One.com.<br \/>\n<\/div><\/div>\n<div class=\"su-column su-column-size-1-2\"><div class=\"su-column-inner su-u-clearfix su-u-trim\">\nLe site Roulette School est cibl\u00e9 sur trois pays. Il y a le Canada, l&rsquo;Autriche et l&rsquo;Angleterre. Vous n&rsquo;habitez pas dans l\u2019un de ces pays ? Si tel est le cas on vous prie de quitter notre site. La raison ? On ne peut pas garantir que notre site puisse \u00eatre l\u00e9galement reconnu dans d&rsquo;autres pays.<\/p>\n<p>Les visiteurs du site Roulette School peuvent contacter le propri\u00e9taire du site par e-mail.<br \/>\n<\/div><\/div><\/div>\n<h2 id=prive>Cookies et vie priv\u00e9e<\/h2>\n<p>Le site Roulette School n&rsquo;utilise pas de cookies. Aucune donn\u00e9e n&rsquo;est collect\u00e9e lorsque vous naviguez sur les pages du site Web. Si vous nous envoyez un e-mail ou un courrier postal, vos donn\u00e9es personnelles resteront confidentielles.<\/p>\n<h2>Acc\u00e8s aux services<\/h2>\n<p>Le pr\u00e9sent site est consultable \u00e0 titre gracieux. Les publications et les images du site sont consultables sans aucun frais.<\/p>\n<h2>Propri\u00e9t\u00e9 intellectuelle<\/h2>\n<p>Tout contenu du site Roulette School est li\u00e9 \u00e0 des droits d&rsquo;auteur. Une demande doit \u00eatre faite pour toute copie partielle ou compl\u00e8te de contenu.<\/p>\n<h2>Force majeure<\/h2>\n<p>Les sources du site Roulette School sont fiables. Toutefois le propri\u00e9taire du site se r\u00e9serve le droit de non-garantie. Les infos donn\u00e9es le sont \u00e0 titre informatif. L&rsquo;utilisateur assume \u00e0 lui seul sa navigation sur le site Roulette School. Aucun motif ne peut \u00eatre engag\u00e9 en cas de force majeure. Il en est de m\u00eame pour des faits non pr\u00e9vus ou insurmontables d\u2019un tiers.<\/p>\n<h2>Liens hypertextes<\/h2>\n<p>Les liens hypertextes sortants du site Roulette School n\u2019engagent pas la responsabilit\u00e9 du propri\u00e9taire du nom de domaine.<\/p>\n<p>Conform\u00e9ment \u00e0 la loi le propri\u00e9taire du site vous informe que des liens sortants peuvent \u00eatre li\u00e9s \u00e0 des sites affili\u00e9s de casino \u00e0 distance. Si vous vous inscrivez \u00e0 l&rsquo;un de ces <a href=\"https:\/\/www.roulette.school\/fr\/casino-en-ligne-fiable\/\">sites de casino en ligne<\/a>, le propri\u00e9taire de Roulette School pourra toucher des revenus.<\/p>\n<h2>Dur\u00e9e<\/h2>\n<p>La dur\u00e9e du pr\u00e9sent contrat est ind\u00e9termin\u00e9e. Si vous n\u2019avez pas atteint l\u2019\u00e2ge l\u00e9gal dans votre pays de r\u00e9sidence, o\u00f9 que vous \u00eates sujet \u00e0 une addiction aux jeux d&rsquo;argent, vous devez quitter le pr\u00e9sent site.<\/p>\n<h2>Attitude responsable<\/h2>\n<p>Il faut savoir que si vous jouez de mani\u00e8re compulsive \u00e0 des jeux d&rsquo;argent, vous pourriez vous retrouver dans une situation difficile \u00e0 g\u00e9rer. Les sommes d\u2019argent que vous pourriez engager sur un site de casino en ligne ne doivent pas d\u00e9passer votre budget. Faites aussi attention au surendettement. Si vous engagez de l&rsquo;argent sur un casino en ligne et que vous avez des dettes, arr\u00eatez tout de suite ! Le jeu ne donne pas de garantie de revenus. De plus des pertes d&rsquo;argent au casino ne peuvent jamais \u00eatre r\u00e9cup\u00e9r\u00e9es.<\/p>\n<h2>Jeu compulsif<\/h2>\n<p>On ne conseille pas aux joueurs sensibles de parier de l&rsquo;argent sur des sites de casino. Si vous pensez \u00eatre sujet \u00e0 des risques li\u00e9s aux jeux de hasard, vous devez demander de l\u2019aide tout de suite. En cas de probl\u00e8me il existe des organismes qui peuvent vous aider en toute confidentialit\u00e9.<br \/>\n&nbsp;<\/p>\n","protected":false},"excerpt":{"rendered":"<p>Les pr\u00e9sentes conditions encadrent tout aspect l\u00e9gal entre les visiteurs du site Roulette School et son propri\u00e9taire. Tout utilisateur du<\/p>\n","protected":false},"author":1,"featured_media":0,"parent":0,"menu_order":0,"comment_status":"closed","ping_status":"closed","template":"template-fullwidth.php","meta":{"footnotes":""},"class_list":["post-37","page","type-page","status-publish","hentry"],"yoast_head":"<!-- This site is optimized with the Yoast SEO plugin v27.5 - https:\/\/yoast.com\/product\/yoast-seo-wordpress\/ -->\n<title>\u00c0 Propos | Info L\u00e9gale et Vie Priv\u00e9e sur Roulette School<\/title>\n<meta name=\"description\" content=\"Les mentions l\u00e9gales 2026 de notre site Internet au Canada. Pratique des jeux d&#039;argent en ligne et respect de la vie priv\u00e9e.\" \/>\n<meta name=\"robots\" content=\"index, follow, max-snippet:-1, max-image-preview:large, max-video-preview:-1\" \/>\n<link rel=\"canonical\" href=\"https:\/\/www.roulette.school\/fr\/mentions-legales\/\" \/>\n<meta property=\"og:locale\" content=\"fr_CA\" \/>\n<meta property=\"og:type\" content=\"article\" \/>\n<meta property=\"og:title\" content=\"\u00c0 Propos | Info L\u00e9gale et Vie Priv\u00e9e sur Roulette School\" \/>\n<meta property=\"og:description\" content=\"Les mentions l\u00e9gales 2026 de notre site Internet au Canada. Pratique des jeux d&#039;argent en ligne et respect de la vie priv\u00e9e.\" \/>\n<meta property=\"og:url\" content=\"https:\/\/www.roulette.school\/fr\/mentions-legales\/\" \/>\n<meta property=\"og:site_name\" content=\"Roulette School\" \/>\n<meta property=\"article:modified_time\" content=\"2021-11-23T20:37:04+00:00\" \/>\n<meta property=\"og:image\" content=\"https:\/\/www.roulette.school\/fr\/wp-content\/uploads\/2021\/01\/domaine.jpg\" \/>\n<meta name=\"twitter:card\" content=\"summary_large_image\" \/>\n<meta name=\"twitter:label1\" content=\"Estimation du temps de lecture\" \/>\n\t<meta name=\"twitter:data1\" content=\"3 minutes\" \/>\n<script type=\"application\/ld+json\" class=\"yoast-schema-graph\">{\"@context\":\"https:\\\/\\\/schema.org\",\"@graph\":[{\"@type\":\"WebPage\",\"@id\":\"https:\\\/\\\/www.roulette.school\\\/fr\\\/mentions-legales\\\/\",\"url\":\"https:\\\/\\\/www.roulette.school\\\/fr\\\/mentions-legales\\\/\",\"name\":\"\u00c0 Propos | Info L\u00e9gale et Vie Priv\u00e9e sur Roulette School\",\"isPartOf\":{\"@id\":\"https:\\\/\\\/www.roulette.school\\\/fr\\\/#website\"},\"primaryImageOfPage\":{\"@id\":\"https:\\\/\\\/www.roulette.school\\\/fr\\\/mentions-legales\\\/#primaryimage\"},\"image\":{\"@id\":\"https:\\\/\\\/www.roulette.school\\\/fr\\\/mentions-legales\\\/#primaryimage\"},\"thumbnailUrl\":\"https:\\\/\\\/www.roulette.school\\\/fr\\\/wp-content\\\/uploads\\\/2021\\\/01\\\/domaine.jpg\",\"datePublished\":\"2020-11-26T08:08:52+00:00\",\"dateModified\":\"2021-11-23T20:37:04+00:00\",\"description\":\"Les mentions l\u00e9gales 2026 de notre site Internet au Canada. Pratique des jeux d'argent en ligne et respect de la vie priv\u00e9e.\",\"breadcrumb\":{\"@id\":\"https:\\\/\\\/www.roulette.school\\\/fr\\\/mentions-legales\\\/#breadcrumb\"},\"inLanguage\":\"fr-CA\",\"potentialAction\":[{\"@type\":\"ReadAction\",\"target\":[\"https:\\\/\\\/www.roulette.school\\\/fr\\\/mentions-legales\\\/\"]}]},{\"@type\":\"ImageObject\",\"inLanguage\":\"fr-CA\",\"@id\":\"https:\\\/\\\/www.roulette.school\\\/fr\\\/mentions-legales\\\/#primaryimage\",\"url\":\"https:\\\/\\\/www.roulette.school\\\/fr\\\/wp-content\\\/uploads\\\/2021\\\/01\\\/domaine.jpg\",\"contentUrl\":\"https:\\\/\\\/www.roulette.school\\\/fr\\\/wp-content\\\/uploads\\\/2021\\\/01\\\/domaine.jpg\",\"width\":300,\"height\":140,\"caption\":\"Nom de domaine\"},{\"@type\":\"BreadcrumbList\",\"@id\":\"https:\\\/\\\/www.roulette.school\\\/fr\\\/mentions-legales\\\/#breadcrumb\",\"itemListElement\":[{\"@type\":\"ListItem\",\"position\":1,\"name\":\"Accueil\",\"item\":\"https:\\\/\\\/www.roulette.school\\\/fr\\\/\"},{\"@type\":\"ListItem\",\"position\":2,\"name\":\"Mentions l\u00e9gales\"}]},{\"@type\":\"WebSite\",\"@id\":\"https:\\\/\\\/www.roulette.school\\\/fr\\\/#website\",\"url\":\"https:\\\/\\\/www.roulette.school\\\/fr\\\/\",\"name\":\"Roulette School\",\"description\":\"Roulette Guide\",\"publisher\":{\"@id\":\"https:\\\/\\\/www.roulette.school\\\/fr\\\/#organization\"},\"potentialAction\":[{\"@type\":\"SearchAction\",\"target\":{\"@type\":\"EntryPoint\",\"urlTemplate\":\"https:\\\/\\\/www.roulette.school\\\/fr\\\/?s={search_term_string}\"},\"query-input\":{\"@type\":\"PropertyValueSpecification\",\"valueRequired\":true,\"valueName\":\"search_term_string\"}}],\"inLanguage\":\"fr-CA\"},{\"@type\":\"Organization\",\"@id\":\"https:\\\/\\\/www.roulette.school\\\/fr\\\/#organization\",\"name\":\"Roulette School\",\"url\":\"https:\\\/\\\/www.roulette.school\\\/fr\\\/\",\"logo\":{\"@type\":\"ImageObject\",\"inLanguage\":\"fr-CA\",\"@id\":\"https:\\\/\\\/www.roulette.school\\\/fr\\\/#\\\/schema\\\/logo\\\/image\\\/\",\"url\":\"https:\\\/\\\/www.roulette.school\\\/fr\\\/wp-content\\\/uploads\\\/2021\\\/02\\\/rsl.png\",\"contentUrl\":\"https:\\\/\\\/www.roulette.school\\\/fr\\\/wp-content\\\/uploads\\\/2021\\\/02\\\/rsl.png\",\"width\":350,\"height\":50,\"caption\":\"Roulette School\"},\"image\":{\"@id\":\"https:\\\/\\\/www.roulette.school\\\/fr\\\/#\\\/schema\\\/logo\\\/image\\\/\"}}]}<\/script>\n<!-- \/ Yoast SEO plugin. -->","yoast_head_json":{"title":"\u00c0 Propos | Info L\u00e9gale et Vie Priv\u00e9e sur Roulette School","description":"Les mentions l\u00e9gales 2026 de notre site Internet au Canada. Pratique des jeux d'argent en ligne et respect de la vie priv\u00e9e.","robots":{"index":"index","follow":"follow","max-snippet":"max-snippet:-1","max-image-preview":"max-image-preview:large","max-video-preview":"max-video-preview:-1"},"canonical":"https:\/\/www.roulette.school\/fr\/mentions-legales\/","og_locale":"fr_CA","og_type":"article","og_title":"\u00c0 Propos | Info L\u00e9gale et Vie Priv\u00e9e sur Roulette School","og_description":"Les mentions l\u00e9gales 2026 de notre site Internet au Canada. Pratique des jeux d'argent en ligne et respect de la vie priv\u00e9e.","og_url":"https:\/\/www.roulette.school\/fr\/mentions-legales\/","og_site_name":"Roulette School","article_modified_time":"2021-11-23T20:37:04+00:00","og_image":[{"url":"https:\/\/www.roulette.school\/fr\/wp-content\/uploads\/2021\/01\/domaine.jpg","type":"","width":"","height":""}],"twitter_card":"summary_large_image","twitter_misc":{"Estimation du temps de lecture":"3 minutes"},"schema":{"@context":"https:\/\/schema.org","@graph":[{"@type":"WebPage","@id":"https:\/\/www.roulette.school\/fr\/mentions-legales\/","url":"https:\/\/www.roulette.school\/fr\/mentions-legales\/","name":"\u00c0 Propos | Info L\u00e9gale et Vie Priv\u00e9e sur Roulette School","isPartOf":{"@id":"https:\/\/www.roulette.school\/fr\/#website"},"primaryImageOfPage":{"@id":"https:\/\/www.roulette.school\/fr\/mentions-legales\/#primaryimage"},"image":{"@id":"https:\/\/www.roulette.school\/fr\/mentions-legales\/#primaryimage"},"thumbnailUrl":"https:\/\/www.roulette.school\/fr\/wp-content\/uploads\/2021\/01\/domaine.jpg","datePublished":"2020-11-26T08:08:52+00:00","dateModified":"2021-11-23T20:37:04+00:00","description":"Les mentions l\u00e9gales 2026 de notre site Internet au Canada. Pratique des jeux d'argent en ligne et respect de la vie priv\u00e9e.","breadcrumb":{"@id":"https:\/\/www.roulette.school\/fr\/mentions-legales\/#breadcrumb"},"inLanguage":"fr-CA","potentialAction":[{"@type":"ReadAction","target":["https:\/\/www.roulette.school\/fr\/mentions-legales\/"]}]},{"@type":"ImageObject","inLanguage":"fr-CA","@id":"https:\/\/www.roulette.school\/fr\/mentions-legales\/#primaryimage","url":"https:\/\/www.roulette.school\/fr\/wp-content\/uploads\/2021\/01\/domaine.jpg","contentUrl":"https:\/\/www.roulette.school\/fr\/wp-content\/uploads\/2021\/01\/domaine.jpg","width":300,"height":140,"caption":"Nom de domaine"},{"@type":"BreadcrumbList","@id":"https:\/\/www.roulette.school\/fr\/mentions-legales\/#breadcrumb","itemListElement":[{"@type":"ListItem","position":1,"name":"Accueil","item":"https:\/\/www.roulette.school\/fr\/"},{"@type":"ListItem","position":2,"name":"Mentions l\u00e9gales"}]},{"@type":"WebSite","@id":"https:\/\/www.roulette.school\/fr\/#website","url":"https:\/\/www.roulette.school\/fr\/","name":"Roulette School","description":"Roulette Guide","publisher":{"@id":"https:\/\/www.roulette.school\/fr\/#organization"},"potentialAction":[{"@type":"SearchAction","target":{"@type":"EntryPoint","urlTemplate":"https:\/\/www.roulette.school\/fr\/?s={search_term_string}"},"query-input":{"@type":"PropertyValueSpecification","valueRequired":true,"valueName":"search_term_string"}}],"inLanguage":"fr-CA"},{"@type":"Organization","@id":"https:\/\/www.roulette.school\/fr\/#organization","name":"Roulette School","url":"https:\/\/www.roulette.school\/fr\/","logo":{"@type":"ImageObject","inLanguage":"fr-CA","@id":"https:\/\/www.roulette.school\/fr\/#\/schema\/logo\/image\/","url":"https:\/\/www.roulette.school\/fr\/wp-content\/uploads\/2021\/02\/rsl.png","contentUrl":"https:\/\/www.roulette.school\/fr\/wp-content\/uploads\/2021\/02\/rsl.png","width":350,"height":50,"caption":"Roulette School"},"image":{"@id":"https:\/\/www.roulette.school\/fr\/#\/schema\/logo\/image\/"}}]}},"_links":{"self":[{"href":"https:\/\/www.roulette.school\/fr\/wp-json\/wp\/v2\/pages\/37","targetHints":{"allow":["GET"]}}],"collection":[{"href":"https:\/\/www.roulette.school\/fr\/wp-json\/wp\/v2\/pages"}],"about":[{"href":"https:\/\/www.roulette.school\/fr\/wp-json\/wp\/v2\/types\/page"}],"author":[{"embeddable":true,"href":"https:\/\/www.roulette.school\/fr\/wp-json\/wp\/v2\/users\/1"}],"replies":[{"embeddable":true,"href":"https:\/\/www.roulette.school\/fr\/wp-json\/wp\/v2\/comments?post=37"}],"version-history":[{"count":17,"href":"https:\/\/www.roulette.school\/fr\/wp-json\/wp\/v2\/pages\/37\/revisions"}],"predecessor-version":[{"id":1373,"href":"https:\/\/www.roulette.school\/fr\/wp-json\/wp\/v2\/pages\/37\/revisions\/1373"}],"wp:attachment":[{"href":"https:\/\/www.roulette.school\/fr\/wp-json\/wp\/v2\/media?parent=37"}],"curies":[{"name":"wp","href":"https:\/\/api.w.org\/{rel}","templated":true}]}}