{"id":604,"date":"2020-12-30T02:15:14","date_gmt":"2020-12-30T02:15:14","guid":{"rendered":"https:\/\/www.roulette.school\/fr\/?page_id=604"},"modified":"2021-04-24T03:48:00","modified_gmt":"2021-04-24T03:48:00","slug":"table-du-jeu","status":"publish","type":"page","link":"https:\/\/www.roulette.school\/fr\/table-du-jeu\/","title":{"rendered":"Table du Jeu"},"content":{"rendered":"<div class=\"su-row\"><div class=\"su-column su-column-size-2-3\"><div class=\"su-column-inner su-u-clearfix su-u-trim\">Le mat\u00e9riel \u00e0 la table de la roulette et les annonces du croupier. Dans un casino physique ou sur un casino en ligne, ci-dessous les bases \u00e0 conna\u00eetre vous sont expliqu\u00e9es.<\/div><\/div>\n<div class=\"su-column su-column-size-1-3\"><div class=\"su-column-inner su-u-clearfix su-u-trim\"><img loading=\"lazy\" decoding=\"async\" src=\"https:\/\/www.roulette.school\/fr\/wp-content\/uploads\/2020\/12\/cylindre.jpg\" alt=\"Le cylindre de la roue\" width=\"250\" height=\"120\" class=\"alignnone size-full wp-image-611\" \/><\/div><\/div><\/div>\n<h2>La roue<\/h2>\n<p>La roue du jeu se compose d&rsquo;un cylindre et de ses cases num\u00e9rot\u00e9es. Entre les cases et le rebord de la roue il y a des taquets incrust\u00e9s. Sur le pourtour de la roue il y a une rainure &#8211; c&rsquo;est l\u00e0 que le croupier lance la bille \u00e0 chaque tour. Une fois la bille lanc\u00e9e, elle est \u00e0 pleine vitesse, puis ralentit, et ricoche sur les taquets \u00e0 plusieurs reprises. Finalement elle atterrit sur une case num\u00e9rot\u00e9e.<\/p>\n<h2>Le cylindre<\/h2>\n<p>Le croupier actionne le cylindre pour faire tourner la roue. Au casino ce mouvement est embl\u00e9matique ! \u00c0 chaque tour le croupier fait tourner le cylindre dans un sens, et la bille est lanc\u00e9e dans le sens inverse. Lors du processus au live gaming le bruit de la roue et de la bille cr\u00e9e une ambiance unique.<\/p>\n<h2>La bille<\/h2>\n<div class=\"su-row\"><div class=\"su-column su-column-size-2-3\"><div class=\"su-column-inner su-u-clearfix su-u-trim\">Une fois le cylindre actionn\u00e9, la bille est lanc\u00e9e dans la rainure de la roue. D\u00e8s que la bille ralentit elle ricoche sur les taquets \u00e0 plusieurs reprises, puis elle finit par se loger dans une case num\u00e9rot\u00e9e.<\/p>\n<p>La bille de la roulette est blanche. Toutefois dans certaines salles de jeux VIP il arrive qu&rsquo;elle soit en Or ou en platine massif.<\/div><\/div>\n<div class=\"su-column su-column-size-1-3\"><div class=\"su-column-inner su-u-clearfix su-u-trim\"><img loading=\"lazy\" decoding=\"async\" src=\"https:\/\/www.roulette.school\/fr\/wp-content\/uploads\/2020\/12\/bille.jpg\" alt=\"La bille dans la roue\" width=\"250\" height=\"120\" class=\"alignnone size-full wp-image-612\" \/><\/div><\/div><\/div>\n<h2>Le tapis<\/h2>\n<p>G\u00e9n\u00e9ralement le tapis de la table de jeu est de couleur verte. Cependant, afin de donner une touche moderne, le tapis est parfois de couleur bleue ou rouge. Les num\u00e9ros du tapis, de 1 \u00e0 36, sont dans un rectangle. Le Z\u00e9ro, de couleur verte, et le double Z\u00e9ro \u00e0 la roulette am\u00e9ricaine, se situent sur le haut du rectangle. Les num\u00e9ros se suivent par ligne de trois sur le tapis. Au tour du rectangle il y a les emplacement pour parier sur les chances simples 1:1, et les paris 2:1 (les douzaines).<\/p>\n<h2>Paris internes<\/h2>\n<div class=\"su-row\"><div class=\"su-column su-column-size-2-3\"><div class=\"su-column-inner su-u-clearfix su-u-trim\">Ce sont les paris sur les num\u00e9ros. On peut parier sur un num\u00e9ro unique ou un groupe de num\u00e9ros. Les groupes de num\u00e9ros doivent se toucher, ils sont s\u00e9par\u00e9s par les lignes du rectangle. Les cotes des gains des paris internes varient de 5 \u00e0 35 fois la mise.<\/div><\/div>\n<div class=\"su-column su-column-size-1-3\"><div class=\"su-column-inner su-u-clearfix su-u-trim\"><img loading=\"lazy\" decoding=\"async\" src=\"https:\/\/www.roulette.school\/fr\/wp-content\/uploads\/2020\/12\/miser.jpg\" alt=\"Jetons mis\u00e9s sur des num\u00e9ros\" width=\"250\" height=\"120\" class=\"alignnone size-full wp-image-617\" \/><\/div><\/div><\/div>\n<h2>Paris externes<\/h2>\n<p>Une chance sur deux ! Ou une chance sur trois ! Ce sont les paris autour du rectangle des num\u00e9ros. Il y a les chances simples qui payent 1:1 sur la Couleur, la parit\u00e9, et la hauteur du tapis. Quant aux paris 2:1, ce sont les douzaines (12 num\u00e9ros).<\/p>\n<h2>Les jetons du casino<\/h2>\n<div class=\"su-row\"><div class=\"su-column su-column-size-2-3\"><div class=\"su-column-inner su-u-clearfix su-u-trim\">\u00c0 la roulette de casino on ne mise jamais avec du cash. Dans un casino physique les billets de banque sont \u00e0 changer \u00e0 la caisse du casino. Sur Internet, en tant que client d&rsquo;un <a href=\"https:\/\/www.roulette.school\/fr\/casino-en-ligne-fiable\/\">casino en ligne en argent r\u00e9el<\/a>, l&rsquo;op\u00e9ration se fait \u00e0 l&rsquo;aide d&rsquo;une carte de cr\u00e9dit ou de d\u00e9bit. Les jetons sont de couleurs diff\u00e9rentes afin de diff\u00e9rencier leurs valeurs nominales.<br \/>\n<\/div><\/div>\n<div class=\"su-column su-column-size-1-3\"><div class=\"su-column-inner su-u-clearfix su-u-trim\"><img loading=\"lazy\" decoding=\"async\" src=\"https:\/\/www.roulette.school\/fr\/wp-content\/uploads\/2020\/12\/jetons.jpg\" alt=\"Jetons de la banque au casino\" width=\"250\" height=\"120\" class=\"alignnone size-full wp-image-614\" \/><\/div><\/div><\/div>\n<h2>Les limites de pari<\/h2>\n<p>Chaque roulette a ses limites basses et hautes de paris. Mais pourquoi il y a une limite maximale ? C&rsquo;est pour emp\u00eacher que des joueurs tentent de \u00ab\u00a0faire sauter la banque\u00a0\u00bb avec des <a href=\"https:\/\/www.roulette.school\/fr\/techniques\/\">techniques gagnantes<\/a> qui ont le potentiel de vider les caisses du casino.<\/p>\n<h2>Le r\u00e2teau<\/h2>\n<div class=\"su-row\"><div class=\"su-column su-column-size-2-3\"><div class=\"su-column-inner su-u-clearfix su-u-trim\">C&rsquo;est une longue baguette utilis\u00e9e par le croupier pour d\u00e9placer les jetons sur le tapis. Typiquement c&rsquo;est aux tables VIP qu&rsquo;elle est utilis\u00e9e. Le croupier l&rsquo;utilise pour retirer les mises perdantes pari\u00e9es sur le tapis, et idem que pour payer les gains. La dext\u00e9rit\u00e9 des croupiers fait qu&rsquo;ils arrivent \u00e0 d\u00e9placer les jetons sur le tapis sans m\u00eame les toucher avec les mains. Dans un casino en ligne live le proc\u00e9d\u00e9 est simplifi\u00e9.<\/div><\/div>\n<div class=\"su-column su-column-size-1-3\"><div class=\"su-column-inner su-u-clearfix su-u-trim\">\n<img loading=\"lazy\" decoding=\"async\" src=\"https:\/\/www.roulette.school\/fr\/wp-content\/uploads\/2020\/12\/rateau.jpg\" alt=\"Le r\u00e2teau \u00e0 la roulette VIP\" width=\"250\" height=\"120\" class=\"alignnone size-full wp-image-615\" \/><\/div><\/div><\/div>\n<h2>Les annonces du croupier<\/h2>\n<p>C&rsquo;est tout le prestige du jeu ! Sur un casino en ligne au Canada, ou dans un casino terrestre, les annonces donnent une dimension de luxe. Les annonces les plus iconiques sont :<div class=\"su-row\"><div class=\"su-column su-column-size-1-2\"><div class=\"su-column-inner su-u-clearfix su-u-trim\">\n<ol>\n<li>Faites vos Jeux !<\/li>\n<li>Les Jeux sont Faits !<\/li>\n<li>Rien Ne Va Plus !<\/li>\n<\/ol>\n<\/div><\/div>\n<div class=\"su-column su-column-size-1-2\"><div class=\"su-column-inner su-u-clearfix su-u-trim\">\nLorsque la bille atterrit sur un num\u00e9ro, le croupier fait l&rsquo;annonce du num\u00e9ro gagnant. Il annonce d&rsquo;abord le num\u00e9ro, puis la couleur, la parit\u00e9 et passe ou manque.<\/p>\n<p>Si par exemple le num\u00e9ro 17 est sorti, le croupier dit : LE NUM\u00c9RO 17, NOIR, IMPAIR et MANQUE.<br \/>\n<\/div><\/div><\/div>\n<h2>Historique des num\u00e9ros sortis<\/h2>\n<p>\u00c0 chaque table de jeu les num\u00e9ros sortis s&rsquo;affichent sur un panneau lumineux. Le panneau a deux colonnes : celle de gauche avec les num\u00e9ros rouges, et celle de droite avec les num\u00e9ros noirs. Il est courant d&rsquo;y voir des cycles et des s\u00e9ries gagnantes. Par exemple la Couleur peut sortir cinq fois de suite, un num\u00e9ro apparaitre deux fois de suite, etc. Typiquement, lorsqu&rsquo;un m\u00eame num\u00e9ro sort deux fois de suite, ou une couleur trois fois d&rsquo;affil\u00e9e, il y a de la fr\u00e9n\u00e9sie ! Dans ces moments-l\u00e0 certains joueurs parient souvent de mani\u00e8re folle en faisant ALL-IN &#8211; ils se disent que le num\u00e9ro suivant sera dans la lign\u00e9e des pr\u00e9c\u00e9dents.<br \/>\n&nbsp;<\/p>\n","protected":false},"excerpt":{"rendered":"<p>La roue La roue du jeu se compose d&rsquo;un cylindre et de ses cases num\u00e9rot\u00e9es. Entre les cases et le<\/p>\n","protected":false},"author":1,"featured_media":0,"parent":0,"menu_order":0,"comment_status":"closed","ping_status":"closed","template":"","meta":{"footnotes":""},"class_list":["post-604","page","type-page","status-publish","hentry"],"yoast_head":"<!-- This site is optimized with the Yoast SEO plugin v27.5 - https:\/\/yoast.com\/product\/yoast-seo-wordpress\/ -->\n<title>\u00c0 La Table de Jeu | Le Mat\u00e9riel et Les Annonces \u00e0 La Roulette<\/title>\n<meta name=\"description\" content=\"Les annonces du croupier et le mat\u00e9riel utilis\u00e9 \u00e0 la table de jeu. La roue, le cylindre, le tapis et les jetons.\" \/>\n<meta name=\"robots\" content=\"index, follow, max-snippet:-1, max-image-preview:large, max-video-preview:-1\" \/>\n<link rel=\"canonical\" href=\"https:\/\/www.roulette.school\/fr\/table-du-jeu\/\" \/>\n<meta property=\"og:locale\" content=\"fr_CA\" \/>\n<meta property=\"og:type\" content=\"article\" \/>\n<meta property=\"og:title\" content=\"\u00c0 La Table de Jeu | Le Mat\u00e9riel et Les Annonces \u00e0 La Roulette\" \/>\n<meta property=\"og:description\" content=\"Les annonces du croupier et le mat\u00e9riel utilis\u00e9 \u00e0 la table de jeu. La roue, le cylindre, le tapis et les jetons.\" \/>\n<meta property=\"og:url\" content=\"https:\/\/www.roulette.school\/fr\/table-du-jeu\/\" \/>\n<meta property=\"og:site_name\" content=\"Roulette School\" \/>\n<meta property=\"article:modified_time\" content=\"2021-04-24T03:48:00+00:00\" \/>\n<meta property=\"og:image\" content=\"https:\/\/www.roulette.school\/fr\/wp-content\/uploads\/2020\/12\/cylindre.jpg\" \/>\n<meta name=\"twitter:card\" content=\"summary_large_image\" \/>\n<meta name=\"twitter:label1\" content=\"Estimation du temps de lecture\" \/>\n\t<meta name=\"twitter:data1\" content=\"5 minutes\" \/>\n<script type=\"application\/ld+json\" class=\"yoast-schema-graph\">{\"@context\":\"https:\\\/\\\/schema.org\",\"@graph\":[{\"@type\":\"WebPage\",\"@id\":\"https:\\\/\\\/www.roulette.school\\\/fr\\\/table-du-jeu\\\/\",\"url\":\"https:\\\/\\\/www.roulette.school\\\/fr\\\/table-du-jeu\\\/\",\"name\":\"\u00c0 La Table de Jeu | Le Mat\u00e9riel et Les Annonces \u00e0 La Roulette\",\"isPartOf\":{\"@id\":\"https:\\\/\\\/www.roulette.school\\\/fr\\\/#website\"},\"primaryImageOfPage\":{\"@id\":\"https:\\\/\\\/www.roulette.school\\\/fr\\\/table-du-jeu\\\/#primaryimage\"},\"image\":{\"@id\":\"https:\\\/\\\/www.roulette.school\\\/fr\\\/table-du-jeu\\\/#primaryimage\"},\"thumbnailUrl\":\"https:\\\/\\\/www.roulette.school\\\/fr\\\/wp-content\\\/uploads\\\/2020\\\/12\\\/cylindre.jpg\",\"datePublished\":\"2020-12-30T02:15:14+00:00\",\"dateModified\":\"2021-04-24T03:48:00+00:00\",\"description\":\"Les annonces du croupier et le mat\u00e9riel utilis\u00e9 \u00e0 la table de jeu. La roue, le cylindre, le tapis et les jetons.\",\"breadcrumb\":{\"@id\":\"https:\\\/\\\/www.roulette.school\\\/fr\\\/table-du-jeu\\\/#breadcrumb\"},\"inLanguage\":\"fr-CA\",\"potentialAction\":[{\"@type\":\"ReadAction\",\"target\":[\"https:\\\/\\\/www.roulette.school\\\/fr\\\/table-du-jeu\\\/\"]}]},{\"@type\":\"ImageObject\",\"inLanguage\":\"fr-CA\",\"@id\":\"https:\\\/\\\/www.roulette.school\\\/fr\\\/table-du-jeu\\\/#primaryimage\",\"url\":\"https:\\\/\\\/www.roulette.school\\\/fr\\\/wp-content\\\/uploads\\\/2020\\\/12\\\/cylindre.jpg\",\"contentUrl\":\"https:\\\/\\\/www.roulette.school\\\/fr\\\/wp-content\\\/uploads\\\/2020\\\/12\\\/cylindre.jpg\",\"width\":250,\"height\":120,\"caption\":\"Le cylindre de la roue\"},{\"@type\":\"BreadcrumbList\",\"@id\":\"https:\\\/\\\/www.roulette.school\\\/fr\\\/table-du-jeu\\\/#breadcrumb\",\"itemListElement\":[{\"@type\":\"ListItem\",\"position\":1,\"name\":\"Accueil\",\"item\":\"https:\\\/\\\/www.roulette.school\\\/fr\\\/\"},{\"@type\":\"ListItem\",\"position\":2,\"name\":\"Table du Jeu\"}]},{\"@type\":\"WebSite\",\"@id\":\"https:\\\/\\\/www.roulette.school\\\/fr\\\/#website\",\"url\":\"https:\\\/\\\/www.roulette.school\\\/fr\\\/\",\"name\":\"Roulette School\",\"description\":\"Roulette Guide\",\"publisher\":{\"@id\":\"https:\\\/\\\/www.roulette.school\\\/fr\\\/#organization\"},\"potentialAction\":[{\"@type\":\"SearchAction\",\"target\":{\"@type\":\"EntryPoint\",\"urlTemplate\":\"https:\\\/\\\/www.roulette.school\\\/fr\\\/?s={search_term_string}\"},\"query-input\":{\"@type\":\"PropertyValueSpecification\",\"valueRequired\":true,\"valueName\":\"search_term_string\"}}],\"inLanguage\":\"fr-CA\"},{\"@type\":\"Organization\",\"@id\":\"https:\\\/\\\/www.roulette.school\\\/fr\\\/#organization\",\"name\":\"Roulette School\",\"url\":\"https:\\\/\\\/www.roulette.school\\\/fr\\\/\",\"logo\":{\"@type\":\"ImageObject\",\"inLanguage\":\"fr-CA\",\"@id\":\"https:\\\/\\\/www.roulette.school\\\/fr\\\/#\\\/schema\\\/logo\\\/image\\\/\",\"url\":\"https:\\\/\\\/www.roulette.school\\\/fr\\\/wp-content\\\/uploads\\\/2021\\\/02\\\/rsl.png\",\"contentUrl\":\"https:\\\/\\\/www.roulette.school\\\/fr\\\/wp-content\\\/uploads\\\/2021\\\/02\\\/rsl.png\",\"width\":350,\"height\":50,\"caption\":\"Roulette School\"},\"image\":{\"@id\":\"https:\\\/\\\/www.roulette.school\\\/fr\\\/#\\\/schema\\\/logo\\\/image\\\/\"}}]}<\/script>\n<!-- \/ Yoast SEO plugin. -->","yoast_head_json":{"title":"\u00c0 La Table de Jeu | Le Mat\u00e9riel et Les Annonces \u00e0 La Roulette","description":"Les annonces du croupier et le mat\u00e9riel utilis\u00e9 \u00e0 la table de jeu. La roue, le cylindre, le tapis et les jetons.","robots":{"index":"index","follow":"follow","max-snippet":"max-snippet:-1","max-image-preview":"max-image-preview:large","max-video-preview":"max-video-preview:-1"},"canonical":"https:\/\/www.roulette.school\/fr\/table-du-jeu\/","og_locale":"fr_CA","og_type":"article","og_title":"\u00c0 La Table de Jeu | Le Mat\u00e9riel et Les Annonces \u00e0 La Roulette","og_description":"Les annonces du croupier et le mat\u00e9riel utilis\u00e9 \u00e0 la table de jeu. La roue, le cylindre, le tapis et les jetons.","og_url":"https:\/\/www.roulette.school\/fr\/table-du-jeu\/","og_site_name":"Roulette School","article_modified_time":"2021-04-24T03:48:00+00:00","og_image":[{"url":"https:\/\/www.roulette.school\/fr\/wp-content\/uploads\/2020\/12\/cylindre.jpg","type":"","width":"","height":""}],"twitter_card":"summary_large_image","twitter_misc":{"Estimation du temps de lecture":"5 minutes"},"schema":{"@context":"https:\/\/schema.org","@graph":[{"@type":"WebPage","@id":"https:\/\/www.roulette.school\/fr\/table-du-jeu\/","url":"https:\/\/www.roulette.school\/fr\/table-du-jeu\/","name":"\u00c0 La Table de Jeu | Le Mat\u00e9riel et Les Annonces \u00e0 La Roulette","isPartOf":{"@id":"https:\/\/www.roulette.school\/fr\/#website"},"primaryImageOfPage":{"@id":"https:\/\/www.roulette.school\/fr\/table-du-jeu\/#primaryimage"},"image":{"@id":"https:\/\/www.roulette.school\/fr\/table-du-jeu\/#primaryimage"},"thumbnailUrl":"https:\/\/www.roulette.school\/fr\/wp-content\/uploads\/2020\/12\/cylindre.jpg","datePublished":"2020-12-30T02:15:14+00:00","dateModified":"2021-04-24T03:48:00+00:00","description":"Les annonces du croupier et le mat\u00e9riel utilis\u00e9 \u00e0 la table de jeu. La roue, le cylindre, le tapis et les jetons.","breadcrumb":{"@id":"https:\/\/www.roulette.school\/fr\/table-du-jeu\/#breadcrumb"},"inLanguage":"fr-CA","potentialAction":[{"@type":"ReadAction","target":["https:\/\/www.roulette.school\/fr\/table-du-jeu\/"]}]},{"@type":"ImageObject","inLanguage":"fr-CA","@id":"https:\/\/www.roulette.school\/fr\/table-du-jeu\/#primaryimage","url":"https:\/\/www.roulette.school\/fr\/wp-content\/uploads\/2020\/12\/cylindre.jpg","contentUrl":"https:\/\/www.roulette.school\/fr\/wp-content\/uploads\/2020\/12\/cylindre.jpg","width":250,"height":120,"caption":"Le cylindre de la roue"},{"@type":"BreadcrumbList","@id":"https:\/\/www.roulette.school\/fr\/table-du-jeu\/#breadcrumb","itemListElement":[{"@type":"ListItem","position":1,"name":"Accueil","item":"https:\/\/www.roulette.school\/fr\/"},{"@type":"ListItem","position":2,"name":"Table du Jeu"}]},{"@type":"WebSite","@id":"https:\/\/www.roulette.school\/fr\/#website","url":"https:\/\/www.roulette.school\/fr\/","name":"Roulette School","description":"Roulette Guide","publisher":{"@id":"https:\/\/www.roulette.school\/fr\/#organization"},"potentialAction":[{"@type":"SearchAction","target":{"@type":"EntryPoint","urlTemplate":"https:\/\/www.roulette.school\/fr\/?s={search_term_string}"},"query-input":{"@type":"PropertyValueSpecification","valueRequired":true,"valueName":"search_term_string"}}],"inLanguage":"fr-CA"},{"@type":"Organization","@id":"https:\/\/www.roulette.school\/fr\/#organization","name":"Roulette School","url":"https:\/\/www.roulette.school\/fr\/","logo":{"@type":"ImageObject","inLanguage":"fr-CA","@id":"https:\/\/www.roulette.school\/fr\/#\/schema\/logo\/image\/","url":"https:\/\/www.roulette.school\/fr\/wp-content\/uploads\/2021\/02\/rsl.png","contentUrl":"https:\/\/www.roulette.school\/fr\/wp-content\/uploads\/2021\/02\/rsl.png","width":350,"height":50,"caption":"Roulette School"},"image":{"@id":"https:\/\/www.roulette.school\/fr\/#\/schema\/logo\/image\/"}}]}},"_links":{"self":[{"href":"https:\/\/www.roulette.school\/fr\/wp-json\/wp\/v2\/pages\/604","targetHints":{"allow":["GET"]}}],"collection":[{"href":"https:\/\/www.roulette.school\/fr\/wp-json\/wp\/v2\/pages"}],"about":[{"href":"https:\/\/www.roulette.school\/fr\/wp-json\/wp\/v2\/types\/page"}],"author":[{"embeddable":true,"href":"https:\/\/www.roulette.school\/fr\/wp-json\/wp\/v2\/users\/1"}],"replies":[{"embeddable":true,"href":"https:\/\/www.roulette.school\/fr\/wp-json\/wp\/v2\/comments?post=604"}],"version-history":[{"count":23,"href":"https:\/\/www.roulette.school\/fr\/wp-json\/wp\/v2\/pages\/604\/revisions"}],"predecessor-version":[{"id":1387,"href":"https:\/\/www.roulette.school\/fr\/wp-json\/wp\/v2\/pages\/604\/revisions\/1387"}],"wp:attachment":[{"href":"https:\/\/www.roulette.school\/fr\/wp-json\/wp\/v2\/media?parent=604"}],"curies":[{"name":"wp","href":"https:\/\/api.w.org\/{rel}","templated":true}]}}