{"id":774,"date":"2021-01-18T13:58:49","date_gmt":"2021-01-18T13:58:49","guid":{"rendered":"https:\/\/www.roulette.school\/fr\/?page_id=774"},"modified":"2023-02-05T11:02:24","modified_gmt":"2023-02-05T11:02:24","slug":"plan-du-site","status":"publish","type":"page","link":"https:\/\/www.roulette.school\/fr\/plan-du-site\/","title":{"rendered":"Plan du site"},"content":{"rendered":"<div class=\"su-row\"><div class=\"su-column su-column-size-1-2\"><div class=\"su-column-inner su-u-clearfix su-u-trim\">\n<h2>Pages du guide Roulette School<\/h2>\n<p>Parcourir les pages de notre guide gr\u00e2ce \u00e0 notre plan du site. Ici vous avez un acc\u00e8s rapide \u00e0 nos revues de casino en ligne ainsi qu&rsquo;\u00e0 une pr\u00e9sentation des trois versions de roulette les plus populaires.<br \/>\n&nbsp;<\/p>\n<h3>Les roulettes<\/h3>\n\n<!-- Page-list plugin v.5.9 wordpress.org\/plugins\/page-list\/ -->\n<ul class=\"page-list \">\n<li class=\"page_item page-item-27\"><a href=\"https:\/\/www.roulette.school\/fr\/roulette-americaine\/\">Roulette Am\u00e9ricaine<\/a><\/li>\n<li class=\"page_item page-item-197\"><a href=\"https:\/\/www.roulette.school\/fr\/roulette-europeenne\/\">Roulette Europ\u00e9enne<\/a><\/li>\n<li class=\"page_item page-item-20\"><a href=\"https:\/\/www.roulette.school\/fr\/roulette-francaise\/\">Roulette Fran\u00e7aise<\/a><\/li>\n<li class=\"page_item page-item-2334\"><a href=\"https:\/\/www.roulette.school\/fr\/roulette-mega-moolah\/\">Roulette Mega Moolah<\/a><\/li>\n\n<\/ul>\n<h3>Casinos et infos diverses<\/h3>\n\n<!-- Page-list plugin v.5.9 wordpress.org\/plugins\/page-list\/ -->\n<ul class=\"page-list \">\n<li class=\"page_item page-item-34\"><a href=\"https:\/\/www.roulette.school\/fr\/faq-canada\/\">Aide et FAQ<\/a><\/li>\n<li class=\"page_item page-item-641\"><a href=\"https:\/\/www.roulette.school\/fr\/bonus\/\">Bonus<\/a><\/li>\n<li class=\"page_item page-item-31\"><a href=\"https:\/\/www.roulette.school\/fr\/casino-en-ligne-fiable\/\">Casinos en Ligne Fiables au Canada<\/a><\/li>\n<li class=\"page_item page-item-1903\"><a href=\"https:\/\/www.roulette.school\/fr\/jeux-de-casino-sur-android\/\">Jeux de Casino sur Android<\/a><\/li>\n<li class=\"page_item page-item-1976\"><a href=\"https:\/\/www.roulette.school\/fr\/jeux-de-casino-sur-iphone-et-ipad\/\">Jeux de Casino sur iPhone et iPad<\/a><\/li>\n<li class=\"page_item page-item-1952\"><a href=\"https:\/\/www.roulette.school\/fr\/jeux-de-casino-sur-mac\/\">Jeux de Casino sur Mac<\/a><\/li>\n<li class=\"page_item page-item-1942\"><a href=\"https:\/\/www.roulette.school\/fr\/jeux-de-casino-windows\/\">Jeux de Casino sur Windows<\/a><\/li>\n<li class=\"page_item page-item-79\"><a href=\"https:\/\/www.roulette.school\/fr\/logiciel\/\">Logiciel<\/a><\/li>\n<li class=\"page_item page-item-2515\"><a href=\"https:\/\/www.roulette.school\/fr\/meilleurs-casinos-en-ligne-au-monde\/\">Meilleurs Casinos en Ligne au Monde<\/a><\/li>\n<li class=\"page_item page-item-37\"><a href=\"https:\/\/www.roulette.school\/fr\/mentions-legales\/\">Mentions l\u00e9gales<\/a><\/li>\n<li class=\"page_item page-item-604\"><a href=\"https:\/\/www.roulette.school\/fr\/table-du-jeu\/\">Table du Jeu<\/a><\/li>\n<li class=\"page_item page-item-56\"><a href=\"https:\/\/www.roulette.school\/fr\/techniques\/\">Techniques<\/a><\/li>\n\n<\/ul>\n<\/div><\/div>\n<div class=\"su-column su-column-size-1-2\"><div class=\"su-column-inner su-u-clearfix su-u-trim\">\n<h2>L&rsquo;actualit\u00e9 de Roulette School<\/h2>\n<p>En consultant nos articles vous pourrez obtenir des offres uniques au Canada. Vous y verrez aussi des trucs et des astuces sur les meilleures fa\u00e7ons de jouer au casino en ligne.<br \/>\n&nbsp;<br \/>\n\n\n<div class=\"su-posts su-posts-default-loop \">\n\n\t\n\t\t\t\t\t\n\t\t\t\n\t\t\t<div id=\"su-post-3123\" class=\"su-post \">\n\n\t\t\t\t\n\t\t\t\t<h2 class=\"su-post-title\"><a href=\"https:\/\/www.roulette.school\/fr\/fireball-roulette-paris-direct\/\">Fireball Roulette : Paris en Direct et Gains de 2500x La Mise<\/a><\/h2>\n\n\t\t\t\t<div class=\"su-post-meta\">\n\t\t\t\t\tPosted: 10 f\u00e9vrier 2026\t\t\t\t<\/div>\n\n\t\t\t\t<div class=\"su-post-excerpt\">\n\t\t\t\t\t<p>Voici une roulette de casino en direct qui attire les amateurs de slot machines et de jeux de roulette classique.<\/p>\n\t\t\t\t<\/div>\n\n\t\t\t\t\n\t\t\t<\/div>\n\n\t\t\t\t\t\n\t\t\t\n\t\t\t<div id=\"su-post-3086\" class=\"su-post \">\n\n\t\t\t\t\n\t\t\t\t<h2 class=\"su-post-title\"><a href=\"https:\/\/www.roulette.school\/fr\/double-ball-roulette\/\">Double Ball Roulette : 2 Fois plus d\u2019Action pour les Joueurs<\/a><\/h2>\n\n\t\t\t\t<div class=\"su-post-meta\">\n\t\t\t\t\tPosted: 3 D\u00e9cembre 2025\t\t\t\t<\/div>\n\n\t\t\t\t<div class=\"su-post-excerpt\">\n\t\t\t\t\t<p>Voici une roulette de casino aussi originale qu&rsquo;excitante : elle se joue avec deux billes au lieu d&rsquo;une.<\/p>\n\t\t\t\t<\/div>\n\n\t\t\t\t\n\t\t\t<\/div>\n\n\t\t\t\t\t\n\t\t\t\n\t\t\t<div id=\"su-post-3072\" class=\"su-post \">\n\n\t\t\t\t\n\t\t\t\t<h2 class=\"su-post-title\"><a href=\"https:\/\/www.roulette.school\/fr\/kahnawake-gaming-commission-equite-jeu\/\">Kahnawake Gaming Commission : \u00c9quit\u00e9 et Jeu Responsable<\/a><\/h2>\n\n\t\t\t\t<div class=\"su-post-meta\">\n\t\t\t\t\tPosted: 5 septembre 2025\t\t\t\t<\/div>\n\n\t\t\t\t<div class=\"su-post-excerpt\">\n\t\t\t\t\t<p>La KGC garantit des jeux \u00e9quitables et des casinos en ligne fiables. D\u00e9couvrez son r\u00f4le, ses contr\u00f4les techniques et ses op\u00e9rateurs certifi\u00e9s.<\/p>\n\t\t\t\t<\/div>\n\n\t\t\t\t\n\t\t\t<\/div>\n\n\t\t\n\t\n<\/div>\n\n<hr>\n<p>Gr\u00e2ce \u00e0 nos News vous allez pouvoir mieux comprendre comment fonctionnent les jeux de casino \u00e0 distance. Roulette School, c&rsquo;est un guide expert de roulettes et de jeux de casino en ligne.<\/p>\n<p>Donnez votre avis sur nos articles de presse ? Vous pouvez le faire via les formulaires de saisie pr\u00e9vus \u00e0 cet effet.<\/em><br \/>\n<\/div><\/div><\/div>\n&nbsp;<\/p>\n","protected":false},"excerpt":{"rendered":"<p>&nbsp;<\/p>\n","protected":false},"author":1,"featured_media":0,"parent":0,"menu_order":0,"comment_status":"closed","ping_status":"closed","template":"template-fullwidth.php","meta":{"footnotes":""},"class_list":["post-774","page","type-page","status-publish","hentry"],"yoast_head":"<!-- This site is optimized with the Yoast SEO plugin v27.5 - https:\/\/yoast.com\/product\/yoast-seo-wordpress\/ -->\n<title>Plan du Guide Roulette School au Canada en 2026<\/title>\n<meta name=\"description\" content=\"Pages du guide Roulette School au Canada. Navigation sur le site de roulette via le plan du site. Acc\u00e8s aux articles les plus r\u00e9cents.\" \/>\n<meta name=\"robots\" content=\"index, follow, max-snippet:-1, max-image-preview:large, max-video-preview:-1\" \/>\n<link rel=\"canonical\" href=\"https:\/\/www.roulette.school\/fr\/plan-du-site\/\" \/>\n<meta property=\"og:locale\" content=\"fr_CA\" \/>\n<meta property=\"og:type\" content=\"article\" \/>\n<meta property=\"og:title\" content=\"Plan du Guide Roulette School au Canada en 2026\" \/>\n<meta property=\"og:description\" content=\"Pages du guide Roulette School au Canada. Navigation sur le site de roulette via le plan du site. Acc\u00e8s aux articles les plus r\u00e9cents.\" \/>\n<meta property=\"og:url\" content=\"https:\/\/www.roulette.school\/fr\/plan-du-site\/\" \/>\n<meta property=\"og:site_name\" content=\"Roulette School\" \/>\n<meta property=\"article:modified_time\" content=\"2023-02-05T11:02:24+00:00\" \/>\n<meta name=\"twitter:card\" content=\"summary_large_image\" \/>\n<meta name=\"twitter:label1\" content=\"Estimation du temps de lecture\" \/>\n\t<meta name=\"twitter:data1\" content=\"1 minute\" \/>\n<script type=\"application\/ld+json\" class=\"yoast-schema-graph\">{\"@context\":\"https:\\\/\\\/schema.org\",\"@graph\":[{\"@type\":\"WebPage\",\"@id\":\"https:\\\/\\\/www.roulette.school\\\/fr\\\/plan-du-site\\\/\",\"url\":\"https:\\\/\\\/www.roulette.school\\\/fr\\\/plan-du-site\\\/\",\"name\":\"Plan du Guide Roulette School au Canada en 2026\",\"isPartOf\":{\"@id\":\"https:\\\/\\\/www.roulette.school\\\/fr\\\/#website\"},\"datePublished\":\"2021-01-18T13:58:49+00:00\",\"dateModified\":\"2023-02-05T11:02:24+00:00\",\"description\":\"Pages du guide Roulette School au Canada. Navigation sur le site de roulette via le plan du site. Acc\u00e8s aux articles les plus r\u00e9cents.\",\"breadcrumb\":{\"@id\":\"https:\\\/\\\/www.roulette.school\\\/fr\\\/plan-du-site\\\/#breadcrumb\"},\"inLanguage\":\"fr-CA\",\"potentialAction\":[{\"@type\":\"ReadAction\",\"target\":[\"https:\\\/\\\/www.roulette.school\\\/fr\\\/plan-du-site\\\/\"]}]},{\"@type\":\"BreadcrumbList\",\"@id\":\"https:\\\/\\\/www.roulette.school\\\/fr\\\/plan-du-site\\\/#breadcrumb\",\"itemListElement\":[{\"@type\":\"ListItem\",\"position\":1,\"name\":\"Accueil\",\"item\":\"https:\\\/\\\/www.roulette.school\\\/fr\\\/\"},{\"@type\":\"ListItem\",\"position\":2,\"name\":\"Plan du site\"}]},{\"@type\":\"WebSite\",\"@id\":\"https:\\\/\\\/www.roulette.school\\\/fr\\\/#website\",\"url\":\"https:\\\/\\\/www.roulette.school\\\/fr\\\/\",\"name\":\"Roulette School\",\"description\":\"Roulette Guide\",\"publisher\":{\"@id\":\"https:\\\/\\\/www.roulette.school\\\/fr\\\/#organization\"},\"potentialAction\":[{\"@type\":\"SearchAction\",\"target\":{\"@type\":\"EntryPoint\",\"urlTemplate\":\"https:\\\/\\\/www.roulette.school\\\/fr\\\/?s={search_term_string}\"},\"query-input\":{\"@type\":\"PropertyValueSpecification\",\"valueRequired\":true,\"valueName\":\"search_term_string\"}}],\"inLanguage\":\"fr-CA\"},{\"@type\":\"Organization\",\"@id\":\"https:\\\/\\\/www.roulette.school\\\/fr\\\/#organization\",\"name\":\"Roulette School\",\"url\":\"https:\\\/\\\/www.roulette.school\\\/fr\\\/\",\"logo\":{\"@type\":\"ImageObject\",\"inLanguage\":\"fr-CA\",\"@id\":\"https:\\\/\\\/www.roulette.school\\\/fr\\\/#\\\/schema\\\/logo\\\/image\\\/\",\"url\":\"https:\\\/\\\/www.roulette.school\\\/fr\\\/wp-content\\\/uploads\\\/2021\\\/02\\\/rsl.png\",\"contentUrl\":\"https:\\\/\\\/www.roulette.school\\\/fr\\\/wp-content\\\/uploads\\\/2021\\\/02\\\/rsl.png\",\"width\":350,\"height\":50,\"caption\":\"Roulette School\"},\"image\":{\"@id\":\"https:\\\/\\\/www.roulette.school\\\/fr\\\/#\\\/schema\\\/logo\\\/image\\\/\"}}]}<\/script>\n<!-- \/ Yoast SEO plugin. -->","yoast_head_json":{"title":"Plan du Guide Roulette School au Canada en 2026","description":"Pages du guide Roulette School au Canada. Navigation sur le site de roulette via le plan du site. Acc\u00e8s aux articles les plus r\u00e9cents.","robots":{"index":"index","follow":"follow","max-snippet":"max-snippet:-1","max-image-preview":"max-image-preview:large","max-video-preview":"max-video-preview:-1"},"canonical":"https:\/\/www.roulette.school\/fr\/plan-du-site\/","og_locale":"fr_CA","og_type":"article","og_title":"Plan du Guide Roulette School au Canada en 2026","og_description":"Pages du guide Roulette School au Canada. Navigation sur le site de roulette via le plan du site. Acc\u00e8s aux articles les plus r\u00e9cents.","og_url":"https:\/\/www.roulette.school\/fr\/plan-du-site\/","og_site_name":"Roulette School","article_modified_time":"2023-02-05T11:02:24+00:00","twitter_card":"summary_large_image","twitter_misc":{"Estimation du temps de lecture":"1 minute"},"schema":{"@context":"https:\/\/schema.org","@graph":[{"@type":"WebPage","@id":"https:\/\/www.roulette.school\/fr\/plan-du-site\/","url":"https:\/\/www.roulette.school\/fr\/plan-du-site\/","name":"Plan du Guide Roulette School au Canada en 2026","isPartOf":{"@id":"https:\/\/www.roulette.school\/fr\/#website"},"datePublished":"2021-01-18T13:58:49+00:00","dateModified":"2023-02-05T11:02:24+00:00","description":"Pages du guide Roulette School au Canada. Navigation sur le site de roulette via le plan du site. Acc\u00e8s aux articles les plus r\u00e9cents.","breadcrumb":{"@id":"https:\/\/www.roulette.school\/fr\/plan-du-site\/#breadcrumb"},"inLanguage":"fr-CA","potentialAction":[{"@type":"ReadAction","target":["https:\/\/www.roulette.school\/fr\/plan-du-site\/"]}]},{"@type":"BreadcrumbList","@id":"https:\/\/www.roulette.school\/fr\/plan-du-site\/#breadcrumb","itemListElement":[{"@type":"ListItem","position":1,"name":"Accueil","item":"https:\/\/www.roulette.school\/fr\/"},{"@type":"ListItem","position":2,"name":"Plan du site"}]},{"@type":"WebSite","@id":"https:\/\/www.roulette.school\/fr\/#website","url":"https:\/\/www.roulette.school\/fr\/","name":"Roulette School","description":"Roulette Guide","publisher":{"@id":"https:\/\/www.roulette.school\/fr\/#organization"},"potentialAction":[{"@type":"SearchAction","target":{"@type":"EntryPoint","urlTemplate":"https:\/\/www.roulette.school\/fr\/?s={search_term_string}"},"query-input":{"@type":"PropertyValueSpecification","valueRequired":true,"valueName":"search_term_string"}}],"inLanguage":"fr-CA"},{"@type":"Organization","@id":"https:\/\/www.roulette.school\/fr\/#organization","name":"Roulette School","url":"https:\/\/www.roulette.school\/fr\/","logo":{"@type":"ImageObject","inLanguage":"fr-CA","@id":"https:\/\/www.roulette.school\/fr\/#\/schema\/logo\/image\/","url":"https:\/\/www.roulette.school\/fr\/wp-content\/uploads\/2021\/02\/rsl.png","contentUrl":"https:\/\/www.roulette.school\/fr\/wp-content\/uploads\/2021\/02\/rsl.png","width":350,"height":50,"caption":"Roulette School"},"image":{"@id":"https:\/\/www.roulette.school\/fr\/#\/schema\/logo\/image\/"}}]}},"_links":{"self":[{"href":"https:\/\/www.roulette.school\/fr\/wp-json\/wp\/v2\/pages\/774","targetHints":{"allow":["GET"]}}],"collection":[{"href":"https:\/\/www.roulette.school\/fr\/wp-json\/wp\/v2\/pages"}],"about":[{"href":"https:\/\/www.roulette.school\/fr\/wp-json\/wp\/v2\/types\/page"}],"author":[{"embeddable":true,"href":"https:\/\/www.roulette.school\/fr\/wp-json\/wp\/v2\/users\/1"}],"replies":[{"embeddable":true,"href":"https:\/\/www.roulette.school\/fr\/wp-json\/wp\/v2\/comments?post=774"}],"version-history":[{"count":20,"href":"https:\/\/www.roulette.school\/fr\/wp-json\/wp\/v2\/pages\/774\/revisions"}],"predecessor-version":[{"id":2420,"href":"https:\/\/www.roulette.school\/fr\/wp-json\/wp\/v2\/pages\/774\/revisions\/2420"}],"wp:attachment":[{"href":"https:\/\/www.roulette.school\/fr\/wp-json\/wp\/v2\/media?parent=774"}],"curies":[{"name":"wp","href":"https:\/\/api.w.org\/{rel}","templated":true}]}}