{"id":79,"date":"2020-11-27T09:20:58","date_gmt":"2020-11-27T09:20:58","guid":{"rendered":"https:\/\/www.roulette.school\/fr\/?page_id=79"},"modified":"2025-12-03T05:28:23","modified_gmt":"2025-12-03T05:28:23","slug":"logiciel","status":"publish","type":"page","link":"https:\/\/www.roulette.school\/fr\/logiciel\/","title":{"rendered":"Logiciel"},"content":{"rendered":"<p>Les logiciels de roulette, il y en a beaucoup sur Internet. On en trouve de toutes sortes, et il y en a qui sont d&rsquo;une r\u00e9ussite absolue. C&rsquo;est notamment le cas avec les marques Microgaming, Switch Studios et Evolution Gaming. Avec ce trio de t\u00eate vous jouerez en ligne \u00e0 la roulette comme dans un vrai casino. Ces marques, adapt\u00e9es au Web, ont des options d\u00e9mos donnant acc\u00e8s \u00e0 la roulette gratuite. Au lieu de jouer avec du vrai argent vous jouez avec des jetons fictifs. En argent r\u00e9el ces r\u00e9f\u00e9rences sont les plus s\u00e9rieuses du secteur.<br \/>\n<div class=\"su-divider su-divider-style-dotted\" style=\"margin:30px 0;border-width:3px;border-color:#6c1616\"><\/div>\n<h2>#1. Microgaming<\/h2>\n<div class=\"su-row\"><div class=\"su-column su-column-size-3-5\"><div class=\"su-column-inner su-u-clearfix su-u-trim\">Le groupe <strong>Microgaming<\/strong>, d\u00e9sormais int\u00e9gr\u00e9 au groupe <strong>Games Global<\/strong>, est le leader mondial des roulettes en ligne. La soci\u00e9t\u00e9 met \u00e0 disposition de ses casinos affili\u00e9s un logiciel haut de gamme. Avec le support du groupe <strong>On Air Entertainment<\/strong>, le site Microgaming le plus r\u00e9ussi est <strong>Gaming Club<\/strong>. D&rsquo;ailleurs, la salle de jeux est l&rsquo;une des plus aim\u00e9es dans le domaine des <a href=\"https:\/\/www.roulette.school\/fr\/jeux-de-casino-sur-android\/\">casinos sur Android<\/a>.<\/p>\n<p>Les jeux en live ou en instant Play de Gaming Club sont nombreux.<\/p>\n<p>Class\u00e9 au top sur de nombreux guides de <a href=\"https:\/\/www.roulette.school\/fr\/casino-en-ligne-fiable\/\">casinos en ligne au Canada<\/a>, Gaming Club a la confiance des joueurs.<\/div><\/div>\n<div class=\"su-column su-column-size-2-5\"><div class=\"su-column-inner su-u-clearfix su-u-trim\"><a class=\"add\" href=\"https:\/\/www.gamingclub.com\/ca\/fr\/?s=wgs16120&#038;a=bfpadid130369\" rel=\"noopener\" target=\"_blank\"><img loading=\"lazy\" decoding=\"async\" src=\"https:\/\/www.roulette.school\/fr\/wp-content\/uploads\/2021\/01\/logiciel-microgaming.jpg\" alt=\"Gaming Club et son logiciel Microgaming\" width=\"450\" height=\"270\" class=\"size-full wp-image-891\" srcset=\"https:\/\/www.roulette.school\/fr\/wp-content\/uploads\/2021\/01\/logiciel-microgaming.jpg 450w, https:\/\/www.roulette.school\/fr\/wp-content\/uploads\/2021\/01\/logiciel-microgaming-300x180.jpg 300w\" sizes=\"auto, (max-width: 450px) 100vw, 450px\" \/><br \/>\nJOUER CHEZ GAMING CLUB<\/a><\/div><\/div><\/div>\n<div class=\"su-divider su-divider-style-dotted\" style=\"margin:30px 0;border-width:3px;border-color:#6c1616\"><\/div>\n<h2>#2. Switch Studios<\/h2>\n<div class=\"su-row\"><div class=\"su-column su-column-size-3-5\"><div class=\"su-column-inner su-u-clearfix su-u-trim\">Les jeux de Switch Studios am\u00e8nent des nouvelles fa\u00e7ons de gagner gros aux roulettes de casino. Des titres stars de la soci\u00e9t\u00e9 offrent des chances de gagner 2500x la valeur de chaque jeton jou\u00e9.<\/p>\n<p>Le jeu le plus impressionnant de Switch Studios est <a href=\"https:\/\/www.roulette.school\/fr\/roulette-mega-moolah\/\">Roulette Mega Moolah<\/a>. \u00c0 chaque ronde du jeu il y a des chances de remporter des millions de dollars en cash.<\/p>\n<p>Les jeux de Switch Studios sont au catalogue de <strong>Villento Casino<\/strong>, un site taill\u00e9 sur mesure pour jouer sur <a href=\"https:\/\/www.roulette.school\/fr\/jeux-de-casino-sur-iphone-et-ipad\/\">iPhone et iPad<\/a>.<\/div><\/div>\n<div class=\"su-column su-column-size-2-5\"><div class=\"su-column-inner su-u-clearfix su-u-trim\"><a class=\"add\" href=\"https:\/\/iredirect.net\/referral\/?site=vlv&#038;lang=fr&#038;aff_id=aff100309\" rel=\"noopener\" target=\"_blank\"><img loading=\"lazy\" decoding=\"async\" src=\"https:\/\/www.roulette.school\/fr\/wp-content\/uploads\/2023\/02\/switch-casino.jpg\" alt=\"Switch Studios Villento Casino\" width=\"450\" height=\"270\" class=\"size-full wp-image-2434\" srcset=\"https:\/\/www.roulette.school\/fr\/wp-content\/uploads\/2023\/02\/switch-casino.jpg 450w, https:\/\/www.roulette.school\/fr\/wp-content\/uploads\/2023\/02\/switch-casino-300x180.jpg 300w\" sizes=\"auto, (max-width: 450px) 100vw, 450px\" \/><br \/>\nJOUER CHEZ VILLENTO CASINO<\/a><\/div><\/div><\/div>\n<div class=\"su-divider su-divider-style-dotted\" style=\"margin:30px 0;border-width:3px;border-color:#6c1616\"><\/div>\n<h2>#3. Evolution Gaming<\/h2>\n<div class=\"su-row\"><div class=\"su-column su-column-size-3-5\"><div class=\"su-column-inner su-u-clearfix su-u-trim\">La soci\u00e9t\u00e9 Evolution est omnipr\u00e9sente sur les casinos en ligne. Fond\u00e9e en 2006, elle est d\u00e9di\u00e9e aux jeux en live avec croupier. Elle s&rsquo;est impos\u00e9e comme la r\u00e9f\u00e9rence ultime des salles de jeux en immersion. La roulette, le blackjack et le baccarat sont les fers de lance de l&rsquo;entreprise. 7\/24, des dizaines de tables de jeux re\u00e7oivent les clients des sites de casino Evolution Gaming. Le choix est vaste, autant sur les limites de paris que sur le style de table que vous pourriez pr\u00e9f\u00e9rer.<\/p>\n<p>Les tables VIP de la salle de jeux sont impressionnantes. Voir ce qui s&rsquo;y passe cr\u00e9e des sacr\u00e9es \u00e9motions. Le site le plus repr\u00e9sentatif d&rsquo;Evolution Gaming est <strong>Spin Casino<\/strong>, un g\u00e9ant du Web.<br \/>\n<\/div><\/div>\n<div class=\"su-column su-column-size-2-5\"><div class=\"su-column-inner su-u-clearfix su-u-trim\"><a class=\"add\" href=\"https:\/\/www.spincasino.com\/fr\/ca\/?s=wgs16120&#038;a=bfpadid130369\" rel=\"noopener\" target=\"_blank\"><img loading=\"lazy\" decoding=\"async\" src=\"https:\/\/www.roulette.school\/fr\/wp-content\/uploads\/2021\/01\/spin-casino.jpg\" alt=\"Spin Casino roulette en ligne\" width=\"450\" height=\"270\" class=\"size-full wp-image-890\" srcset=\"https:\/\/www.roulette.school\/fr\/wp-content\/uploads\/2021\/01\/spin-casino.jpg 450w, https:\/\/www.roulette.school\/fr\/wp-content\/uploads\/2021\/01\/spin-casino-300x180.jpg 300w\" sizes=\"auto, (max-width: 450px) 100vw, 450px\" \/><br \/>\nJOUER CHEZ SPIN CASINO<\/a><\/div><\/div><\/div>\n<div class=\"su-divider su-divider-style-dotted\" style=\"margin:30px 0;border-width:3px;border-color:#6c1616\"><\/div>\n<h2>#4. NetEnt<\/h2>\n<div class=\"su-row\"><div class=\"su-column su-column-size-3-5\"><div class=\"su-column-inner su-u-clearfix su-u-trim\">NetEnt est le cr\u00e9ateur de jeux de casino qui s&rsquo;est fait le plus remarquer cette d\u00e9cennie. Actif depuis 1996, l&rsquo;entreprise a toujours eu la volont\u00e9 de proposer des jeux au graphisme tr\u00e8s soign\u00e9. La gamme de jeux mise \u00e0 disposition des joueurs est quantitative et qualitative.<\/p>\n<p>Les roulettes NetEnt sont jouables en plusieurs versions, on y trouve m\u00eame <a href=\"https:\/\/www.roulette.school\/fr\/roulette-francaise\/\">la roulette fran\u00e7aise<\/a>. L&rsquo;un des sites NetEnt les plus embl\u00e9matique est Leo Vegas. Ce site Web est sp\u00e9cialement con\u00e7u pour les mobiles. Sachant que de plus en plus de joueurs pr\u00e9f\u00e8rent jouer depuis leurs smartphones, le duo NetEnt et Leo Vegas est promu \u00e0 un bel avenir.<\/div><\/div>\n<div class=\"su-column su-column-size-2-5\"><div class=\"su-column-inner su-u-clearfix su-u-trim\"><a class=\"add\" href=\"https:\/\/www.leovegas.com\/fr-ca\/\" rel=\"noopener\" target=\"_blank\"><img loading=\"lazy\" decoding=\"async\" src=\"https:\/\/www.roulette.school\/fr\/wp-content\/uploads\/2021\/01\/netent-vegas.jpg\" alt=\"NetEnt Logiciel de Leo Vegas\" width=\"450\" height=\"270\" class=\"size-full wp-image-889\" srcset=\"https:\/\/www.roulette.school\/fr\/wp-content\/uploads\/2021\/01\/netent-vegas.jpg 450w, https:\/\/www.roulette.school\/fr\/wp-content\/uploads\/2021\/01\/netent-vegas-300x180.jpg 300w\" sizes=\"auto, (max-width: 450px) 100vw, 450px\" \/><br \/>\nJOUER CHEZ LEO VEGAS<\/a><\/div><\/div><\/div>\n<div class=\"su-divider su-divider-style-dotted\" style=\"margin:30px 0;border-width:3px;border-color:#6c1616\"><\/div>\n<h2>Logiciel sur PC<\/h2>\n<p>Sur ordinateur des sites de casino ont un logiciel \u00e0 t\u00e9l\u00e9charger et installer. Le logiciel sur PC, c&rsquo;est recommand\u00e9 ? Si vous donnez la priorit\u00e9 aux d\u00e9tails et au confort, oui. En effet, que ce soit pour la roulette ou tout autre jeu de casino, le logiciel du casino utilise les ressources de votre machine pour booster les temps de r\u00e9ponse des jeux. De plus au niveau graphique c&rsquo;est un grand plus. Utiliser les options de paris est bien plus facile ! Cela \u00e9vite de faire des erreurs de manipulation du fait que l&rsquo;espace de jeu est plus grand. \u00c0 ce jour, selon les tests faits sur Roulette School, le site le plus performant \u00e0 t\u00e9l\u00e9charger est <strong>Casino Action<\/strong>. Li\u00e9 au label Microgaming, le logiciel du casino a largement fait ses preuves.<\/p>\n<h2>Logiciel sur Mac<\/h2>\n<p>Les utilisateurs Mac doivent se contenter des roulettes en instant Play. Il n&rsquo;existe pas de casino en ligne fiable \u00e0 t\u00e9l\u00e9charger sur les Mac. Ce n&rsquo;est pas un probl\u00e8me ! Il y a beaucoup de sites de casino qui ont des jeux en instant Play. Ces sites Web sont reconnus par l&rsquo;environnement Apple. Typiquement, Casino Action, cit\u00e9 pr\u00e9c\u00e9demment, fait partie de ces sites de casino.<\/p>\n<h2>Logiciel sur mobile et tablette<\/h2>\n<p>Sur les appareils mobiles il y a deux fa\u00e7ons de jouer. On joue depuis le navigateur ou avec une App. Avec les applications, le choix est tr\u00e8s limit\u00e9. Selon dans quel pays o\u00f9 vous habitez, il est possible que vous ne trouviez pas d&rsquo;App fiable. La raison est que certains \u00c9tats n&rsquo;autorisent pas les op\u00e9rateurs de casino \u00e0 d\u00e9ployer leurs activit\u00e9s sur App. Vous \u00eates un branch\u00e9 des App ? Si oui, le mieux \u00e0 faire est que vous fassiez des recherches sur vos plateformes favorites. Tout bien pes\u00e9, avec un smartphone ou une tablette le meilleur choix est de se tourner sur un casino en ligne instant Play. Pour jouer au casino \u00e0 distance, c&rsquo;est recommand\u00e9. De plus les sites de casino mobile les mieux r\u00e9ussis sont calibr\u00e9s au pixel pr\u00e8s.<\/p>\n","protected":false},"excerpt":{"rendered":"<p>Les logiciels de roulette, il y en a beaucoup sur Internet. On en trouve de toutes sortes, et il y<\/p>\n","protected":false},"author":1,"featured_media":0,"parent":0,"menu_order":0,"comment_status":"closed","ping_status":"closed","template":"template-fullwidth.php","meta":{"footnotes":""},"class_list":["post-79","page","type-page","status-publish","hentry"],"yoast_head":"<!-- This site is optimized with the Yoast SEO plugin v27.5 - https:\/\/yoast.com\/product\/yoast-seo-wordpress\/ -->\n<title>Logiciel de Roulette pour Jouer en Ligne sur PC et Mobile<\/title>\n<meta name=\"description\" content=\"Le meilleur logiciel de roulette pour jouer au casino en ligne. Sur PC, Mac, tablette et mobile, opter pour le top des plus grandes marques.\" \/>\n<meta name=\"robots\" content=\"index, follow, max-snippet:-1, max-image-preview:large, max-video-preview:-1\" \/>\n<link rel=\"canonical\" href=\"https:\/\/www.roulette.school\/fr\/logiciel\/\" \/>\n<meta property=\"og:locale\" content=\"fr_CA\" \/>\n<meta property=\"og:type\" content=\"article\" \/>\n<meta property=\"og:title\" content=\"Logiciel de Roulette pour Jouer en Ligne sur PC et Mobile\" \/>\n<meta property=\"og:description\" content=\"Le meilleur logiciel de roulette pour jouer au casino en ligne. Sur PC, Mac, tablette et mobile, opter pour le top des plus grandes marques.\" \/>\n<meta property=\"og:url\" content=\"https:\/\/www.roulette.school\/fr\/logiciel\/\" \/>\n<meta property=\"og:site_name\" content=\"Roulette School\" \/>\n<meta property=\"article:modified_time\" content=\"2025-12-03T05:28:23+00:00\" \/>\n<meta property=\"og:image\" content=\"https:\/\/www.roulette.school\/fr\/wp-content\/uploads\/2021\/01\/logiciel-microgaming.jpg\" \/>\n\t<meta property=\"og:image:width\" content=\"450\" \/>\n\t<meta property=\"og:image:height\" content=\"270\" \/>\n\t<meta property=\"og:image:type\" content=\"image\/jpeg\" \/>\n<meta name=\"twitter:card\" content=\"summary_large_image\" \/>\n<meta name=\"twitter:label1\" content=\"Estimation du temps de lecture\" \/>\n\t<meta name=\"twitter:data1\" content=\"6 minutes\" \/>\n<script type=\"application\/ld+json\" class=\"yoast-schema-graph\">{\"@context\":\"https:\\\/\\\/schema.org\",\"@graph\":[{\"@type\":\"WebPage\",\"@id\":\"https:\\\/\\\/www.roulette.school\\\/fr\\\/logiciel\\\/\",\"url\":\"https:\\\/\\\/www.roulette.school\\\/fr\\\/logiciel\\\/\",\"name\":\"Logiciel de Roulette pour Jouer en Ligne sur PC et Mobile\",\"isPartOf\":{\"@id\":\"https:\\\/\\\/www.roulette.school\\\/fr\\\/#website\"},\"primaryImageOfPage\":{\"@id\":\"https:\\\/\\\/www.roulette.school\\\/fr\\\/logiciel\\\/#primaryimage\"},\"image\":{\"@id\":\"https:\\\/\\\/www.roulette.school\\\/fr\\\/logiciel\\\/#primaryimage\"},\"thumbnailUrl\":\"https:\\\/\\\/www.roulette.school\\\/fr\\\/wp-content\\\/uploads\\\/2021\\\/01\\\/logiciel-microgaming.jpg\",\"datePublished\":\"2020-11-27T09:20:58+00:00\",\"dateModified\":\"2025-12-03T05:28:23+00:00\",\"description\":\"Le meilleur logiciel de roulette pour jouer au casino en ligne. Sur PC, Mac, tablette et mobile, opter pour le top des plus grandes marques.\",\"breadcrumb\":{\"@id\":\"https:\\\/\\\/www.roulette.school\\\/fr\\\/logiciel\\\/#breadcrumb\"},\"inLanguage\":\"fr-CA\",\"potentialAction\":[{\"@type\":\"ReadAction\",\"target\":[\"https:\\\/\\\/www.roulette.school\\\/fr\\\/logiciel\\\/\"]}]},{\"@type\":\"ImageObject\",\"inLanguage\":\"fr-CA\",\"@id\":\"https:\\\/\\\/www.roulette.school\\\/fr\\\/logiciel\\\/#primaryimage\",\"url\":\"https:\\\/\\\/www.roulette.school\\\/fr\\\/wp-content\\\/uploads\\\/2021\\\/01\\\/logiciel-microgaming.jpg\",\"contentUrl\":\"https:\\\/\\\/www.roulette.school\\\/fr\\\/wp-content\\\/uploads\\\/2021\\\/01\\\/logiciel-microgaming.jpg\",\"width\":450,\"height\":270,\"caption\":\"Gaming Club et son logiciel Microgaming\"},{\"@type\":\"BreadcrumbList\",\"@id\":\"https:\\\/\\\/www.roulette.school\\\/fr\\\/logiciel\\\/#breadcrumb\",\"itemListElement\":[{\"@type\":\"ListItem\",\"position\":1,\"name\":\"Accueil\",\"item\":\"https:\\\/\\\/www.roulette.school\\\/fr\\\/\"},{\"@type\":\"ListItem\",\"position\":2,\"name\":\"Logiciel\"}]},{\"@type\":\"WebSite\",\"@id\":\"https:\\\/\\\/www.roulette.school\\\/fr\\\/#website\",\"url\":\"https:\\\/\\\/www.roulette.school\\\/fr\\\/\",\"name\":\"Roulette School\",\"description\":\"Roulette Guide\",\"publisher\":{\"@id\":\"https:\\\/\\\/www.roulette.school\\\/fr\\\/#organization\"},\"potentialAction\":[{\"@type\":\"SearchAction\",\"target\":{\"@type\":\"EntryPoint\",\"urlTemplate\":\"https:\\\/\\\/www.roulette.school\\\/fr\\\/?s={search_term_string}\"},\"query-input\":{\"@type\":\"PropertyValueSpecification\",\"valueRequired\":true,\"valueName\":\"search_term_string\"}}],\"inLanguage\":\"fr-CA\"},{\"@type\":\"Organization\",\"@id\":\"https:\\\/\\\/www.roulette.school\\\/fr\\\/#organization\",\"name\":\"Roulette School\",\"url\":\"https:\\\/\\\/www.roulette.school\\\/fr\\\/\",\"logo\":{\"@type\":\"ImageObject\",\"inLanguage\":\"fr-CA\",\"@id\":\"https:\\\/\\\/www.roulette.school\\\/fr\\\/#\\\/schema\\\/logo\\\/image\\\/\",\"url\":\"https:\\\/\\\/www.roulette.school\\\/fr\\\/wp-content\\\/uploads\\\/2021\\\/02\\\/rsl.png\",\"contentUrl\":\"https:\\\/\\\/www.roulette.school\\\/fr\\\/wp-content\\\/uploads\\\/2021\\\/02\\\/rsl.png\",\"width\":350,\"height\":50,\"caption\":\"Roulette School\"},\"image\":{\"@id\":\"https:\\\/\\\/www.roulette.school\\\/fr\\\/#\\\/schema\\\/logo\\\/image\\\/\"}}]}<\/script>\n<!-- \/ Yoast SEO plugin. -->","yoast_head_json":{"title":"Logiciel de Roulette pour Jouer en Ligne sur PC et Mobile","description":"Le meilleur logiciel de roulette pour jouer au casino en ligne. Sur PC, Mac, tablette et mobile, opter pour le top des plus grandes marques.","robots":{"index":"index","follow":"follow","max-snippet":"max-snippet:-1","max-image-preview":"max-image-preview:large","max-video-preview":"max-video-preview:-1"},"canonical":"https:\/\/www.roulette.school\/fr\/logiciel\/","og_locale":"fr_CA","og_type":"article","og_title":"Logiciel de Roulette pour Jouer en Ligne sur PC et Mobile","og_description":"Le meilleur logiciel de roulette pour jouer au casino en ligne. Sur PC, Mac, tablette et mobile, opter pour le top des plus grandes marques.","og_url":"https:\/\/www.roulette.school\/fr\/logiciel\/","og_site_name":"Roulette School","article_modified_time":"2025-12-03T05:28:23+00:00","og_image":[{"width":450,"height":270,"url":"https:\/\/www.roulette.school\/fr\/wp-content\/uploads\/2021\/01\/logiciel-microgaming.jpg","type":"image\/jpeg"}],"twitter_card":"summary_large_image","twitter_misc":{"Estimation du temps de lecture":"6 minutes"},"schema":{"@context":"https:\/\/schema.org","@graph":[{"@type":"WebPage","@id":"https:\/\/www.roulette.school\/fr\/logiciel\/","url":"https:\/\/www.roulette.school\/fr\/logiciel\/","name":"Logiciel de Roulette pour Jouer en Ligne sur PC et Mobile","isPartOf":{"@id":"https:\/\/www.roulette.school\/fr\/#website"},"primaryImageOfPage":{"@id":"https:\/\/www.roulette.school\/fr\/logiciel\/#primaryimage"},"image":{"@id":"https:\/\/www.roulette.school\/fr\/logiciel\/#primaryimage"},"thumbnailUrl":"https:\/\/www.roulette.school\/fr\/wp-content\/uploads\/2021\/01\/logiciel-microgaming.jpg","datePublished":"2020-11-27T09:20:58+00:00","dateModified":"2025-12-03T05:28:23+00:00","description":"Le meilleur logiciel de roulette pour jouer au casino en ligne. Sur PC, Mac, tablette et mobile, opter pour le top des plus grandes marques.","breadcrumb":{"@id":"https:\/\/www.roulette.school\/fr\/logiciel\/#breadcrumb"},"inLanguage":"fr-CA","potentialAction":[{"@type":"ReadAction","target":["https:\/\/www.roulette.school\/fr\/logiciel\/"]}]},{"@type":"ImageObject","inLanguage":"fr-CA","@id":"https:\/\/www.roulette.school\/fr\/logiciel\/#primaryimage","url":"https:\/\/www.roulette.school\/fr\/wp-content\/uploads\/2021\/01\/logiciel-microgaming.jpg","contentUrl":"https:\/\/www.roulette.school\/fr\/wp-content\/uploads\/2021\/01\/logiciel-microgaming.jpg","width":450,"height":270,"caption":"Gaming Club et son logiciel Microgaming"},{"@type":"BreadcrumbList","@id":"https:\/\/www.roulette.school\/fr\/logiciel\/#breadcrumb","itemListElement":[{"@type":"ListItem","position":1,"name":"Accueil","item":"https:\/\/www.roulette.school\/fr\/"},{"@type":"ListItem","position":2,"name":"Logiciel"}]},{"@type":"WebSite","@id":"https:\/\/www.roulette.school\/fr\/#website","url":"https:\/\/www.roulette.school\/fr\/","name":"Roulette School","description":"Roulette Guide","publisher":{"@id":"https:\/\/www.roulette.school\/fr\/#organization"},"potentialAction":[{"@type":"SearchAction","target":{"@type":"EntryPoint","urlTemplate":"https:\/\/www.roulette.school\/fr\/?s={search_term_string}"},"query-input":{"@type":"PropertyValueSpecification","valueRequired":true,"valueName":"search_term_string"}}],"inLanguage":"fr-CA"},{"@type":"Organization","@id":"https:\/\/www.roulette.school\/fr\/#organization","name":"Roulette School","url":"https:\/\/www.roulette.school\/fr\/","logo":{"@type":"ImageObject","inLanguage":"fr-CA","@id":"https:\/\/www.roulette.school\/fr\/#\/schema\/logo\/image\/","url":"https:\/\/www.roulette.school\/fr\/wp-content\/uploads\/2021\/02\/rsl.png","contentUrl":"https:\/\/www.roulette.school\/fr\/wp-content\/uploads\/2021\/02\/rsl.png","width":350,"height":50,"caption":"Roulette School"},"image":{"@id":"https:\/\/www.roulette.school\/fr\/#\/schema\/logo\/image\/"}}]}},"_links":{"self":[{"href":"https:\/\/www.roulette.school\/fr\/wp-json\/wp\/v2\/pages\/79","targetHints":{"allow":["GET"]}}],"collection":[{"href":"https:\/\/www.roulette.school\/fr\/wp-json\/wp\/v2\/pages"}],"about":[{"href":"https:\/\/www.roulette.school\/fr\/wp-json\/wp\/v2\/types\/page"}],"author":[{"embeddable":true,"href":"https:\/\/www.roulette.school\/fr\/wp-json\/wp\/v2\/users\/1"}],"replies":[{"embeddable":true,"href":"https:\/\/www.roulette.school\/fr\/wp-json\/wp\/v2\/comments?post=79"}],"version-history":[{"count":55,"href":"https:\/\/www.roulette.school\/fr\/wp-json\/wp\/v2\/pages\/79\/revisions"}],"predecessor-version":[{"id":3099,"href":"https:\/\/www.roulette.school\/fr\/wp-json\/wp\/v2\/pages\/79\/revisions\/3099"}],"wp:attachment":[{"href":"https:\/\/www.roulette.school\/fr\/wp-json\/wp\/v2\/media?parent=79"}],"curies":[{"name":"wp","href":"https:\/\/api.w.org\/{rel}","templated":true}]}}